{"id":561,"date":"2010-01-17T18:55:13","date_gmt":"2010-01-17T18:55:13","guid":{"rendered":"http:\/\/pitagorines.wordpress.com\/?page_id=561"},"modified":"2010-01-17T18:55:13","modified_gmt":"2010-01-17T18:55:13","slug":"tema-14","status":"publish","type":"page","link":"https:\/\/cpcorella.educacion.navarra.es\/blogs\/3ciclo\/quinto\/conocimiento\/tema-14\/","title":{"rendered":"Tema 14"},"content":{"rendered":"<p>Tema 14 \u201cLa reproducci\u00f3n de las plantas\u201d<\/p>\n<p>Contenidos:<\/p>\n<p>Recursos:<\/p>\n<ol>\n<li><a href=\"http:\/\/www.aldeaeducativa.com\/Media\/plantas.swf\" target=\"_blank\">LA REPRODUCCI\u00d3N DE LAS PLANTAS I<\/a><\/li>\n<li><a href=\"http:\/\/clic.xtec.net\/db\/jclicApplet.jsp?project=http:\/\/clic.xtec.net\/projects\/repflor\/jclic\/repflor.jclic.zip&amp;lang=es\" target=\"_blank\">REPRODUCCI\u00d3N<\/a><\/li>\n<li><a href=\"http:\/\/thales.cica.es\/rd\/Recursos\/rd99\/ed99-0574-02\/la_reproduccion_dos.html\" target=\"_blank\">LA REPRODUCCI\u00d3N DE LAS PLANTAS II<\/a><\/li>\n<li><a href=\"http:\/\/www.librosvivos.net\/smtc\/homeTC.asp?TemaClave=1031\" target=\"_blank\">LA REPRODUCCI\u00d3N DE LAS PLANTAS      III<\/a><\/li>\n<li><a href=\"http:\/\/www.clarionweb.es\/5_curso\/c_medio\/cm506\/cm50601.htm\" target=\"_blank\">LA REPRODUCCI\u00d3N DE LAS PLANTAS IV<\/a><\/li>\n<li><a href=\"http:\/\/proyectos.cnice.mec.es\/arquimedes\/movie.php?usuario=2&amp;nivel=1&amp;movie=fp005\/gm001\/md012\/ut001\/0flash\/movie.swf\" target=\"_blank\">LAS PLANTAS<\/a><\/li>\n<li><a href=\"http:\/\/www.primaria.librosvivos.net\/5EP_Cono_cas_ud4_La_reproduccion_de_las_plantas_con_flores_10.html\" target=\"_blank\">LA REPRODUCCI\u00d3N DE LAS PLANTAS      CON FLORES<\/a><\/li>\n<\/ol>\n","protected":false},"excerpt":{"rendered":"<p>Tema 14 \u201cLa reproducci\u00f3n de las plantas\u201d Contenidos: Recursos: LA REPRODUCCI\u00d3N DE LAS PLANTAS I REPRODUCCI\u00d3N LA REPRODUCCI\u00d3N DE LAS PLANTAS II LA REPRODUCCI\u00d3N DE LAS PLANTAS III LA REPRODUCCI\u00d3N DE LAS PLANTAS IV LAS PLANTAS LA REPRODUCCI\u00d3N DE LAS PLANTAS CON FLORES<\/p>\n","protected":false},"author":6,"featured_media":0,"parent":466,"menu_order":14,"comment_status":"open","ping_status":"open","template":"","meta":[],"_links":{"self":[{"href":"https:\/\/cpcorella.educacion.navarra.es\/blogs\/3ciclo\/wp-json\/wp\/v2\/pages\/561"}],"collection":[{"href":"https:\/\/cpcorella.educacion.navarra.es\/blogs\/3ciclo\/wp-json\/wp\/v2\/pages"}],"about":[{"href":"https:\/\/cpcorella.educacion.navarra.es\/blogs\/3ciclo\/wp-json\/wp\/v2\/types\/page"}],"author":[{"embeddable":true,"href":"https:\/\/cpcorella.educacion.navarra.es\/blogs\/3ciclo\/wp-json\/wp\/v2\/users\/6"}],"replies":[{"embeddable":true,"href":"https:\/\/cpcorella.educacion.navarra.es\/blogs\/3ciclo\/wp-json\/wp\/v2\/comments?post=561"}],"version-history":[{"count":0,"href":"https:\/\/cpcorella.educacion.navarra.es\/blogs\/3ciclo\/wp-json\/wp\/v2\/pages\/561\/revisions"}],"up":[{"embeddable":true,"href":"https:\/\/cpcorella.educacion.navarra.es\/blogs\/3ciclo\/wp-json\/wp\/v2\/pages\/466"}],"wp:attachment":[{"href":"https:\/\/cpcorella.educacion.navarra.es\/blogs\/3ciclo\/wp-json\/wp\/v2\/media?parent=561"}],"curies":[{"name":"wp","href":"https:\/\/api.w.org\/{rel}","templated":true}]}}