{"id":559,"date":"2010-01-17T18:54:28","date_gmt":"2010-01-17T18:54:28","guid":{"rendered":"http:\/\/pitagorines.wordpress.com\/?page_id=559"},"modified":"2010-01-17T18:54:28","modified_gmt":"2010-01-17T18:54:28","slug":"tema-13","status":"publish","type":"page","link":"https:\/\/cpcorella.educacion.navarra.es\/blogs\/3ciclo\/quinto\/conocimiento\/tema-13\/","title":{"rendered":"Tema 13"},"content":{"rendered":"<p>Tema 13 \u201cLa reproducci\u00f3n de los animales\u201d<\/p>\n<p>Contenidos:<\/p>\n<ul>\n<li>La reproducci\u00f3n sexual. La      fecundaci\u00f3n.<\/li>\n<li>El desarrollo del embri\u00f3n.<\/li>\n<li>El desarrollo y cuidado de      las cr\u00edas.<\/li>\n<li>La reproducci\u00f3n asexual.<\/li>\n<\/ul>\n<p>Recursos:<\/p>\n<ol>\n<li><a href=\"http:\/\/www.clarionweb.es\/5_curso\/c_medio\/cm505\/cm50501.htm\" target=\"_blank\">LA REPRODUCCI\u00d3N DE LOS ANIMALES<\/a><\/li>\n<\/ol>\n","protected":false},"excerpt":{"rendered":"<p>Tema 13 \u201cLa reproducci\u00f3n de los animales\u201d Contenidos: La reproducci\u00f3n sexual. La fecundaci\u00f3n. El desarrollo del embri\u00f3n. El desarrollo y cuidado de las cr\u00edas. La reproducci\u00f3n asexual. Recursos: LA REPRODUCCI\u00d3N DE LOS ANIMALES<\/p>\n","protected":false},"author":6,"featured_media":0,"parent":466,"menu_order":13,"comment_status":"open","ping_status":"open","template":"","meta":[],"_links":{"self":[{"href":"https:\/\/cpcorella.educacion.navarra.es\/blogs\/3ciclo\/wp-json\/wp\/v2\/pages\/559"}],"collection":[{"href":"https:\/\/cpcorella.educacion.navarra.es\/blogs\/3ciclo\/wp-json\/wp\/v2\/pages"}],"about":[{"href":"https:\/\/cpcorella.educacion.navarra.es\/blogs\/3ciclo\/wp-json\/wp\/v2\/types\/page"}],"author":[{"embeddable":true,"href":"https:\/\/cpcorella.educacion.navarra.es\/blogs\/3ciclo\/wp-json\/wp\/v2\/users\/6"}],"replies":[{"embeddable":true,"href":"https:\/\/cpcorella.educacion.navarra.es\/blogs\/3ciclo\/wp-json\/wp\/v2\/comments?post=559"}],"version-history":[{"count":0,"href":"https:\/\/cpcorella.educacion.navarra.es\/blogs\/3ciclo\/wp-json\/wp\/v2\/pages\/559\/revisions"}],"up":[{"embeddable":true,"href":"https:\/\/cpcorella.educacion.navarra.es\/blogs\/3ciclo\/wp-json\/wp\/v2\/pages\/466"}],"wp:attachment":[{"href":"https:\/\/cpcorella.educacion.navarra.es\/blogs\/3ciclo\/wp-json\/wp\/v2\/media?parent=559"}],"curies":[{"name":"wp","href":"https:\/\/api.w.org\/{rel}","templated":true}]}}