{"id":557,"date":"2010-01-17T18:53:36","date_gmt":"2010-01-17T18:53:36","guid":{"rendered":"http:\/\/pitagorines.wordpress.com\/?page_id=557"},"modified":"2010-01-17T18:53:36","modified_gmt":"2010-01-17T18:53:36","slug":"tema-12","status":"publish","type":"page","link":"https:\/\/cpcorella.educacion.navarra.es\/blogs\/3ciclo\/quinto\/conocimiento\/tema-12\/","title":{"rendered":"Tema 12"},"content":{"rendered":"<p>Tema 12 \u201cLa reproducci\u00f3n humana\u201d<\/p>\n<p>Contenidos:<\/p>\n<ul>\n<li>La reproducci\u00f3n humana.      Diferencias de Sexo.<\/li>\n<li>El aparato reproductor.<\/li>\n<li>El embarazo y el parto.<\/li>\n<li>De la infancia a la vejez.<\/li>\n<\/ul>\n<p>Recursos:<\/p>\n<ol>\n<li><a href=\"http:\/\/www.ceipjuanherreraalcausa.es\/Recursosdidacticos\/SEXTO\/Conocimiento\/u02\/0203.htm\" target=\"_blank\">LA REPRODUCCI\u00d3N EN LAS PERSONAS<\/a><\/li>\n<li><a href=\"http:\/\/clic.xtec.net\/db\/jclicApplet.jsp?project=http:\/\/clic.xtec.net\/projects\/aparatos\/jclic\/aparatos.jclic.zip&amp;lang=es\" target=\"_blank\">APARATO REPRODUCTOR<\/a><\/li>\n<li><a href=\"http:\/\/www.librosvivos.net\/smtc\/homeTC.asp?TemaClave=1064\" target=\"_blank\">LA REPRODUCCI\u00d3N<\/a><\/li>\n<li><a href=\"http:\/\/contenidos.educarex.es\/sama\/2005\/sexualidad\/menus\/portada-syr.swf\" target=\"_blank\">SEXUALIDAD Y REPRODUCCI\u00d3N HUMANAS<\/a><\/li>\n<li><a href=\"http:\/\/www.juntadeandalucia.es\/averroes\/manuelperez\/curso0405\/udanatomia\/reproductor\/index.htm\" target=\"_blank\">EL APARATO REPRODUCTOR<\/a><\/li>\n<li><a href=\"http:\/\/www.juntadeandalucia.es\/averroes\/carambolo\/WEB%20JCLIC2\/Medio\/reprod\/index.htm\" target=\"_blank\">LA REPRODUCCI\u00d3N HUMANA<\/a><\/li>\n<li><a href=\"http:\/\/www.ceipjuanherreraalcausa.es\/Recursosdidacticos\/SEXTO\/Conocimiento\/u02\/0201.htm\" target=\"_blank\">EL APARATO REPRODUCTOR MASCULINO<\/a><\/li>\n<li><a href=\"http:\/\/www.ceipjuanherreraalcausa.es\/Recursosdidacticos\/SEXTO\/Conocimiento\/u02\/0202.htm\" target=\"_blank\">EL APARATO REPRODUCTOR FEMENINO I<\/a><\/li>\n<li><a href=\"http:\/\/www.primaria.librosvivos.net\/El_aparato_reproductor_femenino_1.html\" target=\"_blank\">EL APARATO REPRODUCTOR FEMENINO      II<\/a><\/li>\n<li><a href=\"http:\/\/www.pulevasalud.com\/subcategoria.jhtml?ID_CATEGORIA=102231&amp;RUTA=1-5-6-535-102231&amp;ABRIR_SECCION=5&amp;ALEATORIO=PMLCPMHKGSPMQWAEKVDR\" target=\"_blank\">FASES DEL PARTO<\/a><\/li>\n<li><a href=\"http:\/\/clic.xtec.net\/db\/jclicApplet.jsp?project=http:\/\/clic.xtec.net\/projects\/nacer\/jclic\/nacer.jclic.zip&amp;lang=es\" target=\"_blank\">NACER<\/a><\/li>\n<li><a href=\"http:\/\/www.juntadeandalucia.es\/averroes\/loreto\/sugerencias\/animaciones\/embarazo.html\" target=\"_self\">EL PARTO NATURAL<\/a><\/li>\n<li><a href=\"http:\/\/www.primaria.librosvivos.net\/El_desarrollo_del_embarazo_1.html\" target=\"_blank\">EL DESARROLLO DEL FETO<\/a><\/li>\n<li><a href=\"http:\/\/www.clarionweb.es\/5_curso\/c_medio\/cm504\/cm50401.htm\" target=\"_blank\">REPASO LA UNIDAD<\/a><\/li>\n<li> <a href=\"http:\/\/www.primaria.librosvivos.net\/Autoevaluacion_6EP_Cono_cas_ud5_1.html\" target=\"_blank\">AUTOEVALUACI\u00d3N DE LA UNIDAD<\/a><\/li>\n<\/ol>\n","protected":false},"excerpt":{"rendered":"<p>Tema 12 \u201cLa reproducci\u00f3n humana\u201d Contenidos: La reproducci\u00f3n humana. Diferencias de Sexo. El aparato reproductor. El embarazo y el parto. De la infancia a la vejez. Recursos: LA REPRODUCCI\u00d3N EN LAS PERSONAS APARATO REPRODUCTOR LA REPRODUCCI\u00d3N SEXUALIDAD Y REPRODUCCI\u00d3N HUMANAS EL APARATO REPRODUCTOR LA REPRODUCCI\u00d3N HUMANA EL APARATO REPRODUCTOR MASCULINO EL APARATO REPRODUCTOR FEMENINO I [&hellip;]<\/p>\n","protected":false},"author":6,"featured_media":0,"parent":466,"menu_order":12,"comment_status":"open","ping_status":"open","template":"","meta":[],"_links":{"self":[{"href":"https:\/\/cpcorella.educacion.navarra.es\/blogs\/3ciclo\/wp-json\/wp\/v2\/pages\/557"}],"collection":[{"href":"https:\/\/cpcorella.educacion.navarra.es\/blogs\/3ciclo\/wp-json\/wp\/v2\/pages"}],"about":[{"href":"https:\/\/cpcorella.educacion.navarra.es\/blogs\/3ciclo\/wp-json\/wp\/v2\/types\/page"}],"author":[{"embeddable":true,"href":"https:\/\/cpcorella.educacion.navarra.es\/blogs\/3ciclo\/wp-json\/wp\/v2\/users\/6"}],"replies":[{"embeddable":true,"href":"https:\/\/cpcorella.educacion.navarra.es\/blogs\/3ciclo\/wp-json\/wp\/v2\/comments?post=557"}],"version-history":[{"count":0,"href":"https:\/\/cpcorella.educacion.navarra.es\/blogs\/3ciclo\/wp-json\/wp\/v2\/pages\/557\/revisions"}],"up":[{"embeddable":true,"href":"https:\/\/cpcorella.educacion.navarra.es\/blogs\/3ciclo\/wp-json\/wp\/v2\/pages\/466"}],"wp:attachment":[{"href":"https:\/\/cpcorella.educacion.navarra.es\/blogs\/3ciclo\/wp-json\/wp\/v2\/media?parent=557"}],"curies":[{"name":"wp","href":"https:\/\/api.w.org\/{rel}","templated":true}]}}