{"id":555,"date":"2010-01-17T18:51:42","date_gmt":"2010-01-17T18:51:42","guid":{"rendered":"http:\/\/pitagorines.wordpress.com\/?page_id=555"},"modified":"2010-01-17T18:51:42","modified_gmt":"2010-01-17T18:51:42","slug":"tema-11","status":"publish","type":"page","link":"https:\/\/cpcorella.educacion.navarra.es\/blogs\/3ciclo\/quinto\/conocimiento\/tema-11\/","title":{"rendered":"Tema 11"},"content":{"rendered":"<p>Tema 11 \u201cLas plantas\u201d<\/p>\n<p>Contenidos:<\/p>\n<ul>\n<li>Las plantas y su clasificaci\u00f3n.<\/li>\n<li>Las faner\u00f3gamas o plantas con flores.<\/li>\n<li>La nutrici\u00f3n de las plantas.<\/li>\n<li>La respiraci\u00f3n de las plantas.<\/li>\n<\/ul>\n<p>Recursos:<\/p>\n<p>LAS PLANTAS: clasificaci\u00f3n, reproducci\u00f3n, nutrici\u00f3n\u2026<\/p>\n<div align=\"center\">Cada imagen tiene un v\u00ednculo a un juego o actividad. Observa cu\u00e1l es la actividad de tu inter\u00e9s y clica sobre ella.<\/div>\n<p><a href=\"http:\/\/www.juntadeandalucia.es\/averroes\/concurso2004\/ver\/09\/index.htm\" target=\"_blank\"><img loading=\"lazy\" src=\"http:\/\/www.cucurrucu.com\/wp-content_\/HLIC\/3707a3983a03b06205a45ebb1ad1ba08.jpg\" alt=\"\" width=\"471\" height=\"257\" \/><\/a><\/p>\n<div align=\"right\"><a href=\"http:\/\/www.editorialteide.es\/elearning\/Primaria.asp?IdJuego=946&amp;IdTipoJuego=2\" target=\"_blank\"><img loading=\"lazy\" src=\"http:\/\/www.cucurrucu.com\/wp-content_\/HLIC\/712a33d9e606cfbc3dc1a9ea7af7cbc9.jpg\" alt=\"\" width=\"469\" height=\"354\" \/><\/a><\/div>\n<p><a href=\"http:\/\/centros3.pntic.mec.es\/cp.antonio.de.ulloa\/webactivhotpot\/raiz\/Hot%20Pot\/CONO\/plantas\/index.htm\" target=\"_blank\"><img loading=\"lazy\" src=\"http:\/\/www.cucurrucu.com\/wp-content_\/HLIC\/fedb2342c85bee79913593e41578287a.jpg\" alt=\"\" width=\"462\" height=\"128\" \/><\/a><\/p>\n<div align=\"left\">\n<div align=\"right\"><a href=\"http:\/\/catedu.es\/chuegos\/control\/plantas.swf\" target=\"_blank\"><img loading=\"lazy\" src=\"http:\/\/www.cucurrucu.com\/wp-content_\/HLIC\/63f587ff6a67bd7f70f2395328905abc.jpg\" alt=\"\" width=\"332\" height=\"435\" \/><\/a><\/div>\n<p><a href=\"http:\/\/www.juntadeandalucia.es\/averroes\/manuelperez\/curso0607\/plantas\/castellano\/entrada\/entrada.htm\" target=\"_blank\"><img loading=\"lazy\" src=\"http:\/\/www.cucurrucu.com\/wp-content_\/HLIC\/d07659bd1053cbfcdf8b2332cc71ae87.jpg\" alt=\"\" width=\"402\" height=\"294\" \/><\/a><\/p>\n<div align=\"right\"><a href=\"http:\/\/www.genmagic.net\/natural\/plant1c.swf\" target=\"_blank\"><img loading=\"lazy\" src=\"http:\/\/www.cucurrucu.com\/wp-content_\/HLIC\/4d4139d049967a26404fa406440ee568.jpg\" alt=\"\" width=\"395\" height=\"308\" \/><\/a><\/div>\n<p><a href=\"http:\/\/www.genmagic.net\/natural\/plant2c.swf\" target=\"_blank\"><img loading=\"lazy\" src=\"http:\/\/www.cucurrucu.com\/wp-content_\/HLIC\/df758007d500bd6c88f5890eb893fbc1.jpg\" alt=\"\" width=\"375\" height=\"539\" \/><\/a><\/p>\n<div align=\"right\"><a href=\"http:\/\/www.isftic.mepsyd.es\/w3\/eos\/MaterialesEducativos\/primaria\/conocimiento\/reinovegetal\/menu.html\" target=\"_blank\"><img loading=\"lazy\" src=\"http:\/\/www.cucurrucu.com\/wp-content_\/HLIC\/6f431bd4b61966a42cef43afdbfa78f8.jpg\" alt=\"\" width=\"405\" height=\"92\" \/><\/a><\/div>\n<p><a href=\"http:\/\/catedu.es\/chuegos\/kono\/quinto\/t2\/es_plantas.swf\" target=\"_blank\"><img loading=\"lazy\" src=\"http:\/\/www.cucurrucu.com\/wp-content_\/HLIC\/de404aaa14c0e8f223970f59764f8828.jpg\" alt=\"\" width=\"310\" height=\"375\" \/><\/a><\/p>\n<\/div>\n<div align=\"right\"><a href=\"http:\/\/catedu.es\/chuegos\/kono\/quinto\/t2\/plantas.swf\" target=\"_blank\"><img loading=\"lazy\" src=\"http:\/\/www.cucurrucu.com\/wp-content_\/HLIC\/3a9c82c34f499ecf98bc204fdbaf4416.jpg\" alt=\"\" width=\"380\" height=\"263\" \/><\/a><\/div>\n<ol>\n<li><a href=\"http:\/\/www.juntadeandalucia.es\/averroes\/manuelperez\/curso0607\/plantas\/index.php\" target=\"_blank\">LAS PLANTAS I<\/a><\/li>\n<li><a href=\"http:\/\/www.juntadeandalucia.es\/averroes\/manuelperez\/alumnos\/ud\/lasplantas\/entradaplantas.htm\" target=\"_blank\">LAS PLANTAS II<\/a><\/li>\n<li><a href=\"http:\/\/www.juntadeandalucia.es\/averroes\/recursos_informaticos\/proyectos2004\/la_tierra\/plantas\/indexplantas.html\" target=\"_blank\">LAS PLANTAS III<\/a><\/li>\n<li><a href=\"http:\/\/thales.cica.es\/rd\/Recursos\/rd99\/ed99-0574-02\/ed99-0574-02.html\" target=\"_blank\">LAS PLANTAS IV<\/a><\/li>\n<li><a href=\"http:\/\/www.genmagic.net\/natural\/plant1c.swf\" target=\"_blank\">LAS PLANTAS V<\/a><\/li>\n<li><a href=\"http:\/\/www.genmagic.net\/natural\/plant2c.swf\" target=\"_blank\">LAS PLANTAS VI<\/a><\/li>\n<li><a href=\"http:\/\/catedu.es\/chuegos\/kono\/quinto\/t2\/index.html\" target=\"_blank\">LAS PLANTAS VII<\/a><\/li>\n<li><a href=\"http:\/\/www.ibercajalav.net\/curso.php?fcurso=87&amp;fpassword=lav&amp;fnombre=0.9239494248503507\" target=\"_blank\">LAS PLANTAS VIII<\/a><\/li>\n<li><a href=\"http:\/\/w3.cnice.mec.es\/eos\/MaterialesEducativos\/primaria\/conocimiento\/reinovegetal\/actividades\/activiframes.html\" target=\"_blank\">ACTIVIDADES I<\/a><\/li>\n<li><a href=\"http:\/\/www.botanical-online.com\/lasplantas.htm\" target=\"_blank\">ACTIVIDADES II<\/a><\/li>\n<li><a href=\"http:\/\/www.freewebs.com\/cazas\/plantas.html\" target=\"_blank\">CAZA DEL TESORO: LAS PLANTAS<\/a><\/li>\n<li><a href=\"http:\/\/thales.cica.es\/rd\/Recursos\/rd99\/ed99-0574-02\/nutricion_dos.htm\" target=\"_blank\">LA ALIMENTACI\u00d3N DE LAS PLANTAS<\/a><\/li>\n<li><a href=\"http:\/\/clic.xtec.net\/db\/jclicApplet.jsp?project=http:\/\/clic.xtec.net\/projects\/medinat\/jclic\/medinat.jclic.zip&amp;lang=es\" target=\"_blank\">LAS PLANTAS<\/a><\/li>\n<li><a href=\"http:\/\/www.ceipjuanherreraalcausa.es\/Recursosdidacticos\/QUINTO\/Conocimiento\/u05\/0501.htm\" target=\"_blank\">LA NUTRICI\u00d3N DE LAS PLANTAS<\/a><\/li>\n<li><a href=\"http:\/\/www.primaria.librosvivos.net\/5EP_Cono_cas_ud4_La_fotosintesis_15.html\" target=\"_blank\">LA FOTOS\u00cdNTESIS<\/a><\/li>\n<li><a href=\"http:\/\/www.omerique.net\/twiki\/pub\/Recursos\/LaFotoSintesis\/fotosintesis.html\" target=\"_blank\">CAZA DEL TESORO: LA FOTOS\u00cdNTESIS<\/a><\/li>\n<li><a href=\"http:\/\/www.aldeaeducativa.com\/Media\/plantas.swf\" target=\"_blank\">LA REPRODUCCI\u00d3N DE LAS PLANTAS I<\/a><\/li>\n<li><a href=\"http:\/\/clic.xtec.net\/db\/jclicApplet.jsp?project=http:\/\/clic.xtec.net\/projects\/repflor\/jclic\/repflor.jclic.zip&amp;lang=es\" target=\"_blank\">REPRODUCCI\u00d3N<\/a><\/li>\n<li><a href=\"http:\/\/thales.cica.es\/rd\/Recursos\/rd99\/ed99-0574-02\/la_reproduccion_dos.html\" target=\"_blank\">LA REPRODUCCI\u00d3N DE LAS PLANTAS II<\/a><\/li>\n<li><a href=\"http:\/\/www.librosvivos.net\/smtc\/homeTC.asp?TemaClave=1031\" target=\"_blank\">LA REPRODUCCI\u00d3N DE LAS PLANTAS III<\/a><\/li>\n<li><a href=\"http:\/\/www.clarionweb.es\/5_curso\/c_medio\/cm506\/cm50601.htm\" target=\"_blank\">LA REPRODUCCI\u00d3N DE LAS PLANTAS IV<\/a><\/li>\n<li><a href=\"http:\/\/proyectos.cnice.mec.es\/arquimedes\/movie.php?usuario=2&amp;nivel=1&amp;movie=fp005\/gm001\/md012\/ut001\/0flash\/movie.swf\" target=\"_blank\">LAS PLANTAS<\/a><\/li>\n<li><a href=\"http:\/\/www.primaria.librosvivos.net\/5EP_Cono_cas_ud4_La_reproduccion_de_las_plantas_con_flores_10.html\" target=\"_blank\">LA REPRODUCCI\u00d3N DE LAS PLANTAS CON FLORES<\/a><\/li>\n<li><a href=\"http:\/\/www.primaria.librosvivos.net\/Las_flores_18.html\" target=\"_blank\">LAS FLORES<\/a><\/li>\n<li><a href=\"http:\/\/catedu.es\/chuegos\/control\/plantas.swf\" target=\"_blank\">AUTOEVALUACI\u00d3N<\/a><\/li>\n<li><a href=\"http:\/\/www.juntadeandalucia.es\/averroes\/carambolo\/WEB%20JCLIC2\/Medio\/Proyecto%20Mundo%205\/pmun5a\/index.htm\" target=\"_blank\">REPASO LA UNIDAD<\/a><\/li>\n<li><a href=\"http:\/\/www.clarionweb.es\/5_curso\/c_medio\/cm503\/cm50301.htm\" target=\"_blank\">REPASO LA UNIDAD<\/a><\/li>\n<li><a href=\"http:\/\/www.primaria.librosvivos.net\/Autoevaluacion_Cono_cas_5EP_ud4_12.html\" target=\"_blank\">AUTOEVALUACI\u00d3N DE LA UNIDAD<\/a><\/li>\n<\/ol>\n","protected":false},"excerpt":{"rendered":"<p>Tema 11 \u201cLas plantas\u201d Contenidos: Las plantas y su clasificaci\u00f3n. Las faner\u00f3gamas o plantas con flores. La nutrici\u00f3n de las plantas. La respiraci\u00f3n de las plantas. Recursos: LAS PLANTAS: clasificaci\u00f3n, reproducci\u00f3n, nutrici\u00f3n\u2026 Cada imagen tiene un v\u00ednculo a un juego o actividad. Observa cu\u00e1l es la actividad de tu inter\u00e9s y clica sobre ella. LAS [&hellip;]<\/p>\n","protected":false},"author":6,"featured_media":0,"parent":466,"menu_order":11,"comment_status":"open","ping_status":"open","template":"","meta":[],"_links":{"self":[{"href":"https:\/\/cpcorella.educacion.navarra.es\/blogs\/3ciclo\/wp-json\/wp\/v2\/pages\/555"}],"collection":[{"href":"https:\/\/cpcorella.educacion.navarra.es\/blogs\/3ciclo\/wp-json\/wp\/v2\/pages"}],"about":[{"href":"https:\/\/cpcorella.educacion.navarra.es\/blogs\/3ciclo\/wp-json\/wp\/v2\/types\/page"}],"author":[{"embeddable":true,"href":"https:\/\/cpcorella.educacion.navarra.es\/blogs\/3ciclo\/wp-json\/wp\/v2\/users\/6"}],"replies":[{"embeddable":true,"href":"https:\/\/cpcorella.educacion.navarra.es\/blogs\/3ciclo\/wp-json\/wp\/v2\/comments?post=555"}],"version-history":[{"count":0,"href":"https:\/\/cpcorella.educacion.navarra.es\/blogs\/3ciclo\/wp-json\/wp\/v2\/pages\/555\/revisions"}],"up":[{"embeddable":true,"href":"https:\/\/cpcorella.educacion.navarra.es\/blogs\/3ciclo\/wp-json\/wp\/v2\/pages\/466"}],"wp:attachment":[{"href":"https:\/\/cpcorella.educacion.navarra.es\/blogs\/3ciclo\/wp-json\/wp\/v2\/media?parent=555"}],"curies":[{"name":"wp","href":"https:\/\/api.w.org\/{rel}","templated":true}]}}