{"id":551,"date":"2010-01-17T18:50:10","date_gmt":"2010-01-17T18:50:10","guid":{"rendered":"http:\/\/pitagorines.wordpress.com\/?page_id=551"},"modified":"2010-01-17T18:50:10","modified_gmt":"2010-01-17T18:50:10","slug":"tema-9","status":"publish","type":"page","link":"https:\/\/cpcorella.educacion.navarra.es\/blogs\/3ciclo\/quinto\/conocimiento\/tema-9\/","title":{"rendered":"Tema 9"},"content":{"rendered":"<p>Tema 9 \u201c Los seres vivos\u201d<\/p>\n<p>Contenidos:<\/p>\n<ul>\n<li>Caracter\u00edsticas de los seres vivos.<\/li>\n<li>Las c\u00e9lulas.<\/li>\n<li>Seres vivos unicelulares y pluricelulares.<\/li>\n<li>La clasificaci\u00f3n de los seres vivos,<\/li>\n<\/ul>\n<p>Recursos:<\/p>\n<ol>\n<li><a href=\"http:\/\/www.kidlink.org\/spanish\/kidproj-spanish\/celula\/aulacell.html\" target=\"_blank\">LA C\u00c9LULA<\/a><\/li>\n<li><a href=\"http:\/\/www.cplamorana.com\/5primaria_conocimiento\/datos\/all\/10_cono\/30_rdi\/U04\/0401.htm\" target=\"_blank\">LAS C\u00c9LULAS<\/a><\/li>\n<li><a href=\"http:\/\/www.primaria.librosvivos.net\/5EP_Cono_cas_ud1_Partes_de_la_celula_15.html\" target=\"_blank\">PARTES DE LA C\u00c9LULA<\/a><\/li>\n<li><a href=\"http:\/\/www.juntadeandalucia.es\/averroes\/recursos_informaticos\/proyectos2004\/la_tierra\/seresvivos\/indexseresvivos.html\" target=\"_blank\">LOS SERES VIVOS I<\/a><\/li>\n<li><a href=\"http:\/\/www.juntadeandalucia.es\/averroes\/carambolo\/WEB%20JCLIC2\/Medio\/serviv\/index.htm\" target=\"_blank\">LOS SERES VIVOS<\/a><\/li>\n<li><a href=\"http:\/\/catedu.es\/chuegos\/kono\/quinto\/t1\/seres2.swf\" target=\"_blank\">LOS SERES VIVOS II<\/a><\/li>\n<li><a href=\"http:\/\/www.educa.jcyl.es\/educacyl\/cm\/gallery\/Recursos%20Infinity\/aplicaciones\/web_conocimiento\/seresvivos\/aprende.htm\" target=\"_blank\">LOS SERES VIVOS III<\/a><\/li>\n<li><a href=\"http:\/\/www.primaria.librosvivos.net\/5EP_Cono_cas_ud1_Celulas__tejidos__organos_y_aparatos_13.html\" target=\"_blank\">LA ORGANIZACI\u00d3N DE LOS SERES      VIVOS<\/a><\/li>\n<li><a href=\"http:\/\/www.educared.net\/concurso2004\/1651\/Los%20Words\/seres\/index.htm\" target=\"_blank\">CLASIFICACI\u00d3N DE LOS SERES VIVOS      I<\/a><\/li>\n<li><a href=\"http:\/\/www.educared.net\/aprende\/anavegar5\/Podium\/images\/A\/2564\/reino_animal.htm\" target=\"_blank\">CLASIFICACI\u00d3N DE LOS SERES VIVOS      II<\/a><\/li>\n<li><a href=\"http:\/\/ares.cnice.mec.es\/ciengehi\/c\/01\/animaciones\/a_fc14_00.html\" target=\"_blank\">CLASIFICACI\u00d3N DE LOS SERES VIVOS      III<\/a><\/li>\n<li><a href=\"http:\/\/catedu.es\/chuegos\/kono\/quinto\/t1\/intro.swf\" target=\"_blank\">WEBQUEST: LOS SERES VIVOS<\/a><\/li>\n<li><a href=\"http:\/\/www.clarionweb.es\/5_curso\/jclic\/c_medio\/cm_501\/cm_501.htm\" target=\"_blank\">REPASO LA UNIDAD I<\/a><\/li>\n<li><a href=\"http:\/\/www.clarionweb.es\/5_curso\/c_medio\/cm501\/cm50101.htm\" target=\"_blank\">REPASO LA UNIDAD<\/a><\/li>\n<li><a href=\"http:\/\/www.juntadeandalucia.es\/averroes\/carambolo\/WEB%20JCLIC2\/Medio\/Proyecto%20Mundo%205\/pmun5a\/index.htm\" target=\"_blank\">REPASO LA UNIDAD II<\/a><\/li>\n<\/ol>\n","protected":false},"excerpt":{"rendered":"<p>Tema 9 \u201c Los seres vivos\u201d Contenidos: Caracter\u00edsticas de los seres vivos. Las c\u00e9lulas. Seres vivos unicelulares y pluricelulares. La clasificaci\u00f3n de los seres vivos, Recursos: LA C\u00c9LULA LAS C\u00c9LULAS PARTES DE LA C\u00c9LULA LOS SERES VIVOS I LOS SERES VIVOS LOS SERES VIVOS II LOS SERES VIVOS III LA ORGANIZACI\u00d3N DE LOS SERES VIVOS [&hellip;]<\/p>\n","protected":false},"author":6,"featured_media":0,"parent":466,"menu_order":9,"comment_status":"open","ping_status":"open","template":"","meta":[],"_links":{"self":[{"href":"https:\/\/cpcorella.educacion.navarra.es\/blogs\/3ciclo\/wp-json\/wp\/v2\/pages\/551"}],"collection":[{"href":"https:\/\/cpcorella.educacion.navarra.es\/blogs\/3ciclo\/wp-json\/wp\/v2\/pages"}],"about":[{"href":"https:\/\/cpcorella.educacion.navarra.es\/blogs\/3ciclo\/wp-json\/wp\/v2\/types\/page"}],"author":[{"embeddable":true,"href":"https:\/\/cpcorella.educacion.navarra.es\/blogs\/3ciclo\/wp-json\/wp\/v2\/users\/6"}],"replies":[{"embeddable":true,"href":"https:\/\/cpcorella.educacion.navarra.es\/blogs\/3ciclo\/wp-json\/wp\/v2\/comments?post=551"}],"version-history":[{"count":0,"href":"https:\/\/cpcorella.educacion.navarra.es\/blogs\/3ciclo\/wp-json\/wp\/v2\/pages\/551\/revisions"}],"up":[{"embeddable":true,"href":"https:\/\/cpcorella.educacion.navarra.es\/blogs\/3ciclo\/wp-json\/wp\/v2\/pages\/466"}],"wp:attachment":[{"href":"https:\/\/cpcorella.educacion.navarra.es\/blogs\/3ciclo\/wp-json\/wp\/v2\/media?parent=551"}],"curies":[{"name":"wp","href":"https:\/\/api.w.org\/{rel}","templated":true}]}}