{"id":547,"date":"2010-01-17T18:47:41","date_gmt":"2010-01-17T18:47:41","guid":{"rendered":"http:\/\/pitagorines.wordpress.com\/?page_id=547"},"modified":"2010-01-17T18:47:41","modified_gmt":"2010-01-17T18:47:41","slug":"tema-7","status":"publish","type":"page","link":"https:\/\/cpcorella.educacion.navarra.es\/blogs\/3ciclo\/quinto\/conocimiento\/tema-7\/","title":{"rendered":"Tema 7"},"content":{"rendered":"<p>Tema 7 \u201cLa \u00e9poca de los castillos\u201d<\/p>\n<p>Contenidos:<\/p>\n<ul>\n<li>La pen\u00ednsula ib\u00e9rica en la Edad media.<\/li>\n<li>Al-Andalus.<\/li>\n<li>Los nobles.<\/li>\n<li>Los monjes.<\/li>\n<li>Los campesinos.<\/li>\n<li>La ciudad medieval.<\/li>\n<li>Iglesias y catedrales.<\/li>\n<\/ul>\n<p>Recursos:<\/p>\n<ol>\n<li><a href=\"http:\/\/www.juntadeandalucia.es\/averroes\/recursos_informaticos\/proyectos2004\/andalucia\/FORMATO%20WEB\/arabes.htm\" target=\"_blank\">\u00c1RABES Y CRISTIANOS<\/a><\/li>\n<li><a href=\"http:\/\/www.terra.es\/personal2\/pfigares\/historia.htm\" target=\"_blank\">LA EDAD MEDIA<\/a><\/li>\n<li><a href=\"http:\/\/www.ceipjuanherreraalcausa.es\/Recursosdidacticos\/QUINTO\/Conocimiento\/u15\/1501.htm\" target=\"_blank\">LA EDAD MEDIA EN ESPA\u00d1A<\/a><\/li>\n<li><a href=\"http:\/\/www.ceipjuanherreraalcausa.es\/Recursosdidacticos\/QUINTO\/Conocimiento\/u15\/1502.htm\" target=\"_blank\">MAPAS DE LA EDAD MEDIA EN ESPA\u00d1A<\/a><\/li>\n<li><a href=\"http:\/\/www.librosvivos.net\/smtc\/homeTC.asp?TemaClave=1149\" target=\"_blank\">EL ISLAM<\/a><\/li>\n<li><a href=\"http:\/\/www.librosvivos.net\/smtc\/homeTC.asp?TemaClave=1213\" target=\"_blank\">LA EUROPA FEUDAL<\/a><\/li>\n<li><a href=\"http:\/\/www.clarionweb.es\/5_curso\/c_medio\/cm516\/cm51601.htm\" target=\"_blank\">LA \u00c9POCA DE LOS CASTILLOS<\/a><\/li>\n<li><a href=\"http:\/\/www.primaria.librosvivos.net\/5EP_Cono_cas_ud14_sociedad_med_cristiana_10.html\" target=\"_blank\">LA SOCIEDAD MEDIEVAL CRISTIANA<\/a><\/li>\n<li><a href=\"http:\/\/www.ceipjuanherreraalcausa.es\/Recursosdidacticos\/QUINTO\/Conocimiento\/u15\/1502.htm\" target=\"_blank\">MAPAS DE LA EDAD MEDIA EN ESPA\u00d1A<\/a><\/li>\n<\/ol>\n<p>10.\u00a0 <a href=\"http:\/\/www.juntadeandalucia.es\/averroes\/carambolo\/WEB%20JCLIC2\/Medio\/Proyecto%20Mundo%205\/pmun5c\/index.htm\" target=\"_blank\">REPASO LA UNIDAD<\/a><\/p>\n<div>\n<div>Recop\u00eclaci\u00f3n del tema de la Edad Media realizada por Alberto Armada ( TIC 56)<br \/>\n<a title=\"https:\/\/repositorio.educa.jccm.es\/portal\/odes\/conocimiento_del_medio\/cuaderno_5pcon_laedadmedia\/\" href=\"https:\/\/repositorio.educa.jccm.es\/portal\/odes\/conocimiento_del_medio\/cuaderno_5pcon_laedadmedia\/\" target=\"_blank\"><img loading=\"lazy\" title=\"La_Edad_Media\" src=\"http:\/\/tic56.files.wordpress.com\/2010\/09\/la_edad_media-e1283640009295.png?w=480&amp;h=337\" alt=\"La_Edad_Media\" width=\"480\" height=\"337\" \/><\/a>&nbsp;<\/p>\n<p><a title=\"Preme para imprimir\" rel=\"nofollow\" href=\"http:\/\/tic56.wordpress.com\/2010\/09\/05\/la-edad-media-2\/\" target=\"_blank\"><\/a><\/p>\n<\/div>\n<\/div>\n<div>sepiensa.org.mx&nbsp;<\/p>\n<div>\n<p><a title=\"http:\/\/sepiensa.org.mx\/contenidos\/historia_mundo\/md_ini.html\" href=\"http:\/\/sepiensa.org.mx\/contenidos\/historia_mundo\/md_ini.html\" target=\"_blank\"><img loading=\"lazy\" title=\"Historias_del_mundo\" src=\"http:\/\/tic56.files.wordpress.com\/2010\/05\/historias_del_mundo.png?w=480&amp;h=273\" alt=\"Historias_del_mundo\" width=\"480\" height=\"273\" \/><\/a><\/p>\n<\/div>\n<\/div>\n<div>\n<div>\n<p><a href=\"http:\/\/clic.xtec.cat\/db\/act_es.jsp?id=3432\" target=\"_blank\"><img loading=\"lazy\" title=\"historia\" src=\"http:\/\/tic56.files.wordpress.com\/2009\/04\/historia.png?w=481&amp;h=218\" alt=\"historia\" width=\"481\" height=\"218\" \/><\/a><\/p>\n<\/div>\n<\/div>\n<div>juntadeandalucia.es&nbsp;<\/p>\n<div>\n<p><a href=\"http:\/\/www.juntadeandalucia.es\/averroes\/html\/adjuntos\/2007\/09\/13\/0030\/edadmedia\/presentacion.htm\" target=\"_blank\"><img loading=\"lazy\" title=\"edadmedia\" src=\"http:\/\/tic56.files.wordpress.com\/2009\/04\/edadmedia.png?w=480&amp;h=308\" alt=\"edadmedia\" width=\"480\" height=\"308\" \/><\/a><\/p>\n<\/div>\n<\/div>\n<div>cplosangeles.juntaextremadura.net&nbsp;<\/p>\n<div>\n<p><a href=\"http:\/\/cplosangeles.juntaextremadura.net\/web\/cmedio5\/el_final_de_la_edad_media\/indice.htm\" target=\"_blank\"><img loading=\"lazy\" title=\"edadmedia2\" src=\"http:\/\/tic56.files.wordpress.com\/2009\/03\/edadmedia2.png?w=480&amp;h=308\" alt=\"edadmedia2\" width=\"480\" height=\"308\" \/><\/a>cplosangeles.juntaextremadura.net<\/p>\n<p><a href=\"http:\/\/cplosangeles.juntaextremadura.net\/web\/cmedio5\/el_comienzo_de_la_edad_media\/indice.htm\" target=\"_blank\"><img loading=\"lazy\" title=\"edadmedia\" src=\"http:\/\/tic56.files.wordpress.com\/2009\/03\/edadmedia.png?w=480&amp;h=280\" alt=\"edadmedia\" width=\"480\" height=\"280\" \/><\/a><\/p>\n<\/div>\n<\/div>\n<div>\n<div><a href=\"http:\/\/www.clarionweb.es\/5_curso\/c_medio\/cm516\/cm51601.htm\" target=\"_blank\"><img loading=\"lazy\" title=\"castillos\" src=\"http:\/\/tic56.files.wordpress.com\/2009\/02\/castillos.png?w=480&amp;h=305\" alt=\"castillos\" width=\"480\" height=\"305\" \/><\/a>&nbsp;<\/p>\n<\/div>\n<\/div>\n<div>editorialteide.es&nbsp;<\/p>\n<div>\n<p><a href=\"http:\/\/www.editorialteide.es\/elearning\/Primaria.asp?IdJuego=774&amp;IdTipoJuego=1\" target=\"_blank\"><img loading=\"lazy\" title=\"fuenteshistoria\" src=\"http:\/\/tic56.files.wordpress.com\/2009\/01\/fuenteshistoria.png?w=478&amp;h=358\" alt=\"fuenteshistoria\" width=\"478\" height=\"358\" \/><\/a><\/p>\n<\/div>\n<\/div>\n<div>\n<div>\n<p>centros3.pntic.mec.es<\/p>\n<p><a href=\"http:\/\/centros3.pntic.mec.es\/cp.antonio.de.ulloa\/webactivhotpot\/raiz\/Hot%20Pot\/cono6\/edadmedia1\/indice.htm\" target=\"_blank\"><img loading=\"lazy\" title=\"edadmedia1\" src=\"http:\/\/ticblog.files.wordpress.com\/2008\/11\/edadmedia1.png?w=480&amp;h=196\" alt=\"edadmedia1\" width=\"480\" height=\"196\" \/><\/a><\/p>\n<\/div>\n<\/div>\n<div>centros3.pntic.mec.es&nbsp;<\/p>\n<div>\n<p><a href=\"http:\/\/centros3.pntic.mec.es\/cp.antonio.de.ulloa\/webactivhotpot\/raiz\/Hot%20Pot\/cono6\/edadmedia2\/indice.htm\" target=\"_blank\"><img loading=\"lazy\" title=\"edadmedia2\" src=\"http:\/\/ticblog.files.wordpress.com\/2008\/11\/edadmedia2.png?w=481&amp;h=188\" alt=\"edadmedia2\" width=\"481\" height=\"188\" \/><\/a><\/p>\n<\/div>\n<\/div>\n<div>centros3.pntic.mec.es&nbsp;<\/p>\n<div>\n<p><a href=\"http:\/\/centros3.pntic.mec.es\/cp.antonio.de.ulloa\/webactivhotpot\/raiz\/Hot%20Pot\/cono6\/culturamedieval\/indice.htm\" target=\"_blank\"><img loading=\"lazy\" title=\"culturamedieval\" src=\"http:\/\/ticblog.files.wordpress.com\/2008\/11\/culturamedieval.png?w=480&amp;h=189\" alt=\"culturamedieval\" width=\"480\" height=\"189\" \/><\/a><\/p>\n<\/div>\n<\/div>\n<div>\n<div><a href=\"http:\/\/catedu.es\/chuegos\/historia\/historia.swf\" target=\"_blank\"><img src=\"http:\/\/catedu.es\/arablogs\/repositorio\/183\/viajando.jpg\" alt=\"viajando.jpg\" align=\"middle\" \/><\/a>&nbsp;<\/p>\n<\/div>\n<\/div>\n<div>\n<div><a href=\"http:\/\/www.educa.jcyl.es\/educacyl\/cm\/urlContent?pgseed=1207913379364&amp;contentPK=SGFzaE1hcDoiaWRDb250ZW50IjoiNTg1MzEiOiJhbGlhcyI6InpvbmFzZWN1bmRhcmlhIg..&amp;locale=es_ES&amp;textOnly=false\" target=\"_blank\"><img loading=\"lazy\" src=\"http:\/\/ticblog.files.wordpress.com\/2008\/04\/cidcam.jpg?w=400&amp;h=320\" alt=\"\" width=\"400\" height=\"320\" \/><\/a>&nbsp;<\/p>\n<p><a title=\"Ver todos os artigos en Lengua Castellana\" rel=\"category tag\" href=\"http:\/\/gl.wordpress.com\/tag\/lengua-castellana-6%c2%ba-curso\/\"><\/a><\/p>\n<\/div>\n<\/div>\n<div>\n<div>\n<div><a href=\"http:\/\/www.juntadeandalucia.es\/averroes\/html\/adjuntos\/2007\/09\/13\/0030\/index.htm\" target=\"_blank\"><img src=\"http:\/\/ticblog.files.wordpress.com\/2008\/03\/navtem.jpg\" alt=\"navtem.jpg\" \/><\/a><\/div>\n<\/div>\n<\/div>\n<div>\n<div>\n<div><a href=\"http:\/\/www.educa.jcyl.es\/educacyl\/cm\/gallery\/Recursos%20Infinity\/aplicaciones\/maquina_tiempo\/popup.htm\" target=\"_blank\"><img loading=\"lazy\" src=\"http:\/\/ticblog.files.wordpress.com\/2008\/03\/maqtem.jpg?w=418&amp;h=276\" alt=\"maqtem.jpg\" width=\"418\" height=\"276\" \/><\/a><\/div>\n<\/div>\n<\/div>\n<div>librosvivos.net&nbsp;<\/p>\n<div>\n<div><a href=\"http:\/\/www.librosvivos.net\/smtc\/homeTC.asp?TemaClave=1149\" target=\"_blank\"><img loading=\"lazy\" src=\"http:\/\/ticblog.files.wordpress.com\/2008\/01\/islam.jpg?w=418&amp;h=240\" alt=\"islam.jpg\" width=\"418\" height=\"240\" \/><\/a><\/div>\n<\/div>\n<\/div>\n<p>librosvivos.net<\/p>\n<div><a href=\"http:\/\/www.librosvivos.net\/smtc\/homeTC.asp?TemaClave=1213\" target=\"_blank\"><img loading=\"lazy\" src=\"http:\/\/ticblog.files.wordpress.com\/2008\/01\/eurfeu.jpg?w=438&amp;h=287\" alt=\"eurfeu.jpg\" width=\"438\" height=\"287\" \/><\/a><\/div>\n","protected":false},"excerpt":{"rendered":"<p>Tema 7 \u201cLa \u00e9poca de los castillos\u201d Contenidos: La pen\u00ednsula ib\u00e9rica en la Edad media. Al-Andalus. Los nobles. Los monjes. Los campesinos. La ciudad medieval. Iglesias y catedrales. Recursos: \u00c1RABES Y CRISTIANOS LA EDAD MEDIA LA EDAD MEDIA EN ESPA\u00d1A MAPAS DE LA EDAD MEDIA EN ESPA\u00d1A EL ISLAM LA EUROPA FEUDAL LA \u00c9POCA DE [&hellip;]<\/p>\n","protected":false},"author":6,"featured_media":0,"parent":466,"menu_order":7,"comment_status":"open","ping_status":"open","template":"","meta":[],"_links":{"self":[{"href":"https:\/\/cpcorella.educacion.navarra.es\/blogs\/3ciclo\/wp-json\/wp\/v2\/pages\/547"}],"collection":[{"href":"https:\/\/cpcorella.educacion.navarra.es\/blogs\/3ciclo\/wp-json\/wp\/v2\/pages"}],"about":[{"href":"https:\/\/cpcorella.educacion.navarra.es\/blogs\/3ciclo\/wp-json\/wp\/v2\/types\/page"}],"author":[{"embeddable":true,"href":"https:\/\/cpcorella.educacion.navarra.es\/blogs\/3ciclo\/wp-json\/wp\/v2\/users\/6"}],"replies":[{"embeddable":true,"href":"https:\/\/cpcorella.educacion.navarra.es\/blogs\/3ciclo\/wp-json\/wp\/v2\/comments?post=547"}],"version-history":[{"count":0,"href":"https:\/\/cpcorella.educacion.navarra.es\/blogs\/3ciclo\/wp-json\/wp\/v2\/pages\/547\/revisions"}],"up":[{"embeddable":true,"href":"https:\/\/cpcorella.educacion.navarra.es\/blogs\/3ciclo\/wp-json\/wp\/v2\/pages\/466"}],"wp:attachment":[{"href":"https:\/\/cpcorella.educacion.navarra.es\/blogs\/3ciclo\/wp-json\/wp\/v2\/media?parent=547"}],"curies":[{"name":"wp","href":"https:\/\/api.w.org\/{rel}","templated":true}]}}