{"id":545,"date":"2010-01-17T18:46:36","date_gmt":"2010-01-17T18:46:36","guid":{"rendered":"http:\/\/pitagorines.wordpress.com\/?page_id=545"},"modified":"2010-01-17T18:46:36","modified_gmt":"2010-01-17T18:46:36","slug":"tema-6","status":"publish","type":"page","link":"https:\/\/cpcorella.educacion.navarra.es\/blogs\/3ciclo\/quinto\/conocimiento\/tema-6\/","title":{"rendered":"Tema 6"},"content":{"rendered":"<p>Tema 6 \u201c En tiempos de los romanos\u201d<\/p>\n<p>Contenidos:<\/p>\n<ul>\n<li>Los pueblos prerromanos: Los celtas.<\/li>\n<li>Los pueblos prerromanos: los \u00edberos.<\/li>\n<li>Hispania, provincia romana.<\/li>\n<li>La vida en las ciudades.<\/li>\n<li>La vida en el campo.<\/li>\n<li>La religi\u00f3n romana y el cristianismo.<\/li>\n<\/ul>\n<p>Recursos:<\/p>\n<ol>\n<li><a href=\"http:\/\/www.librosvivos.net\/smtc\/homeTC.asp?TemaClave=1015\" target=\"_blank\">EL LEGADO ROMANO<\/a><\/li>\n<li><a href=\"http:\/\/www.juntadeandalucia.es\/averroes\/recursos_informaticos\/proyectos2004\/andalucia\/FORMATO%20WEB\/romanos.htm\" target=\"_blank\">LOS ROMANOS<\/a><\/li>\n<li><a href=\"http:\/\/ares.cnice.mec.es\/ciengehi\/b\/04\/animaciones\/a_fc_anim01_3_v00.html\" target=\"_blank\">LA ROMANIZACI\u00d3N<\/a><\/li>\n<li><a href=\"http:\/\/www.clarionweb.es\/5_curso\/c_medio\/cm515\/cm51501.htm\" target=\"_blank\">EN TIEMPOS DE LOS ROMANOS<\/a><\/li>\n<li><a href=\"http:\/\/www.primaria.librosvivos.net\/5EP_Cono_cas_ud13_civilizacion_romana_10.html\" target=\"_blank\">LA CIVILIZACI\u00d3N ROMANA<\/a><\/li>\n<li><a href=\"http:\/\/www.juntadeandalucia.es\/averroes\/carambolo\/WEB%20JCLIC2\/Medio\/Proyecto%20Mundo%205\/pmun5c\/index.htm\" target=\"_blank\">REPASO LA UNIDAD<\/a><\/li>\n<\/ol>\n","protected":false},"excerpt":{"rendered":"<p>Tema 6 \u201c En tiempos de los romanos\u201d Contenidos: Los pueblos prerromanos: Los celtas. Los pueblos prerromanos: los \u00edberos. Hispania, provincia romana. La vida en las ciudades. La vida en el campo. La religi\u00f3n romana y el cristianismo. Recursos: EL LEGADO ROMANO LOS ROMANOS LA ROMANIZACI\u00d3N EN TIEMPOS DE LOS ROMANOS LA CIVILIZACI\u00d3N ROMANA REPASO [&hellip;]<\/p>\n","protected":false},"author":6,"featured_media":0,"parent":466,"menu_order":6,"comment_status":"open","ping_status":"open","template":"","meta":[],"_links":{"self":[{"href":"https:\/\/cpcorella.educacion.navarra.es\/blogs\/3ciclo\/wp-json\/wp\/v2\/pages\/545"}],"collection":[{"href":"https:\/\/cpcorella.educacion.navarra.es\/blogs\/3ciclo\/wp-json\/wp\/v2\/pages"}],"about":[{"href":"https:\/\/cpcorella.educacion.navarra.es\/blogs\/3ciclo\/wp-json\/wp\/v2\/types\/page"}],"author":[{"embeddable":true,"href":"https:\/\/cpcorella.educacion.navarra.es\/blogs\/3ciclo\/wp-json\/wp\/v2\/users\/6"}],"replies":[{"embeddable":true,"href":"https:\/\/cpcorella.educacion.navarra.es\/blogs\/3ciclo\/wp-json\/wp\/v2\/comments?post=545"}],"version-history":[{"count":0,"href":"https:\/\/cpcorella.educacion.navarra.es\/blogs\/3ciclo\/wp-json\/wp\/v2\/pages\/545\/revisions"}],"up":[{"embeddable":true,"href":"https:\/\/cpcorella.educacion.navarra.es\/blogs\/3ciclo\/wp-json\/wp\/v2\/pages\/466"}],"wp:attachment":[{"href":"https:\/\/cpcorella.educacion.navarra.es\/blogs\/3ciclo\/wp-json\/wp\/v2\/media?parent=545"}],"curies":[{"name":"wp","href":"https:\/\/api.w.org\/{rel}","templated":true}]}}