{"id":533,"date":"2010-01-17T18:41:14","date_gmt":"2010-01-17T18:41:14","guid":{"rendered":"http:\/\/pitagorines.wordpress.com\/?page_id=533"},"modified":"2010-01-17T18:41:14","modified_gmt":"2010-01-17T18:41:14","slug":"tema-15","status":"publish","type":"page","link":"https:\/\/cpcorella.educacion.navarra.es\/blogs\/3ciclo\/quinto\/lengua-3\/tema-15\/","title":{"rendered":"UNIDAD 15: El ni\u00f1o Amal"},"content":{"rendered":"<h2>UNIDAD 15: El ni\u00f1o Amal<\/h2>\n<div><\/div>\n<div>\n<table border=\"1\" cellspacing=\"0\" cellpadding=\"0\">\n<tbody>\n<tr>\n<td colspan=\"2\" width=\"489\" valign=\"top\">LENGUA \u00a0<strong>UNIDAD 15: El ni\u00f1o  Amal<\/strong><\/td>\n<\/tr>\n<tr>\n<td width=\"215\" valign=\"top\">CONTENIDOS<\/td>\n<td width=\"274\" valign=\"top\">RECURSOS<\/td>\n<\/tr>\n<tr>\n<td width=\"215\" valign=\"top\">Texto, p\u00e1rrafo, oraci\u00f3n.<\/td>\n<td width=\"274\" valign=\"top\">\n<ul>\n<li><a href=\"http:\/\/www.xtec.net\/~jgenover\/ordenA.htm\" target=\"_blank\">EL ORDEN  DE LA ORACI\u00d3N<\/a><\/li>\n<li><a href=\"http:\/\/www.xtec.net\/~jgenover\/ordenC1.htm\" target=\"_blank\">ORDENO  ORACIONES<\/a><\/li>\n<li><a href=\"http:\/\/www.ceipjuanherreraalcausa.es\/Recursosdidacticos\/QUINTO\/Lengua\/U15\/1503.htm\" target=\"_blank\">TEXTO Y P\u00c1RRAFO<\/a><\/li>\n<li><a href=\"http:\/\/www.ceipjuanherreraalcausa.es\/Recursosdidacticos\/SEXTO\/Lengua\/U01\/0103.htm\" target=\"_blank\">TEXTO, P\u00c1RRAFO, ORACI\u00d3N, PALABRA<\/a><\/li>\n<\/ul>\n<\/td>\n<\/tr>\n<tr>\n<td width=\"215\" valign=\"top\">Repaso todos los usos de la tilde<\/td>\n<td width=\"274\" valign=\"top\">\n<ul>\n<li><a href=\"http:\/\/www.juntadeandalucia.es\/averroes\/losperales\/caza\/2_CINCO_PREGUNTAS_ACENTOS.htm\" target=\"_blank\">REPASO ACENTUACI\u00d3N<\/a><\/li>\n<li><a href=\"http:\/\/clic.xtec.net\/db\/jclicApplet.jsp?project=http:\/\/clic.xtec.net\/projects\/acento2\/jclic\/acento2.jclic.zip&amp;lang=es\" target=\"_blank\">REPASO ACENTUACI\u00d3N<\/a><\/li>\n<li><a href=\"http:\/\/www.juntadeandalucia.es\/averroes\/recursos_informaticos\/concurso2005\/45\/index.html\" target=\"_blank\">LA ACENTUACI\u00d3N CON DON QUIJOTE<\/a><\/li>\n<li><a href=\"http:\/\/www.librosvivos.net\/smtc\/homeTC.asp?TemaClave=1161\" target=\"_blank\">ACENTUACI\u00d3N<\/a><\/li>\n<li><a href=\"http:\/\/www.ceipjuanherreraalcausa.es\/Recursosdidacticos\/SEXTO\/Lengua\/U01\/0102_1.htm\" target=\"_blank\">REGLAS DE ACENTUACI\u00d3N I<\/a><\/li>\n<li><a href=\"http:\/\/www.ceipjuanherreraalcausa.es\/Recursosdidacticos\/SEXTO\/Lengua\/U01\/0102_2.htm\" target=\"_blank\">REGLAS DE ACENTUACI\u00d3N II<\/a><\/li>\n<li><a href=\"http:\/\/www.iesitalica.es\/Ejemplos_TIC_Lengua\/Otras\/juegos_en_flash\/acentuacion.swf\" target=\"_blank\">DETECTIVE PRIVADO<\/a><\/li>\n<li><a href=\"http:\/\/contenidos.santillanaenred.com\/jukebox\/servlet\/GetPlayer?p3v=true&amp;xref=200601301133_PRE_0_-1979330547&amp;mode=1&amp;rtc=1001&amp;locale=es_ES&amp;cache=false\" target=\"_blank\">C\u00d3MO SUENAN LAS PALABRAS<\/a><\/li>\n<li><a href=\"http:\/\/www.primaria.librosvivos.net\/6EP_Len_cas_dict_u1_Reglas_generales_de_acentuacion.html\" target=\"_blank\">DICTADO<\/a><\/li>\n<\/ul>\n<\/td>\n<\/tr>\n<tr>\n<td width=\"215\" valign=\"top\">Precisi\u00f3n l\u00e9xica<\/td>\n<td width=\"274\" valign=\"top\">\n<ul><\/ul>\n<\/td>\n<\/tr>\n<tr>\n<td width=\"215\" valign=\"top\">Un folleto tur\u00edstico<\/td>\n<td width=\"274\" valign=\"top\"><\/td>\n<\/tr>\n<tr>\n<td width=\"215\" valign=\"top\">Otras actividades.<\/td>\n<\/tr>\n<\/tbody>\n<\/table>\n<\/div>\n","protected":false},"excerpt":{"rendered":"<p>UNIDAD 15: El ni\u00f1o Amal LENGUA \u00a0UNIDAD 15: El ni\u00f1o Amal CONTENIDOS RECURSOS Texto, p\u00e1rrafo, oraci\u00f3n. EL ORDEN DE LA ORACI\u00d3N ORDENO ORACIONES TEXTO Y P\u00c1RRAFO TEXTO, P\u00c1RRAFO, ORACI\u00d3N, PALABRA Repaso todos los usos de la tilde REPASO ACENTUACI\u00d3N REPASO ACENTUACI\u00d3N LA ACENTUACI\u00d3N CON DON QUIJOTE ACENTUACI\u00d3N REGLAS DE ACENTUACI\u00d3N I REGLAS DE ACENTUACI\u00d3N II [&hellip;]<\/p>\n","protected":false},"author":6,"featured_media":0,"parent":465,"menu_order":15,"comment_status":"open","ping_status":"open","template":"","meta":[],"_links":{"self":[{"href":"https:\/\/cpcorella.educacion.navarra.es\/blogs\/3ciclo\/wp-json\/wp\/v2\/pages\/533"}],"collection":[{"href":"https:\/\/cpcorella.educacion.navarra.es\/blogs\/3ciclo\/wp-json\/wp\/v2\/pages"}],"about":[{"href":"https:\/\/cpcorella.educacion.navarra.es\/blogs\/3ciclo\/wp-json\/wp\/v2\/types\/page"}],"author":[{"embeddable":true,"href":"https:\/\/cpcorella.educacion.navarra.es\/blogs\/3ciclo\/wp-json\/wp\/v2\/users\/6"}],"replies":[{"embeddable":true,"href":"https:\/\/cpcorella.educacion.navarra.es\/blogs\/3ciclo\/wp-json\/wp\/v2\/comments?post=533"}],"version-history":[{"count":0,"href":"https:\/\/cpcorella.educacion.navarra.es\/blogs\/3ciclo\/wp-json\/wp\/v2\/pages\/533\/revisions"}],"up":[{"embeddable":true,"href":"https:\/\/cpcorella.educacion.navarra.es\/blogs\/3ciclo\/wp-json\/wp\/v2\/pages\/465"}],"wp:attachment":[{"href":"https:\/\/cpcorella.educacion.navarra.es\/blogs\/3ciclo\/wp-json\/wp\/v2\/media?parent=533"}],"curies":[{"name":"wp","href":"https:\/\/api.w.org\/{rel}","templated":true}]}}