{"id":531,"date":"2010-01-17T18:40:45","date_gmt":"2010-01-17T18:40:45","guid":{"rendered":"http:\/\/pitagorines.wordpress.com\/?page_id=531"},"modified":"2010-01-17T18:40:45","modified_gmt":"2010-01-17T18:40:45","slug":"tema-14","status":"publish","type":"page","link":"https:\/\/cpcorella.educacion.navarra.es\/blogs\/3ciclo\/quinto\/lengua-3\/tema-14\/","title":{"rendered":"UNIDAD 14: El Lazarillo de Tormes"},"content":{"rendered":"<h2>UNIDAD 14: El Lazarillo de Tormes<\/h2>\n<div><\/div>\n<div>\n<table border=\"1\" cellspacing=\"0\" cellpadding=\"0\">\n<tbody>\n<tr>\n<td colspan=\"2\" width=\"489\" valign=\"top\">LENGUA <strong>UNIDAD 14: El Lazarillo de  Tormes <em> <\/em><\/strong><\/td>\n<\/tr>\n<tr>\n<td width=\"215\" valign=\"top\">CONTENIDOS<\/td>\n<td width=\"274\" valign=\"top\">RECURSOS<\/td>\n<\/tr>\n<tr>\n<td width=\"215\" valign=\"top\">Clases de oraciones seg\u00fan la actitud del hablante:  enunciativas, interrogativas, exclamativas, imperativas y desiderativas.<\/td>\n<td width=\"274\" valign=\"top\">\n<ul>\n<li><a href=\"http:\/\/www.edu365.cat\/primaria\/muds\/castella\/sujeto\/index.htm\" target=\"_blank\">SUJETO Y PREDICADO<\/a><\/li>\n<li><a href=\"http:\/\/www.desocupadolector.net\/gramatica\/predic01.htm\" target=\"_blank\">EL PREDICADO<\/a><\/li>\n<li><a href=\"http:\/\/www.aplicaciones.info\/lengua\/morfo03.htm\" target=\"_blank\">LA  ORACI\u00d3N<\/a><\/li>\n<li><a href=\"http:\/\/www.desocupadolector.net\/gramatica\/sujeto01.htm\" target=\"_blank\">EL SUJETO I<\/a><\/li>\n<li><a href=\"http:\/\/www.ceipjuanherreraalcausa.es\/Recursosdidacticos\/SEXTO\/Lengua\/U10\/1003_01.htm\" target=\"_blank\">EL SUJETO II<\/a><\/li>\n<li><a href=\"http:\/\/www.ceipjuanherreraalcausa.es\/Recursosdidacticos\/SEXTO\/Lengua\/U10\/1003_02.htm\" target=\"_blank\">EL SUJETO III<\/a><\/li>\n<li><a href=\"http:\/\/www.aplicaciones.info\/lengua\/sinta01.htm\" target=\"_blank\">LA  ORACI\u00d3N GRAMATICAL<\/a><\/li>\n<li><a href=\"http:\/\/www.primaria.librosvivos.net\/6EP_len_ud10_oracion_sujpred.html\" target=\"_blank\">LA ORACI\u00d3N: SUJETO Y PREDICADO<\/a><\/li>\n<\/ul>\n<\/td>\n<\/tr>\n<tr>\n<td width=\"215\" valign=\"top\">Uso de la coma<\/td>\n<td width=\"274\" valign=\"top\">\n<ul>\n<li><a href=\"http:\/\/roble.pntic.mec.es\/~msanto1\/ortografia\/coma.htm\" target=\"_blank\">LA COMA<\/a><\/li>\n<\/ul>\n<\/td>\n<\/tr>\n<tr>\n<td width=\"215\" valign=\"top\">Las frases hechas.<\/td>\n<td width=\"274\" valign=\"top\">\n<ul>\n<li><a href=\"http:\/\/www.cplamorana.com\/5primaria_lengua\/datos\/10_leng\/30_rdi\/U11\/1101_01.htm\" target=\"_blank\">REFRANES Y FRASES HECHAS I<\/a><\/li>\n<li><a href=\"http:\/\/www.cplamorana.com\/5primaria_lengua\/datos\/10_leng\/30_rdi\/U11\/1101_02.htm\" target=\"_blank\">REFRANES Y FRASES HECHAS II<\/a><\/li>\n<\/ul>\n<\/td>\n<\/tr>\n<tr>\n<td width=\"215\" valign=\"top\">La carta de reclamaci\u00f3n.<\/td>\n<td width=\"274\" valign=\"top\">\n<ul><\/ul>\n<\/td>\n<\/tr>\n<tr>\n<td width=\"215\" valign=\"top\">Texto teatral: los parlamentos.<\/td>\n<td width=\"274\" valign=\"top\"><\/td>\n<\/tr>\n<tr>\n<td width=\"215\" valign=\"top\">Otras actividades.<\/td>\n<\/tr>\n<\/tbody>\n<\/table>\n<\/div>\n","protected":false},"excerpt":{"rendered":"<p>UNIDAD 14: El Lazarillo de Tormes LENGUA UNIDAD 14: El Lazarillo de Tormes CONTENIDOS RECURSOS Clases de oraciones seg\u00fan la actitud del hablante: enunciativas, interrogativas, exclamativas, imperativas y desiderativas. SUJETO Y PREDICADO EL PREDICADO LA ORACI\u00d3N EL SUJETO I EL SUJETO II EL SUJETO III LA ORACI\u00d3N GRAMATICAL LA ORACI\u00d3N: SUJETO Y PREDICADO Uso de [&hellip;]<\/p>\n","protected":false},"author":6,"featured_media":0,"parent":465,"menu_order":14,"comment_status":"open","ping_status":"open","template":"","meta":[],"_links":{"self":[{"href":"https:\/\/cpcorella.educacion.navarra.es\/blogs\/3ciclo\/wp-json\/wp\/v2\/pages\/531"}],"collection":[{"href":"https:\/\/cpcorella.educacion.navarra.es\/blogs\/3ciclo\/wp-json\/wp\/v2\/pages"}],"about":[{"href":"https:\/\/cpcorella.educacion.navarra.es\/blogs\/3ciclo\/wp-json\/wp\/v2\/types\/page"}],"author":[{"embeddable":true,"href":"https:\/\/cpcorella.educacion.navarra.es\/blogs\/3ciclo\/wp-json\/wp\/v2\/users\/6"}],"replies":[{"embeddable":true,"href":"https:\/\/cpcorella.educacion.navarra.es\/blogs\/3ciclo\/wp-json\/wp\/v2\/comments?post=531"}],"version-history":[{"count":0,"href":"https:\/\/cpcorella.educacion.navarra.es\/blogs\/3ciclo\/wp-json\/wp\/v2\/pages\/531\/revisions"}],"up":[{"embeddable":true,"href":"https:\/\/cpcorella.educacion.navarra.es\/blogs\/3ciclo\/wp-json\/wp\/v2\/pages\/465"}],"wp:attachment":[{"href":"https:\/\/cpcorella.educacion.navarra.es\/blogs\/3ciclo\/wp-json\/wp\/v2\/media?parent=531"}],"curies":[{"name":"wp","href":"https:\/\/api.w.org\/{rel}","templated":true}]}}