{"id":529,"date":"2010-01-17T18:40:10","date_gmt":"2010-01-17T18:40:10","guid":{"rendered":"http:\/\/pitagorines.wordpress.com\/?page_id=529"},"modified":"2010-01-17T18:40:10","modified_gmt":"2010-01-17T18:40:10","slug":"tema-13","status":"publish","type":"page","link":"https:\/\/cpcorella.educacion.navarra.es\/blogs\/3ciclo\/quinto\/lengua-3\/tema-13\/","title":{"rendered":"UNIDAD 13: M\u00e1s all\u00e1 del Atl\u00e1ntico"},"content":{"rendered":"<div>\n<table border=\"1\" cellspacing=\"0\" cellpadding=\"0\">\n<tbody>\n<tr>\n<td colspan=\"2\" width=\"489\" valign=\"top\">LENGUA <strong>UNIDAD 13: M\u00e1s all\u00e1 del  Atl\u00e1ntico<em> <\/em><\/strong><\/td>\n<\/tr>\n<tr>\n<td width=\"215\" valign=\"top\">CONTENIDOS<\/td>\n<td width=\"274\" valign=\"top\">RECURSOS<\/td>\n<\/tr>\n<tr>\n<td width=\"215\" valign=\"top\">Las preposiciones y las conjunciones.<\/td>\n<td width=\"274\" valign=\"top\">\n<ul>\n<li><a href=\"http:\/\/www.xtec.net\/~jgenover\/prepos1.htm\" target=\"_blank\">CORRIJO  PREPOSICIONES<\/a><\/li>\n<li><a href=\"http:\/\/clic.xtec.net\/db\/jclicApplet.jsp?project=http:\/\/clic.xtec.net\/projects\/gramat\/jclic\/gramat.jclic.zip&amp;lang=es\" target=\"_blank\">PREPOSICIONES<\/a><\/li>\n<li><a href=\"http:\/\/www.uv.mx\/eee\/sp_interactivo\/sp_interac_old\/3014._Preposiciones3.htm\" target=\"_blank\">COMPLETO CON PREPOSICIONES I<\/a><\/li>\n<li><a href=\"http:\/\/www.uv.mx\/eee\/sp_interactivo\/sp_interac_old\/3015._Preposiciones4.htm\" target=\"_blank\">COMPLETO CON PREPOSICIONES II<\/a><\/li>\n<li><a href=\"http:\/\/www.aplicaciones.info\/lengua\/morfo26.htm\" target=\"_blank\">LAS  PREPOSICIONES<\/a><\/li>\n<li><a href=\"http:\/\/clic.xtec.net\/db\/jclicApplet.jsp?project=http:\/\/clic.xtec.net\/projects\/gramat\/jclic\/gramat.jclic.zip&amp;lang=es\" target=\"_blank\">CONJUNCIONES I<\/a><\/li>\n<li><a href=\"http:\/\/contenidos.educarex.es\/mci\/2001\/51\/index.html\" target=\"_blank\">LAS CONJUNCIONES. LAS PREPOSICIONES<\/a><\/li>\n<li><a href=\"http:\/\/www.uv.mx\/eee\/sp_interactivo\/sp_interac_old\/N3040-conjunciones.htm\" target=\"_blank\">LAS CONJUNCIONES I<\/a><\/li>\n<li><a href=\"http:\/\/www.uv.mx\/eee\/sp_interactivo\/sp_interac_old\/N3043-conjunciones2.htm\" target=\"_blank\">LAS CONJUNCIONES II<\/a><\/li>\n<li><a href=\"http:\/\/clic.xtec.net\/db\/jclicApplet.jsp?project=http:\/\/clic.xtec.net\/projects\/pinvaria\/jclic\/pinvaria.jclic.zip&amp;lang=es\" target=\"_blank\">CONJUNCIONES II<\/a><\/li>\n<li><a href=\"http:\/\/www.aplicaciones.info\/lengua\/morfo27.htm\" target=\"_blank\">LAS  CONJUNCIONES III<\/a><\/li>\n<li><a href=\"http:\/\/www.ceipjuanherreraalcausa.es\/Recursosdidacticos\/SEXTO\/Lengua\/U09\/0903_01.htm\" target=\"_blank\">PREPOSICIONES Y CONJUNCIONES I<\/a><\/li>\n<li><a href=\"http:\/\/www.ceipjuanherreraalcausa.es\/Recursosdidacticos\/SEXTO\/Lengua\/U09\/0903_02.htm\" target=\"_blank\">PREPOSICIONES Y CONJUNCIONES II<\/a><\/li>\n<li><a href=\"http:\/\/centros3.pntic.mec.es\/cp.antonio.de.ulloa\/webactivhotpot\/raiz\/Hot%20Pot\/lengua6\/enlaces\/indice.htm\" target=\"_blank\">LOS ENLACES: PREPOSICIONES Y CONJUNCIONES<\/a><\/li>\n<\/ul>\n<\/td>\n<\/tr>\n<tr>\n<td width=\"215\" valign=\"top\">Uso de los dos puntos y de los puntos suspensivos<\/td>\n<td width=\"274\" valign=\"top\">\n<ul>\n<li><a href=\"http:\/\/roble.pntic.mec.es\/~msanto1\/ortografia\/pundos.htm\" target=\"_blank\">LOS DOS PUNTOS I<\/a><\/li>\n<li><a href=\"http:\/\/www.reglasdeortografia.com\/dospuntos01.php\" target=\"_blank\">LOS DOS PUNTOS II<\/a><\/li>\n<li><a href=\"http:\/\/www.reglasdeortografia.com\/dospuntos02.php\" target=\"_blank\">LOS DOS PUNTOS III<\/a><\/li>\n<li><a href=\"http:\/\/www.reglasdeortografia.com\/dospuntos03.php\" target=\"_blank\">LOS DOS PUNTOS IV<\/a><\/li>\n<li><a href=\"http:\/\/adigital.pntic.mec.es\/~aramo\/ortogra\/ofrase21.htm\" target=\"_blank\">PUNTOS SUSPENSIVOS I<\/a><\/li>\n<li><a href=\"http:\/\/roble.pntic.mec.es\/~msanto1\/ortografia\/puntres.htm\" target=\"_blank\">PUNTOS SUSPENSIVOS II<\/a><\/li>\n<\/ul>\n<\/td>\n<\/tr>\n<tr>\n<td width=\"215\" valign=\"top\">Las acepciones.<\/td>\n<td width=\"274\" valign=\"top\"><\/td>\n<\/tr>\n<tr>\n<td width=\"215\" valign=\"top\"><\/td>\n<td width=\"274\" valign=\"top\"><\/td>\n<\/tr>\n<tr>\n<td width=\"215\" valign=\"top\">Otras actividades.<\/td>\n<\/tr>\n<\/tbody>\n<\/table>\n<\/div>\n","protected":false},"excerpt":{"rendered":"<p>LENGUA UNIDAD 13: M\u00e1s all\u00e1 del Atl\u00e1ntico CONTENIDOS RECURSOS Las preposiciones y las conjunciones. CORRIJO PREPOSICIONES PREPOSICIONES COMPLETO CON PREPOSICIONES I COMPLETO CON PREPOSICIONES II LAS PREPOSICIONES CONJUNCIONES I LAS CONJUNCIONES. LAS PREPOSICIONES LAS CONJUNCIONES I LAS CONJUNCIONES II CONJUNCIONES II LAS CONJUNCIONES III PREPOSICIONES Y CONJUNCIONES I PREPOSICIONES Y CONJUNCIONES II LOS ENLACES: PREPOSICIONES [&hellip;]<\/p>\n","protected":false},"author":6,"featured_media":0,"parent":465,"menu_order":13,"comment_status":"open","ping_status":"open","template":"","meta":[],"_links":{"self":[{"href":"https:\/\/cpcorella.educacion.navarra.es\/blogs\/3ciclo\/wp-json\/wp\/v2\/pages\/529"}],"collection":[{"href":"https:\/\/cpcorella.educacion.navarra.es\/blogs\/3ciclo\/wp-json\/wp\/v2\/pages"}],"about":[{"href":"https:\/\/cpcorella.educacion.navarra.es\/blogs\/3ciclo\/wp-json\/wp\/v2\/types\/page"}],"author":[{"embeddable":true,"href":"https:\/\/cpcorella.educacion.navarra.es\/blogs\/3ciclo\/wp-json\/wp\/v2\/users\/6"}],"replies":[{"embeddable":true,"href":"https:\/\/cpcorella.educacion.navarra.es\/blogs\/3ciclo\/wp-json\/wp\/v2\/comments?post=529"}],"version-history":[{"count":0,"href":"https:\/\/cpcorella.educacion.navarra.es\/blogs\/3ciclo\/wp-json\/wp\/v2\/pages\/529\/revisions"}],"up":[{"embeddable":true,"href":"https:\/\/cpcorella.educacion.navarra.es\/blogs\/3ciclo\/wp-json\/wp\/v2\/pages\/465"}],"wp:attachment":[{"href":"https:\/\/cpcorella.educacion.navarra.es\/blogs\/3ciclo\/wp-json\/wp\/v2\/media?parent=529"}],"curies":[{"name":"wp","href":"https:\/\/api.w.org\/{rel}","templated":true}]}}