{"id":527,"date":"2010-01-17T18:38:58","date_gmt":"2010-01-17T18:38:58","guid":{"rendered":"http:\/\/pitagorines.wordpress.com\/?page_id=527"},"modified":"2010-01-17T18:38:58","modified_gmt":"2010-01-17T18:38:58","slug":"tema-12","status":"publish","type":"page","link":"https:\/\/cpcorella.educacion.navarra.es\/blogs\/3ciclo\/quinto\/lengua-3\/tema-12\/","title":{"rendered":"UNIDAD 11: \u00bfQui\u00e9n anda ah\u00ed?"},"content":{"rendered":"<h2>UNIDAD 11: \u00bfQui\u00e9n anda ah\u00ed?<\/h2>\n<div><\/div>\n<div>\n<table border=\"1\" cellspacing=\"0\" cellpadding=\"0\">\n<tbody>\n<tr>\n<td colspan=\"2\" width=\"489\" valign=\"top\">LENGUA \u00a0<strong>UNIDAD 11: \u00bfQui\u00e9n anda  ah\u00ed?<\/strong><\/td>\n<\/tr>\n<tr>\n<td width=\"215\" valign=\"top\">CONTENIDOS<\/td>\n<td width=\"274\" valign=\"top\">RECURSOS<\/td>\n<\/tr>\n<tr>\n<td width=\"215\" valign=\"top\">El verbo: conjugaci\u00f3n del subjuntivo y del  imperativo.<\/td>\n<td width=\"274\" valign=\"top\">\n<ul>\n<li><a href=\"http:\/\/roble.pntic.mec.es\/~msanto1\/lengua\/1verbo.htm\" target=\"_blank\">TIEMPO Y MODO<\/a><\/li>\n<li><a href=\"http:\/\/www.uv.mx\/eee\/sp_interactivo\/sp_interac_old\/4014._Subjuntivo.htm\" target=\"_blank\">EL SUBJUNTIVO<\/a><\/li>\n<li><a href=\"http:\/\/www.uv.mx\/eee\/sp_interactivo\/sp_interac_old\/4005._imperativo.htm\" target=\"_blank\">EL IMPERATIVO<\/a><\/li>\n<li><a href=\"http:\/\/clic.xtec.net\/db\/jclicApplet.jsp?project=http:\/\/clic.xtec.net\/projects\/lenguac3\/jclic\/lenguac3.jclic.zip&amp;lang=es\" target=\"_blank\">TIEMPOS VERBALES<\/a><\/li>\n<\/ul>\n<\/td>\n<\/tr>\n<tr>\n<td width=\"215\" valign=\"top\">Uso de la v<\/td>\n<td width=\"274\" valign=\"top\">\n<ul>\n<li><a href=\"http:\/\/www.educadormarista.com\/juegos\/vb.html\" target=\"_blank\">JUEGO:  PALABRAS CON B Y CON V<\/a><\/li>\n<li><a href=\"http:\/\/centros3.pntic.mec.es\/cp.antonio.de.ulloa\/webactivhotpot\/raiz\/Hot%20Pot\/lengua6\/ortografia\/bv1.htm\" target=\"_blank\">ESCRIBE B O V<\/a><\/li>\n<li><a href=\"http:\/\/www.primaria.librosvivos.net\/5EP_len_cas_dict_u9_Palabras_con_b_2.html\" target=\"_blank\">DICTADO I<\/a><\/li>\n<li><a href=\"http:\/\/www.primaria.librosvivos.net\/5EP_len_cas_u10_Palabras_con_v_2.html\" target=\"_blank\">DICTADO II<\/a><\/li>\n<li><a href=\"http:\/\/www.primaria.librosvivos.net\/6EP_len_cas_dict_u6_Palabras_con_b_y_v.html\" target=\"_blank\">DICTADO III<\/a><\/li>\n<li><a href=\"http:\/\/www.aplicaciones.info\/ortogra2\/opal0110.htm\" target=\"_blank\">PALABRAS CON B, V Y W<\/a><\/li>\n<li><a href=\"http:\/\/www.xtec.net\/~jgenover\/orto4b.htm\" target=\"_blank\">PALABRAS  CON B Y CON V I<\/a><\/li>\n<li><a href=\"http:\/\/www.ceipjuanherreraalcausa.es\/Recursosdidacticos\/SEXTO\/Lengua\/U09\/0902_01.htm\" target=\"_blank\">PALABRAS CON B Y CON V II<\/a><\/li>\n<li><a href=\"http:\/\/www.ceipjuanherreraalcausa.es\/Recursosdidacticos\/SEXTO\/Lengua\/U09\/0902_02.htm\" target=\"_blank\">PALABRAS CON B Y CON V III<\/a><\/li>\n<li><a href=\"http:\/\/contenidos.santillanaenred.com\/jukebox\/servlet\/GetPlayer?p3v=true&amp;xref=200601271318_PRE_0_-1688692428&amp;mode=1&amp;rtc=1001&amp;locale=es_ES&amp;cache=false\" target=\"_blank\">\u00bfBACA O VACA?<\/a><\/li>\n<li><a href=\"http:\/\/www.iesitalica.es\/Ejemplos_TIC_Lengua\/Otras\/juegos_en_flash\/vb.swf\" target=\"_blank\">EL USO DE LA B Y V<\/a><\/li>\n<li><\/li>\n<\/ul>\n<\/td>\n<\/tr>\n<tr>\n<td width=\"215\" valign=\"top\">Las abreviaturas.<\/td>\n<td width=\"274\" valign=\"top\">\n<ul>\n<li><a href=\"http:\/\/roble.pntic.mec.es\/~msanto1\/ortografia\/abrevi.htm\" target=\"_blank\">ABREVIATURAS<\/a><\/li>\n<li><a href=\"http:\/\/www.xtec.net\/~jgenover\/diccio4.htm\" target=\"_blank\">RECONOCER LAS PRINCIPALES ABREVIATURAS<\/a><\/li>\n<li><a href=\"http:\/\/www.ceipjuanherreraalcausa.es\/Recursosdidacticos\/SEXTO\/Lengua\/U13\/1301_01.htm\" target=\"_blank\">SIGLAS Y ABREVIATURAS I<\/a><\/li>\n<li><a href=\"http:\/\/www.ceipjuanherreraalcausa.es\/Recursosdidacticos\/SEXTO\/Lengua\/U13\/1301_02.htm\" target=\"_blank\">SIGLAS Y ABREVIATURAS II<\/a><\/li>\n<\/ul>\n<\/td>\n<\/tr>\n<tr>\n<td width=\"215\" valign=\"top\">El reportaje.<\/td>\n<td width=\"274\" valign=\"top\">\n<ul><\/ul>\n<\/td>\n<\/tr>\n<tr>\n<td width=\"215\" valign=\"top\">El coloquio.<strong><em> <\/em><\/strong><\/td>\n<td width=\"274\" valign=\"top\"><\/td>\n<\/tr>\n<tr>\n<td width=\"215\" valign=\"top\">Otras actividades.<\/td>\n<\/tr>\n<\/tbody>\n<\/table>\n<\/div>\n","protected":false},"excerpt":{"rendered":"<p>UNIDAD 11: \u00bfQui\u00e9n anda ah\u00ed? LENGUA \u00a0UNIDAD 11: \u00bfQui\u00e9n anda ah\u00ed? CONTENIDOS RECURSOS El verbo: conjugaci\u00f3n del subjuntivo y del imperativo. TIEMPO Y MODO EL SUBJUNTIVO EL IMPERATIVO TIEMPOS VERBALES Uso de la v JUEGO: PALABRAS CON B Y CON V ESCRIBE B O V DICTADO I DICTADO II DICTADO III PALABRAS CON B, V [&hellip;]<\/p>\n","protected":false},"author":6,"featured_media":0,"parent":465,"menu_order":11,"comment_status":"open","ping_status":"open","template":"","meta":[],"_links":{"self":[{"href":"https:\/\/cpcorella.educacion.navarra.es\/blogs\/3ciclo\/wp-json\/wp\/v2\/pages\/527"}],"collection":[{"href":"https:\/\/cpcorella.educacion.navarra.es\/blogs\/3ciclo\/wp-json\/wp\/v2\/pages"}],"about":[{"href":"https:\/\/cpcorella.educacion.navarra.es\/blogs\/3ciclo\/wp-json\/wp\/v2\/types\/page"}],"author":[{"embeddable":true,"href":"https:\/\/cpcorella.educacion.navarra.es\/blogs\/3ciclo\/wp-json\/wp\/v2\/users\/6"}],"replies":[{"embeddable":true,"href":"https:\/\/cpcorella.educacion.navarra.es\/blogs\/3ciclo\/wp-json\/wp\/v2\/comments?post=527"}],"version-history":[{"count":0,"href":"https:\/\/cpcorella.educacion.navarra.es\/blogs\/3ciclo\/wp-json\/wp\/v2\/pages\/527\/revisions"}],"up":[{"embeddable":true,"href":"https:\/\/cpcorella.educacion.navarra.es\/blogs\/3ciclo\/wp-json\/wp\/v2\/pages\/465"}],"wp:attachment":[{"href":"https:\/\/cpcorella.educacion.navarra.es\/blogs\/3ciclo\/wp-json\/wp\/v2\/media?parent=527"}],"curies":[{"name":"wp","href":"https:\/\/api.w.org\/{rel}","templated":true}]}}