{"id":518,"date":"2010-01-17T18:33:45","date_gmt":"2010-01-17T18:33:45","guid":{"rendered":"http:\/\/pitagorines.wordpress.com\/?page_id=518"},"modified":"2010-01-17T18:33:45","modified_gmt":"2010-01-17T18:33:45","slug":"tema-8","status":"publish","type":"page","link":"https:\/\/cpcorella.educacion.navarra.es\/blogs\/3ciclo\/quinto\/lengua-3\/tema-8\/","title":{"rendered":"UNIDAD 8: Daukantas y Mikolas"},"content":{"rendered":"<h2>UNIDAD 8: Daukantas y Mikolas<\/h2>\n<div><\/div>\n<div>\n<table border=\"1\" cellspacing=\"0\" cellpadding=\"0\">\n<tbody>\n<tr>\n<td colspan=\"2\" width=\"489\" valign=\"top\">LENGUA \u00a0<strong>UNIDAD 8: Daukantas y  Mikolas<\/strong><\/td>\n<\/tr>\n<tr>\n<td width=\"215\" valign=\"top\">CONTENIDOS<\/td>\n<td width=\"274\" valign=\"top\">RECURSOS<\/td>\n<\/tr>\n<tr>\n<td width=\"215\" valign=\"top\">Palabras hom\u00f3nimas: hom\u00f3fonas.<\/td>\n<td width=\"274\" valign=\"top\">\n<ul>\n<li><a href=\"http:\/\/roble.cnice.mecd.es\/~msanto1\/lengua\/homonima.htm\" target=\"_blank\">PALABRAS HOM\u00d3NIMAS<\/a><\/li>\n<li><a href=\"http:\/\/clic.xtec.net\/db\/jclicApplet.jsp?project=http:\/\/clic.xtec.net\/projects\/gusile\/jclic\/gusile.jclic.zip&amp;lang=es\" target=\"_blank\">HOM\u00d3FONOS<\/a><\/li>\n<li><a href=\"http:\/\/www.librosvivos.net\/smtc\/pagporformulario.asp?TemaClave=1161&amp;pagina=8&amp;est=1\" target=\"_blank\">TEOR\u00cdA I<\/a><\/li>\n<li><a href=\"http:\/\/www.librosvivos.net\/smtc\/pagporformulario.asp?TemaClave=1161&amp;pagina=9&amp;est=1\" target=\"_blank\">ACTIVIDAD I<\/a><\/li>\n<li><a href=\"http:\/\/www.librosvivos.net\/smtc\/pagporformulario.asp?TemaClave=1161&amp;pagina=10&amp;est=1\" target=\"_blank\">TEOR\u00cdA II<\/a><\/li>\n<li><a href=\"http:\/\/www.librosvivos.net\/smtc\/pagporformulario.asp?TemaClave=1161&amp;pagina=11&amp;est=1\" target=\"_blank\">ACTIVIDAD II<\/a><\/li>\n<li><a href=\"http:\/\/www.librosvivos.net\/smtc\/pagporformulario.asp?TemaClave=1161&amp;pagina=12&amp;est=1\" target=\"_blank\">TEOR\u00cdA III<\/a><\/li>\n<li><a href=\"http:\/\/www.librosvivos.net\/smtc\/pagporformulario.asp?TemaClave=1161&amp;pagina=14&amp;est=1\" target=\"_blank\">ACTIVIDAD III<\/a><\/li>\n<li><a href=\"http:\/\/www.ceipjuanherreraalcausa.es\/Recursosdidacticos\/QUINTO\/Lengua\/U05\/0501.htm\" target=\"_blank\">PALABRAS HOM\u00d3FONAS<\/a><\/li>\n<\/ul>\n<\/td>\n<\/tr>\n<tr>\n<td width=\"215\" valign=\"top\">Uso de la tilde en monos\u00edlabos<\/td>\n<td width=\"274\" valign=\"top\">\n<ul>\n<li><a href=\"http:\/\/www.uv.mx\/eee\/sp_interactivo\/sp_interac_old\/3025_Acento_diacr%C3%ADtico_en_monos%C3%ADlabos.htm\" target=\"_blank\">ACENTUACI\u00d3N DE MONOS\u00cdLABOS I<\/a><\/li>\n<li><a href=\"http:\/\/www.uv.mx\/eee\/sp_interactivo\/sp_interac_old\/3026_Acento_diacr%C3%ADtico_en_monos%C3%ADlabos-02.htm\" target=\"_blank\">ACENTUACI\u00d3N DE MONOS\u00cdLABOS II<\/a><\/li>\n<li><a href=\"http:\/\/www.ceipjuanherreraalcausa.es\/Recursosdidacticos\/SEXTO\/Lengua\/U02\/0202.htm\" target=\"_blank\">ACENTUACI\u00d3N DE MONOS\u00cdLABOS III<\/a><\/li>\n<li><a href=\"http:\/\/www.reglasdeortografia.com\/acentomono01.html\" target=\"_blank\">ACENTUACI\u00d3N DE MONOS\u00cdLABOS IV<\/a><\/li>\n<li><a href=\"http:\/\/www.reglasdeortografia.com\/acentodiacritico01.html\" target=\"_blank\">LA TILDE DIACR\u00cdTICA EN MONOS\u00cdLABOS<\/a><\/li>\n<li><a href=\"http:\/\/www.reglasdeortografia.com\/acentorecopi01.html\" target=\"_blank\">REPASO<\/a><\/li>\n<li><a href=\"http:\/\/www.primaria.librosvivos.net\/6EP_Len_cas_dict_u4_Acentuacion_de_monosilabos.html\" target=\"_blank\">DICTADO<\/a><\/li>\n<\/ul>\n<\/td>\n<\/tr>\n<tr>\n<td width=\"215\" valign=\"top\">La entrevista.<\/td>\n<td width=\"274\" valign=\"top\">\n<ul><\/ul>\n<\/td>\n<\/tr>\n<tr>\n<td width=\"215\" valign=\"top\">El verbo: n\u00famero, persona, tiempo y modo.<\/td>\n<td width=\"274\" valign=\"top\">\n<ul>\n<li><a href=\"http:\/\/centros3.pntic.mec.es\/cp.perez.villanueva\/recursos\/hotpotatoes\/Lengua\/9_PREGUNTAS_VERBOS.htm\" target=\"_blank\">VAMOS A CAPTURAR VERBOS<\/a><\/li>\n<li><a href=\"http:\/\/clic.xtec.net\/db\/jclicApplet.jsp?project=http:\/\/clic.xtec.net\/projects\/gramat\/jclic\/gramat.jclic.zip&amp;lang=es\" target=\"_blank\">ACTIVIDADES DE GRAM\u00c1TICA<\/a><\/li>\n<li><a href=\"http:\/\/centros3.pntic.mec.es\/cp.perez.villanueva\/recursos\/hotpotatoes\/Lengua\/10_HUECOS_VERBOS.htm\" target=\"_blank\">COMPLETA LAS ORACIONES CON EL VERBO M\u00c1S APROPIADO <\/a><\/li>\n<li><a href=\"http:\/\/centros3.pntic.mec.es\/cp.perez.villanueva\/recursos\/hotpotatoes\/Lengua\/15_RELACIONAR_PERSONAS.htm\" target=\"_blank\">PERSONAS VERBALES<\/a><\/li>\n<li><a href=\"http:\/\/www.educa.madrid.org\/binary\/98\/files696\/\" target=\"_blank\">VERBOS Y ACCIONES<\/a><\/li>\n<li><a href=\"http:\/\/www.primaria.librosvivos.net\/6EP_Len_cas_ud5_El_verbo__raiz__desinencias__persona__numero_y_formas_no_personales.html\" target=\"_blank\">EL VERBO<\/a><\/li>\n<li><a href=\"http:\/\/centros3.pntic.mec.es\/cp.perez.villanueva\/recursos\/hotpotatoes\/Lengua\/14_TIEMPOS_VERBALES.htm\" target=\"_blank\">TIEMPOS VERBALES<\/a><\/li>\n<li><a href=\"http:\/\/clic.xtec.net\/db\/jclicApplet.jsp?project=http:\/\/clic.xtec.net\/projects\/lenguac3\/jclic\/lenguac3.jclic.zip&amp;lang=es\" target=\"_blank\">TIEMPOS VERBALES<\/a><\/li>\n<li><a href=\"http:\/\/endrino.cnice.mecd.es\/~hotp0072\/felixgarcia\/verbos\/losverbosjmt.htm\" target=\"_blank\">RELACIONA<\/a><\/li>\n<li><a href=\"http:\/\/endrino.cnice.mecd.es\/~hotp0072\/felixgarcia\/verbos\/losverbosjcw.htm\" target=\"_blank\">CRUCIGRAMA<\/a><\/li>\n<li><a href=\"http:\/\/php.indiana.edu\/~jsoto\/verbos.html\" target=\"_blank\">LOS  TIEMPOS VERBALES<\/a><\/li>\n<li><a href=\"http:\/\/www.aplicaciones.info\/lengua\/morfo16.htm\" target=\"_blank\">EL  VERBO I<\/a><\/li>\n<li><a href=\"http:\/\/www.ceipjuanherreraalcausa.es\/Recursosdidacticos\/SEXTO\/Lengua\/U06\/0603_01.htm\" target=\"_blank\">EL VERBO II<\/a><\/li>\n<li><a href=\"http:\/\/www.ceipjuanherreraalcausa.es\/Recursosdidacticos\/SEXTO\/Lengua\/U06\/0603_02.htm\" target=\"_blank\">EL VERBO III<\/a><\/li>\n<li><a href=\"http:\/\/www.aplicaciones.info\/lengua\/morfo17.htm\" target=\"_blank\">TIEMPOS DEL VERBO<\/a><\/li>\n<li><a href=\"http:\/\/www.genmagic.net\/lengua4\/pape2c.swf\" target=\"_blank\">PRESENTE,  PASADO Y FUTURO<\/a><\/li>\n<li><a href=\"http:\/\/www.juntadeandalucia.es\/averroes\/carambolo\/WEB%20JCLIC2\/Agrega\/Lengua\/Clases%20de%20palabras\/contenido\/lc008_oa05_es\/index.html\" target=\"_blank\">INFINITIVO, GERUNDIO Y PARTICIPIO<\/a><\/li>\n<li><a href=\"http:\/\/tradu.scig.uniovi.es\/conjuga.html\" target=\"_blank\">CONJUGADOR  DE VERBOS<\/a><\/li>\n<li><a href=\"http:\/\/roble.pntic.mec.es\/~msanto1\/lengua\/1verbo.htm\" target=\"_blank\">TIEMPO Y MODO<\/a><\/li>\n<li><a href=\"http:\/\/www.uv.mx\/eee\/sp_interactivo\/sp_interac_old\/4014._Subjuntivo.htm\" target=\"_blank\">EL SUBJUNTIVO<\/a><\/li>\n<li><a href=\"http:\/\/www.uv.mx\/eee\/sp_interactivo\/sp_interac_old\/4005._imperativo.htm\" target=\"_blank\">EL IMPERATIVO<\/a><\/li>\n<li><a href=\"http:\/\/www.uv.mx\/eee\/sp_interactivo\/sp_interac_old\/3008._El_gerundio.htm\" target=\"_blank\">EL GERUNDIO<\/a><\/li>\n<li><a href=\"http:\/\/www.juntadeandalucia.es\/averroes\/carambolo\/WEB%20JCLIC2\/Agrega\/Lengua\/Clases%20de%20palabras\/contenido\/lc008_oa02_es\/index.html\" target=\"_blank\">EL MODO<\/a><\/li>\n<li><a href=\"http:\/\/www.juntadeandalucia.es\/averroes\/carambolo\/WEB%20JCLIC2\/Agrega\/Lengua\/La%20oracion%20castellana\/contenido\/lcgs_oa03_es\/index.html\" target=\"_blank\">EL MODO VERBAL<\/a><\/li>\n<li><a href=\"http:\/\/www.primaria.librosvivos.net\/6EP_len_cas_ud6_verbo.html\" target=\"_blank\">EL VERBO: EL TIEMPO, EL MODO, LA VOZ<\/a><\/li>\n<\/ul>\n<\/td>\n<\/tr>\n<tr>\n<td width=\"215\" valign=\"top\">Rima: consonante y asonante.<\/td>\n<td rowspan=\"2\" width=\"274\" valign=\"top\">\n<ul>\n<li><a href=\"http:\/\/adigital.pntic.mec.es\/~aramo\/poesia\/poemay23.htm\" target=\"_blank\">RIMAS I<\/a><\/li>\n<li><a href=\"http:\/\/www.doslourdes.net\/Solo...Un%20Dromedario%20solo.htm\" target=\"_blank\">RIMAS II<\/a><\/li>\n<li><a href=\"http:\/\/www.juntadeandalucia.es\/averroes\/recursos_informaticos\/andared01\/poesia\/activida\/tallergr.html\" target=\"_blank\">TALLER GENERAL DE POES\u00cdA<\/a><\/li>\n<li><a href=\"http:\/\/www.cplamorana.com\/5primaria_lengua\/datos\/10_leng\/30_rdi\/U11\/1102_01.htm\" target=\"_blank\">EL RITMO Y LA RIMA EN LA POES\u00cdA I<\/a><\/li>\n<li><a href=\"http:\/\/www.cplamorana.com\/5primaria_lengua\/datos\/10_leng\/30_rdi\/U11\/1102_02.htm\" target=\"_blank\">EL RITMO Y LA RIMA EN LA POES\u00cdA II<\/a><\/li>\n<li><a href=\"http:\/\/www.aulastic.com\/phpwq\/webquest\/soporte_izquierda_w.php?id_actividad=211&amp;id_pagina=1\" target=\"_blank\">WEBQUEST: EL MUNDO EN VERSO<\/a><\/li>\n<\/ul>\n<\/td>\n<\/tr>\n<tr>\n<td width=\"215\" valign=\"top\">Estrofas: pareado y romance.<\/td>\n<\/tr>\n<tr>\n<td width=\"215\" valign=\"top\">Otras actividades<\/td>\n<td width=\"274\" valign=\"top\">\n<ul><\/ul>\n<\/td>\n<\/tr>\n<\/tbody>\n<\/table>\n<\/div>\n","protected":false},"excerpt":{"rendered":"<p>UNIDAD 8: Daukantas y Mikolas LENGUA \u00a0UNIDAD 8: Daukantas y Mikolas CONTENIDOS RECURSOS Palabras hom\u00f3nimas: hom\u00f3fonas. PALABRAS HOM\u00d3NIMAS HOM\u00d3FONOS TEOR\u00cdA I ACTIVIDAD I TEOR\u00cdA II ACTIVIDAD II TEOR\u00cdA III ACTIVIDAD III PALABRAS HOM\u00d3FONAS Uso de la tilde en monos\u00edlabos ACENTUACI\u00d3N DE MONOS\u00cdLABOS I ACENTUACI\u00d3N DE MONOS\u00cdLABOS II ACENTUACI\u00d3N DE MONOS\u00cdLABOS III ACENTUACI\u00d3N DE MONOS\u00cdLABOS IV [&hellip;]<\/p>\n","protected":false},"author":6,"featured_media":0,"parent":465,"menu_order":8,"comment_status":"open","ping_status":"open","template":"","meta":[],"_links":{"self":[{"href":"https:\/\/cpcorella.educacion.navarra.es\/blogs\/3ciclo\/wp-json\/wp\/v2\/pages\/518"}],"collection":[{"href":"https:\/\/cpcorella.educacion.navarra.es\/blogs\/3ciclo\/wp-json\/wp\/v2\/pages"}],"about":[{"href":"https:\/\/cpcorella.educacion.navarra.es\/blogs\/3ciclo\/wp-json\/wp\/v2\/types\/page"}],"author":[{"embeddable":true,"href":"https:\/\/cpcorella.educacion.navarra.es\/blogs\/3ciclo\/wp-json\/wp\/v2\/users\/6"}],"replies":[{"embeddable":true,"href":"https:\/\/cpcorella.educacion.navarra.es\/blogs\/3ciclo\/wp-json\/wp\/v2\/comments?post=518"}],"version-history":[{"count":0,"href":"https:\/\/cpcorella.educacion.navarra.es\/blogs\/3ciclo\/wp-json\/wp\/v2\/pages\/518\/revisions"}],"up":[{"embeddable":true,"href":"https:\/\/cpcorella.educacion.navarra.es\/blogs\/3ciclo\/wp-json\/wp\/v2\/pages\/465"}],"wp:attachment":[{"href":"https:\/\/cpcorella.educacion.navarra.es\/blogs\/3ciclo\/wp-json\/wp\/v2\/media?parent=518"}],"curies":[{"name":"wp","href":"https:\/\/api.w.org\/{rel}","templated":true}]}}