{"id":511,"date":"2010-01-17T18:30:59","date_gmt":"2010-01-17T18:30:59","guid":{"rendered":"http:\/\/pitagorines.wordpress.com\/quinto\/lengua-3\/tema-4\/"},"modified":"2010-01-17T18:30:59","modified_gmt":"2010-01-17T18:30:59","slug":"tema-4","status":"publish","type":"page","link":"https:\/\/cpcorella.educacion.navarra.es\/blogs\/3ciclo\/quinto\/lengua-3\/tema-4\/","title":{"rendered":"UNIDAD 4: Aventuras de Don Quijote"},"content":{"rendered":"<h2>UNIDAD 4: Aventuras de Don Quijote<\/h2>\n<div><\/div>\n<div>\n<table border=\"1\" cellspacing=\"0\" cellpadding=\"0\">\n<tbody>\n<tr>\n<td colspan=\"2\" width=\"489\" valign=\"top\">LENGUA <strong>UNIDAD 4: Aventuras de don  Quijote<em> <\/em><\/strong><\/td>\n<\/tr>\n<tr>\n<td width=\"215\" valign=\"top\">CONTENIDOS<\/td>\n<td width=\"274\" valign=\"top\">RECURSOS<\/td>\n<\/tr>\n<tr>\n<td width=\"215\" valign=\"top\">Los art\u00edculos, los demostrativos y los posesivos.<\/td>\n<td width=\"274\" valign=\"top\">\n<ul>\n<li><a href=\"http:\/\/lenguayliteratura.org\/mm\/034\/index.htm\" target=\"_blank\">COLOCA  EL O LA<\/a><\/li>\n<li><a href=\"http:\/\/clic.xtec.net\/db\/jclicApplet.jsp?project=http:\/\/clic.xtec.net\/projects\/gramat\/jclic\/gramat.jclic.zip&amp;lang=es\" target=\"_blank\">DETERMINANTES<\/a><\/li>\n<li><a href=\"http:\/\/www.aplicaciones.info\/lengua\/morfo08.htm\" target=\"_blank\">EL  ART\u00cdCULO<\/a><\/li>\n<li><a href=\"http:\/\/www.librosvivos.net\/smtc\/homeTC.asp?TemaClave=1012\" target=\"_blank\">LOS DETERMINANTES I<\/a><\/li>\n<li><a href=\"http:\/\/www.ceipjuanherreraalcausa.es\/Recursosdidacticos\/QUINTO\/Lengua\/U06\/0603_01.htm\" target=\"_blank\">LOS DETERMINANTES II<\/a><\/li>\n<li><a href=\"http:\/\/www.ceipjuanherreraalcausa.es\/Recursosdidacticos\/QUINTO\/Lengua\/U06\/0603_02.htm\" target=\"_blank\">LOS DETERMINANTES III<\/a><\/li>\n<li><a href=\"http:\/\/www.primaria.librosvivos.net\/5EP_Len_cas_ud6_Los_determinantes__articulos_y_demostrativos.html\" target=\"_blank\">LOS DETERMINANTES IV<\/a><\/li>\n<li><a href=\"http:\/\/centros3.pntic.mec.es\/cp.antonio.de.ulloa\/webactivhotpot\/raiz\/Hot%20Pot\/lengua6\/posesivos\/indice.htm\" target=\"_blank\">LOS POSESIVOS, ACTIVIDADES<\/a><\/li>\n<li><a href=\"http:\/\/www.librosvivos.net\/smtc\/pagporformulario.asp?TemaClave=1161&amp;pagina=3&amp;est=0\" target=\"_blank\">TEOR\u00cdA<\/a><\/li>\n<\/ul>\n<\/td>\n<\/tr>\n<tr>\n<td width=\"215\" valign=\"top\">Los sufijos.<\/td>\n<td width=\"274\" valign=\"top\">\n<ul>\n<li><a href=\"http:\/\/centros3.pntic.mec.es\/cp.antonio.de.ulloa\/webactivhotpot\/raiz\/Hot%20Pot\/lengua6\/prefijossufijos\/prefijossufijos.htm\" target=\"_blank\">PREFIJOS Y SUFIJOS I<\/a><\/li>\n<li><a href=\"http:\/\/centros3.pntic.mec.es\/cp.antonio.de.ulloa\/webactivhotpot\/raiz\/Hot%20Pot\/lengua6\/prefijossufijos\/prefijossufijos2.htm\" target=\"_blank\">PREFIJOS Y SUFIJOS II<\/a><\/li>\n<li><a href=\"http:\/\/www.ceipjuanherreraalcausa.es\/Recursosdidacticos\/QUINTO\/Lengua\/U08\/0801.htm\" target=\"_blank\">LOS SUFIJOS<\/a><\/li>\n<li><a href=\"http:\/\/www.ceipjuanherreraalcausa.es\/Recursosdidacticos\/CUARTO\/Lengua\/datos\/U10\/01.htm\" target=\"_blank\">SUFIJOS -ON, -AZO, -ANTE<\/a><\/li>\n<\/ul>\n<\/td>\n<\/tr>\n<tr>\n<td width=\"215\" valign=\"top\">Uso de la tilde en palabras con diptongo<\/td>\n<td width=\"274\" valign=\"top\">\n<ul>\n<li><a href=\"http:\/\/lenguayliteratura.org\/mm\/087\/index.htm\" target=\"_blank\">ACENT\u00daA DIPTONGOS<\/a><\/li>\n<li><a href=\"http:\/\/www.ceipjuanherreraalcausa.es\/Recursosdidacticos\/QUINTO\/Lengua\/U03\/0303_01.htm\" target=\"_blank\">LA TILDE EN EL DIPTONGO I<\/a><\/li>\n<li><a href=\"http:\/\/www.ceipjuanherreraalcausa.es\/Recursosdidacticos\/QUINTO\/Lengua\/U03\/0303_02.htm\" target=\"_blank\">LA TILDE EN EL DIPTONGO II<\/a><\/li>\n<li><a href=\"http:\/\/www.reglasdeortografia.com\/acendiptongo01.html\" target=\"_blank\">ACENTUACI\u00d3N DE DIPTONGOS<\/a><\/li>\n<\/ul>\n<\/td>\n<\/tr>\n<tr>\n<td width=\"215\" valign=\"top\">Las hip\u00e9rboles, personificaciones y onomatopeyas.<\/td>\n<td width=\"274\" valign=\"top\">\n<ul>\n<li><a href=\"http:\/\/www.aula21.net\/segunda\/josecorral\/web_ja\/comprension.htm\" target=\"_blank\">ACTIVIDAD<\/a><\/li>\n<\/ul>\n<\/td>\n<\/tr>\n<tr>\n<td width=\"215\" valign=\"top\">Una noticia<\/td>\n<td width=\"274\" valign=\"top\">\n<ul>\n<li><a href=\"http:\/\/contenidos.educarex.es\/mci\/2001\/40\/alumnos.htm\" target=\"_blank\">EJERCICIOS: NOTICIA A PARTIR DE UNA FOTO<\/a><\/li>\n<li><a href=\"http:\/\/www.ceipjuanherreraalcausa.es\/Recursosdidacticos\/SEXTO\/Lengua\/U05\/0502.htm\" target=\"_blank\">LA NOTICIA<\/a><\/li>\n<li><a href=\"http:\/\/www.juntadeandalucia.es\/averroes\/ceip_san_tesifon\/recursos\/curso6\/noticia\/index.html\" target=\"_blank\">CAZA DEL TESORO: LA NOTICIA<\/a><\/li>\n<\/ul>\n<\/td>\n<\/tr>\n<tr>\n<td width=\"215\" valign=\"top\">Otras actividades.<\/td>\n<td width=\"274\" valign=\"top\">\n<ul>\n<li><a href=\"http:\/\/www.primaria.librosvivos.net\/6EP_Leng_cas_ud7_Autoevaluacion.html\" target=\"_blank\">AUTOEVALUACI\u00d3N DE LA UNIDAD<\/a><\/li>\n<\/ul>\n<\/td>\n<\/tr>\n<\/tbody>\n<\/table>\n<\/div>\n","protected":false},"excerpt":{"rendered":"<p>UNIDAD 4: Aventuras de Don Quijote LENGUA UNIDAD 4: Aventuras de don Quijote CONTENIDOS RECURSOS Los art\u00edculos, los demostrativos y los posesivos. COLOCA EL O LA DETERMINANTES EL ART\u00cdCULO LOS DETERMINANTES I LOS DETERMINANTES II LOS DETERMINANTES III LOS DETERMINANTES IV LOS POSESIVOS, ACTIVIDADES TEOR\u00cdA Los sufijos. PREFIJOS Y SUFIJOS I PREFIJOS Y SUFIJOS II [&hellip;]<\/p>\n","protected":false},"author":6,"featured_media":0,"parent":465,"menu_order":4,"comment_status":"open","ping_status":"open","template":"","meta":[],"_links":{"self":[{"href":"https:\/\/cpcorella.educacion.navarra.es\/blogs\/3ciclo\/wp-json\/wp\/v2\/pages\/511"}],"collection":[{"href":"https:\/\/cpcorella.educacion.navarra.es\/blogs\/3ciclo\/wp-json\/wp\/v2\/pages"}],"about":[{"href":"https:\/\/cpcorella.educacion.navarra.es\/blogs\/3ciclo\/wp-json\/wp\/v2\/types\/page"}],"author":[{"embeddable":true,"href":"https:\/\/cpcorella.educacion.navarra.es\/blogs\/3ciclo\/wp-json\/wp\/v2\/users\/6"}],"replies":[{"embeddable":true,"href":"https:\/\/cpcorella.educacion.navarra.es\/blogs\/3ciclo\/wp-json\/wp\/v2\/comments?post=511"}],"version-history":[{"count":0,"href":"https:\/\/cpcorella.educacion.navarra.es\/blogs\/3ciclo\/wp-json\/wp\/v2\/pages\/511\/revisions"}],"up":[{"embeddable":true,"href":"https:\/\/cpcorella.educacion.navarra.es\/blogs\/3ciclo\/wp-json\/wp\/v2\/pages\/465"}],"wp:attachment":[{"href":"https:\/\/cpcorella.educacion.navarra.es\/blogs\/3ciclo\/wp-json\/wp\/v2\/media?parent=511"}],"curies":[{"name":"wp","href":"https:\/\/api.w.org\/{rel}","templated":true}]}}