{"id":505,"date":"2010-01-17T18:28:54","date_gmt":"2010-01-17T18:28:54","guid":{"rendered":"http:\/\/pitagorines.wordpress.com\/?page_id=505"},"modified":"2010-01-17T18:28:54","modified_gmt":"2010-01-17T18:28:54","slug":"tema-2","status":"publish","type":"page","link":"https:\/\/cpcorella.educacion.navarra.es\/blogs\/3ciclo\/quinto\/lengua-3\/tema-2\/","title":{"rendered":"UNIDAD 2: Conde Lucanor"},"content":{"rendered":"<div id=\"navigation\">\n<div><\/div>\n<ul id=\"menus\"><\/ul>\n<p>\/\/  <!-- searchbox END --><\/div>\n<p><!-- navigation END --><!-- content START --><\/p>\n<div id=\"content\"><!-- main START --><\/p>\n<div id=\"main\">\n<div id=\"post-1351\">\n<h2>UNIDAD 2: Conde Lucanor<\/h2>\n<div><\/div>\n<div>\n<table border=\"1\" cellspacing=\"0\" cellpadding=\"0\">\n<tbody>\n<tr>\n<td colspan=\"2\" width=\"489\" valign=\"top\">LENGUA <strong>UNIDAD 2: Conde  Lucanor<em> <\/em><\/strong><\/td>\n<\/tr>\n<tr>\n<td width=\"215\" valign=\"top\">CONTENIDOS<\/td>\n<td width=\"274\" valign=\"top\">RECURSOS<\/td>\n<\/tr>\n<tr>\n<td width=\"215\" valign=\"top\">El nombre y sus clases.<\/p>\n<p>G\u00e9nero y n\u00famero<\/td>\n<td width=\"274\" valign=\"top\">\n<ul>\n<li><a href=\"http:\/\/clic.xtec.net\/db\/jclicApplet.jsp?project=http:\/\/clic.xtec.net\/projects\/sustanti\/jclic\/sustanti.jclic.zip&amp;lang=es\" target=\"_blank\">CLASES DE SUSTANTIVOS<\/a><\/li>\n<li><a href=\"http:\/\/www.librosvivos.net\/smtc\/homeTC.asp?TemaClave=1012\" target=\"_blank\">EL SUSTANTIVO<\/a><\/li>\n<li><a href=\"http:\/\/www.aplicaciones.info\/lengua\/morfo04.htm\" target=\"_blank\">EL  SUSTANTIVO: CLASES<\/a><\/li>\n<li><a href=\"http:\/\/www.ceipjuanherreraalcausa.es\/Recursosdidacticos\/QUINTO\/Lengua\/U04\/0404_01.htm\" target=\"_blank\">EL SUSTANTIVO Y SUS CLASES I<\/a><\/li>\n<li><a href=\"http:\/\/www.ceipjuanherreraalcausa.es\/Recursosdidacticos\/QUINTO\/Lengua\/U04\/0404_02.htm\" target=\"_blank\">EL SUSTANTIVO Y SUS CLASES II<\/a><\/li>\n<li><a href=\"http:\/\/www.iesitalica.es\/Ejemplos_TIC_Lengua\/Otras\/Otros_profesores\/Sustantivos_HP\/index.htm\" target=\"_blank\">CLASES DE SUSTANTIVOS I<\/a><\/li>\n<li><a href=\"http:\/\/www.xtec.net\/~jgenover\/genero1.htm\" target=\"_blank\">EL  G\u00c9NERO DE LOS NOMBRES<\/a><\/li>\n<li><a href=\"http:\/\/www.aplicaciones.info\/lengua\/morfo06.htm\" target=\"_blank\">G\u00c9NERO DEL SUSTANTIVO<\/a><\/li>\n<li><a href=\"http:\/\/www.xtec.net\/~jgenover\/numero1.htm\" target=\"_blank\">EL  N\u00daMERO DE LOS NOMBRES<\/a><\/li>\n<li><a href=\"http:\/\/www.aplicaciones.info\/lengua\/morfo07.htm\" target=\"_blank\">N\u00daMERO DEL SUSTANTIVO<\/a><\/li>\n<li><a href=\"http:\/\/www.ceipjuanherreraalcausa.es\/Recursosdidacticos\/QUINTO\/Lengua\/U05\/0504.htm\" target=\"_blank\">EL SUSTANTIVO: G\u00c9NERO Y N\u00daMERO<\/a><\/li>\n<li><a href=\"http:\/\/www.primaria.librosvivos.net\/lengua5EP_ud5_genero_numero.html\" target=\"_blank\">EL NOMBRE O SUSTANTIVO; G\u00c9NERO Y N\u00daMERO<\/a><\/li>\n<\/ul>\n<\/td>\n<\/tr>\n<tr>\n<td width=\"215\" valign=\"top\">Uso de la tilde en agudas<\/td>\n<td width=\"274\" valign=\"top\">\n<ul>\n<li><a href=\"http:\/\/guindo.pntic.mec.es\/~mortiz2\/fpreglas_generales_acent.htm#agudas\" target=\"_blank\">ACENTUACI\u00d3N DE LAS PALABRAS AGUDAS<\/a><\/li>\n<li><a href=\"http:\/\/www.reglasdeortografia.com\/acentoagudas01.html\" target=\"_blank\">ACENTUACI\u00d3N DE PALABRAS AGUDAS I<\/a><\/li>\n<li><a href=\"http:\/\/www.reglasdeortografia.com\/acentoagudas02.html\" target=\"_blank\">ACENTUACI\u00d3N DE PALABRAS AGUDAS II<\/a><\/li>\n<li><a href=\"http:\/\/www.reglasdeortografia.com\/acentoagudas03.html\" target=\"_blank\">ACENTUACI\u00d3N DE PALABRAS AGUDAS III<\/a><\/li>\n<li><a href=\"http:\/\/www.primaria.librosvivos.net\/5EP_Len_cas_dict_u2_la_tilde_en_las_palabras_agudas.html\" target=\"_blank\">DICTADO<\/a><\/li>\n<\/ul>\n<\/td>\n<\/tr>\n<tr>\n<td width=\"215\" valign=\"top\">Familia de palabras: primitivas y derivadas<\/td>\n<td width=\"274\" valign=\"top\">\n<ul>\n<li><a href=\"http:\/\/www.xtec.net\/~jgenover\/estructura1.htm\" target=\"_blank\">LA  ESTRUCTURA DE LAS PALABRAS<\/a><\/li>\n<li><a href=\"http:\/\/www.xtec.net\/~jgenover\/derivado1.htm\" target=\"_blank\">FORMAR  PALABRAS DERIVADAS<\/a><\/li>\n<li><a href=\"http:\/\/www.aplicaciones.info\/lengua\/morfo05.htm\" target=\"_blank\">PRIMITIVOS Y DERIVADOS<\/a><\/li>\n<li><a href=\"http:\/\/www.ceipjuanherreraalcausa.es\/Recursosdidacticos\/QUINTO\/Lengua\/U06\/0601.htm\" target=\"_blank\">PALABRAS PRIMITIVAS Y DERIVADAS<\/a><\/li>\n<li><a href=\"http:\/\/www.proyectosalonhogar.com\/Practica_espanol\/formarpalabras\/derivadasjqz.html\" target=\"_blank\">FORMAR PALABRAS: PALABRAS DERIVADAS<\/a><\/li>\n<\/ul>\n<\/td>\n<\/tr>\n<tr>\n<td width=\"215\" valign=\"top\">El texto expositivo.<\/td>\n<td width=\"274\" valign=\"top\">\n<ul>\n<li><a href=\"http:\/\/www.ceipjuanherreraalcausa.es\/Recursosdidacticos\/QUINTO\/Lengua\/U13\/1302.htm\" target=\"_blank\">LA EXPOSICI\u00d3N I<\/a><\/li>\n<\/ul>\n<\/td>\n<\/tr>\n<tr>\n<td width=\"215\" valign=\"top\">La comparaci\u00f3n y la met\u00e1fora.<\/td>\n<td width=\"274\" valign=\"top\">\n<ul>\n<li><a href=\"http:\/\/www.ceipjuanherreraalcausa.es\/Recursosdidacticos\/QUINTO\/Lengua\/U12\/1201.htm\" target=\"_blank\">LA COMPARACI\u00d3N Y LA MET\u00c1FORA<\/a><\/li>\n<li><\/li>\n<li><a href=\"http:\/\/www.juntadeandalucia.es\/averroes\/centros-tic\/41009470\/helvia\/aula\/archivos\/repositorio\/0\/74\/html\/datos\/01_lengua\/03_Recursos\/03_t\/actividades\/vocabulario\/13.htm\" target=\"_blank\">LA COMPARACI\u00d3N<\/a><\/li>\n<\/ul>\n<\/td>\n<\/tr>\n<tr>\n<td width=\"215\" valign=\"top\">Otras actividades.<\/td>\n<td width=\"274\" valign=\"top\"><\/td>\n<\/tr>\n<\/tbody>\n<\/table>\n<\/div>\n<\/div>\n<\/div>\n<\/div>\n","protected":false},"excerpt":{"rendered":"<p>\/\/ UNIDAD 2: Conde Lucanor LENGUA UNIDAD 2: Conde Lucanor CONTENIDOS RECURSOS El nombre y sus clases. G\u00e9nero y n\u00famero CLASES DE SUSTANTIVOS EL SUSTANTIVO EL SUSTANTIVO: CLASES EL SUSTANTIVO Y SUS CLASES I EL SUSTANTIVO Y SUS CLASES II CLASES DE SUSTANTIVOS I EL G\u00c9NERO DE LOS NOMBRES G\u00c9NERO DEL SUSTANTIVO EL N\u00daMERO DE [&hellip;]<\/p>\n","protected":false},"author":6,"featured_media":0,"parent":465,"menu_order":2,"comment_status":"open","ping_status":"open","template":"","meta":[],"_links":{"self":[{"href":"https:\/\/cpcorella.educacion.navarra.es\/blogs\/3ciclo\/wp-json\/wp\/v2\/pages\/505"}],"collection":[{"href":"https:\/\/cpcorella.educacion.navarra.es\/blogs\/3ciclo\/wp-json\/wp\/v2\/pages"}],"about":[{"href":"https:\/\/cpcorella.educacion.navarra.es\/blogs\/3ciclo\/wp-json\/wp\/v2\/types\/page"}],"author":[{"embeddable":true,"href":"https:\/\/cpcorella.educacion.navarra.es\/blogs\/3ciclo\/wp-json\/wp\/v2\/users\/6"}],"replies":[{"embeddable":true,"href":"https:\/\/cpcorella.educacion.navarra.es\/blogs\/3ciclo\/wp-json\/wp\/v2\/comments?post=505"}],"version-history":[{"count":0,"href":"https:\/\/cpcorella.educacion.navarra.es\/blogs\/3ciclo\/wp-json\/wp\/v2\/pages\/505\/revisions"}],"up":[{"embeddable":true,"href":"https:\/\/cpcorella.educacion.navarra.es\/blogs\/3ciclo\/wp-json\/wp\/v2\/pages\/465"}],"wp:attachment":[{"href":"https:\/\/cpcorella.educacion.navarra.es\/blogs\/3ciclo\/wp-json\/wp\/v2\/media?parent=505"}],"curies":[{"name":"wp","href":"https:\/\/api.w.org\/{rel}","templated":true}]}}