{"id":504,"date":"2010-01-28T23:14:38","date_gmt":"2010-01-28T23:14:38","guid":{"rendered":"http:\/\/pitagorines.wordpress.com\/?page_id=504"},"modified":"2010-01-28T23:14:38","modified_gmt":"2010-01-28T23:14:38","slug":"mi-baul-de-mate","status":"publish","type":"page","link":"https:\/\/cpcorella.educacion.navarra.es\/blogs\/3ciclo\/sexto\/matematicas\/mi-baul-de-mate\/","title":{"rendered":"MI BA\u00daL DE MATE"},"content":{"rendered":"<table style=\"height:288px\" border=\"1\" cellspacing=\"0\" cellpadding=\"0\" width=\"512\">\n<tbody>\n<tr bgcolor=\"#48a4ff\">\n<td width=\"260\" bgcolor=\"#48a4ff\">\n<div><strong>TALLERES<\/strong><\/div>\n<\/td>\n<td width=\"316\"><\/td>\n<td width=\"196\"><\/td>\n<\/tr>\n<tr>\n<td bgcolor=\"#cce6ff\"><\/td>\n<td bgcolor=\"#ffffff\">\n<div><strong>Web interactivas<\/strong><\/div>\n<\/td>\n<td bgcolor=\"#ffffff\">\n<div><strong>Jclic<\/strong><\/div>\n<\/td>\n<\/tr>\n<tr>\n<td bgcolor=\"#cce6ff\">\n<div><strong>Problemas<\/strong><\/div>\n<\/td>\n<td bgcolor=\"#ffffff\"><\/td>\n<td bgcolor=\"#ffffff\"><\/td>\n<\/tr>\n<tr>\n<td bgcolor=\"#cce6ff\"><\/td>\n<td bgcolor=\"#ffffff\">\n<div><a href=\"http:\/\/www.juntadeandalucia.es\/averroes\/recursos_informaticos\/andared02\/refuerzo_matematicas\/indexproblem.htm\" target=\"_blank\">PROBLEMAS<\/a><\/div>\n<\/td>\n<td bgcolor=\"#ffffff\">\n<div><a href=\"http:\/\/clic.xtec.net\/db\/jclicApplet.jsp?project=http:\/\/clic.xtec.net\/projects\/interfes\/jclic\/interfes.jclic.zip&amp;lang=es\" target=\"_blank\">Problemas I<\/a><\/div>\n<\/td>\n<\/tr>\n<tr>\n<td bgcolor=\"#cce6ff\"><\/td>\n<td bgcolor=\"#ffffff\"><\/td>\n<td bgcolor=\"#ffffff\">\n<div><a href=\"http:\/\/www.omerique.net\/polavide\/rec_polavide0708\/aplicaciones%20polavide%200708\/proyecto%20JClic%200708\/rprobl\/index.htm\" target=\"_blank\">Problemas II<\/a><\/div>\n<\/td>\n<\/tr>\n<tr>\n<td bgcolor=\"#cce6ff\">\n<div><strong>Actividades diversas<\/strong><\/div>\n<\/td>\n<td bgcolor=\"#ffffff\"><\/td>\n<td bgcolor=\"#ffffff\"><\/td>\n<\/tr>\n<tr>\n<td bgcolor=\"#cce6ff\"><\/td>\n<td bgcolor=\"#ffffff\">\n<div><a href=\"http:\/\/www.educarm.es\/templates\/portal\/images\/ficheros\/websDinamicas\/331\/secciones\/1084\/contenidos\/6284\/operaciones_basicas_espacio.swf\" target=\"_blank\">JUGAMOS CON LAS OPERACIONES<\/a><\/div>\n<\/td>\n<td bgcolor=\"#ffffff\">\n<div><a href=\"http:\/\/clic.xtec.net\/db\/jclicApplet.jsp?project=http:\/\/clic.xtec.net\/projects\/calculom\/jclic\/calculom.jclic.zip&amp;lang=es\" target=\"_blank\">C\u00e1lculo mental I<\/a><\/div>\n<\/td>\n<\/tr>\n<tr>\n<td bgcolor=\"#cce6ff\"><\/td>\n<td bgcolor=\"#ffffff\">\n<div><a href=\"http:\/\/www.juntadeandalucia.es\/averroes\/recursos_informaticos\/concurso2005\/34\/abaco4.html\" target=\"_blank\">JUGAMOS CON EL \u00c1BACO I<\/a><\/div>\n<\/td>\n<td bgcolor=\"#ffffff\">\n<div><a href=\"http:\/\/clic.xtec.net\/db\/jclicApplet.jsp?project=http:\/\/clic.xtec.net\/projects\/prisma\/jclic\/prisma.jclic.zip&amp;lang=es\" target=\"_blank\">C\u00e1lculo mental II<\/a><\/div>\n<\/td>\n<\/tr>\n<tr>\n<td bgcolor=\"#cce6ff\"><\/td>\n<td bgcolor=\"#ffffff\">\n<div><a href=\"http:\/\/www.juntadeandalucia.es\/averroes\/recursos_informaticos\/concurso2005\/34\/abaco6.html\" target=\"_blank\">JUGAMOS CON EL \u00c1BACO II<\/a><\/div>\n<\/td>\n<td bgcolor=\"#ffffff\">\n<div><a href=\"http:\/\/www.clarionweb.es\/6_curso\/jclic6\/matematicas\/c_mental\/cmental6.html\" target=\"_blank\">C\u00e1lculo mental III<\/a><\/div>\n<\/td>\n<\/tr>\n<tr>\n<td bgcolor=\"#cce6ff\"><\/td>\n<td bgcolor=\"#ffffff\">\n<div><a href=\"http:\/\/www.juntadeandalucia.es\/averroes\/recursos_informaticos\/concurso2005\/34\/piranum.html\" target=\"_blank\">PIR\u00c1MIDES NUM\u00c9RICAS<\/a><\/div>\n<\/td>\n<td bgcolor=\"#ffffff\">\n<div><a href=\"http:\/\/clic.xtec.net\/db\/jclicApplet.jsp?project=http:\/\/clic.xtec.net\/projects\/ocaesp\/jclic\/ocaesp.jclic.zip&amp;lang=es\" target=\"_blank\">La oca matem\u00e1tica<\/a><\/div>\n<\/td>\n<\/tr>\n<tr>\n<td bgcolor=\"#cce6ff\"><\/td>\n<td bgcolor=\"#ffffff\">\n<div><a href=\"http:\/\/centros.edu.xunta.es\/cuntiscpi\/calculo\/calculo.html\" target=\"_blank\">C\u00c1LCULO<\/a><\/div>\n<\/td>\n<td bgcolor=\"#ffffff\"><\/td>\n<\/tr>\n<tr>\n<td bgcolor=\"#cce6ff\"><\/td>\n<td bgcolor=\"#ffffff\">\n<div><a href=\"http:\/\/www.gobiernodecanarias.org\/educacion\/9\/Usr\/eltanque\/fichascalculo\/fichascalculo_p.html\" target=\"_blank\">FICHAS DE C\u00c1LCULO<\/a><\/div>\n<\/td>\n<td bgcolor=\"#ffffff\"><\/td>\n<\/tr>\n<tr>\n<td bgcolor=\"#cce6ff\"><\/td>\n<td bgcolor=\"#ffffff\">\n<div><a href=\"http:\/\/www.educa.jcyl.es\/educacyl\/cm\/gallery\/recursos%20edebe\/matematicas\/10_12_2\/index.htm\" target=\"_blank\">N\u00daMEROS Y OPERACIONES<\/a><\/div>\n<\/td>\n<td bgcolor=\"#ffffff\"><\/td>\n<\/tr>\n<tr>\n<td bgcolor=\"#cce6ff\"><\/td>\n<td bgcolor=\"#ffffff\">\n<div><a href=\"http:\/\/www.genmagic.net\/fisica\/completac.swf\" target=\"_blank\">\u00bfCU\u00c1NTOS FALTAN?<\/a><\/div>\n<\/td>\n<td bgcolor=\"#ffffff\"><\/td>\n<\/tr>\n<tr>\n<td bgcolor=\"#cce6ff\"><\/td>\n<td bgcolor=\"#ffffff\">\n<div><a href=\"http:\/\/www.juntadeandalucia.es\/averroes\/carambolo\/WEB%20JCLIC2\/Agrega\/Matematicas\/La%20calculadora\/contenido\/ma002_oa04_es\/index.html\" target=\"_blank\">LA CALCULADORA: OPERACIONES UTILIZANDO LA MEMORIA<\/a><\/div>\n<\/td>\n<td bgcolor=\"#ffffff\"><\/td>\n<\/tr>\n<tr>\n<td bgcolor=\"#cce6ff\"><\/td>\n<td bgcolor=\"#ffffff\">\n<div><a href=\"http:\/\/www.juntadeandalucia.es\/averroes\/carambolo\/WEB%20JCLIC2\/Agrega\/Matematicas\/La%20calculadora\/contenido\/ma002_oa05_es\/index.html\" target=\"_blank\">LA CALCULADORA: USO PR\u00c1CTICO<\/a><\/div>\n<\/td>\n<td bgcolor=\"#ffffff\"><\/td>\n<\/tr>\n<tr>\n<td bgcolor=\"#cce6ff\"><\/td>\n<td bgcolor=\"#ffffff\">\n<div><a href=\"http:\/\/cprmerida.juntaextremadura.net\/cpr\/matematicas\/aplicacion\/grado56\/paramatematicas.html\" target=\"_blank\">TRIVIAL DE MATEM\u00c1TICAS<\/a><\/div>\n<\/td>\n<td bgcolor=\"#ffffff\"><\/td>\n<\/tr>\n<\/tbody>\n<\/table>\n","protected":false},"excerpt":{"rendered":"<p>TALLERES Web interactivas Jclic Problemas PROBLEMAS Problemas I Problemas II Actividades diversas JUGAMOS CON LAS OPERACIONES C\u00e1lculo mental I JUGAMOS CON EL \u00c1BACO I C\u00e1lculo mental II JUGAMOS CON EL \u00c1BACO II C\u00e1lculo mental III PIR\u00c1MIDES NUM\u00c9RICAS La oca matem\u00e1tica C\u00c1LCULO FICHAS DE C\u00c1LCULO N\u00daMEROS Y OPERACIONES \u00bfCU\u00c1NTOS FALTAN? LA CALCULADORA: OPERACIONES UTILIZANDO LA MEMORIA [&hellip;]<\/p>\n","protected":false},"author":6,"featured_media":0,"parent":376,"menu_order":16,"comment_status":"open","ping_status":"open","template":"","meta":[],"_links":{"self":[{"href":"https:\/\/cpcorella.educacion.navarra.es\/blogs\/3ciclo\/wp-json\/wp\/v2\/pages\/504"}],"collection":[{"href":"https:\/\/cpcorella.educacion.navarra.es\/blogs\/3ciclo\/wp-json\/wp\/v2\/pages"}],"about":[{"href":"https:\/\/cpcorella.educacion.navarra.es\/blogs\/3ciclo\/wp-json\/wp\/v2\/types\/page"}],"author":[{"embeddable":true,"href":"https:\/\/cpcorella.educacion.navarra.es\/blogs\/3ciclo\/wp-json\/wp\/v2\/users\/6"}],"replies":[{"embeddable":true,"href":"https:\/\/cpcorella.educacion.navarra.es\/blogs\/3ciclo\/wp-json\/wp\/v2\/comments?post=504"}],"version-history":[{"count":0,"href":"https:\/\/cpcorella.educacion.navarra.es\/blogs\/3ciclo\/wp-json\/wp\/v2\/pages\/504\/revisions"}],"up":[{"embeddable":true,"href":"https:\/\/cpcorella.educacion.navarra.es\/blogs\/3ciclo\/wp-json\/wp\/v2\/pages\/376"}],"wp:attachment":[{"href":"https:\/\/cpcorella.educacion.navarra.es\/blogs\/3ciclo\/wp-json\/wp\/v2\/media?parent=504"}],"curies":[{"name":"wp","href":"https:\/\/api.w.org\/{rel}","templated":true}]}}