{"id":502,"date":"2010-01-17T18:27:11","date_gmt":"2010-01-17T18:27:11","guid":{"rendered":"http:\/\/pitagorines.wordpress.com\/?page_id=502"},"modified":"2010-01-17T18:27:11","modified_gmt":"2010-01-17T18:27:11","slug":"tema-15","status":"publish","type":"page","link":"https:\/\/cpcorella.educacion.navarra.es\/blogs\/3ciclo\/quinto\/matematicas\/tema-15\/","title":{"rendered":"Tema 15 \u201cLa representaci\u00f3n de los datos\u201d"},"content":{"rendered":"<h2>Tema 15 \u201cLa representaci\u00f3n de los datos\u201d<\/h2>\n<div><a href=\"http:\/\/irati.pnte.cfnavarra.es\/multiblog\/jrodrig3\/quinto\/matematicas\/tema-15-%e2%80%9cla-representacion-de-los-datos%e2%80%9d\/#comments\"><br \/>\n<\/a><\/div>\n<table border=\"1\" cellspacing=\"0\" cellpadding=\"0\">\n<tbody>\n<tr>\n<td colspan=\"2\" width=\"489\" valign=\"top\">MATEM\u00c1TICASTema 15 \u201cLa representaci\u00f3n de los datos\u201d<\/td>\n<\/tr>\n<tr>\n<td width=\"215\" valign=\"top\">CONTENIDOS<\/td>\n<td width=\"274\" valign=\"top\">RECURSOS<\/td>\n<\/tr>\n<tr>\n<td width=\"215\" valign=\"top\">Tablas de frecuencias.<\/td>\n<td width=\"274\" valign=\"top\">\n<ul>\n<li><a href=\"http:\/\/www.wikisaber.es\/Contenidos\/LObjects\/data_handling\/index.html\" target=\"_blank\">TRATAMIENTO DE DATOS<\/a><\/li>\n<\/ul>\n<\/td>\n<\/tr>\n<tr>\n<td width=\"215\" valign=\"top\">Diagramas de barras.<\/td>\n<td width=\"274\" valign=\"top\">\n<ul>\n<li><a href=\"http:\/\/www.thatquiz.com\/es\/practice.html?graphs\" target=\"_blank\">GR\u00c1FICAS DE   BARRAS<\/a><\/li>\n<li><a href=\"http:\/\/w3.cnice.mec.es\/recursos\/secundaria\/sociales\/geografia\/barras.html\" target=\"_blank\">C\u00d3MO SE HACE UN: GR\u00c1FICO DE BARRAS<\/a><\/li>\n<\/ul>\n<\/td>\n<\/tr>\n<tr>\n<td width=\"215\" valign=\"top\">Gr\u00e1ficas de l\u00edneas y gr\u00e1ficas dobles.<\/td>\n<td width=\"274\" valign=\"top\">\n<ul>\n<li>C<a href=\"http:\/\/w3.cnice.mec.es\/recursos\/secundaria\/sociales\/geografia\/lineas.html\" target=\"_blank\">\u00d3MO SE HACE UN GR\u00c1FICO LINEAL<\/a><\/li>\n<\/ul>\n<\/td>\n<\/tr>\n<tr>\n<td width=\"215\" valign=\"top\">Gr\u00e1ficos de sectores.<\/td>\n<td width=\"274\" valign=\"top\">\n<ul>\n<li><a href=\"http:\/\/w3.cnice.mec.es\/recursos\/secundaria\/sociales\/geografia\/circular.html\" target=\"_blank\">C\u00d3MO SE HACE UN GR\u00c1FICO CIRCULAR<\/a><\/li>\n<\/ul>\n<\/td>\n<\/tr>\n<tr>\n<td width=\"215\" valign=\"top\">La media y la moda<\/td>\n<td width=\"274\" valign=\"top\">\n<ul>\n<li><a href=\"http:\/\/www.librosvivos.net\/smtc\/PagPorFormulario.asp?TemaClave=1051&amp;est=0\" target=\"_blank\">LOS DATOS ESTAD\u00cdSTICOS<\/a><\/li>\n<\/ul>\n<\/td>\n<\/tr>\n<tr>\n<td width=\"215\" valign=\"top\">Otras actividades.<\/td>\n<td width=\"274\" valign=\"top\">\n<ul>\n<li><a href=\"http:\/\/w3.cnice.mec.es\/recursos\/primaria\/matematicas\/porcentajes\/menuu5.html\" target=\"_blank\">FRECUENCIA Y PROBABILIDAD<\/a><\/li>\n<li><a href=\"http:\/\/www.librosvivos.net\/smtc\/PagPorFormulario.asp?TemaClave=1051&amp;est=0\" target=\"_blank\">LOS DATOS ESTAD\u00cdSTICOS<\/a><\/li>\n<li><a href=\"http:\/\/www.juntadeandalucia.es\/averroes\/carambolo\/WEB%20JCLIC2\/Agrega\/Matematicas\/Azar%20y%20probabilidad\/contenido\/mt11_oa03_es\/index.html\" target=\"_blank\">C\u00c1LCULO DE PROBABILIDADES<\/a><\/li>\n<li><a href=\"http:\/\/www.librosvivos.net\/smtc\/homeTC.asp?TemaClave=1051\" target=\"_blank\">ESTAD\u00cdSTICA Y PROBABILIDAD<\/a><\/li>\n<li><a href=\"http:\/\/www.harcourtschool.com\/activity_es\/probability_circus\/\" target=\"_blank\">EL CIRCO DE LA PROBABILIDAD<\/a><\/li>\n<li><a href=\"http:\/\/w3.cnice.mec.es\/recursos\/primaria\/matematicas\/porcentajes\/menuu5.html\" target=\"_blank\">FRECUENCIA Y PROBABILIDAD<\/a><\/li>\n<li><a href=\"http:\/\/www.librosvivos.net\/smtc\/PagPorFormulario.asp?TemaClave=1051&amp;est=0\" target=\"_blank\">LOS DATOS ESTAD\u00cdSTICOS<\/a><\/li>\n<li><a href=\"http:\/\/www.thatquiz.com\/es\/practice.html?graphs\" target=\"_blank\">GR\u00c1FICAS DE   BARRAS<\/a><\/li>\n<li><a href=\"http:\/\/w3.cnice.mec.es\/recursos\/secundaria\/sociales\/geografia\/barras.html\" target=\"_blank\">C\u00d3MO SE HACE UN: GR\u00c1FICO DE BARRAS<\/a><\/li>\n<li><a href=\"http:\/\/www.wikisaber.es\/Contenidos\/LObjects\/data_handling\/index.html\" target=\"_blank\">TRATAMIENTO DE DATOS<\/a><\/li>\n<li><a href=\"http:\/\/w3.cnice.mec.es\/recursos\/secundaria\/sociales\/geografia\/lineas.html\" target=\"_blank\">C\u00d3MO SE HACE UN: GR\u00c1FICO LINEAL<\/a><\/li>\n<li><a href=\"http:\/\/pacomova.eresmas.net\/pictogramas\/index.htm\" target=\"_blank\">CUENTOS EN   PICTOGRAMAS<\/a><\/li>\n<li><a href=\"http:\/\/w3.cnice.mec.es\/recursos\/secundaria\/sociales\/geografia\/circular.html\" target=\"_blank\">C\u00d3MO SE HACE UN: GR\u00c1FICO CIRCULAR<\/a><\/li>\n<\/ul>\n<\/td>\n<\/tr>\n<\/tbody>\n<\/table>\n","protected":false},"excerpt":{"rendered":"<p>Tema 15 \u201cLa representaci\u00f3n de los datos\u201d MATEM\u00c1TICASTema 15 \u201cLa representaci\u00f3n de los datos\u201d CONTENIDOS RECURSOS Tablas de frecuencias. TRATAMIENTO DE DATOS Diagramas de barras. GR\u00c1FICAS DE BARRAS C\u00d3MO SE HACE UN: GR\u00c1FICO DE BARRAS Gr\u00e1ficas de l\u00edneas y gr\u00e1ficas dobles. C\u00d3MO SE HACE UN GR\u00c1FICO LINEAL Gr\u00e1ficos de sectores. C\u00d3MO SE HACE UN GR\u00c1FICO [&hellip;]<\/p>\n","protected":false},"author":6,"featured_media":0,"parent":463,"menu_order":15,"comment_status":"open","ping_status":"open","template":"","meta":[],"_links":{"self":[{"href":"https:\/\/cpcorella.educacion.navarra.es\/blogs\/3ciclo\/wp-json\/wp\/v2\/pages\/502"}],"collection":[{"href":"https:\/\/cpcorella.educacion.navarra.es\/blogs\/3ciclo\/wp-json\/wp\/v2\/pages"}],"about":[{"href":"https:\/\/cpcorella.educacion.navarra.es\/blogs\/3ciclo\/wp-json\/wp\/v2\/types\/page"}],"author":[{"embeddable":true,"href":"https:\/\/cpcorella.educacion.navarra.es\/blogs\/3ciclo\/wp-json\/wp\/v2\/users\/6"}],"replies":[{"embeddable":true,"href":"https:\/\/cpcorella.educacion.navarra.es\/blogs\/3ciclo\/wp-json\/wp\/v2\/comments?post=502"}],"version-history":[{"count":0,"href":"https:\/\/cpcorella.educacion.navarra.es\/blogs\/3ciclo\/wp-json\/wp\/v2\/pages\/502\/revisions"}],"up":[{"embeddable":true,"href":"https:\/\/cpcorella.educacion.navarra.es\/blogs\/3ciclo\/wp-json\/wp\/v2\/pages\/463"}],"wp:attachment":[{"href":"https:\/\/cpcorella.educacion.navarra.es\/blogs\/3ciclo\/wp-json\/wp\/v2\/media?parent=502"}],"curies":[{"name":"wp","href":"https:\/\/api.w.org\/{rel}","templated":true}]}}