{"id":486,"date":"2010-01-17T18:21:28","date_gmt":"2010-01-17T18:21:28","guid":{"rendered":"http:\/\/pitagorines.wordpress.com\/?page_id=486"},"modified":"2010-01-17T18:21:28","modified_gmt":"2010-01-17T18:21:28","slug":"tema-7","status":"publish","type":"page","link":"https:\/\/cpcorella.educacion.navarra.es\/blogs\/3ciclo\/quinto\/matematicas\/tema-7\/","title":{"rendered":"Tema 7 \u201cOperaciones Con Fracciones\u201d"},"content":{"rendered":"<h2>Tema 7 \u201cOperaciones Con Fracciones\u201d<\/h2>\n<div><a href=\"http:\/\/irati.pnte.cfnavarra.es\/multiblog\/jrodrig3\/quinto\/matematicas\/tema-7-%e2%80%9coperaciones-con-fracciones%e2%80%9d\/#comments\"><br \/>\n<\/a><\/div>\n<table border=\"1\" cellspacing=\"0\" cellpadding=\"0\">\n<tbody>\n<tr>\n<td colspan=\"2\" width=\"489\" valign=\"top\">MATEM\u00c1TICAS Tema 7 \u201cOperaciones Con Fracciones\u201d<\/td>\n<\/tr>\n<tr>\n<td width=\"215\" valign=\"top\">CONTENIDOS<\/td>\n<td width=\"274\" valign=\"top\">RECURSOS<\/td>\n<\/tr>\n<tr>\n<td width=\"215\" valign=\"top\">La fracci\u00f3n de una cantidad.<\/td>\n<td width=\"274\" valign=\"top\">\n<ul>\n<li><a href=\"http:\/\/www.gobiernodecanarias.org\/educacion\/usr\/eltanque\/todo_mate\/fracnum\/fracnum_p.html\" target=\"_blank\">FRACCI\u00d3N DE UN N\u00daMERO I<\/a><\/li>\n<li><a href=\"http:\/\/www.educa.madrid.org\/web\/cp.beatrizgalindo.alcala\/archivos\/fracciones\/fracciones\/hallanumero.html\" target=\"_blank\">FRACCI\u00d3N DE UN N\u00daMERO II<\/a><\/li>\n<\/ul>\n<\/td>\n<\/tr>\n<tr>\n<td width=\"215\" valign=\"top\">Suma y resta de fracciones de igual denominador.<\/td>\n<td width=\"274\" valign=\"top\">\n<ul>\n<li><a href=\"http:\/\/www.gobiernodecanarias.org\/educacion\/usr\/eltanque\/todo_mate\/fracciones_e\/ejercicios\/sumayresta_p.html\" target=\"_blank\">SUMA Y RESTA DE FRACCIONES I<\/a><\/li>\n<li><a href=\"http:\/\/w3.cnice.mec.es\/recursos\/primaria\/matematicas\/fracciones\/menuu5.html\" target=\"_blank\">SUMA Y RESTA DE FRACCIONES II<\/a><\/li>\n<li><a href=\"http:\/\/www.educa.madrid.org\/web\/cp.beatrizgalindo.alcala\/archivos\/fracciones\/fracciones\/index.html\" target=\"_blank\">SUMA Y RESTA DE FRACCIONES III<\/a><\/li>\n<li><a href=\"http:\/\/www.wikisaber.es\/Contenidos\/LObjects\/add_sub_frac\/index.html\" target=\"_blank\">SUMA Y RESTA DE FRACCIONES IV<\/a><\/li>\n<li><a href=\"http:\/\/www.primaria.librosvivos.net\/5EP_Mate_cas_ud5_Sumar_y_restar_fracciones_con_el_mismo_denominador.html\" target=\"_blank\">SUMAR Y RESTAR FRACCIONES CON EL MISMO DENOMINADOR<\/a><\/li>\n<\/ul>\n<\/td>\n<\/tr>\n<tr>\n<td width=\"215\" valign=\"top\">Suma y resta de unidades y fracciones.<\/td>\n<td width=\"274\" valign=\"top\"><\/td>\n<\/tr>\n<tr>\n<td width=\"215\" valign=\"top\">Producto de una fracci\u00f3n por un n\u00famero   entero.<\/td>\n<td width=\"274\" valign=\"top\"><\/td>\n<\/tr>\n<tr>\n<td width=\"215\" valign=\"top\"><\/td>\n<td width=\"274\" valign=\"top\"><\/td>\n<\/tr>\n<tr>\n<td width=\"215\" valign=\"top\">Otras actividades.<\/td>\n<td width=\"274\" valign=\"top\">\n<ul>\n<li><a href=\"http:\/\/contenidos.santillanaenred.com\/jukebox\/servlet\/GetPlayer?p3v=true&amp;xref=200411101147_AC_0_-796142224&amp;mode=1&amp;rtc=1001&amp;locale=es_ES&amp;cache=false%27,750,540,%27snrPop%27,0%29;\" target=\"_blank\">ORDENACI\u00d3N DE FRACCIONES<\/a><\/li>\n<li><a href=\"http:\/\/contenidos.santillanaenred.com\/jukebox\/servlet\/GetPlayer?p3v=true&amp;xref=200411101137_AC_0_-1385810499&amp;mode=1&amp;rtc=1001&amp;locale=es_ES&amp;cache=false%27,750,540,%27snrPop%27,0%29;\" target=\"_blank\">FAMILIAS DE FRACCIONES<\/a><\/li>\n<li><a href=\"http:\/\/www.uco.es\/%7Ema1marea\/Recursos\/Fraccionador.swf\" target=\"_blank\">FRACCIONADOR<\/a><\/li>\n<li><a href=\"http:\/\/contenidos.santillanaenred.com\/jukebox\/servlet\/GetPlayer?p3v=true&amp;xref=200601241140_AC_0_215703030&amp;mode=1&amp;rtc=1001&amp;locale=es_ES&amp;cache=false\" target=\"_blank\">COMPARACI\u00d3N DE FRACCIONES<\/a><\/li>\n<li><a href=\"http:\/\/www.gobiernodecanarias.org\/educacion\/9\/Usr\/eltanque\/todo_mate\/fracnum\/fracnum_p.html\" target=\"_blank\">FRACCI\u00d3N DE UN N\u00daMERO<\/a><\/li>\n<li><a href=\"http:\/\/www.escolar.com\/matem\/09opfrac.htm\" target=\"_blank\">OPERACIONES   CON FRACCIONES<\/a><\/li>\n<li><a href=\"http:\/\/www.gobiernodecanarias.org\/educacion\/9\/Usr\/eltanque\/todo_mate\/fracnum\/fracnum_p.html\" target=\"_blank\">SUMA Y RESTA DE FRACCIONES<\/a><\/li>\n<li><a href=\"http:\/\/aprimaria.iespana.es\/sumyrest.htm\" target=\"_blank\">SUMA Y   RESTA DE FRACCIONES<\/a><\/li>\n<li><a href=\"http:\/\/www.isftic.mepsyd.es\/w3\/recursos\/primaria\/matematicas\/fracciones\/menuu5.html\" target=\"_blank\">SUMA Y RESTA DE FRACCIONES<\/a><\/li>\n<li><a href=\"http:\/\/www.logse.librosvivos.net\/smtc\/homeTC.asp?TemaClave=1117\" target=\"_blank\">SUMA Y RESTA DE FRACCIONES<\/a><\/li>\n<li><a href=\"http:\/\/www.genmagic.net\/repositorio\/displayimage.php?album=3&amp;pos=1\" target=\"_blank\">OPERACIONES CON FRACCIONES<\/a><\/li>\n<\/ul>\n<\/td>\n<\/tr>\n<\/tbody>\n<\/table>\n","protected":false},"excerpt":{"rendered":"<p>Tema 7 \u201cOperaciones Con Fracciones\u201d MATEM\u00c1TICAS Tema 7 \u201cOperaciones Con Fracciones\u201d CONTENIDOS RECURSOS La fracci\u00f3n de una cantidad. FRACCI\u00d3N DE UN N\u00daMERO I FRACCI\u00d3N DE UN N\u00daMERO II Suma y resta de fracciones de igual denominador. SUMA Y RESTA DE FRACCIONES I SUMA Y RESTA DE FRACCIONES II SUMA Y RESTA DE FRACCIONES III SUMA [&hellip;]<\/p>\n","protected":false},"author":6,"featured_media":0,"parent":463,"menu_order":7,"comment_status":"open","ping_status":"open","template":"","meta":[],"_links":{"self":[{"href":"https:\/\/cpcorella.educacion.navarra.es\/blogs\/3ciclo\/wp-json\/wp\/v2\/pages\/486"}],"collection":[{"href":"https:\/\/cpcorella.educacion.navarra.es\/blogs\/3ciclo\/wp-json\/wp\/v2\/pages"}],"about":[{"href":"https:\/\/cpcorella.educacion.navarra.es\/blogs\/3ciclo\/wp-json\/wp\/v2\/types\/page"}],"author":[{"embeddable":true,"href":"https:\/\/cpcorella.educacion.navarra.es\/blogs\/3ciclo\/wp-json\/wp\/v2\/users\/6"}],"replies":[{"embeddable":true,"href":"https:\/\/cpcorella.educacion.navarra.es\/blogs\/3ciclo\/wp-json\/wp\/v2\/comments?post=486"}],"version-history":[{"count":0,"href":"https:\/\/cpcorella.educacion.navarra.es\/blogs\/3ciclo\/wp-json\/wp\/v2\/pages\/486\/revisions"}],"up":[{"embeddable":true,"href":"https:\/\/cpcorella.educacion.navarra.es\/blogs\/3ciclo\/wp-json\/wp\/v2\/pages\/463"}],"wp:attachment":[{"href":"https:\/\/cpcorella.educacion.navarra.es\/blogs\/3ciclo\/wp-json\/wp\/v2\/media?parent=486"}],"curies":[{"name":"wp","href":"https:\/\/api.w.org\/{rel}","templated":true}]}}