{"id":482,"date":"2010-01-17T18:20:11","date_gmt":"2010-01-17T18:20:11","guid":{"rendered":"http:\/\/pitagorines.wordpress.com\/?page_id=482"},"modified":"2010-01-17T18:20:11","modified_gmt":"2010-01-17T18:20:11","slug":"tema-5","status":"publish","type":"page","link":"https:\/\/cpcorella.educacion.navarra.es\/blogs\/3ciclo\/quinto\/matematicas\/tema-5\/","title":{"rendered":"Tema 5 \u201cOperaciones con n\u00fameros decimales\u201d"},"content":{"rendered":"<h2>Tema 5 \u201cOperaciones con n\u00fameros decimales\u201d<\/h2>\n<div><a href=\"http:\/\/irati.pnte.cfnavarra.es\/multiblog\/jrodrig3\/quinto\/matematicas\/tema-5-%e2%80%9coperaciones-con-numeros-decimales%e2%80%9d\/#comments\"><br \/>\n<\/a><\/div>\n<table border=\"1\" cellspacing=\"0\" cellpadding=\"0\">\n<tbody>\n<tr>\n<td colspan=\"2\" width=\"489\" valign=\"top\">MATEM\u00c1TICAS Tema 5 \u201cOperaciones con n\u00fameros decimales\u201d<\/td>\n<\/tr>\n<tr>\n<td width=\"215\" valign=\"top\">CONTENIDOS<\/td>\n<td width=\"274\" valign=\"top\">RECURSOS<\/td>\n<\/tr>\n<tr>\n<td width=\"215\" valign=\"top\">Suma y resta de n\u00fameros decimales.<\/td>\n<td width=\"274\" valign=\"top\">\n<ul>\n<li><a href=\"http:\/\/www.gobiernodecanarias.org\/educacion\/usr\/eltanque\/todo_mate\/openumdec\/suma_dec\/suma_dec.html\" target=\"_blank\">SUMA DE N\u00daMEROS DECIMALES<\/a><\/li>\n<li><a href=\"http:\/\/www.aplicaciones.info\/decimales\/decima03.htm\" target=\"_blank\">SUMA DE   DECIMALES<\/a><\/li>\n<li><a href=\"http:\/\/www.gobiernodecanarias.org\/educacion\/usr\/eltanque\/todo_mate\/openumdec\/resta_dec\/resta_dec.html\" target=\"_blank\">RESTA DE N\u00daMEROS DECIMALES<\/a><\/li>\n<li><a href=\"http:\/\/www.aplicaciones.info\/decimales\/decima04.htm\" target=\"_blank\">RESTA DE   DECIMALES<\/a><\/li>\n<li><a href=\"http:\/\/www.gobiernodecanarias.org\/educacion\/9\/Usr\/eltanque\/todo_mate\/sumayresta_d\/ocd_p.html\" target=\"_blank\">SUMA Y RESTA CON DECIMALES<\/a><\/li>\n<li><a href=\"http:\/\/w3.cnice.mec.es\/recursos\/primaria\/matematicas\/decimales\/menu.html\" target=\"_blank\">SUMA Y RESTA DE DECIMALES I<\/a><\/li>\n<li><a href=\"http:\/\/www.isftic.mepsyd.es\/w3\/eos\/MaterialesEducativos\/mem2008\/visualizador_decimales\/suma_resta_decimales.html\" target=\"_blank\">SUMA Y RESTA DE DECIMALES II<\/a><\/li>\n<li><a href=\"http:\/\/www.wikisaber.es\/Contenidos\/LObjects\/decimal_add_sub\/index.html\" target=\"_blank\">SUMA Y RESTA DE DECIMALES III<\/a><\/li>\n<\/ul>\n<\/td>\n<\/tr>\n<tr>\n<td width=\"215\" valign=\"top\">Multiplicaci\u00f3n de un n\u00famero decimal por un n\u00famero entero.<\/td>\n<td width=\"274\" valign=\"top\">\n<ul>\n<li><a href=\"http:\/\/www.gobiernodecanarias.org\/educacion\/usr\/eltanque\/todo_mate\/openumdec\/mult_dec\/mult_dec.html\" target=\"_blank\">MULTIPLICACI\u00d3N<\/a><\/li>\n<li><a href=\"http:\/\/www.isftic.mepsyd.es\/w3\/eos\/MaterialesEducativos\/mem2008\/visualizador_decimales\/multiplicaciondecimales.html\" target=\"_blank\">MULTIPLICAR DECIMALES<\/a><\/li>\n<li><a href=\"http:\/\/www.aplicaciones.info\/decimales\/decima05.htm\" target=\"_blank\">MULTIPLICACI\u00d3N   DE DECIMALES<\/a><\/li>\n<\/ul>\n<\/td>\n<\/tr>\n<tr>\n<td width=\"215\" valign=\"top\">Divisi\u00f3n de enteros con cociente decimal.<\/td>\n<td width=\"274\" valign=\"top\">\n<ul>\n<li><a href=\"http:\/\/www.aplicaciones.info\/decimales\/decima06.htm\" target=\"_blank\">DIVISI\u00d3N DE   DECIMALES<\/a><\/li>\n<\/ul>\n<\/td>\n<\/tr>\n<tr>\n<td width=\"215\" valign=\"top\">Divisi\u00f3n de un decimal entre un entero.<\/td>\n<td width=\"274\" valign=\"top\">\n<ul>\n<li><a href=\"http:\/\/w3.cnice.mec.es\/recursos\/primaria\/matematicas\/decimales\/menu.html\" target=\"_blank\">SUMA, RESTA, MULTIPLICACI\u00d3N Y DIVISI\u00d3N DE DECIMALES <\/a><\/li>\n<li><a href=\"http:\/\/clic.xtec.net\/db\/jclicApplet.jsp?project=http:\/\/clic.xtec.net\/projects\/divdeci\/jclic\/divdeci.jclic.zip&amp;lang=es\" target=\"_blank\">DIVISIONES CON DECIMALES<\/a><\/li>\n<li><a href=\"http:\/\/www.gobiernodecanarias.org\/educacion\/usr\/eltanque\/todo_mate\/openumdec\/divi_dec\/divi_dec.html\" target=\"_blank\">DIVISI\u00d3N DE UN N\u00daMERO DECIMAL ENTRE UN N\u00daMERO NATURAL<\/a><\/li>\n<\/ul>\n<\/td>\n<\/tr>\n<tr>\n<td width=\"215\" valign=\"top\">Multiplicaci\u00f3n y divisi\u00f3n de un decimal por 10, por 100, etc.<\/td>\n<td width=\"274\" valign=\"top\">\n<ul>\n<li><a href=\"http:\/\/www.gobiernodecanarias.org\/educacion\/usr\/eltanque\/todo_mate\/mult_deci\/mult_deci_p.html\" target=\"_blank\">MULTIPLICACI\u00d3N POR LA UNIDAD SEGUIDA DE CEROS CON   DECIMALES<\/a><\/li>\n<li><a href=\"http:\/\/www.gobiernodecanarias.org\/educacion\/usr\/eltanque\/todo_mate\/usc\/multdeci\/mult_usc_ed_p.html\" target=\"_blank\">PRACTICO LA MULTIPLICACI\u00d3N POR LA UNIDAD SEGUIDA DE   CEROS CON DECIMALES<\/a><\/li>\n<\/ul>\n<\/td>\n<\/tr>\n<tr>\n<td width=\"215\" valign=\"top\">Otras actividades.<\/td>\n<td width=\"274\" valign=\"top\">\n<ul>\n<li><a href=\"http:\/\/www.escolar.com\/matem\/11opdec1.htm\" target=\"_blank\">OPERACIONES   CON DECIMALES<\/a><\/li>\n<li><a href=\"http:\/\/www.gobiernodecanarias.org\/educacion\/9\/Usr\/eltanque\/todo_mate\/openumdec\/openumdec_p.html\" target=\"_blank\">OPERACIONES CON DECIMALES<\/a><\/li>\n<li><a href=\"http:\/\/www.skoool.es\/content\/los\/maths\/summ_decimals\/launch.html\" target=\"_blank\">SUMA CON DECIMALES<\/a><\/li>\n<li><a href=\"http:\/\/www.gobiernodecanarias.org\/educacion\/9\/Usr\/eltanque\/todo_mate\/openumdec\/mult_dec\/mult_dec.html\">MULTIPLICACI\u00d3N   DE UN DECIMAL POR UN ENTERO<\/a><\/li>\n<li><a href=\"http:\/\/www.isftic.mepsyd.es\/w3\/recursos\/primaria\/matematicas\/decimales\/menuu6.html\">MULTIPLICACI\u00d3N   DE DECIMALES<\/a><\/li>\n<li><a href=\"http:\/\/www.skoool.es\/content\/los\/maths\/summ_decimals\/launch.html\" target=\"_blank\">SUMA DE DECIMALES<\/a><\/li>\n<li><a href=\"http:\/\/www.gobiernodecanarias.org\/educacion\/9\/Usr\/eltanque\/todo_mate\/sumayresta_d\/ocd_p.html\" target=\"_blank\">SUMA Y RESTA DE DECIMALES<\/a><\/li>\n<li><a href=\"http:\/\/www.gobiernodecanarias.org\/educacion\/9\/Usr\/eltanque\/ladivision_cd\/division_cdw.html\" target=\"_blank\">DIVISI\u00d3N CON DECIMALES<\/a><\/li>\n<li><a href=\"http:\/\/www.gobiernodecanarias.org\/educacion\/9\/Usr\/eltanque\/ladivision_cd\/iniciar_pd.html\" target=\"_blank\">DIVISI\u00d3N DE UN DECIMAL POR UN ENTERO<\/a><\/li>\n<li><a href=\"http:\/\/www.gobiernodecanarias.org\/educacion\/9\/Usr\/eltanque\/ladivision_cd\/ladivision_eed\/div_eed_p.html\" target=\"_blank\">DIVISI\u00d3N DE UN ENTERO POR UN DECIMAL<\/a><\/li>\n<li><a href=\"http:\/\/www.gobiernodecanarias.org\/educacion\/9\/Usr\/eltanque\/ladivision_cd\/ladivision_ded\/div_ded_p.html\" target=\"_blank\">DIVISI\u00d3N ENTRE DOS N\u00daMEROS DECIMALES<\/a><\/li>\n<li><a href=\"http:\/\/www.isftic.mepsyd.es\/w3\/eos\/MaterialesEducativos\/mem2008\/visualizador_decimales\/menu.html\" target=\"_blank\">N\u00daMEROS DECIMALES<\/a><\/li>\n<\/ul>\n<\/td>\n<\/tr>\n<\/tbody>\n<\/table>\n","protected":false},"excerpt":{"rendered":"<p>Tema 5 \u201cOperaciones con n\u00fameros decimales\u201d MATEM\u00c1TICAS Tema 5 \u201cOperaciones con n\u00fameros decimales\u201d CONTENIDOS RECURSOS Suma y resta de n\u00fameros decimales. SUMA DE N\u00daMEROS DECIMALES SUMA DE DECIMALES RESTA DE N\u00daMEROS DECIMALES RESTA DE DECIMALES SUMA Y RESTA CON DECIMALES SUMA Y RESTA DE DECIMALES I SUMA Y RESTA DE DECIMALES II SUMA Y RESTA [&hellip;]<\/p>\n","protected":false},"author":6,"featured_media":0,"parent":463,"menu_order":5,"comment_status":"open","ping_status":"open","template":"","meta":[],"_links":{"self":[{"href":"https:\/\/cpcorella.educacion.navarra.es\/blogs\/3ciclo\/wp-json\/wp\/v2\/pages\/482"}],"collection":[{"href":"https:\/\/cpcorella.educacion.navarra.es\/blogs\/3ciclo\/wp-json\/wp\/v2\/pages"}],"about":[{"href":"https:\/\/cpcorella.educacion.navarra.es\/blogs\/3ciclo\/wp-json\/wp\/v2\/types\/page"}],"author":[{"embeddable":true,"href":"https:\/\/cpcorella.educacion.navarra.es\/blogs\/3ciclo\/wp-json\/wp\/v2\/users\/6"}],"replies":[{"embeddable":true,"href":"https:\/\/cpcorella.educacion.navarra.es\/blogs\/3ciclo\/wp-json\/wp\/v2\/comments?post=482"}],"version-history":[{"count":0,"href":"https:\/\/cpcorella.educacion.navarra.es\/blogs\/3ciclo\/wp-json\/wp\/v2\/pages\/482\/revisions"}],"up":[{"embeddable":true,"href":"https:\/\/cpcorella.educacion.navarra.es\/blogs\/3ciclo\/wp-json\/wp\/v2\/pages\/463"}],"wp:attachment":[{"href":"https:\/\/cpcorella.educacion.navarra.es\/blogs\/3ciclo\/wp-json\/wp\/v2\/media?parent=482"}],"curies":[{"name":"wp","href":"https:\/\/api.w.org\/{rel}","templated":true}]}}