{"id":480,"date":"2010-01-17T18:19:36","date_gmt":"2010-01-17T18:19:36","guid":{"rendered":"http:\/\/pitagorines.wordpress.com\/?page_id=480"},"modified":"2010-01-17T18:19:36","modified_gmt":"2010-01-17T18:19:36","slug":"tema-4","status":"publish","type":"page","link":"https:\/\/cpcorella.educacion.navarra.es\/blogs\/3ciclo\/quinto\/matematicas\/tema-4\/","title":{"rendered":"Tema 4 \u201cLos n\u00fameros decimales\u201d"},"content":{"rendered":"<h2>Tema 4 \u201cLos n\u00fameros decimales\u201d<\/h2>\n<div><a href=\"http:\/\/irati.pnte.cfnavarra.es\/multiblog\/jrodrig3\/quinto\/matematicas\/tema-4-%e2%80%9clos-numeros-decimales%e2%80%9d\/#comments\"><br \/>\n<\/a><\/div>\n<table border=\"1\" cellspacing=\"0\" cellpadding=\"0\">\n<tbody>\n<tr>\n<td colspan=\"2\" width=\"489\" valign=\"top\">MATEM\u00c1TICAS Tema 4 \u201cLos n\u00fameros decimales\u201d<\/td>\n<\/tr>\n<tr>\n<td width=\"215\" valign=\"top\">CONTENIDOS<\/td>\n<td width=\"274\" valign=\"top\">RECURSOS<\/td>\n<\/tr>\n<tr>\n<td width=\"215\" valign=\"top\">Las d\u00e9cimas.<\/td>\n<td width=\"274\" valign=\"top\">\n<ul>\n<li><a href=\"http:\/\/www.gobiernodecanarias.org\/educacion\/usr\/eltanque\/todo_mate\/decimales_e1\/comoseleen_p.html\" target=\"_blank\">LEER<\/a><\/li>\n<li><a href=\"http:\/\/www.gobiernodecanarias.org\/educacion\/usr\/eltanque\/todo_mate\/decimales_e2\/comoseescriben_p.html\" target=\"_blank\">ESCRIBIR<\/a><\/li>\n<li><a href=\"http:\/\/www.genmagic.net\/videos\/numeros_decimales.html\" target=\"_blank\">V\u00cdDEO   N\u00daMEROS DECIMALES<\/a><\/li>\n<li><a href=\"http:\/\/www.juntadeandalucia.es\/averroes\/carambolo\/WEB%20JCLIC2\/Agrega\/Matematicas\/Fraccion_y_numero_decimal-CONTENIDOS\/contenido\/mt10_oa04_es\/index.html\" target=\"_blank\">LECTURA, ESCRITURA Y SIGNIFICADO DE N\u00daMERO DECIMAL<\/a><\/li>\n<li><a href=\"http:\/\/www.gobiernodecanarias.org\/educacion\/9\/Usr\/eltanque\/pizarradigital\/NumDec5\/decimas\/decimas_5_p.html\" target=\"_blank\">LAS D\u00c9CIMAS<\/a><\/li>\n<li><a href=\"http:\/\/www.gobiernodecanarias.org\/educacion\/9\/Usr\/eltanque\/pizarradigital\/NumDec5\/decimas\/actividades_d\/actividades_d1.html\" target=\"_blank\">ACTIVIDAD I<\/a><\/li>\n<li><a href=\"http:\/\/www.gobiernodecanarias.org\/educacion\/9\/Usr\/eltanque\/pizarradigital\/NumDec5\/decimas\/actividades_d\/actividades_d3.html\" target=\"_blank\">ACTIVIDAD II<\/a><\/li>\n<li><a href=\"http:\/\/www.gobiernodecanarias.org\/educacion\/9\/Usr\/eltanque\/pizarradigital\/NumDec5\/decimas\/actividades_d\/actividades_d4.html\" target=\"_blank\">ACTIVIDAD III<\/a><\/li>\n<\/ul>\n<\/td>\n<\/tr>\n<tr>\n<td width=\"215\" valign=\"top\">Las cent\u00e9simas.<\/td>\n<td width=\"274\" valign=\"top\">\n<ul>\n<li><a href=\"http:\/\/www.gobiernodecanarias.org\/educacion\/9\/Usr\/eltanque\/pizarradigital\/NumDec5\/centesimas\/centesimas_5cubo_p.html\" target=\"_blank\">LAS CENT\u00c9SIMAS<\/a><\/li>\n<li><a href=\"http:\/\/www.gobiernodecanarias.org\/educacion\/9\/Usr\/eltanque\/pizarradigital\/NumDec5\/centesimas\/actividades_c\/actividades_c1.html\" target=\"_blank\">ACTIVIDAD I<\/a><\/li>\n<li><a href=\"http:\/\/www.gobiernodecanarias.org\/educacion\/9\/Usr\/eltanque\/pizarradigital\/NumDec5\/centesimas\/actividades_c\/actividades_c2.html\" target=\"_blank\">ACTIVIDAD II<\/a><\/li>\n<li><a href=\"http:\/\/www.gobiernodecanarias.org\/educacion\/9\/Usr\/eltanque\/pizarradigital\/NumDec5\/decimas\/actividades_d\/actividades_d2.html\" target=\"_blank\">ACTIVIDAD III<\/a><\/li>\n<\/ul>\n<\/td>\n<\/tr>\n<tr>\n<td width=\"215\" valign=\"top\">Las mil\u00e9simas.<\/td>\n<td width=\"274\" valign=\"top\">\n<ul>\n<li><a href=\"http:\/\/www.gobiernodecanarias.org\/educacion\/9\/Usr\/eltanque\/pizarradigital\/NumDec5\/milesimas\/milesimas_5_p.html\" target=\"_blank\">LAS MIL\u00c9SIMAS<\/a><\/li>\n<li><a href=\"http:\/\/www.gobiernodecanarias.org\/educacion\/9\/Usr\/eltanque\/pizarradigital\/NumDec5\/milesimas\/actividades_m\/actividades_m1.html\" target=\"_blank\">ACTIVIDAD I<\/a><\/li>\n<li><a href=\"http:\/\/www.gobiernodecanarias.org\/educacion\/9\/Usr\/eltanque\/pizarradigital\/NumDec5\/milesimas\/actividades_m\/actividades_m2.html\" target=\"_blank\">ACTIVIDAD II<\/a><\/li>\n<li><a href=\"http:\/\/www.gobiernodecanarias.org\/educacion\/9\/Usr\/eltanque\/pizarradigital\/NumDec5\/milesimas\/actividades_m\/actividades_m3.html\" target=\"_blank\">ACTIVIDAD III<\/a><\/li>\n<li><a href=\"http:\/\/www.gobiernodecanarias.org\/educacion\/9\/Usr\/eltanque\/pizarradigital\/NumDec5\/inicio_m.html\" target=\"_blank\">D\u00c9CIMAS, CENT\u00c9SIMAS Y MIL\u00c9SIMAS (II)<\/a><\/li>\n<\/ul>\n<h2>\u00b7\u00a0\u00a0\u00a0\u00a0\u00a0\u00a0\u00a0\u00a0   <a href=\"http:\/\/w3.cnice.mec.es\/recursos\/primaria\/matematicas\/decimales\/menuu4.html\" target=\"_blank\">D\u00c9CIMAS,   CENT\u00c9SIMAS Y MIL\u00c9SIMAS<\/a><\/h2>\n<\/td>\n<\/tr>\n<tr>\n<td width=\"215\" valign=\"top\">Descomposici\u00f3n de n\u00fameros decimales.<\/td>\n<td width=\"274\" valign=\"top\">\n<ul><\/ul>\n<\/td>\n<\/tr>\n<tr>\n<td width=\"215\" valign=\"top\">Comparaci\u00f3n y ordenaci\u00f3n de decimales.<\/td>\n<td width=\"274\" valign=\"top\">\n<ul>\n<li><a href=\"http:\/\/www.gobiernodecanarias.org\/educacion\/usr\/eltanque\/todo_mate\/decimales_e3\/comparacionda_p.html\" target=\"_blank\">COMPARAR<\/a><\/li>\n<li><a href=\"http:\/\/www.gobiernodecanarias.org\/educacion\/9\/Usr\/eltanque\/pizarradigital\/NumDec5\/mas_actividades\/mayor\/Mayor_que.html\" target=\"_blank\">COMPARACI\u00d3N DE DECIMALES I<\/a><\/li>\n<li><a href=\"http:\/\/www.gobiernodecanarias.org\/educacion\/9\/Usr\/eltanque\/pizarradigital\/NumDec5\/mas_actividades\/menor\/Menor_que.html\" target=\"_blank\">COMPARACI\u00d3N DE DECIMALES II<\/a><\/li>\n<li><a href=\"http:\/\/www.primaria.librosvivos.net\/Comparar_numeros_decimales.html\" target=\"_blank\">COMPARAR N\u00daMEROS DECIMALES<\/a><\/li>\n<\/ul>\n<\/td>\n<\/tr>\n<tr>\n<td width=\"215\" valign=\"top\">Aproximaci\u00f3n de n\u00fameros decimales.<\/td>\n<td width=\"274\" valign=\"top\">\n<ul>\n<li><a href=\"http:\/\/www.isftic.mepsyd.es\/w3\/eos\/MaterialesEducativos\/mem2008\/visualizador_decimales\/aproximaciondecimales.html\" target=\"_blank\">APROXIMACI\u00d3N DE DECIMALES<\/a><\/li>\n<li><a href=\"http:\/\/www.primaria.librosvivos.net\/5EP_Mat_ud6_redondear_decimales_1.html\" target=\"_blank\">REDONDEAR N\u00daMEROS DECIMALES<\/a><\/li>\n<\/ul>\n<\/td>\n<\/tr>\n<tr>\n<td width=\"215\" valign=\"top\">Otras actividades<\/td>\n<td width=\"274\" valign=\"top\">\n<ul>\n<li><a href=\"http:\/\/www.genmagic.net\/mates4\/fraccio_decima_c.swf\" target=\"_blank\">FRACCIONES   DECIMALES<\/a><\/li>\n<li><a href=\"http:\/\/conteni2.educarex.es\/mats\/11794\/contenido\/\" target=\"_blank\">FRACCIONES   Y DECIMALES<\/a><\/li>\n<li><a href=\"http:\/\/w3.cnice.mec.es\/recursos\/primaria\/matematicas\/decimales\/menuu1.html\" target=\"_blank\">LAS D\u00c9CIMAS<\/a><\/li>\n<li><a href=\"http:\/\/www.gobiernodecanarias.org\/educacion\/9\/Usr\/eltanque\/pizarradigital\/NumDec5\/decimas\/decimas_5_p.html\" target=\"_blank\">DECIMAS <\/a><\/li>\n<li><a href=\"http:\/\/www.gobiernodecanarias.org\/educacion\/9\/Usr\/eltanque\/pizarradigital\/NumDec5\/decimas\/actividades_d\/actividades_d1.html\" target=\"_blank\">DECIMAS (II)<\/a><\/li>\n<li><a href=\"http:\/\/www.gobiernodecanarias.org\/educacion\/9\/Usr\/eltanque\/pizarradigital\/NumDec5\/decimas\/actividades_d\/actividades_d2.html\" target=\"_blank\">LECTURA DE DECIMALES<\/a><\/li>\n<li><a href=\"http:\/\/w3.cnice.mec.es\/recursos\/primaria\/matematicas\/decimales\/menuu2.html\" target=\"_blank\">LAS CENT\u00c9SIMAS<\/a><\/li>\n<li><a href=\"http:\/\/w3.cnice.mec.es\/recursos\/primaria\/matematicas\/decimales\/menuu3.html\" target=\"_blank\">LAS MIL\u00c9SIMAS<\/a><\/li>\n<li><a href=\"http:\/\/w3.cnice.mec.es\/recursos\/primaria\/matematicas\/decimales\/menuu4.html\" target=\"_blank\">D\u00c9CIMAS, CENT\u00c9SIMAS Y MIL\u00c9SIMAS<\/a><\/li>\n<li><a href=\"http:\/\/www.gobiernodecanarias.org\/educacion\/9\/Usr\/eltanque\/pizarradigital\/NumDec5\/inicio_m.html\" target=\"_blank\">D\u00c9CIMAS, CENT\u00c9SIMAS Y MIL\u00c9SIMAS (II)<\/a><\/li>\n<li><a href=\"http:\/\/www.skoool.es\/content\/los\/maths\/ordering_dec\/launch.html\" target=\"_blank\">EL ORDEN EN LOS DECIMALES<\/a><\/li>\n<li><a href=\"http:\/\/www.editorialteide.es\/elearning\/Primaria.asp?IdJuego=926&amp;IdTipoJuego=8\" target=\"_blank\">ORDENACI\u00d3N DE DECIMALES<\/a><\/li>\n<li><a href=\"http:\/\/centros3.pntic.mec.es\/cp.antonio.de.ulloa\/webactivhotpot\/raiz\/Hot%20Pot\/MATEMATICAS\/decimales\/indicedecimales.html\" target=\"_blank\">N\u00daMEROS DECIMALES<\/a><\/li>\n<li><a href=\"http:\/\/w3.cnice.mec.es\/recursos\/primaria\/matematicas\/decimales\/menuu5.html\" target=\"_blank\">SUMA Y RESTA<\/a><\/li>\n<li><a href=\"http:\/\/w3.cnice.mec.es\/recursos\/primaria\/matematicas\/decimales\/menuu6.html\" target=\"_blank\">MULTIPLICACI\u00d3N<\/a><\/li>\n<li><a href=\"http:\/\/w3.cnice.mec.es\/recursos\/primaria\/matematicas\/decimales\/menuu7.html\" target=\"_blank\">DIVISI\u00d3N<\/a><\/li>\n<li><a href=\"http:\/\/www.gobiernodecanarias.org\/educacion\/9\/Usr\/eltanque\/pizarradigital\/NumDec5\/euros\/euros_p.html\">EUROS,   C\u00c9NTIMOS Y\u00a0 N\u00daMEROS DECIMALES<\/a><\/li>\n<li><a href=\"http:\/\/w3.cnice.mec.es\/recursos\/primaria\/matematicas\/decimales\/menu.html\" target=\"_blank\">LOS DECIMALES Y EL EURO<\/a><\/li>\n<li><a href=\"http:\/\/www.escolar.com\/matem\/10decima.htm\" target=\"_blank\">N\u00daMEROS   DECIMALES<\/a><\/li>\n<li><a href=\"http:\/\/www.gobiernodecanarias.org\/educacion\/9\/Usr\/eltanque\/todo_mate\/numdec\/numdecim_p.html\" target=\"_blank\">N\u00daMEROS DECIMALES (II)<\/a><\/li>\n<li><a href=\"http:\/\/www.cprcieza.net\/web\/matematicasconjclic\/decimales\/index.htm\" target=\"_blank\">DECIMALES<\/a><\/li>\n<li><a href=\"http:\/\/contenidos.santillanaenred.com\/jukebox\/servlet\/GetPlayer?p3v=true&amp;xref=200602011038_PRE_0_413202053&amp;mode=1&amp;rtc=1001&amp;locale=es_ES&amp;cache=false\" target=\"_blank\">UTILIZAMOS LOS DECIMALES<\/a><\/li>\n<\/ul>\n<\/td>\n<\/tr>\n<\/tbody>\n<\/table>\n","protected":false},"excerpt":{"rendered":"<p>Tema 4 \u201cLos n\u00fameros decimales\u201d MATEM\u00c1TICAS Tema 4 \u201cLos n\u00fameros decimales\u201d CONTENIDOS RECURSOS Las d\u00e9cimas. LEER ESCRIBIR V\u00cdDEO N\u00daMEROS DECIMALES LECTURA, ESCRITURA Y SIGNIFICADO DE N\u00daMERO DECIMAL LAS D\u00c9CIMAS ACTIVIDAD I ACTIVIDAD II ACTIVIDAD III Las cent\u00e9simas. LAS CENT\u00c9SIMAS ACTIVIDAD I ACTIVIDAD II ACTIVIDAD III Las mil\u00e9simas. LAS MIL\u00c9SIMAS ACTIVIDAD I ACTIVIDAD II ACTIVIDAD III [&hellip;]<\/p>\n","protected":false},"author":6,"featured_media":0,"parent":463,"menu_order":4,"comment_status":"open","ping_status":"open","template":"","meta":[],"_links":{"self":[{"href":"https:\/\/cpcorella.educacion.navarra.es\/blogs\/3ciclo\/wp-json\/wp\/v2\/pages\/480"}],"collection":[{"href":"https:\/\/cpcorella.educacion.navarra.es\/blogs\/3ciclo\/wp-json\/wp\/v2\/pages"}],"about":[{"href":"https:\/\/cpcorella.educacion.navarra.es\/blogs\/3ciclo\/wp-json\/wp\/v2\/types\/page"}],"author":[{"embeddable":true,"href":"https:\/\/cpcorella.educacion.navarra.es\/blogs\/3ciclo\/wp-json\/wp\/v2\/users\/6"}],"replies":[{"embeddable":true,"href":"https:\/\/cpcorella.educacion.navarra.es\/blogs\/3ciclo\/wp-json\/wp\/v2\/comments?post=480"}],"version-history":[{"count":0,"href":"https:\/\/cpcorella.educacion.navarra.es\/blogs\/3ciclo\/wp-json\/wp\/v2\/pages\/480\/revisions"}],"up":[{"embeddable":true,"href":"https:\/\/cpcorella.educacion.navarra.es\/blogs\/3ciclo\/wp-json\/wp\/v2\/pages\/463"}],"wp:attachment":[{"href":"https:\/\/cpcorella.educacion.navarra.es\/blogs\/3ciclo\/wp-json\/wp\/v2\/media?parent=480"}],"curies":[{"name":"wp","href":"https:\/\/api.w.org\/{rel}","templated":true}]}}