{"id":476,"date":"2010-01-17T18:15:04","date_gmt":"2010-01-17T18:15:04","guid":{"rendered":"http:\/\/pitagorines.wordpress.com\/?page_id=476"},"modified":"2010-01-17T18:15:04","modified_gmt":"2010-01-17T18:15:04","slug":"tema-3","status":"publish","type":"page","link":"https:\/\/cpcorella.educacion.navarra.es\/blogs\/3ciclo\/quinto\/matematicas\/tema-3\/","title":{"rendered":"Tema 3 \u201cDivisi\u00f3n de n\u00fameros naturales\u201d"},"content":{"rendered":"<h2>Tema 3 \u201cDivisi\u00f3n de n\u00fameros naturales\u201d<\/h2>\n<div><a href=\"http:\/\/irati.pnte.cfnavarra.es\/multiblog\/jrodrig3\/quinto\/matematicas\/tema-3-%e2%80%9cdivision-de-numeros-naturales%e2%80%9d\/#comments\"><br \/>\n<\/a><\/div>\n<table border=\"1\" cellspacing=\"0\" cellpadding=\"0\">\n<tbody>\n<tr>\n<td colspan=\"2\" width=\"489\" valign=\"top\">MATEM\u00c1TICAS Tema 3 \u201cDivisi\u00f3n de n\u00fameros   naturales\u201d<\/td>\n<\/tr>\n<tr>\n<td width=\"215\" valign=\"top\">CONTENIDOS<\/td>\n<td width=\"274\" valign=\"top\">RECURSOS<\/td>\n<\/tr>\n<tr>\n<td width=\"215\" valign=\"top\">Divisi\u00f3n exacta y divisi\u00f3n inexacta.<\/td>\n<td width=\"274\" valign=\"top\">\n<ul>\n<li><a href=\"http:\/\/www.escolar.com\/matem\/06division.htm\" target=\"_blank\">DIVISI\u00d3N   EXACTA E INEXACTA<\/a><\/li>\n<li><a href=\"http:\/\/www.primaria.librosvivos.net\/Division_exacta_y_division_inexacta.html\" target=\"_blank\">DIVISI\u00d3N EXACTA Y DIVISI\u00d3N INEXACTA<\/a><\/li>\n<li><a href=\"http:\/\/www.gobiernodecanarias.org\/educacion\/usr\/eltanque\/ladivision\/ladivision_p.html\" target=\"_blank\">LA DIVISI\u00d3N<\/a><\/li>\n<li><a href=\"http:\/\/www.juntadeandalucia.es\/averroes\/%7E23003429\/educativa\/division2_e.html\" target=\"_blank\">PRACTICAMOS LA DIVISI\u00d3N<\/a><\/li>\n<\/ul>\n<\/td>\n<\/tr>\n<tr>\n<td width=\"215\" valign=\"top\">Propiedad fundamental de la divisi\u00f3n.<\/td>\n<td width=\"274\" valign=\"top\">\n<ul>\n<li><a href=\"http:\/\/aprimaria.iespana.es\/altdiv.htm\" target=\"_blank\">PROPIEDADES   DE LA DIVISI\u00d3N EXACTA<\/a><\/li>\n<li><a href=\"http:\/\/www.editorialteide.es\/elearning\/Primaria.asp?IdJuego=762&amp;IdTipoJuego=8\" target=\"_blank\">PROPIEDADES DE LA DIVISI\u00d3N<\/a><\/li>\n<\/ul>\n<\/td>\n<\/tr>\n<tr>\n<td width=\"215\" valign=\"top\">La divisi\u00f3n con divisores de tres cifras.<\/td>\n<td width=\"274\" valign=\"top\">\n<ul>\n<li><a href=\"http:\/\/www.olmo.arrakis.es\/educativa\/division3.html\" target=\"_blank\">DIVISI\u00d3N   POR TRES CIFRAS<\/a><\/li>\n<li><a href=\"http:\/\/www.gobiernodecanarias.org\/educacion\/9\/Usr\/eltanque\/ladivision\/resuelve\/trescifras\/resuelve_tc_p.html\" target=\"_blank\">DIVISI\u00d3N POR TRES CIFRAS<\/a><\/li>\n<\/ul>\n<\/td>\n<\/tr>\n<tr>\n<td width=\"215\" valign=\"top\">Pr\u00e1ctica de la divisi\u00f3n.<\/td>\n<td width=\"274\" valign=\"top\">\n<ul>\n<li><a href=\"http:\/\/www.educalim.com\/biblioteca\/mate\/mategz.html\" target=\"_blank\">DIVIDE<\/a><\/li>\n<\/ul>\n<\/td>\n<\/tr>\n<tr>\n<td width=\"215\" valign=\"top\"><\/td>\n<td width=\"274\" valign=\"top\">\n<ul>\n<li><a href=\"http:\/\/www.gobiernodecanarias.org\/educacion\/9\/Usr\/eltanque\/todo_mate\/division\/division_p.html\" target=\"_blank\">DIVISI\u00d3N POR LA UNIDAD SEGUIDA DE CEROS<\/a><\/li>\n<li><a href=\"http:\/\/www.gobiernodecanarias.org\/educacion\/9\/Usr\/eltanque\/todo_mate\/usc\/division\/divi_usc_e_p.html\" target=\"_blank\">DIVISI\u00d3N POR LA UNIDAD SEGUIDA DE CEROS<\/a><\/li>\n<\/ul>\n<\/td>\n<\/tr>\n<tr>\n<td width=\"215\" valign=\"top\">Otras actividades.<\/td>\n<td width=\"274\" valign=\"top\">\n<ul>\n<li><a href=\"http:\/\/www.escolar.com\/matem\/06division.htm\" target=\"_blank\">DIVISI\u00d3N DE   N\u00daMEROS NATURALES<\/a><\/li>\n<li><a href=\"http:\/\/endrino.pntic.mec.es\/%7Ehotp0050\/alexander_bruce\/index.htm\" target=\"_blank\">LA DIVISI\u00d3N<\/a><\/li>\n<li><a href=\"http:\/\/descartes.cnice.mec.es\/materiales_didacticos\/naturales2\/division.htm\" target=\"_blank\">DIVISI\u00d3N DE N\u00daMEROS NATURALES<\/a><\/li>\n<li><a href=\"http:\/\/www.gobiernodecanarias.org\/educacion\/9\/Usr\/eltanque\/ladivision\/ladivision_p.html\" target=\"_blank\">LA DIVISI\u00d3N<\/a><\/li>\n<li><a href=\"http:\/\/www.olmo.arrakis.es\/educativa\/division2.html\" target=\"_blank\">DIVISI\u00d3N   POR DOS CIFRAS<\/a><\/li>\n<li><a href=\"http:\/\/www.olmo.arrakis.es\/educativa\/division3.html\" target=\"_blank\">DIVISI\u00d3N   POR TRES CIFRAS<\/a><\/li>\n<li><a href=\"http:\/\/www.gobiernodecanarias.org\/educacion\/9\/Usr\/eltanque\/ladivision\/resuelve\/trescifras\/resuelve_tc_p.html\" target=\"_blank\">DIVISI\u00d3N POR TRES CIFRAS<\/a><\/li>\n<li><a href=\"http:\/\/www.educalim.com\/biblioteca\/mate\/mategz.html\" target=\"_blank\">DIVIDE<\/a><\/li>\n<li><a href=\"http:\/\/aprimaria.iespana.es\/altdiv.htm\" target=\"_blank\">PROPIEDADES   DE LA DIVISI\u00d3N EXACTA<\/a><\/li>\n<li><a href=\"http:\/\/www.editorialteide.es\/elearning\/Primaria.asp?IdJuego=762&amp;IdTipoJuego=8\" target=\"_blank\">PROPIEDADES DE LA DIVISI\u00d3N<\/a><\/li>\n<li><a href=\"http:\/\/www.gobiernodecanarias.org\/educacion\/9\/Usr\/eltanque\/p_nueve\/p_division_p.html\" target=\"_blank\">PRUEBA DEL NUEVE<\/a><\/li>\n<li><a href=\"http:\/\/www.gobiernodecanarias.org\/educacion\/9\/Usr\/eltanque\/todo_mate\/fichas5\/tema_4_5.pdf\" target=\"_blank\">FICHAS PARA IMPRIMIR<\/a><\/li>\n<li><a href=\"http:\/\/www.gobiernodecanarias.org\/educacion\/9\/Usr\/eltanque\/todo_mate\/division\/division_p.html\" target=\"_blank\">DIVISI\u00d3N POR LA UNIDAD SEGUIDA DE CEROS<\/a><\/li>\n<li><a href=\"http:\/\/www.gobiernodecanarias.org\/educacion\/9\/Usr\/eltanque\/todo_mate\/usc\/division\/divi_usc_e_p.html\" target=\"_blank\">DIVISI\u00d3N POR LA UNIDAD SEGUIDA DE CEROS<\/a><\/li>\n<li>ACTIVIDADES   DE REFUERZO<\/li>\n<\/ul>\n<\/td>\n<\/tr>\n<\/tbody>\n<\/table>\n","protected":false},"excerpt":{"rendered":"<p>Tema 3 \u201cDivisi\u00f3n de n\u00fameros naturales\u201d MATEM\u00c1TICAS Tema 3 \u201cDivisi\u00f3n de n\u00fameros naturales\u201d CONTENIDOS RECURSOS Divisi\u00f3n exacta y divisi\u00f3n inexacta. DIVISI\u00d3N EXACTA E INEXACTA DIVISI\u00d3N EXACTA Y DIVISI\u00d3N INEXACTA LA DIVISI\u00d3N PRACTICAMOS LA DIVISI\u00d3N Propiedad fundamental de la divisi\u00f3n. PROPIEDADES DE LA DIVISI\u00d3N EXACTA PROPIEDADES DE LA DIVISI\u00d3N La divisi\u00f3n con divisores de tres cifras. [&hellip;]<\/p>\n","protected":false},"author":6,"featured_media":0,"parent":463,"menu_order":3,"comment_status":"open","ping_status":"open","template":"","meta":[],"_links":{"self":[{"href":"https:\/\/cpcorella.educacion.navarra.es\/blogs\/3ciclo\/wp-json\/wp\/v2\/pages\/476"}],"collection":[{"href":"https:\/\/cpcorella.educacion.navarra.es\/blogs\/3ciclo\/wp-json\/wp\/v2\/pages"}],"about":[{"href":"https:\/\/cpcorella.educacion.navarra.es\/blogs\/3ciclo\/wp-json\/wp\/v2\/types\/page"}],"author":[{"embeddable":true,"href":"https:\/\/cpcorella.educacion.navarra.es\/blogs\/3ciclo\/wp-json\/wp\/v2\/users\/6"}],"replies":[{"embeddable":true,"href":"https:\/\/cpcorella.educacion.navarra.es\/blogs\/3ciclo\/wp-json\/wp\/v2\/comments?post=476"}],"version-history":[{"count":0,"href":"https:\/\/cpcorella.educacion.navarra.es\/blogs\/3ciclo\/wp-json\/wp\/v2\/pages\/476\/revisions"}],"up":[{"embeddable":true,"href":"https:\/\/cpcorella.educacion.navarra.es\/blogs\/3ciclo\/wp-json\/wp\/v2\/pages\/463"}],"wp:attachment":[{"href":"https:\/\/cpcorella.educacion.navarra.es\/blogs\/3ciclo\/wp-json\/wp\/v2\/media?parent=476"}],"curies":[{"name":"wp","href":"https:\/\/api.w.org\/{rel}","templated":true}]}}