{"id":472,"date":"2010-01-17T18:13:32","date_gmt":"2010-01-17T18:13:32","guid":{"rendered":"http:\/\/pitagorines.wordpress.com\/?page_id=472"},"modified":"2010-01-17T18:13:32","modified_gmt":"2010-01-17T18:13:32","slug":"tema-1","status":"publish","type":"page","link":"https:\/\/cpcorella.educacion.navarra.es\/blogs\/3ciclo\/quinto\/matematicas\/tema-1\/","title":{"rendered":"Tema 1 \u201cLos n\u00fameros naturales\u201d"},"content":{"rendered":"<h2>Tema 1 \u201cLos n\u00fameros naturales\u201d<\/h2>\n<div><a href=\"http:\/\/irati.pnte.cfnavarra.es\/multiblog\/jrodrig3\/quinto\/matematicas\/tema-1-%e2%80%9clos-numeros-naturales%e2%80%9d\/#comments\"><br \/>\n<\/a><\/div>\n<table border=\"1\" cellspacing=\"0\" cellpadding=\"0\">\n<tbody>\n<tr>\n<td colspan=\"2\" width=\"489\" valign=\"top\">MATEM\u00c1TICAS Tema 1 \u201cLos n\u00fameros naturales\u201d<\/td>\n<\/tr>\n<tr>\n<td width=\"215\" valign=\"top\">CONTENIDOS<\/td>\n<td width=\"274\" valign=\"top\">RECURSOS<\/td>\n<\/tr>\n<tr>\n<td width=\"215\" valign=\"top\">La utilidad de los n\u00fameros.<\/td>\n<td width=\"274\" valign=\"top\">\n<ul>\n<li><a href=\"http:\/\/www.gobiernodecanarias.org\/educacion\/usr\/eltanque\/todo_mate\/actividades5\/tema1_5_p.html\" target=\"_blank\">LOS N\u00daMEROS<\/a><\/li>\n<li><a href=\"http:\/\/www.gobiernodecanarias.org\/educacion\/usr\/eltanque\/todo_mate\/actividades5\/tema1_P2\/tema1_pr2.swf\" target=\"_blank\">ESCRIBO N\u00daMEROS I<\/a><\/li>\n<li><a href=\"http:\/\/www.gobiernodecanarias.org\/educacion\/usr\/eltanque\/todo_mate\/actividades5\/tema1_P3\/tema1_pr3.swf\" target=\"_blank\">ESCRIBO N\u00daMEROS II<\/a><\/li>\n<li><a href=\"http:\/\/www.juntadeandalucia.es\/averroes\/%7E23003429\/educativa\/Mat_5_1_numeracion.html\" target=\"_blank\">DICTADO DE N\u00daMEROS<\/a><\/li>\n<li><a href=\"http:\/\/www.gobiernodecanarias.org\/educacion\/9\/Usr\/eltanque\/todo_mate\/actividades5\/tema1_P3\/tema1_pr3_p.html\" target=\"_blank\">NUMERACI\u00d3N<\/a><\/li>\n<\/ul>\n<\/td>\n<\/tr>\n<tr>\n<td width=\"215\" valign=\"top\">Los n\u00fameros de hasta seis cifras<\/td>\n<td width=\"274\" valign=\"top\">\n<ul>\n<li><a href=\"http:\/\/www.juntadeandalucia.es\/averroes\/recursos_informaticos\/concurso2005\/34\/nombrenumeros.html\">EL NOMBRE   DE LOS N\u00daMEROS<\/a><\/li>\n<li><a href=\"http:\/\/www.reterioja.com\/personales\/fjrodriguez\/4_curso\/matematicas\/mat_402.htm\" target=\"_blank\">N\u00daMEROS CON 6 Y 7 CIFRAS<\/a><\/li>\n<\/ul>\n<\/td>\n<\/tr>\n<tr>\n<td width=\"215\" valign=\"top\">Comparaci\u00f3n y ordenaci\u00f3n de n\u00fameros.<\/td>\n<td width=\"274\" valign=\"top\">\n<ul>\n<li><a href=\"http:\/\/www.ceipjuanherreraalcausa.es\/Recursosdidacticos\/QUINTO\/Matematicas\/ud01\/0101.htm\" target=\"_blank\">LECTURA, ESCRITURA Y DESCOMPOSICI\u00d3N DE N\u00daMEROS<\/a><\/li>\n<li><a href=\"http:\/\/www.ceipjuanherreraalcausa.es\/Recursosdidacticos\/QUINTO\/Matematicas\/ud01\/0102.htm\" target=\"_blank\">COMPARACI\u00d3N DE N\u00daMEROS<\/a><\/li>\n<\/ul>\n<\/td>\n<\/tr>\n<tr>\n<td width=\"215\" valign=\"top\">N\u00fameros de siete cifras.<\/td>\n<td width=\"274\" valign=\"top\">\n<ul>\n<li><a href=\"http:\/\/www.reterioja.com\/personales\/fjrodriguez\/4_curso\/matematicas\/mat_402.htm\" target=\"_blank\">N\u00daMEROS CON 6 Y 7 CIFRAS<\/a><\/li>\n<\/ul>\n<\/td>\n<\/tr>\n<tr>\n<td width=\"215\" valign=\"top\"><\/td>\n<td width=\"274\" valign=\"top\">\n<ul><\/ul>\n<\/td>\n<\/tr>\n<tr>\n<td width=\"215\" valign=\"top\">Otras actividades.<\/td>\n<td width=\"274\" valign=\"top\">\n<ul>\n<li><a href=\"http:\/\/www.escolar.com\/matem\/03decima.htm\" target=\"_blank\">NUMERACI\u00d3N   DECIMAL<\/a><\/li>\n<li> <a href=\"http:\/\/sauce.pntic.mec.es\/jdiego\/glosario\/valorposicion.swf\" target=\"_blank\">SISTEMAS DE NUMERACI\u00d3N<\/a><\/li>\n<li> <a href=\"http:\/\/clic.xtec.net\/db\/act_es.jsp?id=2069\" target=\"_blank\">NUMERACI\u00d3N<\/a><\/li>\n<li><a href=\"http:\/\/udisatenex.educarex.es\/gseex\/matematicas\/1ESONumerosNaturales\/\" target=\"_blank\">N\u00daMEROS NATURALES<\/a><\/li>\n<li> <a href=\"http:\/\/clic.xtec.net\/db\/act_es.jsp?id=1296\" target=\"_blank\">NUMERACI\u00d3N   ROMANA<\/a><\/li>\n<li><a href=\"http:\/\/www.cplamorana.com\/5primaria_matematicas\/datos\/_all\/10_mate\/30_rdi\/ud01\/0101.htm\" target=\"_blank\">LECTURA ESCRITURA Y DESCOMPOSICI\u00d3N DE N\u00daMEROS<\/a><\/li>\n<li><a href=\"http:\/\/www.gobiernodecanarias.org\/educacion\/9\/Usr\/eltanque\/todo_mate\/actividades5\/tema1_pr1_p.html\" target=\"_blank\">LECTURA Y DESCOMPOSICI\u00d3N DE N\u00daMEROS<\/a><\/li>\n<li><a href=\"http:\/\/www.gobiernodecanarias.org\/educacion\/9\/Usr\/eltanque\/todo_mate\/actividades5\/tema1_P2\/tema1_pr2_p.html\" target=\"_blank\">ESCRIBIR N\u00daMEROS<\/a><\/li>\n<li><a href=\"http:\/\/www.gobiernodecanarias.org\/educacion\/9\/Usr\/eltanque\/todo_mate\/actividades5\/tema1_P3\/tema1_pr3_p.html\" target=\"_blank\">PENSAR Y ESCRIBIR N\u00daMEROS<\/a><\/li>\n<li><a href=\"http:\/\/www.gobiernodecanarias.org\/educacion\/9\/Usr\/eltanque\/todo_mate\/actividades5\/tema1_P4\/tema1_pr4_p.html\" target=\"_blank\">ORDENAR N\u00daMEROS<\/a><\/li>\n<li><a href=\"http:\/\/www.cplamorana.com\/5primaria_matematicas\/datos\/_all\/10_mate\/30_rdi\/ud01\/0102.htm\" target=\"_blank\">ORDENAR N\u00daMEROS (I)<\/a><\/li>\n<li><a href=\"http:\/\/www.olmo.arrakis.es\/educativa\/Mat_5_1_numeracion.html\" target=\"_blank\">DICTADO DE N\u00daMEROS<\/a><\/li>\n<\/ul>\n<\/td>\n<\/tr>\n<\/tbody>\n<\/table>\n","protected":false},"excerpt":{"rendered":"<p>Tema 1 \u201cLos n\u00fameros naturales\u201d MATEM\u00c1TICAS Tema 1 \u201cLos n\u00fameros naturales\u201d CONTENIDOS RECURSOS La utilidad de los n\u00fameros. LOS N\u00daMEROS ESCRIBO N\u00daMEROS I ESCRIBO N\u00daMEROS II DICTADO DE N\u00daMEROS NUMERACI\u00d3N Los n\u00fameros de hasta seis cifras EL NOMBRE DE LOS N\u00daMEROS N\u00daMEROS CON 6 Y 7 CIFRAS Comparaci\u00f3n y ordenaci\u00f3n de n\u00fameros. LECTURA, ESCRITURA Y [&hellip;]<\/p>\n","protected":false},"author":6,"featured_media":0,"parent":463,"menu_order":1,"comment_status":"open","ping_status":"open","template":"","meta":[],"_links":{"self":[{"href":"https:\/\/cpcorella.educacion.navarra.es\/blogs\/3ciclo\/wp-json\/wp\/v2\/pages\/472"}],"collection":[{"href":"https:\/\/cpcorella.educacion.navarra.es\/blogs\/3ciclo\/wp-json\/wp\/v2\/pages"}],"about":[{"href":"https:\/\/cpcorella.educacion.navarra.es\/blogs\/3ciclo\/wp-json\/wp\/v2\/types\/page"}],"author":[{"embeddable":true,"href":"https:\/\/cpcorella.educacion.navarra.es\/blogs\/3ciclo\/wp-json\/wp\/v2\/users\/6"}],"replies":[{"embeddable":true,"href":"https:\/\/cpcorella.educacion.navarra.es\/blogs\/3ciclo\/wp-json\/wp\/v2\/comments?post=472"}],"version-history":[{"count":0,"href":"https:\/\/cpcorella.educacion.navarra.es\/blogs\/3ciclo\/wp-json\/wp\/v2\/pages\/472\/revisions"}],"up":[{"embeddable":true,"href":"https:\/\/cpcorella.educacion.navarra.es\/blogs\/3ciclo\/wp-json\/wp\/v2\/pages\/463"}],"wp:attachment":[{"href":"https:\/\/cpcorella.educacion.navarra.es\/blogs\/3ciclo\/wp-json\/wp\/v2\/media?parent=472"}],"curies":[{"name":"wp","href":"https:\/\/api.w.org\/{rel}","templated":true}]}}