{"id":459,"date":"2010-01-17T18:04:11","date_gmt":"2010-01-17T18:04:11","guid":{"rendered":"http:\/\/pitagorines.wordpress.com\/?page_id=459"},"modified":"2010-01-17T18:04:11","modified_gmt":"2010-01-17T18:04:11","slug":"tema-6","status":"publish","type":"page","link":"https:\/\/cpcorella.educacion.navarra.es\/blogs\/3ciclo\/sexto\/conocimiento\/tema-6\/","title":{"rendered":"Tema 6"},"content":{"rendered":"<p>Tema 6 \u00abLa \u00e9poca de los descubrimientos\u00bb<\/p>\n<p>Contenidos:<\/p>\n<ul>\n<li>Los avances cient\u00edficos, culturales y de mentalidad      ocurridos en la       Edad Moderna.<\/li>\n<li>Caracter\u00edsticas del arte del Renacimiento.<\/li>\n<li>La monarqu\u00eda autoritaria de los Reyes Cat\u00f3licos      (R.R.C.C.) y la unificaci\u00f3n peninsular<\/li>\n<li>Causas de los grandes descubrimientos.<\/li>\n<li>Descubrimientos geogr\u00e1ficos: de las rutas      portuguesas a la primera vuelta al mundo.<\/li>\n<li>Los pueblos precolombinos.<\/li>\n<li>Causas y desarrollo de la colonizaci\u00f3n de Am\u00e9rica.<\/li>\n<\/ul>\n<iframe src=\"https:\/\/www.slideshare.net\/slideshow\/embed_code\/2889788\" width=\"625\" height=\"507\" frameborder=\"0\" marginwidth=\"0\" marginheight=\"0\" scrolling=\"no\"><\/iframe><br\/>\n<p>Recursos:<\/p>\n<p>Un power para repasar el renacimiento:<\/p>\n<iframe src=\"https:\/\/www.slideshare.net\/slideshow\/embed_code\/203709\" width=\"625\" height=\"507\" frameborder=\"0\" marginwidth=\"0\" marginheight=\"0\" scrolling=\"no\"><\/iframe><br\/>\n<iframe src=\"https:\/\/www.slideshare.net\/slideshow\/embed_code\/2889696\" width=\"625\" height=\"507\" frameborder=\"0\" marginwidth=\"0\" marginheight=\"0\" scrolling=\"no\"><\/iframe><br\/>\n<iframe src=\"https:\/\/www.slideshare.net\/slideshow\/embed_code\/2889680\" width=\"625\" height=\"507\" frameborder=\"0\" marginwidth=\"0\" marginheight=\"0\" scrolling=\"no\"><\/iframe><br\/>\n<ul>\n<li><strong><span style=\"text-decoration:underline\"><a href=\"http:\/\/cplosangeles.juntaextremadura.net\/web\/cmedio6\/espana_en_la_edad_moderna\/index.htm\" target=\"_blank\">Espa\u00f1a en la Edad Moderna<\/a><\/span><\/strong><\/li>\n<li><strong><span style=\"text-decoration:underline\"><a href=\"http:\/\/www.educa.jcyl.es\/educacyl\/cm\/gallery\/Recursos%20Infinity\/aplicaciones\/maquina_tiempo\/popup.htm\" target=\"_blank\">La m\u00e1quina del tiempo<\/a><\/span><\/strong><\/li>\n<li><strong><span style=\"text-decoration:underline\"><a href=\"http:\/\/www.librosvivos.net\/smtc\/homeTC.asp?TemaClave=1199\" target=\"_blank\">El renacimiento y la reforma<\/a><\/span><\/strong><\/li>\n<li><strong><span style=\"text-decoration:underline\"><a href=\"http:\/\/www.icarito.cl\/medio\/animacion\/0,0,38035857_0_0_185064576,00.html\" target=\"_blank\">Los viajes de Col\u00f3n<\/a><\/span><\/strong><\/li>\n<\/ul>\n<ul>\n<li><strong><span style=\"text-decoration:underline\"><a href=\"http:\/\/www.clarionweb.es\/6_curso\/c_medio\/cm612\/cm61201.htm\" target=\"_blank\">La \u00e9poca de los descubrimientos<\/a><\/span><\/strong><\/li>\n<li><strong><span style=\"text-decoration:underline\"><a href=\"http:\/\/www.juntadeandalucia.es\/averroes\/html\/adjuntos\/2007\/09\/13\/0030\/descubrimientos\/presentacion.htm\" target=\"_blank\">La \u00e9poca de los descubrimientos (II)<\/a><\/span><\/strong><\/li>\n<li><strong><a href=\"http:\/\/www.clarionweb.es\/6_curso\/jclic6\/c_medio\/tema12\/cm612.htm\" target=\"_blank\">La \u00e9poca de los descubrimientos (Jclic)<\/a><\/strong><\/li>\n<\/ul>\n<p>Aqu\u00ed os dejo varias presentaciones que iremos viendo en clase, OJO, son de este tema y enlazan con el tema siguiente.<\/p>\n<iframe src=\"https:\/\/www.slideshare.net\/slideshow\/embed_code\/125924\" width=\"625\" height=\"507\" frameborder=\"0\" marginwidth=\"0\" marginheight=\"0\" scrolling=\"no\"><\/iframe><br\/>\n<iframe src=\"https:\/\/www.slideshare.net\/slideshow\/embed_code\/1013585\" width=\"625\" height=\"507\" frameborder=\"0\" marginwidth=\"0\" marginheight=\"0\" scrolling=\"no\"><\/iframe><br\/>\n<iframe src=\"https:\/\/www.slideshare.net\/slideshow\/embed_code\/833176\" width=\"625\" height=\"507\" frameborder=\"0\" marginwidth=\"0\" marginheight=\"0\" scrolling=\"no\"><\/iframe><br\/>\n<iframe src=\"https:\/\/www.slideshare.net\/slideshow\/embed_code\/1280576\" width=\"625\" height=\"507\" frameborder=\"0\" marginwidth=\"0\" marginheight=\"0\" scrolling=\"no\"><\/iframe><br\/>\n","protected":false},"excerpt":{"rendered":"<p>Tema 6 \u00abLa \u00e9poca de los descubrimientos\u00bb Contenidos: Los avances cient\u00edficos, culturales y de mentalidad ocurridos en la Edad Moderna. Caracter\u00edsticas del arte del Renacimiento. La monarqu\u00eda autoritaria de los Reyes Cat\u00f3licos (R.R.C.C.) y la unificaci\u00f3n peninsular Causas de los grandes descubrimientos. Descubrimientos geogr\u00e1ficos: de las rutas portuguesas a la primera vuelta al mundo. Los [&hellip;]<\/p>\n","protected":false},"author":6,"featured_media":0,"parent":425,"menu_order":6,"comment_status":"open","ping_status":"open","template":"","meta":[],"_links":{"self":[{"href":"https:\/\/cpcorella.educacion.navarra.es\/blogs\/3ciclo\/wp-json\/wp\/v2\/pages\/459"}],"collection":[{"href":"https:\/\/cpcorella.educacion.navarra.es\/blogs\/3ciclo\/wp-json\/wp\/v2\/pages"}],"about":[{"href":"https:\/\/cpcorella.educacion.navarra.es\/blogs\/3ciclo\/wp-json\/wp\/v2\/types\/page"}],"author":[{"embeddable":true,"href":"https:\/\/cpcorella.educacion.navarra.es\/blogs\/3ciclo\/wp-json\/wp\/v2\/users\/6"}],"replies":[{"embeddable":true,"href":"https:\/\/cpcorella.educacion.navarra.es\/blogs\/3ciclo\/wp-json\/wp\/v2\/comments?post=459"}],"version-history":[{"count":0,"href":"https:\/\/cpcorella.educacion.navarra.es\/blogs\/3ciclo\/wp-json\/wp\/v2\/pages\/459\/revisions"}],"up":[{"embeddable":true,"href":"https:\/\/cpcorella.educacion.navarra.es\/blogs\/3ciclo\/wp-json\/wp\/v2\/pages\/425"}],"wp:attachment":[{"href":"https:\/\/cpcorella.educacion.navarra.es\/blogs\/3ciclo\/wp-json\/wp\/v2\/media?parent=459"}],"curies":[{"name":"wp","href":"https:\/\/api.w.org\/{rel}","templated":true}]}}