{"id":457,"date":"2010-01-17T18:01:17","date_gmt":"2010-01-17T18:01:17","guid":{"rendered":"http:\/\/pitagorines.wordpress.com\/?page_id=457"},"modified":"2010-01-17T18:01:17","modified_gmt":"2010-01-17T18:01:17","slug":"tema-15","status":"publish","type":"page","link":"https:\/\/cpcorella.educacion.navarra.es\/blogs\/3ciclo\/sexto\/lengua\/tema-15\/","title":{"rendered":"Tema 15\u201cEl teatro\u201d"},"content":{"rendered":"<table border=\"1\" cellspacing=\"0\" cellpadding=\"0\">\n<tbody>\n<tr>\n<td colspan=\"2\" width=\"489\" valign=\"top\">LENGUA \u00a0Tema 15   \u201cEl teatro\u201d<\/td>\n<\/tr>\n<tr>\n<td width=\"215\" valign=\"top\">CONTENIDOS<\/td>\n<td width=\"274\" valign=\"top\">RECURSOS<\/td>\n<\/tr>\n<tr>\n<td width=\"215\" valign=\"top\">Gram\u00e1tica:   El estilo directo e indirecto<\/td>\n<td width=\"274\" valign=\"top\">\n<ul>\n<li><\/li>\n<\/ul>\n<\/td>\n<\/tr>\n<tr>\n<td width=\"215\" valign=\"top\">Ortograf\u00eda:   uso de la raya, del par\u00e9ntesis y de las comillas.<\/td>\n<td width=\"274\" valign=\"top\">\n<ul>\n<li><strong><a href=\"http:\/\/catedu.es\/internos\/recursos\/internet_aula\/sd_gq1\/oa06\/versionfinal\/index.html\" target=\"_blank\">LAS COMILLAS<\/a><\/strong><\/li>\n<li><strong><a href=\"http:\/\/roble.pntic.mec.es\/msanto1\/ortografia\/comill.htm\" target=\"_blank\">EL USO DE LAS COMILLAS<\/a><\/strong><\/li>\n<li><strong><a href=\"http:\/\/reglasdeortografia.com\/comillas01.html\" target=\"_blank\">USO DE        LAS COMILLAS<\/a><\/strong><\/li>\n<li><strong><a href=\"http:\/\/reglasdeortografia.com\/comillas05.html\" target=\"_blank\">USO DE        LAS <\/a>COMILLAS<\/strong><\/li>\n<li><strong><a href=\"http:\/\/catedu.es\/internos\/recursos\/internet_aula\/sd_gq1\/oa05\/versionfinal\/index.html\" target=\"_blank\">LOS PAR\u00c9NTESIS<\/a><\/strong><\/li>\n<li><strong><a href=\"http:\/\/roble.pntic.mec.es\/msanto1\/ortografia\/paren.htm\" target=\"_blank\">EL USO DEL PAR\u00c9NTESIS<\/a><\/strong><\/li>\n<li><strong><a href=\"http:\/\/roble.pntic.mec.es\/msanto1\/ortografia\/paren.htm\" target=\"_blank\">USO DE PAR\u00c9NTESIS<\/a><\/strong><\/li>\n<li><strong><a href=\"http:\/\/reglasdeortografia.com\/parentesis01.php\" target=\"_blank\">LOS        PAR\u00c9NTESIS<\/a><\/strong><\/li>\n<li><strong><a href=\"http:\/\/reglasdeortografia.com\/parentesis02.php\" target=\"_blank\">LOS        PAR\u00c9NTESIS<\/a><\/strong><\/li>\n<li><strong><a href=\"http:\/\/reglasdeortografia.com\/parentesis03.html\" target=\"_blank\">LOS        PAR\u00c9NTESIS<\/a><\/strong><\/li>\n<li><strong> <\/strong><\/li>\n<\/ul>\n<\/td>\n<\/tr>\n<tr>\n<td width=\"215\" valign=\"top\">L\u00e9xico:   neologismos y arca\u00edsmos.<\/td>\n<td width=\"274\" valign=\"top\">\n<ul>\n<li><strong><a href=\"http:\/\/obneo.iula.upf.edu\/spes\/\" target=\"_blank\">DICCIONARIO DE NEOLOGISMOS<\/a><\/strong><\/li>\n<li><strong><a href=\"http:\/\/cvc.cervantes.es\/obref\/banco_neologismos\/\" target=\"_blank\">BANCO        DE NEOLOGISMOS<\/a><\/strong><\/li>\n<li><strong> <\/strong><\/li>\n<\/ul>\n<\/td>\n<\/tr>\n<tr>\n<td width=\"215\" valign=\"top\"><\/td>\n<td width=\"274\" valign=\"top\">\n<ul>\n<li><\/li>\n<\/ul>\n<\/td>\n<\/tr>\n<tr>\n<td width=\"215\" valign=\"top\"><\/td>\n<td width=\"274\" valign=\"top\"><\/td>\n<\/tr>\n<tr>\n<td width=\"215\" valign=\"top\">Otras actividades.<\/td>\n<td width=\"274\" valign=\"top\"><\/td>\n<\/tr>\n<\/tbody>\n<\/table>\n<p>Recursos:<\/p>\n<ul>\n<li>\n<div><strong><a href=\"http:\/\/obneo.iula.upf.edu\/spes\/\" target=\"_blank\">Diccionario de neologismos<\/a><\/strong><\/div>\n<\/li>\n<li>\n<div><strong><a href=\"http:\/\/cvc.cervantes.es\/obref\/banco_neologismos\/\" target=\"_blank\">Banco de neologismos<\/a><\/strong><\/div>\n<\/li>\n<\/ul>\n<ul>\n<li>\n<div><strong><strong><a href=\"http:\/\/catedu.es\/internos\/recursos\/internet_aula\/sd_gq1\/oa06\/versionfinal\/index.html\" target=\"_blank\">Las comillas<\/a><\/strong><\/strong><\/div>\n<\/li>\n<li>\n<div><strong><strong><a href=\"http:\/\/roble.pntic.mec.es\/msanto1\/ortografia\/comill.htm\" target=\"_blank\">El uso de las comillas<\/a><\/strong><\/strong><\/div>\n<\/li>\n<li>\n<div><strong><strong><a href=\"http:\/\/reglasdeortografia.com\/comillas01.html\" target=\"_blank\">Uso de las comillas<\/a><\/strong><\/strong><\/div>\n<\/li>\n<li>\n<div><strong><strong><a href=\"http:\/\/reglasdeortografia.com\/comillas05.html\" target=\"_blank\">Uso de las <\/a>comillas<\/strong><\/strong><\/div>\n<\/li>\n<li>\n<div><strong><strong><a href=\"http:\/\/catedu.es\/internos\/recursos\/internet_aula\/sd_gq1\/oa05\/versionfinal\/index.html\" target=\"_blank\">Los par\u00e9ntesis<\/a><\/strong><\/strong><\/div>\n<\/li>\n<li>\n<div><strong><strong><a href=\"http:\/\/roble.pntic.mec.es\/msanto1\/ortografia\/paren.htm\" target=\"_blank\">El uso del par\u00e9ntesis<\/a><\/strong><\/strong><\/div>\n<\/li>\n<li>\n<div><strong><strong><a href=\"http:\/\/roble.pntic.mec.es\/msanto1\/ortografia\/paren.htm\" target=\"_blank\">Uso de par\u00e9ntesis<\/a><\/strong><\/strong><\/div>\n<\/li>\n<li>\n<div><strong><strong><a href=\"http:\/\/reglasdeortografia.com\/parentesis01.php\" target=\"_blank\">Los par\u00e9ntesis<\/a><\/strong><\/strong><\/div>\n<\/li>\n<li>\n<div><strong><strong><a href=\"http:\/\/reglasdeortografia.com\/parentesis02.php\" target=\"_blank\">Los par\u00e9ntesis<\/a><\/strong><\/strong><\/div>\n<\/li>\n<li>\n<div><strong><strong><a href=\"http:\/\/reglasdeortografia.com\/parentesis03.html\" target=\"_blank\">Los par\u00e9ntesis<\/a><\/strong><\/strong><\/div>\n<\/li>\n<\/ul>\n","protected":false},"excerpt":{"rendered":"<p>LENGUA \u00a0Tema 15 \u201cEl teatro\u201d CONTENIDOS RECURSOS Gram\u00e1tica: El estilo directo e indirecto Ortograf\u00eda: uso de la raya, del par\u00e9ntesis y de las comillas. LAS COMILLAS EL USO DE LAS COMILLAS USO DE LAS COMILLAS USO DE LAS COMILLAS LOS PAR\u00c9NTESIS EL USO DEL PAR\u00c9NTESIS USO DE PAR\u00c9NTESIS LOS PAR\u00c9NTESIS LOS PAR\u00c9NTESIS LOS PAR\u00c9NTESIS L\u00e9xico: [&hellip;]<\/p>\n","protected":false},"author":6,"featured_media":0,"parent":423,"menu_order":15,"comment_status":"open","ping_status":"open","template":"","meta":[],"_links":{"self":[{"href":"https:\/\/cpcorella.educacion.navarra.es\/blogs\/3ciclo\/wp-json\/wp\/v2\/pages\/457"}],"collection":[{"href":"https:\/\/cpcorella.educacion.navarra.es\/blogs\/3ciclo\/wp-json\/wp\/v2\/pages"}],"about":[{"href":"https:\/\/cpcorella.educacion.navarra.es\/blogs\/3ciclo\/wp-json\/wp\/v2\/types\/page"}],"author":[{"embeddable":true,"href":"https:\/\/cpcorella.educacion.navarra.es\/blogs\/3ciclo\/wp-json\/wp\/v2\/users\/6"}],"replies":[{"embeddable":true,"href":"https:\/\/cpcorella.educacion.navarra.es\/blogs\/3ciclo\/wp-json\/wp\/v2\/comments?post=457"}],"version-history":[{"count":0,"href":"https:\/\/cpcorella.educacion.navarra.es\/blogs\/3ciclo\/wp-json\/wp\/v2\/pages\/457\/revisions"}],"up":[{"embeddable":true,"href":"https:\/\/cpcorella.educacion.navarra.es\/blogs\/3ciclo\/wp-json\/wp\/v2\/pages\/423"}],"wp:attachment":[{"href":"https:\/\/cpcorella.educacion.navarra.es\/blogs\/3ciclo\/wp-json\/wp\/v2\/media?parent=457"}],"curies":[{"name":"wp","href":"https:\/\/api.w.org\/{rel}","templated":true}]}}