{"id":455,"date":"2010-01-17T18:00:45","date_gmt":"2010-01-17T18:00:45","guid":{"rendered":"http:\/\/pitagorines.wordpress.com\/?page_id=455"},"modified":"2010-01-17T18:00:45","modified_gmt":"2010-01-17T18:00:45","slug":"tema-14","status":"publish","type":"page","link":"https:\/\/cpcorella.educacion.navarra.es\/blogs\/3ciclo\/sexto\/lengua\/tema-14\/","title":{"rendered":"Tema 14 \u201c Insectos de f\u00e1bula\u201d"},"content":{"rendered":"<table border=\"1\" cellspacing=\"0\" cellpadding=\"0\">\n<tbody>\n<tr>\n<td colspan=\"2\" width=\"489\" valign=\"top\">LENGUA \u00a0Tema 14 \u201c   Insectos de f\u00e1bula\u201d<\/td>\n<\/tr>\n<tr>\n<td width=\"215\" valign=\"top\">CONTENIDOS<\/td>\n<td width=\"274\" valign=\"top\">RECURSOS<\/td>\n<\/tr>\n<tr>\n<td width=\"215\" valign=\"top\">L\u00e9xico: Pr\u00e9stamos y arcaismos<\/td>\n<td width=\"274\" valign=\"top\">\n<ul>\n<li><strong><a href=\"http:\/\/www.reglasdeortografia.com\/extranjerismos.htm\" target=\"_blank\">EXTRANJERISMOS<\/a><\/strong><\/li>\n<li><strong><a href=\"http:\/\/www.wikilengua.org\/index.php\/Extranjerismos\" target=\"_blank\">EXTRANJERISMOS        (II)<\/a><\/strong><\/li>\n<li><strong><a href=\"http:\/\/obneo.iula.upf.edu\/spes\/\" target=\"_blank\">DICCIONARIO DE NEOLOGISMOS<\/a><\/strong><\/li>\n<li><strong><a href=\"http:\/\/cvc.cervantes.es\/obref\/banco_neologismos\/\" target=\"_blank\">BANCO        DE NEOLOGISMOS<\/a><\/strong><\/li>\n<li><strong> <\/strong><\/li>\n<\/ul>\n<\/td>\n<\/tr>\n<tr>\n<td width=\"215\" valign=\"top\">Gram\u00e1tica:   Palabras que relacionan o enlazan<\/td>\n<td width=\"274\" valign=\"top\">\n<ul>\n<li><strong><a href=\"http:\/\/contenidos.santillanaenred.com\/jukebox\/servlet\/GetPlayer?p3v=true&amp;xref=200601261833_PRE_0_1340490126&amp;mode=1&amp;rtc=1001&amp;locale=es_ES&amp;cache=false\" target=\"_blank\">EL TALLER DE LAS PALABRAS<\/a><\/strong><\/li>\n<li><strong><a href=\"http:\/\/contenidos.santillanaenred.com\/jukebox\/servlet\/GetPlayer?p3v=true&amp;xref=200601261820_AC_0_656184677&amp;mode=1&amp;rtc=1001&amp;locale=es_ES&amp;cache=false\" target=\"_blank\">\u00bfQU\u00c9 SABES DE LAS PALABRAS<\/a><\/strong><\/li>\n<li><strong><a href=\"http:\/\/contenidos.santillanaenred.com\/jukebox\/servlet\/GetPlayer?p3v=true&amp;xref=200601261822_AC_0_-733356518&amp;mode=1&amp;rtc=1001&amp;locale=es_ES&amp;cache=false\" target=\"_blank\">LA HABITACI\u00d3N DE LOS ENLACES<\/a><\/strong><\/li>\n<li><strong><a href=\"http:\/\/contenidos.santillanaenred.com\/jukebox\/servlet\/GetPlayer?p3v=true&amp;xref=200601261822_AC_0_-733356518&amp;mode=1&amp;rtc=1001&amp;locale=es_ES&amp;cache=false\" target=\"_blank\">LOS CONTENEDORES<\/a><\/strong><\/li>\n<li><strong><a href=\"http:\/\/contenidos.santillanaenred.com\/jukebox\/servlet\/GetPlayer?p3v=true&amp;xref=200601261828_AC_0_-1270860235&amp;mode=1&amp;rtc=1001&amp;locale=es_ES&amp;cache=false\" target=\"_blank\">NIDOS PERFECTOS<\/a><\/strong><\/li>\n<li><strong><a href=\"http:\/\/contenidos.santillanaenred.com\/jukebox\/servlet\/GetPlayer?p3v=true&amp;xref=200601261830_AC_0_604361222&amp;mode=1&amp;rtc=1001&amp;locale=es_ES&amp;cache=false\" target=\"_blank\">EL REVISOR<\/a><\/strong><\/li>\n<li><strong> <\/strong><\/li>\n<\/ul>\n<\/td>\n<\/tr>\n<tr>\n<td width=\"215\" valign=\"top\">Ortograf\u00eda:   Uso de la x<\/td>\n<td width=\"274\" valign=\"top\">\n<ul>\n<li><strong><a href=\"http:\/\/www.edu365.cat\/primaria\/muds\/castella\/extraordinaria\/index.htm\" target=\"_blank\">PALABRAS CON \u201cS\u201d Y \u201cX\u201d<\/a><\/strong><\/li>\n<li><strong> <\/strong><\/li>\n<\/ul>\n<\/td>\n<\/tr>\n<tr>\n<td width=\"215\" valign=\"top\"><\/td>\n<td width=\"274\" valign=\"top\">\n<ul>\n<li><\/li>\n<\/ul>\n<\/td>\n<\/tr>\n<tr>\n<td width=\"215\" valign=\"top\"><\/td>\n<td width=\"274\" valign=\"top\"><\/td>\n<\/tr>\n<tr>\n<td width=\"215\" valign=\"top\">Otras actividades.<\/td>\n<td width=\"274\" valign=\"top\"><\/td>\n<\/tr>\n<\/tbody>\n<\/table>\n<ul>\n<li>\n<h2><span style=\"text-decoration:underline\"><a href=\"http:\/\/www.edu365.cat\/primaria\/muds\/castella\/extraordinaria\/index.htm\" target=\"_blank\">Palabras con \u201cs\u201d y \u201cx\u201d<\/a><\/span><\/h2>\n<\/li>\n<\/ul>\n<iframe src=\"https:\/\/www.slideshare.net\/slideshow\/embed_code\/180716\" width=\"625\" height=\"507\" frameborder=\"0\" marginwidth=\"0\" marginheight=\"0\" scrolling=\"no\"><\/iframe><br\/>\n<ul>\n<li>\n<div><strong><span style=\"text-decoration:underline\"><a href=\"http:\/\/www.reglasdeortografia.com\/extranjerismos.htm\" target=\"_blank\">Extranjerismos<\/a><\/span><\/strong><\/div>\n<\/li>\n<li>\n<div><strong><span style=\"text-decoration:underline\"><a href=\"http:\/\/www.wikilengua.org\/index.php\/Extranjerismos\" target=\"_blank\">Extranjerismos (II)<\/a><\/span><\/strong><\/div>\n<\/li>\n<li>\n<div><strong><span style=\"text-decoration:underline\"><a href=\"http:\/\/obneo.iula.upf.edu\/spes\/\" target=\"_blank\">Diccionario de neologismos<\/a><\/span><\/strong><\/div>\n<\/li>\n<li>\n<div><strong><span style=\"text-decoration:underline\"><a href=\"http:\/\/cvc.cervantes.es\/obref\/banco_neologismos\/\" target=\"_blank\">Banco de neologismos<\/a><\/span><\/strong><\/div>\n<\/li>\n<\/ul>\n<iframe src=\"https:\/\/www.slideshare.net\/slideshow\/embed_code\/396428\" width=\"625\" height=\"507\" frameborder=\"0\" marginwidth=\"0\" marginheight=\"0\" scrolling=\"no\"><\/iframe><br\/>\n<iframe src=\"https:\/\/www.slideshare.net\/slideshow\/embed_code\/636420\" width=\"625\" height=\"507\" frameborder=\"0\" marginwidth=\"0\" marginheight=\"0\" scrolling=\"no\"><\/iframe><br\/>\n<ul>\n<li>\n<div><strong><span style=\"text-decoration:underline\"><a href=\"http:\/\/contenidos.santillanaenred.com\/jukebox\/servlet\/GetPlayer?p3v=true&amp;xref=200601261833_PRE_0_1340490126&amp;mode=1&amp;rtc=1001&amp;locale=es_ES&amp;cache=false\" target=\"_blank\">El taller de las palabras<\/a><\/span><\/strong><\/div>\n<\/li>\n<li>\n<div><strong><span style=\"text-decoration:underline\"><a href=\"http:\/\/contenidos.santillanaenred.com\/jukebox\/servlet\/GetPlayer?p3v=true&amp;xref=200601261820_AC_0_656184677&amp;mode=1&amp;rtc=1001&amp;locale=es_ES&amp;cache=false\" target=\"_blank\">\u00bfQu\u00e9 sabes de las palabras<\/a><\/span><\/strong><\/div>\n<\/li>\n<li>\n<div><strong><span style=\"text-decoration:underline\"><a href=\"http:\/\/contenidos.santillanaenred.com\/jukebox\/servlet\/GetPlayer?p3v=true&amp;xref=200601261822_AC_0_-733356518&amp;mode=1&amp;rtc=1001&amp;locale=es_ES&amp;cache=false\" target=\"_blank\">La habitaci\u00f3n de los enlaces<\/a><\/span><\/strong><\/div>\n<\/li>\n<li>\n<div><strong><span style=\"text-decoration:underline\"><a href=\"http:\/\/contenidos.santillanaenred.com\/jukebox\/servlet\/GetPlayer?p3v=true&amp;xref=200601261822_AC_0_-733356518&amp;mode=1&amp;rtc=1001&amp;locale=es_ES&amp;cache=false\" target=\"_blank\">Los contenedores<\/a><\/span><\/strong><\/div>\n<\/li>\n<li>\n<div><strong><span style=\"text-decoration:underline\"><a href=\"http:\/\/contenidos.santillanaenred.com\/jukebox\/servlet\/GetPlayer?p3v=true&amp;xref=200601261828_AC_0_-1270860235&amp;mode=1&amp;rtc=1001&amp;locale=es_ES&amp;cache=false\" target=\"_blank\">Nidos perfectos<\/a><\/span><\/strong><\/div>\n<\/li>\n<li>\n<div><strong><span style=\"text-decoration:underline\"><a href=\"http:\/\/contenidos.santillanaenred.com\/jukebox\/servlet\/GetPlayer?p3v=true&amp;xref=200601261830_AC_0_604361222&amp;mode=1&amp;rtc=1001&amp;locale=es_ES&amp;cache=false\" target=\"_blank\">El revisor<\/a><\/span><\/strong><\/div>\n<\/li>\n<\/ul>\n","protected":false},"excerpt":{"rendered":"<p>LENGUA \u00a0Tema 14 \u201c Insectos de f\u00e1bula\u201d CONTENIDOS RECURSOS L\u00e9xico: Pr\u00e9stamos y arcaismos EXTRANJERISMOS EXTRANJERISMOS (II) DICCIONARIO DE NEOLOGISMOS BANCO DE NEOLOGISMOS Gram\u00e1tica: Palabras que relacionan o enlazan EL TALLER DE LAS PALABRAS \u00bfQU\u00c9 SABES DE LAS PALABRAS LA HABITACI\u00d3N DE LOS ENLACES LOS CONTENEDORES NIDOS PERFECTOS EL REVISOR Ortograf\u00eda: Uso de la x PALABRAS [&hellip;]<\/p>\n","protected":false},"author":6,"featured_media":0,"parent":423,"menu_order":14,"comment_status":"open","ping_status":"open","template":"","meta":[],"_links":{"self":[{"href":"https:\/\/cpcorella.educacion.navarra.es\/blogs\/3ciclo\/wp-json\/wp\/v2\/pages\/455"}],"collection":[{"href":"https:\/\/cpcorella.educacion.navarra.es\/blogs\/3ciclo\/wp-json\/wp\/v2\/pages"}],"about":[{"href":"https:\/\/cpcorella.educacion.navarra.es\/blogs\/3ciclo\/wp-json\/wp\/v2\/types\/page"}],"author":[{"embeddable":true,"href":"https:\/\/cpcorella.educacion.navarra.es\/blogs\/3ciclo\/wp-json\/wp\/v2\/users\/6"}],"replies":[{"embeddable":true,"href":"https:\/\/cpcorella.educacion.navarra.es\/blogs\/3ciclo\/wp-json\/wp\/v2\/comments?post=455"}],"version-history":[{"count":0,"href":"https:\/\/cpcorella.educacion.navarra.es\/blogs\/3ciclo\/wp-json\/wp\/v2\/pages\/455\/revisions"}],"up":[{"embeddable":true,"href":"https:\/\/cpcorella.educacion.navarra.es\/blogs\/3ciclo\/wp-json\/wp\/v2\/pages\/423"}],"wp:attachment":[{"href":"https:\/\/cpcorella.educacion.navarra.es\/blogs\/3ciclo\/wp-json\/wp\/v2\/media?parent=455"}],"curies":[{"name":"wp","href":"https:\/\/api.w.org\/{rel}","templated":true}]}}