{"id":447,"date":"2010-01-17T17:57:28","date_gmt":"2010-01-17T17:57:28","guid":{"rendered":"http:\/\/pitagorines.wordpress.com\/?page_id=447"},"modified":"2010-01-17T17:57:28","modified_gmt":"2010-01-17T17:57:28","slug":"tema-10","status":"publish","type":"page","link":"https:\/\/cpcorella.educacion.navarra.es\/blogs\/3ciclo\/sexto\/lengua\/tema-10\/","title":{"rendered":"Tema 10 \u201c \u00a1Qu\u00e9 cuco el cuco!\u201d"},"content":{"rendered":"<table border=\"1\" cellspacing=\"0\" cellpadding=\"0\">\n<tbody>\n<tr>\n<td colspan=\"2\" width=\"489\" valign=\"top\">LENGUA Tema 10 \u201c \u00a1Qu\u00e9 cuco el cuco!\u201d<\/td>\n<\/tr>\n<tr>\n<td width=\"215\" valign=\"top\">CONTENIDOS<\/td>\n<td width=\"274\" valign=\"top\">RECURSOS<\/td>\n<\/tr>\n<tr>\n<td width=\"215\" valign=\"top\">Gram\u00e1tica:   Los adverbios y las locuciones adverbiales<\/td>\n<td width=\"274\" valign=\"top\">\n<ul>\n<li><strong><a href=\"http:\/\/contenidos.santillanaenred.com\/jukebox\/servlet\/GetPlayer?p3v=true&amp;xref=200601261800_PRE_0_923856748&amp;mode=1&amp;rtc=1001&amp;locale=es_ES&amp;cache=false\" target=\"_blank\">C\u00d3MO, CU\u00c1NTO, CUANDO, D\u00d3NDE?<\/a> <\/strong><\/li>\n<li><strong><a href=\"http:\/\/contenidos.santillanaenred.com\/jukebox\/servlet\/GetPlayer?p3v=true&amp;xref=200601261800_PRE_0_923856748&amp;mode=1&amp;rtc=1001&amp;locale=es_ES&amp;cache=false\" target=\"_blank\">JUGANDO CON LOS ADVERBIOS<\/a><\/strong><\/li>\n<li><strong><a href=\"http:\/\/contenidos.santillanaenred.com\/jukebox\/servlet\/GetPlayer?p3v=true&amp;xref=200601261749_AC_0_1658567848&amp;mode=1&amp;rtc=1001&amp;locale=es_ES&amp;cache=false\" target=\"_blank\">LA M\u00c1QUINA DE \u201cMENTE\u201d<\/a><\/strong><\/li>\n<li><strong><a href=\"http:\/\/contenidos.santillanaenred.com\/jukebox\/servlet\/GetPlayer?p3v=true&amp;xref=200601261752_AC_0_-1783443287&amp;mode=1&amp;rtc=1001&amp;locale=es_ES&amp;cache=false\" target=\"_blank\">MI HABITACI\u00d3N<\/a><\/strong><\/li>\n<li><strong><a href=\"http:\/\/contenidos.santillanaenred.com\/jukebox\/servlet\/GetPlayer?p3v=true&amp;xref=200601261752_AC_0_-1783443287&amp;mode=1&amp;rtc=1001&amp;locale=es_ES&amp;cache=false\" target=\"_blank\">EL BOSQUE<\/a><\/strong><\/li>\n<li><strong><a href=\"http:\/\/contenidos.santillanaenred.com\/jukebox\/servlet\/GetPlayer?p3v=true&amp;xref=200601261752_AC_0_-1783443287&amp;mode=1&amp;rtc=1001&amp;locale=es_ES&amp;cache=false\" target=\"_blank\">MIRANDO CUADROS<\/a><\/strong><\/li>\n<li><strong><a href=\"http:\/\/cplosangeles.juntaextremadura.net\/web\/lengua6\/adverbio\/indice.htm\" target=\"_blank\">ADVERBIOS<\/a><\/strong><\/li>\n<\/ul>\n<\/td>\n<\/tr>\n<tr>\n<td width=\"215\" valign=\"top\">Ortograf\u00eda:   Uso de la \u201cb\u201d y de la \u201cv\u201d<\/td>\n<td width=\"274\" valign=\"top\">\n<ul>\n<li><strong><a href=\"http:\/\/reglasdeortografia.com\/v04a.html\" target=\"_blank\">USO DE LA \u201cV\u201d<\/a><\/strong><\/li>\n<li><strong><a href=\"http:\/\/reglasdeortografia.com\/v05a.html\" target=\"_blank\">USO DE LA\u00a0 \u201cV\u201d<\/a><\/strong><\/li>\n<li><strong><a href=\"http:\/\/reglasdeortografia.com\/v07a.html\" target=\"_blank\">USO DE LA \u201d V\u201d<\/a><\/strong><\/li>\n<li><strong><a href=\"http:\/\/reglasdeortografia.com\/v10a.html\" target=\"_blank\">USO DE LA \u201d V\u201d<\/a> <\/strong><\/li>\n<li><strong><a href=\"http:\/\/reglasdeortografia.com\/ortoindice.html\" target=\"_blank\">REGLAS\u00a0        DE ORTOGRAF\u00cdA<\/a><\/strong><\/li>\n<li><strong><a href=\"http:\/\/www.educadormarista.com\/juegos\/vb.html\" target=\"_blank\">JUEGO:        PALABRAS CON B Y CON V<\/a> <\/strong><\/li>\n<li><strong><a href=\"http:\/\/www.supersaber.com\/carreraBV.htm\" target=\"_blank\">JUGAMOS<\/a><\/strong><\/li>\n<li><strong><a href=\"http:\/\/www.aplicaciones.info\/ortogra2\/opal0110.htm\" target=\"_blank\">EJERCICIOS        DE ORTOGRAF\u00cdA DE PALABRAS CON B, V Y W<\/a> <\/strong><\/li>\n<li><strong><a href=\"http:\/\/concurso.cnice.mec.es\/cnice2006\/material100\/index.htm\" target=\"_blank\">EJERCICIOS DE ORTOGRAF\u00cdA: V<\/a> <\/strong><\/li>\n<li><strong><a href=\"http:\/\/www.ceipjuanherreraalcausa.es\/Recursosdidacticos\/QUINTO\/Lengua\/U09\/0902.htm\" target=\"_blank\">USO DE LA V I<\/a> <\/strong><\/li>\n<li><strong><a href=\"http:\/\/www.reglasdeortografia.com\/v13repaso01.html\" target=\"_blank\">USO DE        LA V II<\/a> <\/strong><\/li>\n<li><strong><a href=\"http:\/\/centros3.pntic.mec.es\/cp.antonio.de.ulloa\/webactivhotpot\/raiz\/Hot%20Pot\/lengua6\/ortografia\/bv1.htm\" target=\"_blank\">ESCRIBE B O V<\/a> <\/strong><\/li>\n<li><strong><a href=\"http:\/\/www.xtec.net\/%7Ejgenover\/orto4b.htm\" target=\"_blank\">PALABRAS        CON B Y CON V I<\/a> <\/strong><\/li>\n<li><strong><a href=\"http:\/\/www.ceipjuanherreraalcausa.es\/Recursosdidacticos\/SEXTO\/Lengua\/U09\/0902_01.htm\" target=\"_blank\">PALABRAS CON B Y CON V II<\/a><\/strong><\/li>\n<li><strong><a href=\"http:\/\/www.ceipjuanherreraalcausa.es\/Recursosdidacticos\/SEXTO\/Lengua\/U09\/0902_02.htm\" target=\"_blank\">PALABRAS CON B Y CON V III<\/a><\/strong><\/li>\n<li><strong><a href=\"http:\/\/contenidos.santillanaenred.com\/jukebox\/servlet\/GetPlayer?p3v=true&amp;xref=200601271318_PRE_0_-1688692428&amp;mode=1&amp;rtc=1001&amp;locale=es_ES&amp;cache=false\" target=\"_blank\">\u00bfBACA O VACA?<\/a> <\/strong><\/li>\n<li><strong><a href=\"http:\/\/www.iesitalica.es\/Ejemplos_TIC_Lengua\/Otras\/juegos_en_flash\/vb.swf\" target=\"_blank\">EL USO DE LA B Y V<\/a> <\/strong><\/li>\n<li><strong><a href=\"http:\/\/www.primaria.librosvivos.net\/5EP_len_cas_u10_Palabras_con_v_2.html\" target=\"_blank\">DICTADO I<\/a><\/strong><\/li>\n<li><strong><a href=\"http:\/\/www.primaria.librosvivos.net\/6EP_len_cas_dict_u6_Palabras_con_b_y_v.html\" target=\"_blank\">DICTADO II<\/a><\/strong><\/li>\n<li><strong> <\/strong><\/li>\n<\/ul>\n<\/td>\n<\/tr>\n<tr>\n<td width=\"215\" valign=\"top\">L\u00e9xico:   La derivaci\u00f3n, formaci\u00f3n de adjetivos (II)<\/td>\n<td width=\"274\" valign=\"top\">\n<ul>\n<li><strong><a href=\"http:\/\/www.estudiantes.info\/lengua\/palabras_primitivas_y_derivadas.htm\">PALABRAS        PRIMITIVAS Y DERIVADAS<\/a><\/strong><\/li>\n<li><strong><a href=\"http:\/\/www.xtec.cat\/%7Ejgenover\/derivado1.htm\">PALABRAS        DERIVADAS<\/a><\/strong><\/li>\n<li><strong><a href=\"http:\/\/www.edu365.cat\/primaria\/muds\/castella\/presuf\/index.htm\">PREFIJOS        Y SUFIJOS<\/a><\/strong><\/li>\n<li><strong><a href=\"http:\/\/www.edu365.cat\/primaria\/muds\/castella\/fam_palabras\/index.htm\">FAMILIAS        DE PALABRAS<\/a><\/strong><\/li>\n<li><strong><a href=\"http:\/\/www.culturageneral.net\/prefijossufijos\">PREFIJOS        Y SUFIJOS<\/a><\/strong><\/li>\n<li><strong><a href=\"http:\/\/www.salonhogar.net\/Practica_espanol\/formarpalabras\/derivadasjqz.html\">FORMAR        PALABRAS DERIVADAS<\/a><\/strong><\/li>\n<li><strong><a href=\"http:\/\/roble.pntic.mec.es\/%7Emsanto1\/lengua\/derivada.htm\">PALABRAS        DERIVADAS<\/a><\/strong><\/li>\n<li><strong><a href=\"http:\/\/roble.pntic.mec.es\/%7Emsanto1\/lengua\/-derivad.htm\">PALABRAS        DERIVADAS<\/a><\/strong><\/li>\n<li><strong> <\/strong><\/li>\n<\/ul>\n<\/td>\n<\/tr>\n<tr>\n<td width=\"215\" valign=\"top\">Un cartel   propagand\u00edstico<\/td>\n<td width=\"274\" valign=\"top\">\n<ul>\n<li><strong><a href=\"http:\/\/www.tareas-ya.com\/web_anterior\/www\/noticia.php?noticia_id=1899\" target=\"_blank\">LOS CARTELES<\/a><\/strong><\/li>\n<\/ul>\n<\/td>\n<\/tr>\n<tr>\n<td width=\"215\" valign=\"top\"><\/td>\n<td width=\"274\" valign=\"top\"><\/td>\n<\/tr>\n<tr>\n<td width=\"215\" valign=\"top\">Otras actividades.<\/td>\n<td width=\"274\" valign=\"top\"><\/td>\n<\/tr>\n<\/tbody>\n<\/table>\n<p>Recursos:<\/p>\n<p><strong> <\/strong><\/p>\n<ul>\n<li>\n<h3><a href=\"http:\/\/www.estudiantes.info\/lengua\/palabras_primitivas_y_derivadas.htm\">Palabras primitivas y derivadas<\/a><\/h3>\n<\/li>\n<li>\n<h3><a href=\"http:\/\/www.xtec.cat\/%7Ejgenover\/derivado1.htm\"><span style=\"text-decoration:underline\">Palabras derivadas<\/span><\/a><\/h3>\n<\/li>\n<li>\n<h3><a href=\"http:\/\/www.edu365.cat\/primaria\/muds\/castella\/presuf\/index.htm\"><span style=\"text-decoration:underline\">Prefijos y sufijos<\/span><\/a><\/h3>\n<\/li>\n<li>\n<h3><a href=\"http:\/\/www.edu365.cat\/primaria\/muds\/castella\/fam_palabras\/index.htm\"><span style=\"text-decoration:underline\">Familias de palabras<\/span><\/a><\/h3>\n<\/li>\n<li>\n<h3><a href=\"http:\/\/www.culturageneral.net\/prefijossufijos\"><span style=\"text-decoration:underline\">Prefijos y sufijos<\/span><\/a><\/h3>\n<\/li>\n<li>\n<h3><a href=\"http:\/\/www.salonhogar.net\/Practica_espanol\/formarpalabras\/derivadasjqz.html\">Formar palabras derivadas<\/a><\/h3>\n<\/li>\n<li>\n<h3><a href=\"http:\/\/roble.pntic.mec.es\/%7Emsanto1\/lengua\/derivada.htm\">Palabras derivadas<\/a><\/h3>\n<\/li>\n<li>\n<h3><a href=\"http:\/\/roble.pntic.mec.es\/%7Emsanto1\/lengua\/-derivad.htm\">Palabras derivadas<\/a><\/h3>\n<\/li>\n<\/ul>\n<h3><iframe src=\"https:\/\/www.slideshare.net\/slideshow\/embed_code\/780288\" width=\"625\" height=\"507\" frameborder=\"0\" marginwidth=\"0\" marginheight=\"0\" scrolling=\"no\"><\/iframe><br\/><\/h3>\n<ul>\n<li>\n<h3><strong><strong><span style=\"text-decoration:underline\"><a href=\"http:\/\/contenidos.santillanaenred.com\/jukebox\/servlet\/GetPlayer?p3v=true&amp;xref=200601261800_PRE_0_923856748&amp;mode=1&amp;rtc=1001&amp;locale=es_ES&amp;cache=false\" target=\"_blank\">C\u00f3mo, cu\u00e1nto, cuando, d\u00f3nde?<\/a><\/span><\/strong><\/strong> <strong><strong><span style=\"text-decoration:underline\"> <\/span><\/strong><\/strong><\/h3>\n<\/li>\n<li>\n<h3><strong><strong><span style=\"text-decoration:underline\"><a href=\"http:\/\/contenidos.santillanaenred.com\/jukebox\/servlet\/GetPlayer?p3v=true&amp;xref=200601261800_PRE_0_923856748&amp;mode=1&amp;rtc=1001&amp;locale=es_ES&amp;cache=false\" target=\"_blank\">Jugando con los adverbios<\/a><\/span><\/strong><\/strong><strong><strong> <\/strong><\/strong><\/h3>\n<\/li>\n<li>\n<h3><strong><strong><span style=\"text-decoration:underline\"><a href=\"http:\/\/contenidos.santillanaenred.com\/jukebox\/servlet\/GetPlayer?p3v=true&amp;xref=200601261749_AC_0_1658567848&amp;mode=1&amp;rtc=1001&amp;locale=es_ES&amp;cache=false\" target=\"_blank\">La m\u00e1quina de \u201cmente\u201d<\/a><\/span><\/strong><\/strong><strong><strong> <\/strong><\/strong><\/h3>\n<\/li>\n<li>\n<h3><strong><strong><span style=\"text-decoration:underline\"><a href=\"http:\/\/contenidos.santillanaenred.com\/jukebox\/servlet\/GetPlayer?p3v=true&amp;xref=200601261752_AC_0_-1783443287&amp;mode=1&amp;rtc=1001&amp;locale=es_ES&amp;cache=false\" target=\"_blank\">Mi habitaci\u00f3n<\/a><\/span><\/strong><\/strong><strong><strong> <\/strong><\/strong><\/h3>\n<\/li>\n<li>\n<h3><strong><strong><span style=\"text-decoration:underline\"><a href=\"http:\/\/contenidos.santillanaenred.com\/jukebox\/servlet\/GetPlayer?p3v=true&amp;xref=200601261752_AC_0_-1783443287&amp;mode=1&amp;rtc=1001&amp;locale=es_ES&amp;cache=false\" target=\"_blank\">El bosque<\/a><\/span><\/strong><\/strong><strong><strong><\/strong><\/strong><\/h3>\n<\/li>\n<li>\n<h3><strong><strong><span style=\"text-decoration:underline\"><a href=\"http:\/\/contenidos.santillanaenred.com\/jukebox\/servlet\/GetPlayer?p3v=true&amp;xref=200601261752_AC_0_-1783443287&amp;mode=1&amp;rtc=1001&amp;locale=es_ES&amp;cache=false\" target=\"_blank\">Mirando cuadros<\/a><\/span><\/strong><\/strong><strong><strong><\/strong><\/strong><\/h3>\n<\/li>\n<li>\n<h3><strong><strong><span style=\"text-decoration:underline\"><a href=\"http:\/\/cplosangeles.juntaextremadura.net\/web\/lengua6\/adverbio\/indice.htm\" target=\"_blank\">Adverbios<\/a><\/span><\/strong><\/strong> <strong> <\/strong><\/h3>\n<\/li>\n<li>\n<h3><strong><span style=\"text-decoration:underline\"><strong><a href=\"http:\/\/reglasdeortografia.com\/v04a.html\" target=\"_blank\">Uso de la \u201cv\u201d<\/a><\/strong><\/span><\/strong><strong><\/strong><\/h3>\n<\/li>\n<li>\n<h3><strong><span style=\"text-decoration:underline\"><strong><a href=\"http:\/\/reglasdeortografia.com\/v05a.html\" target=\"_blank\">Uso de la\u00a0 \u201cv\u201d<\/a><\/strong><\/span><\/strong><strong><\/strong><\/h3>\n<\/li>\n<li>\n<h3><strong><span style=\"text-decoration:underline\"><strong><a href=\"http:\/\/reglasdeortografia.com\/v07a.html\" target=\"_blank\">Uso de la \u201d v\u201d<\/a><\/strong><\/span><\/strong><strong><\/strong><\/h3>\n<\/li>\n<li>\n<h3><strong><span style=\"text-decoration:underline\"><strong><a href=\"http:\/\/reglasdeortografia.com\/v10a.html\" target=\"_blank\">Uso de la \u201d v\u201d<\/a><\/strong><\/span><\/strong> <strong><\/strong><\/h3>\n<\/li>\n<li>\n<h3><strong><span style=\"text-decoration:underline\"><strong><a href=\"http:\/\/reglasdeortografia.com\/ortoindice.html\" target=\"_blank\">Reglas\u00a0 de ortograf\u00eda<\/a><\/strong><\/span><\/strong><\/h3>\n<\/li>\n<\/ul>\n","protected":false},"excerpt":{"rendered":"<p>LENGUA Tema 10 \u201c \u00a1Qu\u00e9 cuco el cuco!\u201d CONTENIDOS RECURSOS Gram\u00e1tica: Los adverbios y las locuciones adverbiales C\u00d3MO, CU\u00c1NTO, CUANDO, D\u00d3NDE? JUGANDO CON LOS ADVERBIOS LA M\u00c1QUINA DE \u201cMENTE\u201d MI HABITACI\u00d3N EL BOSQUE MIRANDO CUADROS ADVERBIOS Ortograf\u00eda: Uso de la \u201cb\u201d y de la \u201cv\u201d USO DE LA \u201cV\u201d USO DE LA\u00a0 \u201cV\u201d USO DE [&hellip;]<\/p>\n","protected":false},"author":6,"featured_media":0,"parent":423,"menu_order":10,"comment_status":"open","ping_status":"open","template":"","meta":[],"_links":{"self":[{"href":"https:\/\/cpcorella.educacion.navarra.es\/blogs\/3ciclo\/wp-json\/wp\/v2\/pages\/447"}],"collection":[{"href":"https:\/\/cpcorella.educacion.navarra.es\/blogs\/3ciclo\/wp-json\/wp\/v2\/pages"}],"about":[{"href":"https:\/\/cpcorella.educacion.navarra.es\/blogs\/3ciclo\/wp-json\/wp\/v2\/types\/page"}],"author":[{"embeddable":true,"href":"https:\/\/cpcorella.educacion.navarra.es\/blogs\/3ciclo\/wp-json\/wp\/v2\/users\/6"}],"replies":[{"embeddable":true,"href":"https:\/\/cpcorella.educacion.navarra.es\/blogs\/3ciclo\/wp-json\/wp\/v2\/comments?post=447"}],"version-history":[{"count":0,"href":"https:\/\/cpcorella.educacion.navarra.es\/blogs\/3ciclo\/wp-json\/wp\/v2\/pages\/447\/revisions"}],"up":[{"embeddable":true,"href":"https:\/\/cpcorella.educacion.navarra.es\/blogs\/3ciclo\/wp-json\/wp\/v2\/pages\/423"}],"wp:attachment":[{"href":"https:\/\/cpcorella.educacion.navarra.es\/blogs\/3ciclo\/wp-json\/wp\/v2\/media?parent=447"}],"curies":[{"name":"wp","href":"https:\/\/api.w.org\/{rel}","templated":true}]}}