{"id":445,"date":"2010-01-17T17:56:42","date_gmt":"2010-01-17T17:56:42","guid":{"rendered":"http:\/\/pitagorines.wordpress.com\/?page_id=445"},"modified":"2010-01-17T17:56:42","modified_gmt":"2010-01-17T17:56:42","slug":"tema-09","status":"publish","type":"page","link":"https:\/\/cpcorella.educacion.navarra.es\/blogs\/3ciclo\/sexto\/lengua\/tema-09\/","title":{"rendered":"Tema 9 \u201cDesde mi ventana\u201d"},"content":{"rendered":"<table border=\"1\" cellspacing=\"0\" cellpadding=\"0\">\n<tbody>\n<tr>\n<td colspan=\"2\" width=\"489\" valign=\"top\">LENGUA Tema 9 \u201cDesde mi ventana\u201d<\/td>\n<\/tr>\n<tr>\n<td width=\"215\" valign=\"top\">CONTENIDOS<\/td>\n<td width=\"274\" valign=\"top\">RECURSOS<\/td>\n<\/tr>\n<tr>\n<td width=\"215\" valign=\"top\">Gram\u00e1tica:   El verbo (IV). La voz activa y la voz pasiva<\/td>\n<td width=\"274\" valign=\"top\">\n<ul>\n<li><strong><a href=\"http:\/\/contenidos.santillanaenred.com\/jukebox\/servlet\/GetPlayer?p3v=true&amp;xref=200601261655_PRE_0_925638697&amp;mode=1&amp;rtc=1001&amp;locale=es_ES&amp;cache=false\" target=\"_blank\">FORMAS VERBALES<\/a><\/strong><\/li>\n<li><strong><a href=\"http:\/\/contenidos.santillanaenred.com\/jukebox\/servlet\/GetPlayer?p3v=true&amp;xref=200601261625_AC_0_-143404794&amp;mode=1&amp;rtc=1001&amp;locale=es_ES&amp;cache=false\" target=\"_blank\">CLASIFICAR TIEMPOS VERBALES<\/a><\/strong><\/li>\n<li><strong><a href=\"http:\/\/contenidos.santillanaenred.com\/jukebox\/servlet\/GetPlayer?p3v=true&amp;xref=200601261628_AC_0_-1959505471&amp;mode=1&amp;rtc=1001&amp;locale=es_ES&amp;cache=false\" target=\"_blank\">ANALIZAR VERBOS<\/a><\/strong><\/li>\n<li><strong><a href=\"http:\/\/contenidos.santillanaenred.com\/jukebox\/servlet\/GetPlayer?p3v=true&amp;xref=200601261652_AC_0_501494894&amp;mode=1&amp;rtc=1001&amp;locale=es_ES&amp;cache=false\" target=\"_blank\">ARCHIVANDO VERBOS<\/a><\/strong><\/li>\n<li><strong><a href=\"http:\/\/contenidos.santillanaenred.com\/jukebox\/servlet\/GetPlayer?p3v=true&amp;xref=200601261649_AC_0_-275746448&amp;mode=1&amp;rtc=1001&amp;locale=es_ES&amp;cache=false\" target=\"_blank\">IDENTIFICAR FORMAS VERBALES<\/a><\/strong><\/li>\n<li><strong><a href=\"http:\/\/cplosangeles.juntaextremadura.net\/web\/lengua6\/verbo\/indice.htm\" target=\"_blank\">EL VERBO<\/a><\/strong><\/li>\n<li><strong><a href=\"http:\/\/cplosangeles.juntaextremadura.net\/web\/lengua6\/clasesdeverbos\/indice.htm\" target=\"_blank\">CLASES DE VERBOS<\/a><\/strong><\/li>\n<li><strong><a href=\"http:\/\/www.reterioja.net\/personales\/fjrodriguez\/6_curso\/lenguaje\/verbos\/verbos.htm\" target=\"_blank\">CONJUGACIONES VERBALES<\/a><\/strong><\/li>\n<li><strong><a href=\"http:\/\/cplosangeles.juntaextremadura.net\/web\/lengua6\/conjugacionregular\/indice.htm\" target=\"_blank\">CONJUGACI\u00d3N REGULAR<\/a><\/strong><\/li>\n<li><strong><a href=\"http:\/\/cplosangeles.juntaextremadura.net\/web\/lengua6\/conjugacionirregular\/indice.htm\" target=\"_blank\">CONJUGACI\u00d3N IRREGULAR<\/a><\/strong><\/li>\n<li><strong><a href=\"http:\/\/cplosangeles.juntaextremadura.net\/web\/lengua5\/verbosirregulares\/indice.htm\" target=\"_blank\">LOS VERBOS IRREGULARES<\/a><\/strong><\/li>\n<li><strong><a href=\"http:\/\/www.editorialteide.es\/elearning\/Primaria.asp?IdJuego=843&amp;IdTipoJuego=8\" target=\"_blank\">FORMAS VERBALES<\/a><\/strong><\/li>\n<li><strong> <\/strong><\/li>\n<\/ul>\n<\/td>\n<\/tr>\n<tr>\n<td width=\"215\" valign=\"top\">Ortograf\u00eda:   Uso de la coma y del punto y coma.<\/td>\n<td width=\"274\" valign=\"top\">\n<ul>\n<li><strong><a href=\"http:\/\/roble.pntic.mec.es\/%7Emsanto1\/ortografia\/coma.htm\" target=\"_blank\">LA COMA<\/a> <\/strong><\/li>\n<li><strong> <\/strong><\/li>\n<li><strong><a href=\"http:\/\/www.ceipjuanherreraalcausa.es\/Recursosdidacticos\/SEXTO\/Lengua\/U06\/0602_01.htm\" target=\"_blank\">EL PUNTO Y LA COMA I<\/a> <\/strong><\/li>\n<li><strong><a href=\"http:\/\/www.ceipjuanherreraalcausa.es\/Recursosdidacticos\/SEXTO\/Lengua\/U06\/0602_02.htm\" target=\"_blank\">EL PUNTO Y LA COMA II<\/a><\/strong><\/li>\n<li><strong><a href=\"http:\/\/adigital.pntic.mec.es\/%7Earamo\/ortogra\/ofrase23.htm\" target=\"_blank\">EL PUNTO Y COMA I<\/a><\/strong><\/li>\n<li><strong><a href=\"http:\/\/roble.pntic.mec.es\/%7Emsanto1\/ortografia\/punco.htm\" target=\"_blank\">EL PUNTO Y COMA II<\/a><\/strong><\/li>\n<li><strong><a href=\"http:\/\/www.reglasdeortografia.com\/puntoycoma01.php\" target=\"_blank\">EL        PUNTO Y COMA III<\/a> <\/strong><\/li>\n<li><strong><a href=\"http:\/\/www.reglasdeortografia.com\/puntoycoma03.php\" target=\"_blank\">EL        PUNTO Y COMA IV<\/a><\/strong><\/li>\n<li><strong><a href=\"http:\/\/roble.pntic.mec.es\/%7Emsanto1\/ortografia\/\" target=\"_blank\">REGLAS        Y EJERCICIOS: PUNTUACI\u00d3N<\/a> <\/strong><\/li>\n<li><strong><a href=\"http:\/\/www.ceipjuanherreraalcausa.es\/Recursosdidacticos\/SEXTO\/Lengua\/U07\/0703_01.htm\" target=\"_blank\">SIGNOS DE PUNTUACI\u00d3N I<\/a> <\/strong><\/li>\n<li><strong><a href=\"http:\/\/www.ceipjuanherreraalcausa.es\/Recursosdidacticos\/SEXTO\/Lengua\/U07\/0703_02.htm\" target=\"_blank\">SIGNOS DE PUNTUACI\u00d3N II<\/a><\/strong><\/li>\n<li><strong><a href=\"http:\/\/www.primaria.librosvivos.net\/6EP_len_cas_dict_u12_El_punto_y_coma_2.html\" target=\"_blank\">DICTADO<\/a><\/strong><\/li>\n<li><strong> <\/strong><\/li>\n<\/ul>\n<\/td>\n<\/tr>\n<tr>\n<td width=\"215\" valign=\"top\">L\u00e9xico:   La derivaci\u00f3n, formaci\u00f3n de adjetivos.<\/td>\n<td width=\"274\" valign=\"top\">\n<ul>\n<li><strong><a href=\"http:\/\/www.estudiantes.info\/lengua\/diminutivos-aumentativos-despectivos.htm\" target=\"_blank\">DIMINUTIVOS, AUMENTATIVOS Y DESPECTIVOS<\/a><\/strong><\/li>\n<li><strong><a href=\"http:\/\/www.uv.mx\/eee\/sp_interactivo\/sp_interac_old\/0046.aumentativos-diminutivos.htm\" target=\"_blank\">DIMINUTIVOS Y AUMENTATIVOS<\/a><\/strong><\/li>\n<li><strong><a href=\"http:\/\/www.uv.mx\/eee\/sp_interactivo\/sp_interac_old\/2019_DIMINUTIVOS-02.htm\" target=\"_blank\">DIMINUTIVOS<\/a><\/strong><\/li>\n<li><strong><a href=\"http:\/\/aprimaria.iespana.es\/diminutivos.htm\" target=\"_blank\">DIMINUTIVOS<\/a><\/strong><\/li>\n<li><strong><a href=\"http:\/\/www.ejerciciosortografia.com\/tildes\/interrogativos\/index.html\" target=\"_blank\">EL PUNTO SOBRE LA I<\/a><\/strong><\/li>\n<li><strong><a href=\"http:\/\/www.salonhogar.net\/Practica_espanol\/formarpalabras\/derivadasjqz.html\">FORMAR        PALABRAS DERIVADAS<\/a><\/strong><\/li>\n<li><strong><a href=\"http:\/\/roble.pntic.mec.es\/%7Emsanto1\/lengua\/derivada.htm\">PALABRAS        DERIVADAS<\/a><\/strong><\/li>\n<li><strong><a href=\"http:\/\/roble.pntic.mec.es\/%7Emsanto1\/lengua\/-derivad.htm\">PALABRAS        DERIVADAS<\/a><\/strong><\/li>\n<li><strong> <\/strong><\/li>\n<\/ul>\n<\/td>\n<\/tr>\n<tr>\n<td width=\"215\" valign=\"top\">Un texto   argumentativo<\/td>\n<td width=\"274\" valign=\"top\">\n<ul>\n<li><strong><a href=\"http:\/\/www.librosvivos.net\/smtc\/homeTC.asp?TemaClave=1047\" target=\"_blank\">TEXTOS ARGUMENTATIVOS<\/a><\/strong><\/li>\n<\/ul>\n<\/td>\n<\/tr>\n<tr>\n<td width=\"215\" valign=\"top\"><\/td>\n<td width=\"274\" valign=\"top\"><\/td>\n<\/tr>\n<tr>\n<td width=\"215\" valign=\"top\">Otras actividades.<\/td>\n<td width=\"274\" valign=\"top\"><\/td>\n<\/tr>\n<\/tbody>\n<\/table>\n<p>Recursos:<\/p>\n<ul>\n<li> <a href=\"http:\/\/www.estudiantes.info\/lengua\/diminutivos-aumentativos-despectivos.htm\" target=\"_blank\">Diminutivos, aumentativos y despectivos<\/a><\/li>\n<li> <a href=\"http:\/\/www.uv.mx\/eee\/sp_interactivo\/sp_interac_old\/0046.aumentativos-diminutivos.htm\" target=\"_blank\">Diminutivos y aumentativos<\/a><\/li>\n<li><a href=\"http:\/\/www.uv.mx\/eee\/sp_interactivo\/sp_interac_old\/2019_DIMINUTIVOS-02.htm\" target=\"_blank\">Diminutivos<\/a><\/li>\n<li><a href=\"http:\/\/aprimaria.iespana.es\/diminutivos.htm\" target=\"_blank\">Diminutivos<\/a><\/li>\n<li><a href=\"http:\/\/www.ejerciciosortografia.com\/tildes\/interrogativos\/index.html\" target=\"_blank\">El punto sobre la i<\/a><\/li>\n<\/ul>\n<ul>\n<li>\n<h3><a href=\"http:\/\/www.salonhogar.net\/Practica_espanol\/formarpalabras\/derivadasjqz.html\">Formar palabras derivadas<\/a><\/h3>\n<\/li>\n<li>\n<h3><a href=\"http:\/\/roble.pntic.mec.es\/%7Emsanto1\/lengua\/derivada.htm\">Palabras derivadas<\/a><\/h3>\n<\/li>\n<li>\n<h3><a href=\"http:\/\/roble.pntic.mec.es\/%7Emsanto1\/lengua\/-derivad.htm\">Palabras derivadas<\/a><\/h3>\n<\/li>\n<\/ul>\n<ul>\n<li>\n<div><strong><a href=\"http:\/\/contenidos.santillanaenred.com\/jukebox\/servlet\/GetPlayer?p3v=true&amp;xref=200601261655_PRE_0_925638697&amp;mode=1&amp;rtc=1001&amp;locale=es_ES&amp;cache=false\" target=\"_blank\">Formas verbales<\/a><\/strong><\/div>\n<\/li>\n<li>\n<div><strong><a href=\"http:\/\/contenidos.santillanaenred.com\/jukebox\/servlet\/GetPlayer?p3v=true&amp;xref=200601261625_AC_0_-143404794&amp;mode=1&amp;rtc=1001&amp;locale=es_ES&amp;cache=false\" target=\"_blank\">Clasificar tiempos verbales<\/a><\/strong><\/div>\n<\/li>\n<li>\n<div><strong><a href=\"http:\/\/contenidos.santillanaenred.com\/jukebox\/servlet\/GetPlayer?p3v=true&amp;xref=200601261628_AC_0_-1959505471&amp;mode=1&amp;rtc=1001&amp;locale=es_ES&amp;cache=false\" target=\"_blank\">Analizar verbos<\/a><\/strong><\/div>\n<\/li>\n<li>\n<div><strong><a href=\"http:\/\/contenidos.santillanaenred.com\/jukebox\/servlet\/GetPlayer?p3v=true&amp;xref=200601261652_AC_0_501494894&amp;mode=1&amp;rtc=1001&amp;locale=es_ES&amp;cache=false\" target=\"_blank\">Archivando verbos<\/a><\/strong><\/div>\n<\/li>\n<li>\n<div><strong><a href=\"http:\/\/contenidos.santillanaenred.com\/jukebox\/servlet\/GetPlayer?p3v=true&amp;xref=200601261649_AC_0_-275746448&amp;mode=1&amp;rtc=1001&amp;locale=es_ES&amp;cache=false\" target=\"_blank\">Identificar formas verbales<\/a><\/strong><\/div>\n<\/li>\n<li>\n<div><strong><a href=\"http:\/\/cplosangeles.juntaextremadura.net\/web\/lengua6\/verbo\/indice.htm\" target=\"_blank\">El verbo<\/a><\/strong><\/div>\n<\/li>\n<li>\n<div><strong><a href=\"http:\/\/cplosangeles.juntaextremadura.net\/web\/lengua6\/clasesdeverbos\/indice.htm\" target=\"_blank\">Clases de verbos<\/a><\/strong><\/div>\n<\/li>\n<li>\n<div><strong><a href=\"http:\/\/www.reterioja.net\/personales\/fjrodriguez\/6_curso\/lenguaje\/verbos\/verbos.htm\" target=\"_blank\">Conjugaciones verbales<\/a><\/strong><\/div>\n<\/li>\n<li>\n<div><strong><a href=\"http:\/\/cplosangeles.juntaextremadura.net\/web\/lengua6\/conjugacionregular\/indice.htm\" target=\"_blank\">Conjugaci\u00f3n regular<\/a><\/strong><\/div>\n<\/li>\n<li>\n<div><strong><a href=\"http:\/\/cplosangeles.juntaextremadura.net\/web\/lengua6\/conjugacionirregular\/indice.htm\" target=\"_blank\">Conjugaci\u00f3n irregular<\/a><\/strong><\/div>\n<\/li>\n<li>\n<div><strong><a href=\"http:\/\/cplosangeles.juntaextremadura.net\/web\/lengua5\/verbosirregulares\/indice.htm\" target=\"_blank\">Los verbos irregulares<\/a><\/strong><\/div>\n<\/li>\n<li>\n<div><strong><a href=\"http:\/\/www.editorialteide.es\/elearning\/Primaria.asp?IdJuego=843&amp;IdTipoJuego=8\" target=\"_blank\">Formas verbales<\/a><\/strong><\/div>\n<\/li>\n<li>\n<div><strong> <\/strong><strong><a href=\"http:\/\/www.reglasdeortografia.com\/signos.htm\" target=\"_blank\"><strong>Signos de puntuaci\u00f3n<\/strong><\/a><\/strong><\/div>\n<\/li>\n<li>\n<div><strong><a href=\"http:\/\/roble.pntic.mec.es\/%7Emsanto1\/ortografia\/puntu.htm\" target=\"_blank\"><strong>Signos de puntuaci\u00f3n (II)<\/strong><\/a><\/strong><\/div>\n<\/li>\n<li>\n<div><strong><a href=\"http:\/\/www.aplicaciones.info\/ortogra2\/ortosi.htm\" target=\"_blank\"><strong>Signos de puntuaci\u00f3n (III)<\/strong><\/a><\/strong><\/div>\n<\/li>\n<li>\n<div><strong><a href=\"http:\/\/eljuego.free.fr\/Fichas_gramatica\/FG_puntuacion.htm\" target=\"_blank\"><strong>Signos de puntuaci\u00f3n (IV)<\/strong><\/a><\/strong><\/div>\n<\/li>\n<li>\n<div><strong><a href=\"http:\/\/argentina.aula365.com\/rtev3\/RTE.aspx?uri=\/cursos\/LEGB1A3C02&amp;host=http:\/\/argentina.aula365.com&amp;skin=cvcs.ninos@lengua1&amp;startup=firstlo&amp;FKInstanciaSolucion=0&amp;FKInstanciaGrupo=0&amp;FKInstanciaUsuario=0&amp;FKInstanciaPrograma=0&amp;FKInstanciaCurso=267108\" target=\"_blank\"><strong>Signos de puntuaci\u00f3n (V)<\/strong><\/a><\/strong><\/div>\n<\/li>\n<li>\n<div><strong><a href=\"http:\/\/catedu.es\/internos\/recursos\/internet_aula\/sd_gq1\/oa00\/versionfinal\/\" target=\"_blank\"><strong>Signos de puntuaci\u00f3n (VI)<\/strong><\/a><\/strong><\/div>\n<\/li>\n<\/ul>\n","protected":false},"excerpt":{"rendered":"<p>LENGUA Tema 9 \u201cDesde mi ventana\u201d CONTENIDOS RECURSOS Gram\u00e1tica: El verbo (IV). La voz activa y la voz pasiva FORMAS VERBALES CLASIFICAR TIEMPOS VERBALES ANALIZAR VERBOS ARCHIVANDO VERBOS IDENTIFICAR FORMAS VERBALES EL VERBO CLASES DE VERBOS CONJUGACIONES VERBALES CONJUGACI\u00d3N REGULAR CONJUGACI\u00d3N IRREGULAR LOS VERBOS IRREGULARES FORMAS VERBALES Ortograf\u00eda: Uso de la coma y del punto [&hellip;]<\/p>\n","protected":false},"author":6,"featured_media":0,"parent":423,"menu_order":9,"comment_status":"open","ping_status":"open","template":"","meta":[],"_links":{"self":[{"href":"https:\/\/cpcorella.educacion.navarra.es\/blogs\/3ciclo\/wp-json\/wp\/v2\/pages\/445"}],"collection":[{"href":"https:\/\/cpcorella.educacion.navarra.es\/blogs\/3ciclo\/wp-json\/wp\/v2\/pages"}],"about":[{"href":"https:\/\/cpcorella.educacion.navarra.es\/blogs\/3ciclo\/wp-json\/wp\/v2\/types\/page"}],"author":[{"embeddable":true,"href":"https:\/\/cpcorella.educacion.navarra.es\/blogs\/3ciclo\/wp-json\/wp\/v2\/users\/6"}],"replies":[{"embeddable":true,"href":"https:\/\/cpcorella.educacion.navarra.es\/blogs\/3ciclo\/wp-json\/wp\/v2\/comments?post=445"}],"version-history":[{"count":0,"href":"https:\/\/cpcorella.educacion.navarra.es\/blogs\/3ciclo\/wp-json\/wp\/v2\/pages\/445\/revisions"}],"up":[{"embeddable":true,"href":"https:\/\/cpcorella.educacion.navarra.es\/blogs\/3ciclo\/wp-json\/wp\/v2\/pages\/423"}],"wp:attachment":[{"href":"https:\/\/cpcorella.educacion.navarra.es\/blogs\/3ciclo\/wp-json\/wp\/v2\/media?parent=445"}],"curies":[{"name":"wp","href":"https:\/\/api.w.org\/{rel}","templated":true}]}}