{"id":443,"date":"2010-01-17T17:55:53","date_gmt":"2010-01-17T17:55:53","guid":{"rendered":"http:\/\/pitagorines.wordpress.com\/?page_id=443"},"modified":"2010-01-17T17:55:53","modified_gmt":"2010-01-17T17:55:53","slug":"tema-08","status":"publish","type":"page","link":"https:\/\/cpcorella.educacion.navarra.es\/blogs\/3ciclo\/sexto\/lengua\/tema-08\/","title":{"rendered":"Tema 8 \u201cLa naturaleza y t\u00fa\u201d"},"content":{"rendered":"<table border=\"1\" cellspacing=\"0\" cellpadding=\"0\">\n<tbody>\n<tr>\n<td colspan=\"2\" width=\"489\" valign=\"top\">LENGUA \u00a0Tema 8   \u201cLa naturaleza y t\u00fa\u201d<\/td>\n<\/tr>\n<tr>\n<td width=\"215\" valign=\"top\">CONTENIDOS<\/td>\n<td width=\"274\" valign=\"top\">RECURSOS<\/td>\n<\/tr>\n<tr>\n<td width=\"215\" valign=\"top\">Gram\u00e1tica:El   verbo (III). Verbos regulares, irregulares y defectivos.<\/td>\n<td width=\"274\" valign=\"top\">\n<ul>\n<li><strong><a href=\"http:\/\/contenidos.santillanaenred.com\/jukebox\/servlet\/GetPlayer?p3v=true&amp;xref=200601261655_PRE_0_925638697&amp;mode=1&amp;rtc=1001&amp;locale=es_ES&amp;cache=false\" target=\"_blank\">FORMAS VERBALES<\/a><\/strong><\/li>\n<li><strong><a href=\"http:\/\/contenidos.santillanaenred.com\/jukebox\/servlet\/GetPlayer?p3v=true&amp;xref=200601261625_AC_0_-143404794&amp;mode=1&amp;rtc=1001&amp;locale=es_ES&amp;cache=false\" target=\"_blank\">CLASIFICAR TIEMPOS VERBALES<\/a><\/strong><\/li>\n<li><strong><a href=\"http:\/\/contenidos.santillanaenred.com\/jukebox\/servlet\/GetPlayer?p3v=true&amp;xref=200601261628_AC_0_-1959505471&amp;mode=1&amp;rtc=1001&amp;locale=es_ES&amp;cache=false\" target=\"_blank\">ANALIZAR VERBOS<\/a><\/strong><\/li>\n<li><strong><a href=\"http:\/\/contenidos.santillanaenred.com\/jukebox\/servlet\/GetPlayer?p3v=true&amp;xref=200601261652_AC_0_501494894&amp;mode=1&amp;rtc=1001&amp;locale=es_ES&amp;cache=false\" target=\"_blank\">ARCHIVANDO VERBOS<\/a><\/strong><\/li>\n<li><strong><a href=\"http:\/\/contenidos.santillanaenred.com\/jukebox\/servlet\/GetPlayer?p3v=true&amp;xref=200601261649_AC_0_-275746448&amp;mode=1&amp;rtc=1001&amp;locale=es_ES&amp;cache=false\" target=\"_blank\">IDENTIFICAR FORMAS VERBALES<\/a><\/strong><\/li>\n<li><strong><a href=\"http:\/\/cplosangeles.juntaextremadura.net\/web\/lengua6\/verbo\/indice.htm\" target=\"_blank\">EL VERBO<\/a><\/strong><\/li>\n<li><strong><a href=\"http:\/\/cplosangeles.juntaextremadura.net\/web\/lengua6\/clasesdeverbos\/indice.htm\" target=\"_blank\">CLASES DE VERBOS<\/a><\/strong><\/li>\n<li><strong><a href=\"http:\/\/www.reterioja.net\/personales\/fjrodriguez\/6_curso\/lenguaje\/verbos\/verbos.htm\" target=\"_blank\">CONJUGACIONES VERBALES<\/a><\/strong><\/li>\n<li><strong><a href=\"http:\/\/cplosangeles.juntaextremadura.net\/web\/lengua6\/conjugacionregular\/indice.htm\" target=\"_blank\">CONJUGACI\u00d3N REGULAR<\/a><\/strong><\/li>\n<li><strong><a href=\"http:\/\/cplosangeles.juntaextremadura.net\/web\/lengua6\/conjugacionirregular\/indice.htm\" target=\"_blank\">CONJUGACI\u00d3N IRREGULAR<\/a><\/strong><\/li>\n<li><strong><a href=\"http:\/\/cplosangeles.juntaextremadura.net\/web\/lengua5\/verbosirregulares\/indice.htm\" target=\"_blank\">LOS VERBOS IRREGULARES<\/a><\/strong><\/li>\n<li><strong><a href=\"http:\/\/www.editorialteide.es\/elearning\/Primaria.asp?IdJuego=843&amp;IdTipoJuego=8\" target=\"_blank\">FORMAS VERBALES<\/a><\/strong><\/li>\n<li><strong> <\/strong><\/li>\n<\/ul>\n<\/td>\n<\/tr>\n<tr>\n<td width=\"215\" valign=\"top\">Ortograf\u00eda:   Uso del grupo -cc-<\/td>\n<td width=\"274\" valign=\"top\">\n<ul>\n<li><strong><a href=\"http:\/\/www.profesorenlinea.cl\/swf\/links\/frame_top.php?dest=http%3A\/\/www.profesorenlinea.cl\/tercycuart\/lenguajeycomunicacion\/paraescribiryleerbien\/usodelaC.htm\" target=\"_blank\">USO DE LA \u201cC\u201d<\/a><\/strong><\/li>\n<li><strong><a href=\"http:\/\/adigital.pntic.mec.es\/%7Earamo\/ortogra\/ofrase04.htm\" target=\"_blank\">ORTOGRAF\u00cdA<\/a><\/strong><\/li>\n<li><strong><a href=\"http:\/\/ortoflash.masterd.es\/juego-masterd-ortografia.html\" target=\"_blank\">ORTOFLASH<\/a><\/strong><\/li>\n<li><strong><a href=\"http:\/\/reglasdeortografia.com\/ortoindice.html\" target=\"_blank\">REGLAS        DE ORTOGRAF\u00cdA<\/a><\/strong><\/li>\n<li><strong> <\/strong><\/li>\n<\/ul>\n<\/td>\n<\/tr>\n<tr>\n<td width=\"215\" valign=\"top\">L\u00e9xico:   La derivaci\u00f3n. Formaci\u00f3n de nombres<\/td>\n<td width=\"274\" valign=\"top\">\n<ul>\n<li><strong><a href=\"http:\/\/www.estudiantes.info\/lengua\/palabras_primitivas_y_derivadas.htm\">PALABRAS        PRIMITIVAS Y DERIVADAS<\/a><\/strong><\/li>\n<li><strong><a href=\"http:\/\/www.xtec.cat\/%7Ejgenover\/derivado1.htm\">PALABRAS        DERIVADAS<\/a><\/strong><\/li>\n<li><strong><a href=\"http:\/\/www.edu365.cat\/primaria\/muds\/castella\/presuf\/index.htm\">PREFIJOS        Y SUFIJOS<\/a><\/strong><\/li>\n<li><strong><a href=\"http:\/\/www.edu365.cat\/primaria\/muds\/castella\/fam_palabras\/index.htm\">FAMILIAS        DE PALABRAS<\/a><\/strong><\/li>\n<li><strong><a href=\"http:\/\/www.culturageneral.net\/prefijossufijos\">PREFIJOS        Y SUFIJOS<\/a><\/strong><\/li>\n<li><strong><a href=\"http:\/\/www.salonhogar.net\/Practica_espanol\/formarpalabras\/derivadasjqz.html\">FORMAR        PALABRAS DERIVADAS<\/a><\/strong><\/li>\n<li><strong><a href=\"http:\/\/roble.pntic.mec.es\/%7Emsanto1\/lengua\/derivada.htm\">PALABRAS        DERIVADAS<\/a><\/strong><\/li>\n<li><strong><a href=\"http:\/\/roble.pntic.mec.es\/%7Emsanto1\/lengua\/-derivad.htm\">PALABRAS        DERIVADAS<\/a><\/strong><\/li>\n<li><strong> <\/strong><\/li>\n<\/ul>\n<\/td>\n<\/tr>\n<tr>\n<td width=\"215\" valign=\"top\">An\u00e1lisis de   un poema<\/td>\n<td width=\"274\" valign=\"top\">\n<ul>\n<li><strong><a href=\"http:\/\/adigital.pntic.mec.es\/%7Earamo\/poesia\/poemay23.htm\" target=\"_blank\">RIMAS<\/a><\/strong><\/li>\n<li><strong><a href=\"http:\/\/www.ceipjuanherreraalcausa.es\/Recursosdidacticos\/SEXTO\/Lengua\/U04\/0402_01.htm\" target=\"_blank\">ESTROFAS DE 2, 3 Y 4 VERSOS I<\/a><\/strong><\/li>\n<li><strong><a href=\"http:\/\/www.ceipjuanherreraalcausa.es\/Recursosdidacticos\/SEXTO\/Lengua\/U04\/0402_02.htm\" target=\"_blank\">ESTROFAS DE 2, 3 Y 4 VERSOS II<\/a><\/strong><\/li>\n<li><strong><a href=\"http:\/\/www.librosvivos.net\/smtc\/homeTC.asp?TemaClave=1028\" target=\"_blank\">LA L\u00cdRICA Y EL GRUPO VERBAL<\/a> <\/strong><\/li>\n<li><strong><a href=\"http:\/\/www.iesrodrigocaro.com\/web\/recursos\/flash\/1116_lirica_F8.swf\" target=\"_blank\">TIPOS DE ESTROFAS<\/a> <\/strong><\/li>\n<li><strong> <\/strong><\/li>\n<\/ul>\n<\/td>\n<\/tr>\n<tr>\n<td width=\"215\" valign=\"top\"><\/td>\n<td width=\"274\" valign=\"top\"><\/td>\n<\/tr>\n<tr>\n<td width=\"215\" valign=\"top\">Otras actividades.<\/td>\n<td width=\"274\" valign=\"top\"><\/td>\n<\/tr>\n<\/tbody>\n<\/table>\n<p>Recursos:<\/p>\n<p><strong> <\/strong><\/p>\n<ul>\n<li>\n<h3><a href=\"http:\/\/www.estudiantes.info\/lengua\/palabras_primitivas_y_derivadas.htm\">Palabras primitivas y derivadas<\/a><\/h3>\n<\/li>\n<li>\n<h3><a href=\"http:\/\/www.xtec.cat\/%7Ejgenover\/derivado1.htm\">Palabras derivadas<\/a><\/h3>\n<\/li>\n<li>\n<h3><a href=\"http:\/\/www.edu365.cat\/primaria\/muds\/castella\/presuf\/index.htm\">Prefijos y sufijos<\/a><\/h3>\n<\/li>\n<li>\n<h3><a href=\"http:\/\/www.edu365.cat\/primaria\/muds\/castella\/fam_palabras\/index.htm\">Familias de palabras<\/a><\/h3>\n<\/li>\n<li>\n<h3><a href=\"http:\/\/www.culturageneral.net\/prefijossufijos\">Prefijos y sufijos<\/a><\/h3>\n<\/li>\n<li>\n<h3><a href=\"http:\/\/www.salonhogar.net\/Practica_espanol\/formarpalabras\/derivadasjqz.html\">Formar palabras derivadas<\/a><\/h3>\n<\/li>\n<li>\n<h3><a href=\"http:\/\/roble.pntic.mec.es\/%7Emsanto1\/lengua\/derivada.htm\">Palabras derivadas<\/a><\/h3>\n<\/li>\n<li>\n<h3><a href=\"http:\/\/roble.pntic.mec.es\/%7Emsanto1\/lengua\/-derivad.htm\">Palabras derivadas<\/a><\/h3>\n<\/li>\n<\/ul>\n<ul>\n<li> <strong><a href=\"http:\/\/www.profesorenlinea.cl\/swf\/links\/frame_top.php?dest=http%3A\/\/www.profesorenlinea.cl\/tercycuart\/lenguajeycomunicacion\/paraescribiryleerbien\/usodelaC.htm\" target=\"_blank\">Uso de la \u201cc\u201d<\/a><\/strong><\/li>\n<li> <strong><a href=\"http:\/\/adigital.pntic.mec.es\/%7Earamo\/ortogra\/ofrase04.htm\" target=\"_blank\">Ortograf\u00eda<\/a><\/strong><\/li>\n<li> <strong><a href=\"http:\/\/ortoflash.masterd.es\/juego-masterd-ortografia.html\" target=\"_blank\">Ortoflash<\/a><\/strong><\/li>\n<li> <strong><a href=\"http:\/\/reglasdeortografia.com\/ortoindice.html\" target=\"_blank\">Reglas de ortograf\u00eda<\/a><\/strong><\/li>\n<\/ul>\n<ul>\n<li>\n<div><strong><a href=\"http:\/\/contenidos.santillanaenred.com\/jukebox\/servlet\/GetPlayer?p3v=true&amp;xref=200601261655_PRE_0_925638697&amp;mode=1&amp;rtc=1001&amp;locale=es_ES&amp;cache=false\" target=\"_blank\">Formas verbales<\/a><\/strong><\/div>\n<\/li>\n<li>\n<div><strong><a href=\"http:\/\/contenidos.santillanaenred.com\/jukebox\/servlet\/GetPlayer?p3v=true&amp;xref=200601261625_AC_0_-143404794&amp;mode=1&amp;rtc=1001&amp;locale=es_ES&amp;cache=false\" target=\"_blank\">Clasificar tiempos verbales<\/a><\/strong><\/div>\n<\/li>\n<li>\n<div><strong><a href=\"http:\/\/contenidos.santillanaenred.com\/jukebox\/servlet\/GetPlayer?p3v=true&amp;xref=200601261628_AC_0_-1959505471&amp;mode=1&amp;rtc=1001&amp;locale=es_ES&amp;cache=false\" target=\"_blank\">Analizar verbos<\/a><\/strong><\/div>\n<\/li>\n<li>\n<div><strong><a href=\"http:\/\/contenidos.santillanaenred.com\/jukebox\/servlet\/GetPlayer?p3v=true&amp;xref=200601261652_AC_0_501494894&amp;mode=1&amp;rtc=1001&amp;locale=es_ES&amp;cache=false\" target=\"_blank\">Archivando verbos<\/a><\/strong><\/div>\n<\/li>\n<li>\n<div><strong><a href=\"http:\/\/contenidos.santillanaenred.com\/jukebox\/servlet\/GetPlayer?p3v=true&amp;xref=200601261649_AC_0_-275746448&amp;mode=1&amp;rtc=1001&amp;locale=es_ES&amp;cache=false\" target=\"_blank\">Identificar formas verbales<\/a><\/strong><\/div>\n<\/li>\n<li>\n<div><strong><a href=\"http:\/\/cplosangeles.juntaextremadura.net\/web\/lengua6\/verbo\/indice.htm\" target=\"_blank\">El verbo<\/a><\/strong><\/div>\n<\/li>\n<li>\n<div><strong><a href=\"http:\/\/cplosangeles.juntaextremadura.net\/web\/lengua6\/clasesdeverbos\/indice.htm\" target=\"_blank\">Clases de verbos<\/a><\/strong><\/div>\n<\/li>\n<li>\n<div><strong><a href=\"http:\/\/www.reterioja.net\/personales\/fjrodriguez\/6_curso\/lenguaje\/verbos\/verbos.htm\" target=\"_blank\">Conjugaciones verbales<\/a><\/strong><\/div>\n<\/li>\n<li>\n<div><strong><a href=\"http:\/\/cplosangeles.juntaextremadura.net\/web\/lengua6\/conjugacionregular\/indice.htm\" target=\"_blank\">Conjugaci\u00f3n regular<\/a><\/strong><\/div>\n<\/li>\n<li>\n<div><strong><a href=\"http:\/\/cplosangeles.juntaextremadura.net\/web\/lengua6\/conjugacionirregular\/indice.htm\" target=\"_blank\">Conjugaci\u00f3n irregular<\/a><\/strong><\/div>\n<\/li>\n<li>\n<div><strong><a href=\"http:\/\/cplosangeles.juntaextremadura.net\/web\/lengua5\/verbosirregulares\/indice.htm\" target=\"_blank\">Los verbos irregulares<\/a><\/strong><\/div>\n<\/li>\n<li>\n<div><strong><a href=\"http:\/\/www.editorialteide.es\/elearning\/Primaria.asp?IdJuego=843&amp;IdTipoJuego=8\" target=\"_blank\">Formas verbales<\/a><\/strong><\/div>\n<\/li>\n<\/ul>\n","protected":false},"excerpt":{"rendered":"<p>LENGUA \u00a0Tema 8 \u201cLa naturaleza y t\u00fa\u201d CONTENIDOS RECURSOS Gram\u00e1tica:El verbo (III). Verbos regulares, irregulares y defectivos. FORMAS VERBALES CLASIFICAR TIEMPOS VERBALES ANALIZAR VERBOS ARCHIVANDO VERBOS IDENTIFICAR FORMAS VERBALES EL VERBO CLASES DE VERBOS CONJUGACIONES VERBALES CONJUGACI\u00d3N REGULAR CONJUGACI\u00d3N IRREGULAR LOS VERBOS IRREGULARES FORMAS VERBALES Ortograf\u00eda: Uso del grupo -cc- USO DE LA \u201cC\u201d ORTOGRAF\u00cdA [&hellip;]<\/p>\n","protected":false},"author":6,"featured_media":0,"parent":423,"menu_order":8,"comment_status":"open","ping_status":"open","template":"","meta":[],"_links":{"self":[{"href":"https:\/\/cpcorella.educacion.navarra.es\/blogs\/3ciclo\/wp-json\/wp\/v2\/pages\/443"}],"collection":[{"href":"https:\/\/cpcorella.educacion.navarra.es\/blogs\/3ciclo\/wp-json\/wp\/v2\/pages"}],"about":[{"href":"https:\/\/cpcorella.educacion.navarra.es\/blogs\/3ciclo\/wp-json\/wp\/v2\/types\/page"}],"author":[{"embeddable":true,"href":"https:\/\/cpcorella.educacion.navarra.es\/blogs\/3ciclo\/wp-json\/wp\/v2\/users\/6"}],"replies":[{"embeddable":true,"href":"https:\/\/cpcorella.educacion.navarra.es\/blogs\/3ciclo\/wp-json\/wp\/v2\/comments?post=443"}],"version-history":[{"count":0,"href":"https:\/\/cpcorella.educacion.navarra.es\/blogs\/3ciclo\/wp-json\/wp\/v2\/pages\/443\/revisions"}],"up":[{"embeddable":true,"href":"https:\/\/cpcorella.educacion.navarra.es\/blogs\/3ciclo\/wp-json\/wp\/v2\/pages\/423"}],"wp:attachment":[{"href":"https:\/\/cpcorella.educacion.navarra.es\/blogs\/3ciclo\/wp-json\/wp\/v2\/media?parent=443"}],"curies":[{"name":"wp","href":"https:\/\/api.w.org\/{rel}","templated":true}]}}