{"id":437,"date":"2010-01-17T17:53:41","date_gmt":"2010-01-17T17:53:41","guid":{"rendered":"http:\/\/pitagorines.wordpress.com\/?page_id=437"},"modified":"2010-01-17T17:53:41","modified_gmt":"2010-01-17T17:53:41","slug":"tema-05","status":"publish","type":"page","link":"https:\/\/cpcorella.educacion.navarra.es\/blogs\/3ciclo\/sexto\/lengua\/tema-05\/","title":{"rendered":"Tema 5 \u201c\u00bfQui\u00e9n es Isha?"},"content":{"rendered":"<table border=\"1\" cellspacing=\"0\" cellpadding=\"0\">\n<tbody>\n<tr>\n<td colspan=\"2\" width=\"518\" valign=\"top\">LENGUA \u00a0Tema 5 \u201c\u00bfQui\u00e9n   es Isha?<\/td>\n<\/tr>\n<tr>\n<td width=\"213\" valign=\"top\">CONTENIDOS<\/td>\n<td width=\"305\" valign=\"top\">RECURSOS<\/td>\n<\/tr>\n<tr>\n<td width=\"213\" valign=\"top\">Gram\u00e1tica:   los pronombres.<\/td>\n<td width=\"305\" valign=\"top\">\n<ul>\n<li><strong><a href=\"http:\/\/contenidos.educarex.es\/mci\/2001\/51\/index.html\" target=\"_blank\">LOS PRONOMBRES I<\/a><\/strong><\/li>\n<li><strong><a href=\"http:\/\/clic.xtec.net\/db\/jclicApplet.jsp?project=http:\/\/clic.xtec.net\/projects\/gramat\/jclic\/gramat.jclic.zip&amp;lang=es\" target=\"_blank\">PRONOMBRES<\/a><\/strong><\/li>\n<li><strong><a href=\"http:\/\/www.xtec.net\/%7Ejgenover\/usopron1.htm\" target=\"_blank\">USO DE        LOS PRONOMBRES<\/a><\/strong><\/li>\n<li><strong><a href=\"http:\/\/www.xtec.net\/%7Ejgenover\/suspron1.htm\" target=\"_blank\">SUSTITUYO        POR PRONOMBRES<\/a><\/strong><\/li>\n<li><strong><a href=\"http:\/\/www.xtec.net\/%7Ejgenover\/claspron1.htm\" target=\"_blank\">CLASIFICACI\u00d3N        DE PRONOMBRES<\/a><\/strong><\/li>\n<li><strong><a href=\"http:\/\/www.xtec.net\/%7Ejgenover\/concor3.htm\" target=\"_blank\">CONCORDANCIA        DE LOS PRONOMBRES<\/a><\/strong><\/li>\n<li><strong><a href=\"http:\/\/www.aplicaciones.info\/lengua\/morfo14.htm\" target=\"_blank\">LOS        PRONOMBRES DEMOSTRATIVOS Y POSESIVOS<\/a><\/strong><\/li>\n<li><strong><a href=\"http:\/\/www.librosvivos.net\/smtc\/homeTC.asp?TemaClave=1012\" target=\"_blank\">LOS PRONOMBRES II<\/a><\/strong><\/li>\n<li><strong><a href=\"http:\/\/www.ceipjuanherreraalcausa.es\/Recursosdidacticos\/SEXTO\/Lengua\/U05\/0504_01.htm\" target=\"_blank\">EL PRONOMBRE I<\/a><\/strong><\/li>\n<li><strong><a href=\"http:\/\/www.ceipjuanherreraalcausa.es\/Recursosdidacticos\/SEXTO\/Lengua\/U05\/0504_02.htm\" target=\"_blank\">EL PRONOMBRE II<\/a><\/strong><\/li>\n<li><strong><a href=\"http:\/\/www.primaria.librosvivos.net\/6EP_Len_cas_ud4_Los_Pronombres.html\" target=\"_blank\">LOS PRONOMBRES III<\/a><\/strong><\/li>\n<li><strong><a href=\"http:\/\/www.aplicaciones.info\/lengua\/morfo15.htm\" target=\"_blank\">OTROS        PRONOMBRES<\/a><\/strong><\/li>\n<li><strong><a href=\"http:\/\/www.aplicaciones.info\/lengua\/morfox4.htm\" target=\"_blank\">EXAMEN        DE MORFOLOG\u00cdA<\/a><\/strong><\/li>\n<li><strong><a href=\"http:\/\/www.escueladigital.com.uy\/espaniol\/4_pronombre.htm\" target=\"_blank\">EL PRONOMBRE<\/a> <\/strong><\/li>\n<li><strong><a href=\"http:\/\/roble.pntic.mec.es\/%7Emsanto1\/lengua\/1pronomb.htm\" target=\"_blank\">EL PRONOMBRE<\/a> <\/strong><\/li>\n<li><strong><a href=\"http:\/\/www.escolar.com\/lengua\/19pronom.htm\" target=\"_blank\">LOS        PRONOMBRES<\/a> <\/strong><\/li>\n<li><strong><a href=\"http:\/\/www.estudiantes.info\/lengua\/diminutivos-aumentativos-despectivos.htm\" target=\"_blank\">LOS PRONOMBRES PERSONALES<\/a><\/strong><\/li>\n<\/ul>\n<\/td>\n<\/tr>\n<tr>\n<td width=\"213\" valign=\"top\">Ortograf\u00eda:   Uso de la tilde en las palabras compuestas.<\/td>\n<td width=\"305\" valign=\"top\">\n<ul>\n<li><strong><a href=\"http:\/\/contenidos.educarex.es\/mci\/2006\/08\/tildes\/compuestas\/index.html\" target=\"_blank\"><\/a><\/strong><\/li>\n<li><strong><a href=\"http:\/\/www.desocupadolector.net\/gramatica\/palabras_compuestas01.htm\">ACENTUACI\u00d3N        DE PALABRAS COMPUESTAS 1<\/a><\/strong><\/li>\n<li><strong><a href=\"http:\/\/www.desocupadolector.net\/gramatica\/palabras_compuestas02.htm\">ACENTUACI\u00d3N        DE PALABRAS COMPUESTAS 2<\/a><\/strong><\/li>\n<li><strong><a href=\"http:\/\/www.reglasdeortografia.com\/acentocompuestas02.html\">ACENTUACI\u00d3N        DE PALABRAS COMPUESTAS 3<\/a><\/strong><\/li>\n<li><strong> <\/strong><\/li>\n<\/ul>\n<\/td>\n<\/tr>\n<tr>\n<td width=\"213\" valign=\"top\">L\u00e9xico:   Las siglas y los acr\u00f3nimos.<\/td>\n<td width=\"305\" valign=\"top\">\n<ul>\n<li><strong><a href=\"http:\/\/roble.pntic.mec.es\/%7Emsanto1\/ortografia\/siglas.htm\" target=\"_blank\">SIGLAS Y ACR\u00d3NIMOS<\/a> <\/strong><\/li>\n<li><strong><a href=\"http:\/\/roble.pntic.mec.es\/%7Emsanto1\/ortografia\/abrevi.htm\" target=\"_blank\">ABREVIATURAS<\/a><\/strong><\/li>\n<li><strong><a href=\"http:\/\/www.xtec.net\/%7Ejgenover\/diccio4.htm\" target=\"_blank\">RECONOCER        LAS PRINCIPALES ABREVIATURAS<\/a> <\/strong><\/li>\n<li><strong><a href=\"http:\/\/www.ceipjuanherreraalcausa.es\/Recursosdidacticos\/SEXTO\/Lengua\/U13\/1301_01.htm\" target=\"_blank\">SIGLAS Y ABREVIATURAS I<\/a> <\/strong><\/li>\n<li><strong><a href=\"http:\/\/www.ceipjuanherreraalcausa.es\/Recursosdidacticos\/SEXTO\/Lengua\/U13\/1301_02.htm\" target=\"_blank\">SIGLAS Y ABREVIATURAS II<\/a><\/strong><\/li>\n<li><strong><a href=\"http:\/\/www.librosvivos.net\/smtc\/homeTC.asp?TemaClave=1092\" target=\"_blank\">NORMA Y ORTOGRAF\u00cdA<\/a> <\/strong><\/li>\n<\/ul>\n<\/td>\n<\/tr>\n<tr>\n<td colspan=\"2\" width=\"518\" valign=\"top\"><\/td>\n<\/tr>\n<tr>\n<td colspan=\"2\" width=\"518\" valign=\"top\">\n<table border=\"1\" cellpadding=\"0\" width=\"95%\">\n<tbody>\n<tr>\n<td colspan=\"3\" width=\"562\"><strong>LOS DEMOSTRATIVOS<\/strong><\/td>\n<\/tr>\n<tr>\n<td colspan=\"3\" width=\"562\"><strong>Aplicaci\u00f3n did\u00e1ctica para     alumnos y alumnas de Tercer Ciclo de Educaci\u00f3n Primaria <\/strong><\/td>\n<\/tr>\n<tr>\n<td width=\"30%\"><strong><a href=\"http:\/\/cplosangeles.juntaextremadura.net\/web\/lengua6\/demostrativos\/demostrativos01.htm\">Los     demostrativos 01<\/a><\/strong><strong><br \/>\n<strong><a href=\"http:\/\/cplosangeles.juntaextremadura.net\/web\/lengua6\/demostrativos\/demostrativos02.htm\">Los     demostrativos 02<\/a><\/strong><br \/>\n<strong><a href=\"http:\/\/cplosangeles.juntaextremadura.net\/web\/lengua6\/demostrativos\/demostrativos03.htm\">Los     demostrativos 03<\/a><\/strong><br \/>\n<strong><a href=\"http:\/\/cplosangeles.juntaextremadura.net\/web\/lengua6\/demostrativos\/demostrativos04.htm\">Los     demostrativos 04<\/a><\/strong><br \/>\n<strong><a href=\"http:\/\/cplosangeles.juntaextremadura.net\/web\/lengua6\/demostrativos\/demostrativos05.htm\">Los     demostrativos 05<\/a><\/strong><br \/>\n<strong><a href=\"http:\/\/cplosangeles.juntaextremadura.net\/web\/lengua6\/demostrativos\/demostrativos06.htm\">Los     demostrativos 06<\/a><\/strong><\/strong><\/td>\n<td width=\"37%\"><\/td>\n<td width=\"33%\">\n<h4><strong><a href=\"http:\/\/cplosangeles.juntaextremadura.net\/web\/lengua6\/demostrativos\/demostrativos07.htm\">Los     demostrativos 07<\/a><\/strong><br \/>\n<strong><a href=\"http:\/\/cplosangeles.juntaextremadura.net\/web\/lengua6\/demostrativos\/demostrativos08.htm\">Los     demostrativos 08<\/a><\/strong><br \/>\n<strong><a href=\"http:\/\/cplosangeles.juntaextremadura.net\/web\/lengua6\/demostrativos\/demostrativos09.htm\">Los     demostrativos 09<\/a><\/strong><br \/>\n<strong><a href=\"http:\/\/cplosangeles.juntaextremadura.net\/web\/lengua6\/demostrativos\/demostrativos10.htm\">Los     demostrativos 10<\/a><\/strong><br \/>\n<strong><a href=\"http:\/\/cplosangeles.juntaextremadura.net\/web\/lengua6\/demostrativos\/demostrativos11.htm\">Los     demostrativos 11<\/a><\/strong><\/h4>\n<h4><strong><a href=\"http:\/\/cplosangeles.juntaextremadura.net\/web\/lengua6\/demostrativos\/ayuda.htm\">Ayuda<\/a><\/strong><\/h4>\n<\/td>\n<\/tr>\n<tr>\n<td width=\"30%\"><strong>Florentino S\u00e1nchez Mart\u00edn<\/strong><\/td>\n<td width=\"37%\">C.P. \u201cLos \u00c1ngeles\u201d Caminomorisco<br \/>\n(C\u00e1ceres)<\/td>\n<td width=\"33%\">florentinosanchez @edu.juntaextremadura.net<\/td>\n<\/tr>\n<\/tbody>\n<\/table>\n<\/td>\n<\/tr>\n<tr>\n<td colspan=\"2\" width=\"518\" valign=\"top\"><\/td>\n<\/tr>\n<tr>\n<td colspan=\"2\" width=\"518\" valign=\"top\">\n<table border=\"1\" cellpadding=\"0\" width=\"95%\">\n<tbody>\n<tr>\n<td colspan=\"3\" width=\"534\"><strong>LOS PRONOMBRES PERSONALES<\/strong><\/td>\n<\/tr>\n<tr>\n<td colspan=\"3\" width=\"534\"><strong>Aplicaci\u00f3n did\u00e1ctica para     alumnos y alumnas de Segundo Ciclo de Educaci\u00f3n Primaria <\/strong><\/td>\n<\/tr>\n<tr>\n<td width=\"26%\">\n<h4><a href=\"http:\/\/cplosangeles.juntaextremadura.net\/web\/lengua4\/lospronombrespersonales\/personales01.htm\">Los     p. personales01<\/a><br \/>\n<a href=\"http:\/\/cplosangeles.juntaextremadura.net\/web\/lengua4\/lospronombrespersonales\/personales02.htm\">Los     p. personales02<\/a><br \/>\n<a href=\"http:\/\/cplosangeles.juntaextremadura.net\/web\/lengua4\/lospronombrespersonales\/personales03.htm\">Los     p. personales03<\/a><br \/>\n<a href=\"http:\/\/cplosangeles.juntaextremadura.net\/web\/lengua4\/lospronombrespersonales\/personales04.htm\">Los     p. personales04<\/a><br \/>\n<a href=\"http:\/\/cplosangeles.juntaextremadura.net\/web\/lengua4\/lospronombrespersonales\/personales05.htm\">Los     p. personales05<\/a><\/h4>\n<\/td>\n<td width=\"46%\">\n<h4><strong>Florentino S\u00e1nchez Mart\u00edn<\/strong><\/h4>\n<h4>florentinosanchez     @edu.juntaextremadura.net<\/h4>\n<h4>C.P.     \u201cLos \u00c1ngeles\u201d Caminomorisco<br \/>\n(C\u00e1ceres)<\/h4>\n<\/td>\n<td width=\"28%\">\n<h4><a href=\"http:\/\/cplosangeles.juntaextremadura.net\/web\/lengua4\/lospronombrespersonales\/personales06.htm\">Los     p. personales06<\/a><br \/>\n<a href=\"http:\/\/cplosangeles.juntaextremadura.net\/web\/lengua4\/lospronombrespersonales\/personales07.htm\">Los     p. personales07<\/a><br \/>\n<a href=\"http:\/\/cplosangeles.juntaextremadura.net\/web\/lengua4\/lospronombrespersonales\/personales08.htm\">Los     p. personales08<\/a><\/h4>\n<h4><a href=\"http:\/\/cplosangeles.juntaextremadura.net\/web\/lengua4\/lospronombrespersonales\/ayuda.htm\">Ayuda <\/a><\/h4>\n<\/td>\n<\/tr>\n<\/tbody>\n<\/table>\n<\/td>\n<\/tr>\n<tr>\n<td colspan=\"2\" width=\"518\" valign=\"top\">\n<table border=\"1\" cellpadding=\"0\" width=\"95%\">\n<tbody>\n<tr>\n<td width=\"36\"><\/td>\n<td colspan=\"5\" width=\"433\"><strong>LOS PRONOMBRESPERSONALES<\/strong><\/td>\n<td width=\"0\"><\/td>\n<\/tr>\n<tr>\n<td width=\"36\"><\/td>\n<td colspan=\"5\" width=\"433\"><strong>Aplicaci\u00f3n did\u00e1ctica para alumnos y alumnas de Tercer Ciclo     de Educaci\u00f3n Primaria <\/strong><\/td>\n<td width=\"0\"><\/td>\n<\/tr>\n<tr>\n<td width=\"36\"><\/td>\n<td colspan=\"2\" width=\"120\"><strong><a href=\"http:\/\/cplosangeles.juntaextremadura.net\/web\/lengua5\/pronombrespersonales\/personal01.htm\">Los     pronombres 01<\/a><\/strong><strong><br \/>\n<strong><a href=\"http:\/\/cplosangeles.juntaextremadura.net\/web\/lengua5\/pronombrespersonales\/personal02.htm\">Los     pronombres 02<\/a><\/strong><br \/>\n<strong><a href=\"http:\/\/cplosangeles.juntaextremadura.net\/web\/lengua5\/pronombrespersonales\/personal03.htm\">Los     pronombres 03<\/a><\/strong><br \/>\n<strong><a href=\"http:\/\/cplosangeles.juntaextremadura.net\/web\/lengua5\/pronombrespersonales\/personal04.htm\">Los     pronombres 04<\/a><\/strong><br \/>\n<strong><a href=\"http:\/\/cplosangeles.juntaextremadura.net\/web\/lengua5\/pronombrespersonales\/personal05.htm\">Los     pronombres 05<\/a><\/strong><br \/>\n<strong><a href=\"http:\/\/cplosangeles.juntaextremadura.net\/web\/lengua5\/pronombrespersonales\/personal06.htm\">Los     pronombres 06<\/a><\/strong><\/strong><\/td>\n<td colspan=\"2\" width=\"196\"><\/td>\n<td width=\"113\">\n<h4><strong><a href=\"http:\/\/cplosangeles.juntaextremadura.net\/web\/lengua5\/pronombrespersonales\/personal07.htm\">Los     pronombres 07<\/a><\/strong><br \/>\n<strong><a href=\"http:\/\/cplosangeles.juntaextremadura.net\/web\/lengua5\/pronombrespersonales\/personal08.htm\">Los     pronombres 08<\/a><\/strong><br \/>\n<strong><a href=\"http:\/\/cplosangeles.juntaextremadura.net\/web\/lengua5\/pronombrespersonales\/personal09.htm\">Los     pronombres 09<\/a><\/strong><br \/>\n<strong><a href=\"http:\/\/cplosangeles.juntaextremadura.net\/web\/lengua5\/pronombrespersonales\/personal10.htm\">Los     pronombres 10<\/a><\/strong><br \/>\n<strong><a href=\"http:\/\/cplosangeles.juntaextremadura.net\/web\/lengua5\/pronombrespersonales\/personal11.htm\">Los     pronombres 11<\/a><\/strong><\/h4>\n<h4>\n<strong><a href=\"http:\/\/cplosangeles.juntaextremadura.net\/web\/lengua5\/pronombrespersonales\/ayuda.htm\">Informaci\u00f3n<\/a> <\/strong><\/h4>\n<\/td>\n<td width=\"0\"><\/td>\n<\/tr>\n<tr>\n<td width=\"36\"><\/td>\n<td colspan=\"2\" width=\"120\"><strong>Florentino S\u00e1nchez Mart\u00edn<\/strong><\/td>\n<td colspan=\"2\" width=\"196\">C.P.     \u201cLos \u00c1ngeles\u201d Caminomorisco<br \/>\n(C\u00e1ceres)<\/td>\n<td width=\"113\">florentinosanchez     @edu.juntaextremadura.net<\/td>\n<td width=\"0\"><\/td>\n<\/tr>\n<tr>\n<td colspan=\"7\" width=\"473\"><strong>LOS NUMERALES<\/strong><\/td>\n<\/tr>\n<tr>\n<td colspan=\"7\" width=\"473\"><strong>Aplicaci\u00f3n did\u00e1ctica para alumnos y alumnas de Tercer Ciclo     de Educaci\u00f3n Primaria <\/strong><\/td>\n<\/tr>\n<tr>\n<td colspan=\"2\" width=\"148\"><strong><a href=\"http:\/\/cplosangeles.juntaextremadura.net\/web\/lengua6\/numerales\/numerales01.htm\">Los     numerales 01<\/a><\/strong><strong><br \/>\n<strong><a href=\"http:\/\/cplosangeles.juntaextremadura.net\/web\/lengua6\/numerales\/numerales02.htm\">Los     numerales 02<\/a><\/strong><br \/>\n<strong><a href=\"http:\/\/cplosangeles.juntaextremadura.net\/web\/lengua6\/numerales\/numerales03.htm\">Los     numerales 03<\/a><\/strong><br \/>\n<strong><a href=\"http:\/\/cplosangeles.juntaextremadura.net\/web\/lengua6\/numerales\/numerales04.htm\">Los     numerales 04<\/a><\/strong><br \/>\n<strong><a href=\"http:\/\/cplosangeles.juntaextremadura.net\/web\/lengua6\/numerales\/numerales05.htm\">Los     numerales 05<\/a><\/strong><br \/>\n<strong><a href=\"http:\/\/cplosangeles.juntaextremadura.net\/web\/lengua6\/numerales\/numerales06.htm\">Los     numerales 06<\/a><\/strong><\/strong><\/td>\n<td colspan=\"2\" width=\"178\"><\/td>\n<td colspan=\"3\" width=\"144\">\n<h4><strong><a href=\"http:\/\/cplosangeles.juntaextremadura.net\/web\/lengua6\/numerales\/numerales07.htm\">Los     numerales 07<\/a><\/strong><br \/>\n<strong><a href=\"http:\/\/cplosangeles.juntaextremadura.net\/web\/lengua6\/numerales\/numerales08.htm\">Los     numerales 08<\/a><\/strong><br \/>\n<strong><a href=\"http:\/\/cplosangeles.juntaextremadura.net\/web\/lengua6\/numerales\/numerales09.htm\">Los     numerales 09<\/a><\/strong><br \/>\n<strong><a href=\"http:\/\/cplosangeles.juntaextremadura.net\/web\/lengua6\/numerales\/numerales10.htm\">Los     numerales 10<\/a><\/strong><br \/>\n<strong><a href=\"http:\/\/cplosangeles.juntaextremadura.net\/web\/lengua6\/numerales\/numerales11.htm\">Los     numerales 11<\/a><\/strong><\/h4>\n<h4><a href=\"http:\/\/cplosangeles.juntaextremadura.net\/web\/lengua6\/numerales\/ayuda.htm\">Ayuda<\/a><\/h4>\n<\/td>\n<\/tr>\n<tr>\n<td colspan=\"2\" width=\"148\"><strong>Florentino S\u00e1nchez Mart\u00edn<\/strong><\/td>\n<td colspan=\"2\" width=\"178\">C.P.     \u201cLos \u00c1ngeles\u201d Caminomorisco<br \/>\n(C\u00e1ceres)<\/td>\n<td colspan=\"3\" width=\"144\">florentinosanchez     @edu.juntaextremadura.net<\/td>\n<\/tr>\n<tr>\n<td colspan=\"2\" width=\"148\"><strong> <\/strong><\/td>\n<td colspan=\"2\" width=\"178\"><\/td>\n<td colspan=\"3\" width=\"144\"><\/td>\n<\/tr>\n<tr>\n<td colspan=\"2\" width=\"148\"><strong> <\/strong><\/td>\n<td colspan=\"2\" width=\"178\"><\/td>\n<td colspan=\"3\" width=\"144\"><\/td>\n<\/tr>\n<tr>\n<td colspan=\"2\" width=\"148\"><strong> <\/strong><\/td>\n<td colspan=\"2\" width=\"178\"><\/td>\n<td colspan=\"3\" width=\"144\"><\/td>\n<\/tr>\n<tr>\n<td width=\"3\"><\/td>\n<td width=\"58\"><\/td>\n<td width=\"6\"><\/td>\n<td width=\"305\"><\/td>\n<td width=\"51\"><\/td>\n<td width=\"134\"><\/td>\n<td width=\"3\"><\/td>\n<\/tr>\n<\/tbody>\n<\/table>\n<p><strong> <\/strong><\/td>\n<\/tr>\n<\/tbody>\n<\/table>\n<table border=\"1\" cellspacing=\"0\" cellpadding=\"0\">\n<tbody>\n<tr>\n<td width=\"480\" valign=\"top\">\n<table border=\"1\" cellpadding=\"0\" width=\"95%\">\n<tbody>\n<tr>\n<td colspan=\"3\" width=\"440\"><strong>LOS INDEFINIDOS<\/strong><\/td>\n<\/tr>\n<tr>\n<td colspan=\"3\" width=\"440\"><strong>Aplicaci\u00f3n did\u00e1ctica     para alumnos y alumnas de Tercer Ciclo de Educaci\u00f3n Primaria <\/strong><\/td>\n<\/tr>\n<tr>\n<td width=\"117\"><strong><a href=\"http:\/\/cplosangeles.juntaextremadura.net\/web\/lengua6\/indefinidos\/indefinidos01.htm\">Los     indefinidos 01<\/a><\/strong><strong><br \/>\n<strong><a href=\"http:\/\/cplosangeles.juntaextremadura.net\/web\/lengua6\/indefinidos\/indefinidos02.htm\">Los     indefinidos 02<\/a><\/strong><br \/>\n<strong><a href=\"http:\/\/cplosangeles.juntaextremadura.net\/web\/lengua6\/indefinidos\/indefinidos03.htm\">Los     indefinidos 03<\/a><\/strong><br \/>\n<strong><a href=\"http:\/\/cplosangeles.juntaextremadura.net\/web\/lengua6\/indefinidos\/indefinidos04.htm\">Los     indefinidos 04<\/a><\/strong><br \/>\n<strong><a href=\"http:\/\/cplosangeles.juntaextremadura.net\/web\/lengua6\/indefinidos\/indefinidos05.htm\">Los     indefinidos 05<\/a><\/strong><br \/>\n<strong><a href=\"http:\/\/cplosangeles.juntaextremadura.net\/web\/lengua6\/indefinidos\/indefinidos06.htm\">Los     indefinidos 06<\/a><\/strong><\/strong><\/td>\n<td width=\"161\"><\/td>\n<td width=\"158\">\n<h4><strong><a href=\"http:\/\/cplosangeles.juntaextremadura.net\/web\/lengua6\/indefinidos\/indefinidos07.htm\">Los     indefinidos 07<\/a><\/strong><br \/>\n<strong><a href=\"http:\/\/cplosangeles.juntaextremadura.net\/web\/lengua6\/indefinidos\/indefinidos08.htm\">Los     indefinidos 08<\/a><\/strong><br \/>\n<strong><a href=\"http:\/\/cplosangeles.juntaextremadura.net\/web\/lengua6\/indefinidos\/indefinidos09.htm\">Los     indefinidos 09<\/a><\/strong><br \/>\n<strong><a href=\"http:\/\/cplosangeles.juntaextremadura.net\/web\/lengua6\/indefinidos\/indefinidos10.htm\">Los     indefinidos 10<\/a><\/strong><br \/>\n<strong><a href=\"http:\/\/cplosangeles.juntaextremadura.net\/web\/lengua6\/indefinidos\/indefinidos11.htm\">Los     indefinidos 11<\/a><\/strong><\/h4>\n<h4><strong><a href=\"http:\/\/cplosangeles.juntaextremadura.net\/web\/lengua6\/indefinidos\/ayuda.htm\">Ayuda<\/a><\/strong><\/h4>\n<\/td>\n<\/tr>\n<tr>\n<td width=\"117\"><strong>Florentino     S\u00e1nchez Mart\u00edn<\/strong><\/td>\n<td width=\"161\">C.P. \u201cLos \u00c1ngeles\u201d Caminomorisco<br \/>\n(C\u00e1ceres)<\/td>\n<td width=\"158\">florentinosanchez @edu.juntaextremadura.net<\/td>\n<\/tr>\n<\/tbody>\n<\/table>\n<\/td>\n<\/tr>\n<tr>\n<td width=\"480\" valign=\"top\">\n<table border=\"1\" cellpadding=\"0\" width=\"95%\">\n<tbody>\n<tr>\n<td colspan=\"3\" width=\"437\"><strong>LOS POSESIVOS<\/strong><\/td>\n<\/tr>\n<tr>\n<td colspan=\"3\" width=\"437\"><strong>Aplicaci\u00f3n did\u00e1ctica     para alumnos y alumnas de Tercer Ciclo de Educaci\u00f3n Primaria <\/strong><\/td>\n<\/tr>\n<tr>\n<td width=\"30%\"><strong><a href=\"http:\/\/cplosangeles.juntaextremadura.net\/web\/lengua6\/posesivos\/posesivos01.htm\">Los     posesivos 01<\/a><\/strong><strong><br \/>\n<strong><a href=\"http:\/\/cplosangeles.juntaextremadura.net\/web\/lengua6\/posesivos\/posesivos02.htm\">Los     posesivos 02<\/a><\/strong><br \/>\n<strong><a href=\"http:\/\/cplosangeles.juntaextremadura.net\/web\/lengua6\/posesivos\/posesivos03.htm\">Los     posesivos 03<\/a><\/strong><br \/>\n<strong><a href=\"http:\/\/cplosangeles.juntaextremadura.net\/web\/lengua6\/posesivos\/posesivos04.htm\">Los     posesivos 04<\/a><\/strong><br \/>\n<strong><a href=\"http:\/\/cplosangeles.juntaextremadura.net\/web\/lengua6\/posesivos\/posesivos05.htm\">Los     posesivos 05<\/a><\/strong><br \/>\n<strong><a href=\"http:\/\/cplosangeles.juntaextremadura.net\/web\/lengua6\/posesivos\/posesivos06.htm\">Los     posesivos 06<\/a><\/strong><\/strong><\/td>\n<td width=\"33%\"><\/td>\n<td width=\"31%\">\n<h4><strong><a href=\"http:\/\/cplosangeles.juntaextremadura.net\/web\/lengua6\/posesivos\/posesivos07.htm\">Los     posesivos 07<\/a><\/strong><br \/>\n<strong><a href=\"http:\/\/cplosangeles.juntaextremadura.net\/web\/lengua6\/posesivos\/posesivos08.htm\">Los     posesivos 08<\/a><\/strong><br \/>\n<strong><a href=\"http:\/\/cplosangeles.juntaextremadura.net\/web\/lengua6\/posesivos\/posesivos09.htm\">Los     posesivos 09<\/a><\/strong><br \/>\n<strong><a href=\"http:\/\/cplosangeles.juntaextremadura.net\/web\/lengua6\/posesivos\/posesivos10.htm\">Los     posesivos 10<\/a><\/strong><br \/>\n<strong><a href=\"http:\/\/cplosangeles.juntaextremadura.net\/web\/lengua6\/posesivos\/posesivos11.htm\">Los     posesivos 11<\/a><\/strong><\/h4>\n<h4><strong><a href=\"http:\/\/cplosangeles.juntaextremadura.net\/web\/lengua6\/posesivos\/ayuda.htm\">Ayuda<\/a><\/strong><\/h4>\n<\/td>\n<\/tr>\n<tr>\n<td width=\"30%\"><strong>Florentino S\u00e1nchez Mart\u00edn<\/strong><\/td>\n<td width=\"39%\"><\/td>\n<td width=\"92\"><\/td>\n<\/tr>\n<\/tbody>\n<\/table>\n<p><strong> <\/strong><\/td>\n<\/tr>\n<\/tbody>\n<\/table>\n","protected":false},"excerpt":{"rendered":"<p>LENGUA \u00a0Tema 5 \u201c\u00bfQui\u00e9n es Isha? CONTENIDOS RECURSOS Gram\u00e1tica: los pronombres. LOS PRONOMBRES I PRONOMBRES USO DE LOS PRONOMBRES SUSTITUYO POR PRONOMBRES CLASIFICACI\u00d3N DE PRONOMBRES CONCORDANCIA DE LOS PRONOMBRES LOS PRONOMBRES DEMOSTRATIVOS Y POSESIVOS LOS PRONOMBRES II EL PRONOMBRE I EL PRONOMBRE II LOS PRONOMBRES III OTROS PRONOMBRES EXAMEN DE MORFOLOG\u00cdA EL PRONOMBRE EL PRONOMBRE [&hellip;]<\/p>\n","protected":false},"author":6,"featured_media":0,"parent":423,"menu_order":5,"comment_status":"open","ping_status":"open","template":"","meta":[],"_links":{"self":[{"href":"https:\/\/cpcorella.educacion.navarra.es\/blogs\/3ciclo\/wp-json\/wp\/v2\/pages\/437"}],"collection":[{"href":"https:\/\/cpcorella.educacion.navarra.es\/blogs\/3ciclo\/wp-json\/wp\/v2\/pages"}],"about":[{"href":"https:\/\/cpcorella.educacion.navarra.es\/blogs\/3ciclo\/wp-json\/wp\/v2\/types\/page"}],"author":[{"embeddable":true,"href":"https:\/\/cpcorella.educacion.navarra.es\/blogs\/3ciclo\/wp-json\/wp\/v2\/users\/6"}],"replies":[{"embeddable":true,"href":"https:\/\/cpcorella.educacion.navarra.es\/blogs\/3ciclo\/wp-json\/wp\/v2\/comments?post=437"}],"version-history":[{"count":0,"href":"https:\/\/cpcorella.educacion.navarra.es\/blogs\/3ciclo\/wp-json\/wp\/v2\/pages\/437\/revisions"}],"up":[{"embeddable":true,"href":"https:\/\/cpcorella.educacion.navarra.es\/blogs\/3ciclo\/wp-json\/wp\/v2\/pages\/423"}],"wp:attachment":[{"href":"https:\/\/cpcorella.educacion.navarra.es\/blogs\/3ciclo\/wp-json\/wp\/v2\/media?parent=437"}],"curies":[{"name":"wp","href":"https:\/\/api.w.org\/{rel}","templated":true}]}}