{"id":433,"date":"2010-01-17T17:47:18","date_gmt":"2010-01-17T17:47:18","guid":{"rendered":"http:\/\/pitagorines.wordpress.com\/?page_id=433"},"modified":"2010-01-17T17:47:18","modified_gmt":"2010-01-17T17:47:18","slug":"tema-04","status":"publish","type":"page","link":"https:\/\/cpcorella.educacion.navarra.es\/blogs\/3ciclo\/sexto\/lengua\/tema-04\/","title":{"rendered":"Tema 4 \u201cLa rosa del vergel\u201d"},"content":{"rendered":"<table border=\"1\" cellspacing=\"0\" cellpadding=\"0\">\n<tbody>\n<tr>\n<td colspan=\"2\" width=\"489\" valign=\"top\">LENGUA \u00a0Tema 4   \u201cLa rosa del vergel\u201d<\/td>\n<\/tr>\n<tr>\n<td width=\"215\" valign=\"top\">CONTENIDOS<\/td>\n<td width=\"274\" valign=\"top\">RECURSOS<\/td>\n<\/tr>\n<tr>\n<td width=\"215\" valign=\"top\">Gram\u00e1tica: el grupo nominal. El   adjetivo calificativo y los grados.<\/td>\n<td width=\"274\" valign=\"top\">\n<ul>\n<li><strong><a href=\"http:\/\/www.librosvivos.net\/smtc\/homeTC.asp?TemaClave=1012\" target=\"_blank\">EL GRUPO NOMINAL: MORFOLOG\u00cdA<\/a> <\/strong><\/li>\n<li><strong><a href=\"http:\/\/centros3.pntic.mec.es\/cp.antonio.de.ulloa\/webactivhotpot\/raiz\/Hot%20Pot\/lengua6\/gruponominal\/gruponominalcl.htm\" target=\"_blank\">EL GRUPO NOMINAL I <\/a><\/strong><\/li>\n<li><strong><a href=\"http:\/\/centros3.pntic.mec.es\/cp.antonio.de.ulloa\/webactivhotpot\/raiz\/Hot%20Pot\/lengua6\/gruponominal\/gruponominaljq.htm\" target=\"_blank\">EL GRUPO NOMINAL II<\/a><\/strong><\/li>\n<li><strong><a href=\"http:\/\/centros3.pntic.mec.es\/cp.antonio.de.ulloa\/webactivhotpot\/raiz\/Hot%20Pot\/lengua6\/gruponominal\/gruponominal.htm\" target=\"_blank\">EL GRUPO NOMINAL III<\/a><\/strong><\/li>\n<li><strong><a href=\"http:\/\/www.aplicaciones.info\/lengua\/morfox7.htm\" target=\"_blank\">EXAMEN        DE MORFOLOG\u00cdA<\/a> <\/strong><\/li>\n<li><strong> <a href=\"http:\/\/www.sierradesanpedro.org\/lenguaylit\/adjetivos.htm\">EL        ADJETIVO<\/a><\/strong><\/li>\n<li><strong> <a href=\"http:\/\/roble.pntic.mec.es\/%7Emsanto1\/lengua\/1adjetiv.htm\">ADJETIVO        CALIFICATIVO<\/a><\/strong><\/li>\n<li><strong> <a href=\"http:\/\/cplosangeles.juntaextremadura.net\/web\/lengua5\/adjetivo\/indice.htm\">EL        ADJETIVO: G\u00c9NERO Y N\u00daMERO<\/a><\/strong><\/li>\n<li><strong> <a href=\"http:\/\/thales.cica.es\/rd\/Recursos\/rd99\/ed99-0304-02\/grados.html\">LOS        GRADOS DEL ADJETIVO<\/a><\/strong><\/li>\n<li><strong> <a href=\"http:\/\/cplosangeles.juntaextremadura.net\/web\/lengua5\/gradosdeladjetivo\/web\/lengua5\/gradosdeladjetivo\/indice.htm\">LOS        GRADOS DEL ADJETIVO<\/a> (ACTIVIDADES)<\/strong><\/li>\n<li><strong> <a href=\"http:\/\/www.xtec.cat\/%7Ejgenover\/grado1.htm\">GRADO        DEL ADJETIVO<\/a><\/strong><\/li>\n<li><strong> <\/strong><\/li>\n<\/ul>\n<\/td>\n<\/tr>\n<tr>\n<td width=\"215\" valign=\"top\">Ortograf\u00eda: uso de la tilde en   las palabras con hiato (II)<\/td>\n<td width=\"274\" valign=\"top\">\n<ul>\n<li><strong><a href=\"http:\/\/roble.pntic.mec.es\/%7emsanto1\/ortografia\/diptri.htm\" target=\"_blank\">LA TILDE EN PALABRAS CON DIPTONGOS E HIATOS<\/a> <\/strong><\/li>\n<li><strong> <\/strong><\/li>\n<li><strong><a href=\"http:\/\/www.ceipjuanherreraalcausa.es\/Recursosdidacticos\/SEXTO\/Lengua\/U04\/0403_01.htm\" target=\"_blank\">ACENTUACI\u00d3N DE DIPTONGOS, TRIPTONGOS E HIATOS I<\/a> <\/strong><\/li>\n<li><strong><a href=\"http:\/\/www.ceipjuanherreraalcausa.es\/Recursosdidacticos\/SEXTO\/Lengua\/U04\/0403_02.htm\" target=\"_blank\">ACENTUACI\u00d3N DE DIPTONGOS, TRIPTONGOS E HIATOS II <\/a><\/strong><\/li>\n<li><strong><a href=\"http:\/\/www.reglasdeortografia.com\/acendiptongo03.html\" target=\"_blank\">ACENTUACI\u00d3N DE DIPTONGOS<\/a> <\/strong><\/li>\n<li><strong><a href=\"http:\/\/www.reglasdeortografia.com\/acenhiato02.html\" target=\"_blank\">ACENTUACI\u00d3N        DE HIATOS<\/a> <\/strong><\/li>\n<li><strong><a href=\"http:\/\/www.primaria.librosvivos.net\/6EP_Len_cas_dict_u2_Acentuacion_de_diptongos_e_hiatos.html\" target=\"_blank\">DICTADO<\/a><\/strong><\/li>\n<li><strong> <\/strong><\/li>\n<\/ul>\n<\/td>\n<\/tr>\n<tr>\n<td width=\"215\" valign=\"top\">L\u00e9xico: las palabras   compuestas.<\/td>\n<td width=\"274\" valign=\"top\">\n<ul>\n<li><strong><a href=\"http:\/\/www.aulafacil.com\/OrtografEspa%F1ola\/Lecc-7-ortog.htm\">ACENTUACI\u00d3N        DE PALABRAS COMPUESTAS<\/a> <\/strong><\/li>\n<li><strong> <a href=\"http:\/\/www.reglasdeortografia.com\/acentocompuestas02.html\">ACENTUACI\u00d3N        PALABRAS COMPUESTAS<\/a> <\/strong><\/li>\n<li><strong> <a href=\"http:\/\/www.irabiacampusvirtual.org\/web\/lengua_tercer_ciclo\/lengua_6\/ejercicios\/tilde_compuestas\/tilde_compuestas_1.htm\">ACENT\u00daA        PALABRAS COMPUESTAS<\/a><\/strong><\/li>\n<\/ul>\n<\/td>\n<\/tr>\n<tr>\n<td width=\"215\" valign=\"top\">un texto argumentativo<\/td>\n<td width=\"274\" valign=\"top\">\n<ul>\n<li><strong><a href=\"http:\/\/www.librosvivos.net\/smtc\/homeTC.asp?TemaClave=1047\" target=\"_blank\">TEXTOS ARGUMENTATIVOS<\/a><\/strong><\/li>\n<\/ul>\n<\/td>\n<\/tr>\n<tr>\n<td width=\"215\" valign=\"top\"><\/td>\n<td width=\"274\" valign=\"top\"><\/td>\n<\/tr>\n<tr>\n<td width=\"215\" valign=\"top\">Otras actividades.<\/td>\n<td width=\"274\" valign=\"top\"><\/td>\n<\/tr>\n<\/tbody>\n<\/table>\n<p>Recursos:<\/p>\n<ul>\n<li> <strong><a href=\"http:\/\/www.aulafacil.com\/OrtografEspa%F1ola\/Lecc-7-ortog.htm\">Acentuaci\u00f3n de palabras compuestas<\/a><\/strong><\/li>\n<li> <strong><a href=\"http:\/\/www.reglasdeortografia.com\/acentocompuestas02.html\">Acentuaci\u00f3n palabras compuestas<\/a><\/strong><\/li>\n<li> <strong><a href=\"http:\/\/www.irabiacampusvirtual.org\/web\/lengua_tercer_ciclo\/lengua_6\/ejercicios\/tilde_compuestas\/tilde_compuestas_1.htm\">Acent\u00faa palabras compuestas<\/a><\/strong><\/li>\n<li>\n<h3><a href=\"http:\/\/cplosangeles.juntaextremadura.net\/web\/lengua5\/diptongosehiatos\/indice.htm\">Diptongos e hiatos<\/a><\/h3>\n<\/li>\n<li>\n<h3><a href=\"http:\/\/roble.pntic.mec.es\/%7Emsanto1\/ortografia\/diptri.htm\">Diptongos y triptongos<\/a><\/h3>\n<\/li>\n<li>\n<h3><a href=\"http:\/\/guindo.pntic.mec.es\/%7Emortiz2\/fpreglas_acent_dipt_trip_hiatos.htm\">Acentuaci\u00f3n de diptongos y triptongos<\/a><\/h3>\n<\/li>\n<li>\n<h3><a href=\"http:\/\/www.reglasdeortografia.com\/acendiptongo02.html\">Acentuaci\u00f3n de los diptongos<\/a><\/h3>\n<\/li>\n<li>\n<h3><a href=\"http:\/\/www.profesorenlinea.cl\/swf\/links\/frame_top.php?dest=http%3A\/\/www.profesorenlinea.cl\/castellano\/diptongotriptongo.htm\">Profesor en l\u00ednea<\/a><\/h3>\n<\/li>\n<\/ul>\n<iframe src=\"https:\/\/www.slideshare.net\/slideshow\/embed_code\/234101\" width=\"625\" height=\"507\" frameborder=\"0\" marginwidth=\"0\" marginheight=\"0\" scrolling=\"no\"><\/iframe><br\/>\n<iframe src=\"https:\/\/www.slideshare.net\/slideshow\/embed_code\/41569\" width=\"625\" height=\"507\" frameborder=\"0\" marginwidth=\"0\" marginheight=\"0\" scrolling=\"no\"><\/iframe><br\/>\n<ul>\n<li>\n<h3><a href=\"http:\/\/roble.pntic.mec.es\/%7Emsanto1\/lengua\/estrofas.htm\">Estrofas<\/a><\/h3>\n<\/li>\n<li>\n<h3><a href=\"http:\/\/www.educa.jcyl.es\/educacyl\/cm\/gallery\/recursos_educativa\/metrica\/index.html\" target=\"_blank\">La m\u00e9trica<\/a><\/h3>\n<\/li>\n<li>\n<h3><a href=\"http:\/\/www.sierradesanpedro.org\/lenguaylit\/adjetivos.htm\">El adjetivo<\/a><\/h3>\n<\/li>\n<li>\n<h3><a href=\"http:\/\/roble.pntic.mec.es\/%7Emsanto1\/lengua\/1adjetiv.htm\">Adjetivo calificativo<\/a><\/h3>\n<\/li>\n<li>\n<h3><a href=\"http:\/\/cplosangeles.juntaextremadura.net\/web\/lengua5\/adjetivo\/indice.htm\">El adjetivo: g\u00e9nero y n\u00famero<\/a><\/h3>\n<\/li>\n<li>\n<h3><a href=\"http:\/\/thales.cica.es\/rd\/Recursos\/rd99\/ed99-0304-02\/grados.html\">Los grados del adjetivo<\/a><\/h3>\n<\/li>\n<li>\n<h3><a href=\"http:\/\/cplosangeles.juntaextremadura.net\/web\/lengua5\/gradosdeladjetivo\/web\/lengua5\/gradosdeladjetivo\/indice.htm\">Los grados del adjetivo<\/a> (actividades)<\/h3>\n<\/li>\n<li>\n<h3><a href=\"http:\/\/www.xtec.cat\/%7Ejgenover\/grado1.htm\">Grado del adjetivo<\/a><\/h3>\n<\/li>\n<\/ul>\n","protected":false},"excerpt":{"rendered":"<p>LENGUA \u00a0Tema 4 \u201cLa rosa del vergel\u201d CONTENIDOS RECURSOS Gram\u00e1tica: el grupo nominal. El adjetivo calificativo y los grados. EL GRUPO NOMINAL: MORFOLOG\u00cdA EL GRUPO NOMINAL I EL GRUPO NOMINAL II EL GRUPO NOMINAL III EXAMEN DE MORFOLOG\u00cdA EL ADJETIVO ADJETIVO CALIFICATIVO EL ADJETIVO: G\u00c9NERO Y N\u00daMERO LOS GRADOS DEL ADJETIVO LOS GRADOS DEL ADJETIVO [&hellip;]<\/p>\n","protected":false},"author":6,"featured_media":0,"parent":423,"menu_order":4,"comment_status":"open","ping_status":"open","template":"","meta":[],"_links":{"self":[{"href":"https:\/\/cpcorella.educacion.navarra.es\/blogs\/3ciclo\/wp-json\/wp\/v2\/pages\/433"}],"collection":[{"href":"https:\/\/cpcorella.educacion.navarra.es\/blogs\/3ciclo\/wp-json\/wp\/v2\/pages"}],"about":[{"href":"https:\/\/cpcorella.educacion.navarra.es\/blogs\/3ciclo\/wp-json\/wp\/v2\/types\/page"}],"author":[{"embeddable":true,"href":"https:\/\/cpcorella.educacion.navarra.es\/blogs\/3ciclo\/wp-json\/wp\/v2\/users\/6"}],"replies":[{"embeddable":true,"href":"https:\/\/cpcorella.educacion.navarra.es\/blogs\/3ciclo\/wp-json\/wp\/v2\/comments?post=433"}],"version-history":[{"count":0,"href":"https:\/\/cpcorella.educacion.navarra.es\/blogs\/3ciclo\/wp-json\/wp\/v2\/pages\/433\/revisions"}],"up":[{"embeddable":true,"href":"https:\/\/cpcorella.educacion.navarra.es\/blogs\/3ciclo\/wp-json\/wp\/v2\/pages\/423"}],"wp:attachment":[{"href":"https:\/\/cpcorella.educacion.navarra.es\/blogs\/3ciclo\/wp-json\/wp\/v2\/media?parent=433"}],"curies":[{"name":"wp","href":"https:\/\/api.w.org\/{rel}","templated":true}]}}