{"id":429,"date":"2010-01-17T17:45:42","date_gmt":"2010-01-17T17:45:42","guid":{"rendered":"http:\/\/pitagorines.wordpress.com\/?page_id=429"},"modified":"2010-01-17T17:45:42","modified_gmt":"2010-01-17T17:45:42","slug":"tema-02","status":"publish","type":"page","link":"https:\/\/cpcorella.educacion.navarra.es\/blogs\/3ciclo\/sexto\/lengua\/tema-02\/","title":{"rendered":"Tema 2 \u201c\u00c9rase un pastor\u201d"},"content":{"rendered":"<table border=\"1\" cellspacing=\"0\" cellpadding=\"0\">\n<tbody>\n<tr>\n<td colspan=\"2\" width=\"489\" valign=\"top\">LENGUA \u00a0Tema 2   \u201c\u00c9rase un pastor\u201d<\/td>\n<\/tr>\n<tr>\n<td width=\"215\" valign=\"top\">CONTENIDOS<\/td>\n<td width=\"274\" valign=\"top\">RECURSOS<\/td>\n<\/tr>\n<tr>\n<td width=\"215\" valign=\"top\">\uf0b7\u00a0 <strong>L\u00e9xico : La polisemia<\/strong><\/td>\n<td width=\"274\" valign=\"top\">\n<ul>\n<li><strong><a href=\"http:\/\/roble.pntic.mec.es\/%7Emsanto1\/lengua\/polisemi.htm\">PALABRAS        POLIS\u00c9MICAS<\/a><\/strong><\/li>\n<li><strong><a href=\"http:\/\/www.xtec.cat\/%7Ejgenover\/polisemia1.htm\">PALABRAS        POLIS\u00c9MICAS<\/a><\/strong><\/li>\n<li><strong> <\/strong><\/li>\n<\/ul>\n<\/td>\n<\/tr>\n<tr>\n<td width=\"215\" valign=\"top\">\uf0b7\u00a0 <strong>Ortograf\u00eda: La tilde en diptongos y   triptongos<\/strong><\/td>\n<td width=\"274\" valign=\"top\">\n<ul>\n<li><strong><a href=\"http:\/\/www.edu365.cat\/eso\/muds\/castella\/diptongo\/imatges\/diptongo1.swf\">DIPTONGOS<\/a><\/strong><\/li>\n<li><strong><a href=\"http:\/\/cplosangeles.juntaextremadura.net\/web\/lengua5\/diptongosehiatos\/indice.htm\">DIPTONGOS        E HIATOS<\/a><\/strong><\/li>\n<li><strong><a href=\"http:\/\/roble.pntic.mec.es\/%7Emsanto1\/ortografia\/diptri.htm\">DIPTONGOS        Y TRIPTONGOS<\/a><\/strong><\/li>\n<li><strong><a href=\"http:\/\/guindo.pntic.mec.es\/%7Emortiz2\/fpreglas_acent_dipt_trip_hiatos.htm\">ACENTUACI\u00d3N        DE DIPTONGOS Y TRIPTONGOS<\/a><\/strong><\/li>\n<li><strong><a href=\"http:\/\/www.reglasdeortografia.com\/acendiptongo02.html\">ACENTUACI\u00d3N        DE LOS DIPTONGOS<\/a><\/strong><\/li>\n<li><strong><a href=\"http:\/\/www.profesorenlinea.cl\/swf\/links\/frame_top.php?dest=http%3A\/\/www.profesorenlinea.cl\/castellano\/diptongotriptongo.htm\">PROFESOR        EN L\u00cdNEA<\/a><\/strong><\/li>\n<li><strong> <\/strong><\/li>\n<\/ul>\n<\/td>\n<\/tr>\n<tr>\n<td width=\"215\" valign=\"top\">\uf0b7\u00a0 <strong>Gram\u00e1tica: El nombre<\/strong><\/td>\n<td width=\"274\" valign=\"top\">\n<ul>\n<li><strong><a href=\"http:\/\/roble.pntic.mec.es\/%7Emsanto1\/lengua\/1nombre.htm\" target=\"_blank\">EL NOMBRE<\/a><\/strong><\/li>\n<li><strong><a href=\"http:\/\/www.escueladigital.com.uy\/espaniol\/2_sustantivo.htm\">LOS        SUSTANTIVOS<\/a><\/strong><\/li>\n<li><strong><a href=\"http:\/\/w3.cnice.mec.es\/eos\/MaterialesEducativos\/mem2002\/selva_lengua\/manada.htm\">SUSTANTIVOS<\/a><\/strong><\/li>\n<li><strong><a href=\"http:\/\/eljuego.free.fr\/Fichas_gramatica\/FG_genero.htm\">EL        G\u00c9NERO<\/a><\/strong><\/li>\n<li><strong><a href=\"http:\/\/eljuego.free.fr\/Fichas_gramatica\/FG_numero.htm\">EL        N\u00daMERO<\/a><\/strong><\/li>\n<li><strong><a href=\"http:\/\/cajondesastre.juegos.free.fr\/Ejercicios\/gramatica\/genero_sustantivos_1a.htm\">G\u00c9NERO        DE LOS SUSTANTIVOS<\/a><\/strong><\/li>\n<li><strong><a href=\"http:\/\/cajondesastre.juegos.free.fr\/Ejercicios\/gramatica\/genero_sustantivos_1a.htm\">G\u00c9NERO        DE LOS SUSTANTIVOS (II)<\/a><\/strong><\/li>\n<li><strong><a href=\"http:\/\/www.kalipedia.com\/lengua-castellana\/tema\/clases-sustantivos.html?x=20070417klplyllec_142.Kes&amp;ap=1\">SUSTANTIVOS        Y CLASES<\/a><\/strong><\/li>\n<li><strong><a href=\"http:\/\/www.profesorenlinea.cl\/swf\/links\/frame_top.php?dest=http%3A\/\/www.profesorenlinea.cl\/castellano\/Sustantivo.htm\">CLASES        DE SUSTANTIVOS<\/a><\/strong><\/li>\n<li><strong><a href=\"http:\/\/clic.xtec.net\/db\/act_es.jsp?id=3231\" target=\"_blank\">CLASES        DE SUSTANTIVOS<\/a><\/strong><\/li>\n<li><strong><a href=\"http:\/\/www.juntadeandalucia.es\/averroes\/cpsil\/diario\/IMG\/html\/propios.html\" target=\"_blank\">\u00bfCOMUNES\u00a0 O PR\u00d3PIOS?<\/a><\/strong><\/li>\n<li><strong> <\/strong><\/li>\n<\/ul>\n<\/td>\n<\/tr>\n<tr>\n<td width=\"215\" valign=\"top\"><\/td>\n<td width=\"274\" valign=\"top\"><strong> <\/strong><\/p>\n<ul>\n<li><\/li>\n<\/ul>\n<p><strong> <\/strong><\/td>\n<\/tr>\n<tr>\n<td width=\"215\" valign=\"top\"><\/td>\n<td width=\"274\" valign=\"top\"><strong> <\/strong><\/p>\n<ul>\n<li><\/li>\n<\/ul>\n<p><strong> <\/strong><\/td>\n<\/tr>\n<tr>\n<td width=\"215\" valign=\"top\">Otras actividades.<\/td>\n<td width=\"274\" valign=\"top\"><\/td>\n<\/tr>\n<\/tbody>\n<\/table>\n<h3>RECURSOS PARA EL TEMA<\/h3>\n<iframe src=\"https:\/\/www.slideshare.net\/slideshow\/embed_code\/260294\" width=\"625\" height=\"507\" frameborder=\"0\" marginwidth=\"0\" marginheight=\"0\" scrolling=\"no\"><\/iframe><br\/>\n<ul>\n<li>\n<h3><a href=\"http:\/\/www.edu365.cat\/eso\/muds\/castella\/diptongo\/imatges\/diptongo1.swf\">Diptongos<\/a><\/h3>\n<\/li>\n<li>\n<h3><a href=\"http:\/\/cplosangeles.juntaextremadura.net\/web\/lengua5\/diptongosehiatos\/indice.htm\">Diptongos e hiatos<\/a><\/h3>\n<\/li>\n<li>\n<h3><a href=\"http:\/\/roble.pntic.mec.es\/%7Emsanto1\/ortografia\/diptri.htm\">Diptongos y triptongos<\/a><\/h3>\n<\/li>\n<li>\n<h3><a href=\"http:\/\/guindo.pntic.mec.es\/%7Emortiz2\/fpreglas_acent_dipt_trip_hiatos.htm\">Acentuaci\u00f3n de diptongos y triptongos<\/a><\/h3>\n<\/li>\n<li>\n<h3><a href=\"http:\/\/www.reglasdeortografia.com\/acendiptongo02.html\">Acentuaci\u00f3n de los diptongos<\/a><\/h3>\n<\/li>\n<li>\n<h3><a href=\"http:\/\/www.profesorenlinea.cl\/swf\/links\/frame_top.php?dest=http%3A\/\/www.profesorenlinea.cl\/castellano\/diptongotriptongo.htm\">Profesor en l\u00ednea<\/a><\/h3>\n<\/li>\n<\/ul>\n<ul>\n<li> <strong><a href=\"http:\/\/roble.pntic.mec.es\/%7Emsanto1\/lengua\/polisemi.htm\">Palabras polis\u00e9micas<\/a><\/strong><\/li>\n<li> <strong><a href=\"http:\/\/www.xtec.cat\/%7Ejgenover\/polisemia1.htm\">Palabras polis\u00e9micas<\/a><\/strong><\/li>\n<\/ul>\n<ul>\n<li>\n<h3><a href=\"http:\/\/roble.pntic.mec.es\/%7Emsanto1\/lengua\/1nombre.htm\" target=\"_blank\">El nombre<\/a><\/h3>\n<\/li>\n<li>\n<h3><a href=\"http:\/\/www.escueladigital.com.uy\/espaniol\/2_sustantivo.htm\">Los sustantivos<\/a><\/h3>\n<\/li>\n<li>\n<h3><a href=\"http:\/\/w3.cnice.mec.es\/eos\/MaterialesEducativos\/mem2002\/selva_lengua\/manada.htm\">Sustantivos<\/a><\/h3>\n<\/li>\n<li>\n<h3><a href=\"http:\/\/eljuego.free.fr\/Fichas_gramatica\/FG_genero.htm\">El g\u00e9nero<\/a><\/h3>\n<\/li>\n<li>\n<h3><a href=\"http:\/\/eljuego.free.fr\/Fichas_gramatica\/FG_numero.htm\">El n\u00famero<\/a><\/h3>\n<\/li>\n<li>\n<h3><a href=\"http:\/\/cajondesastre.juegos.free.fr\/Ejercicios\/gramatica\/genero_sustantivos_1a.htm\">G\u00e9nero de los sustantivos<\/a><\/h3>\n<\/li>\n<li>\n<h3><a href=\"http:\/\/cajondesastre.juegos.free.fr\/Ejercicios\/gramatica\/genero_sustantivos_1a.htm\">G\u00e9nero de los sustantivos (II)<\/a><\/h3>\n<\/li>\n<li>\n<h3><a href=\"http:\/\/www.kalipedia.com\/lengua-castellana\/tema\/clases-sustantivos.html?x=20070417klplyllec_142.Kes&amp;ap=1\">Sustantivos y clases<\/a><\/h3>\n<\/li>\n<li>\n<h3><a href=\"http:\/\/www.profesorenlinea.cl\/swf\/links\/frame_top.php?dest=http%3A\/\/www.profesorenlinea.cl\/castellano\/Sustantivo.htm\">Clases de sustantivos<\/a><\/h3>\n<\/li>\n<li>\n<h3><a href=\"http:\/\/clic.xtec.net\/db\/act_es.jsp?id=3231\" target=\"_blank\">Clases de sustantivos<\/a><\/h3>\n<\/li>\n<li>\n<h3><a href=\"http:\/\/www.juntadeandalucia.es\/averroes\/cpsil\/diario\/IMG\/html\/propios.html\" target=\"_blank\">\u00bfComunes\u00a0 o Pr\u00f3pios?<\/a><\/h3>\n<\/li>\n<\/ul>\n","protected":false},"excerpt":{"rendered":"<p>LENGUA \u00a0Tema 2 \u201c\u00c9rase un pastor\u201d CONTENIDOS RECURSOS \uf0b7\u00a0 L\u00e9xico : La polisemia PALABRAS POLIS\u00c9MICAS PALABRAS POLIS\u00c9MICAS \uf0b7\u00a0 Ortograf\u00eda: La tilde en diptongos y triptongos DIPTONGOS DIPTONGOS E HIATOS DIPTONGOS Y TRIPTONGOS ACENTUACI\u00d3N DE DIPTONGOS Y TRIPTONGOS ACENTUACI\u00d3N DE LOS DIPTONGOS PROFESOR EN L\u00cdNEA \uf0b7\u00a0 Gram\u00e1tica: El nombre EL NOMBRE LOS SUSTANTIVOS SUSTANTIVOS EL G\u00c9NERO [&hellip;]<\/p>\n","protected":false},"author":6,"featured_media":0,"parent":423,"menu_order":2,"comment_status":"open","ping_status":"open","template":"","meta":[],"_links":{"self":[{"href":"https:\/\/cpcorella.educacion.navarra.es\/blogs\/3ciclo\/wp-json\/wp\/v2\/pages\/429"}],"collection":[{"href":"https:\/\/cpcorella.educacion.navarra.es\/blogs\/3ciclo\/wp-json\/wp\/v2\/pages"}],"about":[{"href":"https:\/\/cpcorella.educacion.navarra.es\/blogs\/3ciclo\/wp-json\/wp\/v2\/types\/page"}],"author":[{"embeddable":true,"href":"https:\/\/cpcorella.educacion.navarra.es\/blogs\/3ciclo\/wp-json\/wp\/v2\/users\/6"}],"replies":[{"embeddable":true,"href":"https:\/\/cpcorella.educacion.navarra.es\/blogs\/3ciclo\/wp-json\/wp\/v2\/comments?post=429"}],"version-history":[{"count":0,"href":"https:\/\/cpcorella.educacion.navarra.es\/blogs\/3ciclo\/wp-json\/wp\/v2\/pages\/429\/revisions"}],"up":[{"embeddable":true,"href":"https:\/\/cpcorella.educacion.navarra.es\/blogs\/3ciclo\/wp-json\/wp\/v2\/pages\/423"}],"wp:attachment":[{"href":"https:\/\/cpcorella.educacion.navarra.es\/blogs\/3ciclo\/wp-json\/wp\/v2\/media?parent=429"}],"curies":[{"name":"wp","href":"https:\/\/api.w.org\/{rel}","templated":true}]}}