{"id":418,"date":"2010-01-17T17:37:40","date_gmt":"2010-01-17T17:37:40","guid":{"rendered":"http:\/\/pitagorines.wordpress.com\/?page_id=418"},"modified":"2010-01-17T17:37:40","modified_gmt":"2010-01-17T17:37:40","slug":"tema-14","status":"publish","type":"page","link":"https:\/\/cpcorella.educacion.navarra.es\/blogs\/3ciclo\/sexto\/matematicas\/tema-14\/","title":{"rendered":"Tema 14 \u201cEstad\u00edstica\u201d"},"content":{"rendered":"<table border=\"1\" cellspacing=\"0\" cellpadding=\"0\">\n<tbody>\n<tr>\n<td colspan=\"2\" width=\"489\" valign=\"top\">MATEM\u00c1TICAS Tema 14 \u201cEstad\u00edstica\u201d<\/td>\n<\/tr>\n<tr>\n<td width=\"215\" valign=\"top\">CONTENIDOS<\/td>\n<td width=\"274\" valign=\"top\">RECURSOS<\/td>\n<\/tr>\n<tr>\n<td width=\"215\" valign=\"top\">Variables estad\u00edsticas<\/td>\n<td width=\"274\" valign=\"top\"><a href=\"http:\/\/www.librosvivos.net\/smtc\/homeTC.asp?TemaClave=1051\" target=\"_blank\">ESTAD\u00cdSTICA Y PROBABILIDAD<\/a><\/p>\n<p><a href=\"http:\/\/www.harcourtschool.com\/activity_es\/probability_circus\/\" target=\"_blank\">EL CIRCO DE LA PROBABILIDAD<\/a><\/p>\n<p><a href=\"http:\/\/www.juntadeandalucia.es\/averroes\/carambolo\/WEB%20JCLIC2\/Agrega\/Matematicas\/Azar%20y%20probabilidad\/contenido\/mt11_oa02_es\/index.html\" target=\"_blank\">EL AZAR Y LA VIDA COTIDIANA<\/a><\/p>\n<p><a href=\"http:\/\/www.juntadeandalucia.es\/averroes\/carambolo\/WEB%20JCLIC2\/Agrega\/Matematicas\/Azar%20y%20probabilidad\/contenido\/mt11_oa04_es\/index.html\" target=\"_blank\">LOS JUEGOS DE AZAR<\/a><\/p>\n<p><a href=\"http:\/\/www.primaria.librosvivos.net\/Seguro__posible_o_imposible.html\" target=\"_blank\">SEGURO, POSIBLE O IMPOSIBLE<\/a><\/p>\n<p><a href=\"http:\/\/www.juntadeandalucia.es\/averroes\/carambolo\/WEB%20JCLIC2\/Agrega\/Matematicas\/Azar%20y%20probabilidad\/contenido\/mt11_oa01_es\/index.html\" target=\"_blank\">EXPERIMENTOS ALEATORIOS<\/a><\/p>\n<p><a href=\"http:\/\/www.juntadeandalucia.es\/averroes\/carambolo\/WEB%20JCLIC2\/Agrega\/Matematicas\/Azar%20y%20probabilidad\/contenido\/mt11_oa03_es\/index.html\" target=\"_blank\">C\u00c1LCULO DE PROBABILIDADES I<\/a><\/p>\n<p><a href=\"http:\/\/www.librosvivos.net\/smtc\/homeTC.asp?TemaClave=1170\" target=\"_blank\">C\u00c1LCULO DE PROBABILIDADES II<\/a><\/p>\n<p><a href=\"http:\/\/www.juntadeandalucia.es\/averroes\/carambolo\/WEB%20JCLIC2\/Agrega\/Matematicas\/Azar%20y%20probabilidad\/contenido\/mt11_oa05_es\/index.html\" target=\"_blank\">PROBLEMAS Y ESTRATEGIAS<\/a><\/td>\n<\/tr>\n<tr>\n<td width=\"215\" valign=\"top\">Frecuencia absoluta y relativa<\/td>\n<td width=\"274\" valign=\"top\"><a href=\"http:\/\/w3.cnice.mec.es\/recursos\/primaria\/matematicas\/porcentajes\/menuu5.html\" target=\"_blank\">FRECUENCIA Y PROBABILIDAD<\/a><\/td>\n<\/tr>\n<tr>\n<td width=\"215\" valign=\"top\">Representaci\u00f3n gr\u00e1fica de datos   agrupados<\/td>\n<td width=\"274\" valign=\"top\"><\/td>\n<\/tr>\n<tr>\n<td width=\"215\" valign=\"top\">La media, la mediana y la moda<\/td>\n<td width=\"274\" valign=\"top\"><a href=\"http:\/\/www.librosvivos.net\/smtc\/PagPorFormulario.asp?TemaClave=1051&amp;est=0\" target=\"_blank\">LOS DATOS ESTAD\u00cdSTICOS<\/a><\/td>\n<\/tr>\n<tr>\n<td width=\"215\" valign=\"top\">Actividades varias<\/td>\n<td width=\"274\" valign=\"top\"><a href=\"http:\/\/www.primaria.librosvivos.net\/6EP_Mate_cas_ud15_Autoevaluacion.html\" target=\"_blank\">AUTOEVALUACI\u00d3N DE LA UNIDAD<\/a><\/td>\n<\/tr>\n<\/tbody>\n<\/table>\n","protected":false},"excerpt":{"rendered":"<p>MATEM\u00c1TICAS Tema 14 \u201cEstad\u00edstica\u201d CONTENIDOS RECURSOS Variables estad\u00edsticas ESTAD\u00cdSTICA Y PROBABILIDAD EL CIRCO DE LA PROBABILIDAD EL AZAR Y LA VIDA COTIDIANA LOS JUEGOS DE AZAR SEGURO, POSIBLE O IMPOSIBLE EXPERIMENTOS ALEATORIOS C\u00c1LCULO DE PROBABILIDADES I C\u00c1LCULO DE PROBABILIDADES II PROBLEMAS Y ESTRATEGIAS Frecuencia absoluta y relativa FRECUENCIA Y PROBABILIDAD Representaci\u00f3n gr\u00e1fica de datos agrupados [&hellip;]<\/p>\n","protected":false},"author":6,"featured_media":0,"parent":376,"menu_order":14,"comment_status":"open","ping_status":"open","template":"","meta":[],"_links":{"self":[{"href":"https:\/\/cpcorella.educacion.navarra.es\/blogs\/3ciclo\/wp-json\/wp\/v2\/pages\/418"}],"collection":[{"href":"https:\/\/cpcorella.educacion.navarra.es\/blogs\/3ciclo\/wp-json\/wp\/v2\/pages"}],"about":[{"href":"https:\/\/cpcorella.educacion.navarra.es\/blogs\/3ciclo\/wp-json\/wp\/v2\/types\/page"}],"author":[{"embeddable":true,"href":"https:\/\/cpcorella.educacion.navarra.es\/blogs\/3ciclo\/wp-json\/wp\/v2\/users\/6"}],"replies":[{"embeddable":true,"href":"https:\/\/cpcorella.educacion.navarra.es\/blogs\/3ciclo\/wp-json\/wp\/v2\/comments?post=418"}],"version-history":[{"count":0,"href":"https:\/\/cpcorella.educacion.navarra.es\/blogs\/3ciclo\/wp-json\/wp\/v2\/pages\/418\/revisions"}],"up":[{"embeddable":true,"href":"https:\/\/cpcorella.educacion.navarra.es\/blogs\/3ciclo\/wp-json\/wp\/v2\/pages\/376"}],"wp:attachment":[{"href":"https:\/\/cpcorella.educacion.navarra.es\/blogs\/3ciclo\/wp-json\/wp\/v2\/media?parent=418"}],"curies":[{"name":"wp","href":"https:\/\/api.w.org\/{rel}","templated":true}]}}