{"id":414,"date":"2010-01-17T17:33:50","date_gmt":"2010-01-17T17:33:50","guid":{"rendered":"http:\/\/pitagorines.wordpress.com\/?page_id=414"},"modified":"2010-01-17T17:33:50","modified_gmt":"2010-01-17T17:33:50","slug":"tema-13","status":"publish","type":"page","link":"https:\/\/cpcorella.educacion.navarra.es\/blogs\/3ciclo\/sexto\/matematicas\/tema-13\/","title":{"rendered":"Tema 13 \u201cCuerpos geom\u00e9tricos. Volumen\u201d"},"content":{"rendered":"<table border=\"1\" cellspacing=\"0\" cellpadding=\"0\">\n<tbody>\n<tr>\n<td colspan=\"2\" width=\"489\" valign=\"top\">MATEM\u00c1TICAS Tema 13 \u201cCuerpos geom\u00e9tricos.   Volumen\u201d<\/td>\n<\/tr>\n<tr>\n<td width=\"215\" valign=\"top\">CONTENIDOS<\/td>\n<td width=\"274\" valign=\"top\">RECURSOS<\/td>\n<\/tr>\n<tr>\n<td width=\"215\" valign=\"top\">Los poliedros<\/td>\n<td width=\"274\" valign=\"top\">\n<ul>\n<li><a href=\"http:\/\/www.edu.xunta.es\/contidos\/premios\/p2004\/b\/poliedros\/poliedros.html\" target=\"_blank\">POLIEDROS<\/a><\/li>\n<li><a href=\"http:\/\/clic.xtec.net\/db\/jclicApplet.jsp?project=http:\/\/clic.xtec.net\/projects\/matsexto\/jclic\/matsexto.jclic.zip&amp;lang=es\" target=\"_blank\">GEOMETR\u00cdA: POLIEDROS. <\/a><\/li>\n<li><\/li>\n<\/ul>\n<\/td>\n<\/tr>\n<tr>\n<td width=\"215\" valign=\"top\">Los cuerpos redondos<\/td>\n<td width=\"274\" valign=\"top\">\n<ul>\n<li><a href=\"http:\/\/clic.xtec.net\/db\/jclicApplet.jsp?project=http:\/\/clic.xtec.net\/projects\/matsexto\/jclic\/matsexto.jclic.zip&amp;lang=es\" target=\"_blank\">CUERPOS REDONDOS <\/a><\/li>\n<li><a href=\"http:\/\/www.aplicaciones.info\/decimales\/geoes01.htm\" target=\"_blank\">POLIEDROS        Y CUERPOS REDONDOS<\/a><\/li>\n<li><\/li>\n<\/ul>\n<\/td>\n<\/tr>\n<tr>\n<td width=\"215\" valign=\"top\">La medida del volumen<\/td>\n<td width=\"274\" valign=\"top\">\n<ul>\n<li><a href=\"http:\/\/w3.cnice.mec.es\/recursos\/primaria\/matematicas\/volumen\/menu.html\" target=\"_blank\">EL VOLUMEN. CAPACIDAD<\/a><\/li>\n<li><\/li>\n<li><a href=\"http:\/\/www.genmagic.net\/fisica\/completac.swf\" target=\"_blank\">\u00bfCU\u00c1NTOS        FALTAN?<\/a><\/li>\n<li><a href=\"http:\/\/www.wikisaber.es\/Contenidos\/LObjects\/volume\/index.html\" target=\"_blank\">INTRODUCCI\u00d3N AL VOLUMEN<\/a><\/li>\n<li><a href=\"http:\/\/redes.agrega.indra.es\/repositorio\/13062008\/es_20080613_3_9162810\/index.html\" target=\"_blank\">EL VOLUMEN<\/a><\/li>\n<li><a href=\"http:\/\/www.omerique.net\/polavide\/rec_polavide0708\/edilim\/volumenes\/volumenes.html\" target=\"_blank\">VOL\u00daMENES<\/a><\/li>\n<li><\/li>\n<\/ul>\n<\/td>\n<\/tr>\n<tr>\n<td width=\"215\" valign=\"top\">Unidades de medida de volumen<\/td>\n<td width=\"274\" valign=\"top\">\n<ul>\n<li><a href=\"http:\/\/www.aplicaciones.info\/decimales\/siste05.htm\" target=\"_blank\">MEDIDAS        DE VOLUMEN<\/a><\/li>\n<li><\/li>\n<li><a href=\"http:\/\/conteni2.educarex.es\/mats\/11372\/contenido\/index2.html\" target=\"_blank\">VOLUMEN<\/a><\/li>\n<li><\/li>\n<\/ul>\n<\/td>\n<\/tr>\n<tr>\n<td width=\"215\" valign=\"top\"><\/td>\n<td width=\"274\" valign=\"top\"><\/td>\n<\/tr>\n<tr>\n<td width=\"215\" valign=\"top\">Otras actividades.<\/td>\n<td width=\"274\" valign=\"top\"><\/td>\n<\/tr>\n<\/tbody>\n<\/table>\n<p><span style=\"text-decoration:underline\"><strong>RECURSOS<\/strong><\/span><\/p>\n<p><img loading=\"lazy\" title=\"&quot;allowFullScreen&quot;:&quot;true&quot;,&quot;allowScriptAccess&quot;:&quot;always&quot;,&quot;src&quot;:&quot;http:\/\/static.slideshare.net\/swf\/ssplayer2.swf?id=807404&amp;doc=cuerpos-geometricos-1228170792674062-9&quot;\" src=\"http:\/\/irati.pnte.cfnavarra.es\/multiblog\/jrodrig3\/wp-includes\/js\/tinymce\/plugins\/media\/img\/trans.gif\" alt=\"\" width=\"468\" height=\"384\" \/><\/p>\n<p><img loading=\"lazy\" title=\"&quot;allowFullScreen&quot;:&quot;true&quot;,&quot;allowScriptAccess&quot;:&quot;always&quot;,&quot;src&quot;:&quot;http:\/\/static.slideshare.net\/swf\/ssplayer2.swf?id=661160&amp;doc=prismas-1224113007944913-8&quot;\" src=\"http:\/\/irati.pnte.cfnavarra.es\/multiblog\/jrodrig3\/wp-includes\/js\/tinymce\/plugins\/media\/img\/trans.gif\" alt=\"\" width=\"468\" height=\"384\" \/><\/p>\n<iframe src=\"https:\/\/www.slideshare.net\/slideshow\/embed_code\/807404\" width=\"625\" height=\"507\" frameborder=\"0\" marginwidth=\"0\" marginheight=\"0\" scrolling=\"no\"><\/iframe><br\/>\n<iframe src=\"https:\/\/www.slideshare.net\/slideshow\/embed_code\/661160\" width=\"625\" height=\"507\" frameborder=\"0\" marginwidth=\"0\" marginheight=\"0\" scrolling=\"no\"><\/iframe><br\/>\n<ul>\n<li><strong><a href=\"http:\/\/www.escolar.com\/geometr\/13cuerpos.htm\" target=\"_blank\">Cuerpos geom\u00e9tricos<\/a><\/strong><\/li>\n<li><strong><a href=\"http:\/\/www.telefonica.net\/web2\/webquestgeometricos\/\" target=\"_blank\">Cuerpos geom\u00e9tricos (Webquest)<\/a><\/strong><\/li>\n<li><strong><a href=\"http:\/\/www.escueladigital.com.uy\/geometria\/5_cuerpos.htm\" target=\"_blank\">Cierpos geom\u00e9tricos<\/a><\/strong><\/li>\n<li><strong><a href=\"http:\/\/contenidos.santillanaenred.com\/jukebox\/servlet\/GetPlayer?p3v=true&amp;xref=200602211212_PRE_0_-1650925153&amp;mode=1&amp;rtc=1001&amp;locale=es_ES&amp;cache=false\" target=\"_blank\">El juego de las construcciones<\/a><\/strong><\/li>\n<li><strong><a href=\"http:\/\/contenidos.santillanaenred.com\/jukebox\/servlet\/GetPlayer?p3v=true&amp;xref=200602211208_AC_0_1797474805&amp;mode=1&amp;rtc=1001&amp;locale=es_ES&amp;cache=false\" target=\"_blank\">Prismas y pir\u00e1mides<\/a><\/strong><\/li>\n<li><strong><a href=\"http:\/\/www.genmagic.org\/mates1\/prisr1c.swf\" target=\"_blank\">Prismas rectos<\/a><\/strong><\/li>\n<li><strong><a href=\"http:\/\/www.editorialteide.es\/elearning\/Primaria.asp?IdJuego=777&amp;IdTipoJuego=7\" target=\"_blank\">Conos y cilindros<\/a><\/strong><\/li>\n<li><strong><a href=\"http:\/\/213.0.8.18\/portal\/Educantabria\/ContenidosEducativosDigitales\/Secundaria\/Geometria%20Ezequiel\/geometria\/g_poliedros\/a_index_poliedros.htm\" target=\"_blank\">Poliedros regulares<\/a><\/strong><\/li>\n<li><strong><a href=\"http:\/\/conteni2.educarex.es\/mats\/11814\/contenido\/\" target=\"_blank\">Poliedros<\/a><\/strong><\/li>\n<li><strong><a href=\"http:\/\/www.kokone.com.mx\/tareas\/figuras\/home.html\" target=\"_blank\">Cuerpos geom\u00e9tricos para montar<\/a><\/strong><\/li>\n<li><strong><a href=\"http:\/\/www.gobiernodecanarias.org\/educacion\/9\/Usr\/eltanque\/desarrollo_1.html\" target=\"_blank\">Desarrollo de poliedros<\/a><\/strong><\/li>\n<li><strong><a href=\"http:\/\/contenidos.santillanaenred.com\/jukebox\/servlet\/GetPlayer?p3v=true&amp;xref=200602211204_AC_0_1069043373&amp;mode=1&amp;rtc=1001&amp;locale=es_ES&amp;cache=false\" target=\"_blank\">Elige el desarrollo<\/a><\/strong><\/li>\n<li><strong><a href=\"http:\/\/www.isftic.mepsyd.es\/w3\/recursos\/primaria\/matematicas\/volumen\/menu.html\" target=\"_blank\">El volumen<\/a><\/strong><\/li>\n<li><strong><a href=\"http:\/\/redes.agrega.indra.es\/repositorio\/13062008\/es_20080613_3_9162810\/index.html\" target=\"_blank\">El volumen<\/a><\/strong><\/li>\n<li><strong><a href=\"http:\/\/contenidos.santillanaenred.com\/jukebox\/servlet\/GetPlayer?p3v=true&amp;xref=200602211244_PRE_0_-249856428&amp;mode=1&amp;rtc=1001&amp;locale=es_ES&amp;cache=false\" target=\"_blank\">El metro c\u00fabico<\/a><\/strong><\/li>\n<\/ul>\n","protected":false},"excerpt":{"rendered":"<p>MATEM\u00c1TICAS Tema 13 \u201cCuerpos geom\u00e9tricos. Volumen\u201d CONTENIDOS RECURSOS Los poliedros POLIEDROS GEOMETR\u00cdA: POLIEDROS. Los cuerpos redondos CUERPOS REDONDOS POLIEDROS Y CUERPOS REDONDOS La medida del volumen EL VOLUMEN. CAPACIDAD \u00bfCU\u00c1NTOS FALTAN? INTRODUCCI\u00d3N AL VOLUMEN EL VOLUMEN VOL\u00daMENES Unidades de medida de volumen MEDIDAS DE VOLUMEN VOLUMEN Otras actividades. RECURSOS Cuerpos geom\u00e9tricos Cuerpos geom\u00e9tricos (Webquest) Cierpos [&hellip;]<\/p>\n","protected":false},"author":6,"featured_media":0,"parent":376,"menu_order":13,"comment_status":"open","ping_status":"open","template":"","meta":[],"_links":{"self":[{"href":"https:\/\/cpcorella.educacion.navarra.es\/blogs\/3ciclo\/wp-json\/wp\/v2\/pages\/414"}],"collection":[{"href":"https:\/\/cpcorella.educacion.navarra.es\/blogs\/3ciclo\/wp-json\/wp\/v2\/pages"}],"about":[{"href":"https:\/\/cpcorella.educacion.navarra.es\/blogs\/3ciclo\/wp-json\/wp\/v2\/types\/page"}],"author":[{"embeddable":true,"href":"https:\/\/cpcorella.educacion.navarra.es\/blogs\/3ciclo\/wp-json\/wp\/v2\/users\/6"}],"replies":[{"embeddable":true,"href":"https:\/\/cpcorella.educacion.navarra.es\/blogs\/3ciclo\/wp-json\/wp\/v2\/comments?post=414"}],"version-history":[{"count":0,"href":"https:\/\/cpcorella.educacion.navarra.es\/blogs\/3ciclo\/wp-json\/wp\/v2\/pages\/414\/revisions"}],"up":[{"embeddable":true,"href":"https:\/\/cpcorella.educacion.navarra.es\/blogs\/3ciclo\/wp-json\/wp\/v2\/pages\/376"}],"wp:attachment":[{"href":"https:\/\/cpcorella.educacion.navarra.es\/blogs\/3ciclo\/wp-json\/wp\/v2\/media?parent=414"}],"curies":[{"name":"wp","href":"https:\/\/api.w.org\/{rel}","templated":true}]}}