{"id":411,"date":"2010-01-17T16:54:39","date_gmt":"2010-01-17T16:54:39","guid":{"rendered":"http:\/\/pitagorines.wordpress.com\/?page_id=411"},"modified":"2010-01-17T16:54:39","modified_gmt":"2010-01-17T16:54:39","slug":"tema-12","status":"publish","type":"page","link":"https:\/\/cpcorella.educacion.navarra.es\/blogs\/3ciclo\/sexto\/matematicas\/tema-12\/","title":{"rendered":"Tema 12 \u201c\u00c1reas y per\u00edmetros\u201d"},"content":{"rendered":"<ul><\/ul>\n<table border=\"1\" cellspacing=\"0\" cellpadding=\"0\">\n<tbody>\n<tr>\n<td colspan=\"2\" width=\"489\" valign=\"top\">MATEM\u00c1TICAS Tema 12 \u201c\u00c1reas y per\u00edmetros\u201d<\/td>\n<\/tr>\n<tr>\n<td width=\"215\" valign=\"top\">CONTENIDOS<\/td>\n<td width=\"274\" valign=\"top\">RECURSOS<\/td>\n<\/tr>\n<tr>\n<td width=\"215\" valign=\"top\">Paralelogramos<\/td>\n<td width=\"274\" valign=\"top\">\n<ul>\n<li><a href=\"http:\/\/w3.cnice.mec.es\/recursos\/primaria\/matematicas\/superficie\/a2\/menu.html\" target=\"_blank\">EL METRO CUADRADO<\/a><\/li>\n<li><a href=\"http:\/\/clic.xtec.net\/db\/jclicApplet.jsp?project=http:\/\/clic.xtec.net\/projects\/matsexto\/jclic\/matsexto.jclic.zip&amp;lang=es\" target=\"_blank\">Geometr\u00eda: Problemas<\/a><\/li>\n<li><a href=\"http:\/\/w3.cnice.mec.es\/recursos\/primaria\/matematicas\/superficie\/a4\/menu.html\" target=\"_blank\">APROXIMACI\u00d3N DE MEDIDAS<\/a><\/li>\n<li><a href=\"http:\/\/www.wikisaber.es\/Contenidos\/LObjects\/area\/launch.html\" target=\"_blank\">EL \u00c1REA<\/a><\/li>\n<li><a href=\"http:\/\/genmagic.org\/mates1\/ap1c.html\" target=\"_blank\">\u00c1REA        DE LAS FIGURAS PLANAS<\/a><\/li>\n<li><\/li>\n<\/ul>\n<\/td>\n<\/tr>\n<tr>\n<td width=\"215\" valign=\"top\">Tri\u00e1ngulos<\/td>\n<td width=\"274\" valign=\"top\">\n<ul>\n<li><a href=\"http:\/\/www.aplicaciones.info\/decimales\/geopla05.htm\" target=\"_blank\">\u00c1REA DEL PARALELOGRAMO Y TRI\u00c1NGULO<\/a><\/li>\n<\/ul>\n<\/td>\n<\/tr>\n<tr>\n<td width=\"215\" valign=\"top\">Pol\u00edgonos regulares<\/td>\n<td width=\"274\" valign=\"top\">\n<ul>\n<li> <a href=\"http:\/\/w3.cnice.mec.es\/recursos\/primaria\/matematicas\/superficie\/a3\/menu.html\" target=\"_blank\">\u00c1REAS DE LOS POL\u00cdGONOS. ESCALAS<\/a><\/li>\n<li><\/li>\n<li><a href=\"http:\/\/www.aplicaciones.info\/decimales\/geopla06.htm\" target=\"_blank\">\u00c1REA DEL ROMBO Y TRAPECIO<\/a><\/li>\n<li><a href=\"http:\/\/recursos.pnte.cfnavarra.es\/%7Emsadaall\/geogebra\/areas.htm\" target=\"_blank\">\u00c1REAS DE POL\u00cdGONOS<\/a><\/li>\n<\/ul>\n<\/td>\n<\/tr>\n<tr>\n<td width=\"215\" valign=\"top\">Circunferencia y c\u00edrculo<\/td>\n<td width=\"274\" valign=\"top\">\n<ul>\n<li><a href=\"http:\/\/www.memo.com.co\/fenonino\/aprenda\/geometria\/geomet2.html\" target=\"_blank\">\u00bfQU\u00c9 ES CIRCUNFERENCIA Y C\u00cdRCULO?<\/a><\/li>\n<li><\/li>\n<li><a href=\"http:\/\/roble.pntic.mec.es\/jarran2\/cabriweb\/circunf\/circunf.htm\" target=\"_blank\">CIRCUNFERENCIA Y C\u00cdRCULO I<\/a><\/li>\n<li><a href=\"http:\/\/www.aplicaciones.info\/decimales\/geopla04.htm\" target=\"_blank\">CIRCUNFERENCIA Y C\u00cdRCULO II<\/a><\/li>\n<li><\/li>\n<li><a href=\"http:\/\/www.genmagic.org\/mates2\/cir1c.swf\" target=\"_blank\">LONGITUD        DE LA CIRCUNFERENCIA<\/a><\/li>\n<li><a href=\"http:\/\/www.aplicaciones.info\/decimales\/geopla07.htm\" target=\"_blank\">\u00c1REA DEL C\u00cdRCULO<\/a><\/li>\n<\/ul>\n<\/td>\n<\/tr>\n<tr>\n<td width=\"215\" valign=\"top\"><\/td>\n<td width=\"274\" valign=\"top\"><\/td>\n<\/tr>\n<tr>\n<td width=\"215\" valign=\"top\">Otras actividades.<\/td>\n<td width=\"274\" valign=\"top\"><\/td>\n<\/tr>\n<\/tbody>\n<\/table>\n<ul><\/ul>\n<p><strong>RECURSOS<\/strong><\/p>\n<iframe src=\"https:\/\/www.slideshare.net\/slideshow\/embed_code\/129985\" width=\"625\" height=\"507\" frameborder=\"0\" marginwidth=\"0\" marginheight=\"0\" scrolling=\"no\"><\/iframe><br\/>\n<p><strong><br \/>\n<\/strong><\/p>\n<ol>\n<li><strong><a href=\"http:\/\/www.colegio-jaimebalmes.com\/animacionesnuevas\/matematicas\/figurasplanas11.swf\" target=\"_blank\">Animaci\u00f3n.- \u00c1rea del rect\u00e1ngulo<\/a><\/strong><strong> <\/strong><\/li>\n<li><strong><a href=\"http:\/\/www.colegio-jaimebalmes.com\/animacionesnuevas\/matematicas\/figuplanas12a.swf\" target=\"_blank\">Animaci\u00f3n.- \u00c1rea de un tri\u00e1gulo<\/a><\/strong><strong> <\/strong><strong> <\/strong><\/li>\n<li><strong><a href=\"http:\/\/www.colegio-jaimebalmes.com\/animacionesnuevas\/matematicas\/figuplanas13a.swf\" target=\"_blank\">Animaci\u00f3n.- \u00c1rea de un paraleogramo<\/a><\/strong><strong> <\/strong><\/li>\n<li><strong><a href=\"http:\/\/www.colegio-jaimebalmes.com\/animacionesnuevas\/matematicas\/areas.swf\" target=\"_blank\">Animaci\u00f3n.- \u00c1reas de paralelogramos,tri\u00e1ngulos y trapecios.<\/a><\/strong><\/li>\n<li><strong><a href=\"http:\/\/www.colegio-jaimebalmes.com\/animacionesnuevas\/matematicas\/figurasplanas14_bis2.swf\" target=\"_blank\">Animaci\u00f3n.- \u00c1rea del hex\u00e1gono regular<\/a><\/strong><strong> <\/strong><\/li>\n<li><strong><a href=\"http:\/\/www.colegio-jaimebalmes.com\/animacionesnuevas\/matematicas\/perimetros.swf\" target=\"_blank\">Animaci\u00f3n.Per\u00edmetros de pol\u00edgonos regulares e irregulares.<\/a><\/strong><strong> <\/strong><\/li>\n<li><strong><a href=\"http:\/\/www.colegio-jaimebalmes.com\/animacionesnuevas\/matematicas\/figupla15b.swf\" target=\"_blank\">Actividad.- Calcular \u00e1rea de figura<\/a><\/strong><strong> <\/strong><\/li>\n<li><strong><a href=\"http:\/\/www.colegio-jaimebalmes.com\/animacionesnuevas\/matematicas\/figupla10c.swf\" target=\"_blank\">Animaci\u00f3n.-Demostraci\u00f3n del Teorema de Pit\u00e1goras.<\/a><\/strong><strong> <\/strong><\/li>\n<li><strong><a href=\"http:\/\/www.genmagic.net\/generadores\/galeria3\/mesuraareac.html\" target=\"_blank\">Actividad.- Mide y clasifica cuadril\u00e1teros<\/a><\/strong><strong> <\/strong><\/li>\n<li><strong><a href=\"http:\/\/www.genmagic.net\/mates2\/simetria_ca.swf\" target=\"_blank\">Juegos b\u00e1sicos de simetrias<\/a><\/strong><strong> <\/strong><\/li>\n<li><strong><a href=\"http:\/\/www.colegio-jaimebalmes.com\/animacionesnuevas\/matematicas\/1049_elem_poligono.swf\" target=\"_blank\">Elementos de un pol\u00edgono.<\/a><\/strong><strong> <\/strong><\/li>\n<li><strong><a href=\"http:\/\/www.colegio-jaimebalmes.com\/animacionesnuevas\/matematicas\/figuplanas06.swf\" target=\"_blank\">Animaci\u00f3n.- Suma de los \u00e1ngulos de un tri\u00e1ngulo.<\/a><\/strong><\/li>\n<li><strong><a href=\"http:\/\/www.colegio-jaimebalmes.com\/animacionesnuevas\/matematicas\/longitudcircunferencia.swf\" target=\"_blank\">Animaci\u00f3n.- Longitud de una circunferencia.<\/a><\/strong><strong> <\/strong><\/li>\n<li><strong><a href=\"http:\/\/www.colegio-jaimebalmes.com\/animacionesnuevas\/matematicas\/formas.swf\" target=\"_blank\">Actividad.- Juega con las formas<\/a><\/strong><\/li>\n<li><strong><a href=\"http:\/\/www.xtec.es\/%7Eepuig124\/mates\/geometria\/castella\/index.htm\" target=\"_blank\">Geometr\u00eda<\/a><\/strong><\/li>\n<li><strong><a href=\"http:\/\/www.juntadeandalucia.es\/averroes\/recursos_informaticos\/andared02\/geometria1\/index.html\" target=\"_blank\">Figuras planas<\/a><\/strong><\/li>\n<li><strong><a href=\"http:\/\/recursos.pnte.cfnavarra.es\/%7Emsadaall\/geogebra\/figuras\/a4_triangulo.htm\" target=\"_blank\">Geogebra<\/a><\/strong><\/li>\n<li><strong><a href=\"http:\/\/www.librosvivos.net\/smtc\/homeTC.asp?TemaClave=1049\" target=\"_blank\">Pol\u00edgonos.<\/a><\/strong><\/li>\n<li><strong><a href=\"http:\/\/www.genmagic.org\/mates2\/merlicc1c.swf\">Repasamos coordenadas.<\/a><\/strong><\/li>\n<li><strong><a href=\"http:\/\/recursos.pnte.cfnavarra.es\/%7Emsadaall\/geogebra\/areas.htm\">Para calcular \u00e1reas<\/a>.<\/strong><\/li>\n<li><strong><a href=\"http:\/\/contenidos.santillanaenred.com\/jukebox\/servlet\/GetPlayer?p3v=true&amp;xref=200602211054_PRE_0_351705463&amp;mode=1&amp;rtc=1001&amp;locale=es_ES&amp;cache=false\">Pol\u00edgonos, \u00e1reas y per\u00edmetros.<\/a><\/strong><\/li>\n<li><strong><a href=\"http:\/\/contenidos.santillanaenred.com\/jukebox\/servlet\/GetPlayer?p3v=true&amp;xref=200601231127_AC_0_-1761922772&amp;mode=1&amp;rtc=1001&amp;locale=es_ES&amp;cache=false\">Comprueba lo que sabes<\/a> <\/strong><\/li>\n<li><strong><a href=\"http:\/\/contenidos.santillanaenred.com\/jukebox\/servlet\/GetPlayer?p3v=true&amp;xref=200601231130_AC_0_-386704904&amp;mode=1&amp;rtc=1001&amp;locale=es_ES&amp;cache=false\">Figuras y \u00e1reas<\/a> <\/strong><\/li>\n<li><strong><a href=\"http:\/\/contenidos.santillanaenred.com\/jukebox\/servlet\/GetPlayer?p3v=true&amp;xref=200601231133_AC_0_-1107250994&amp;mode=1&amp;rtc=1001&amp;locale=es_ES&amp;cache=false\">Per\u00edmetro<\/a><\/strong><\/li>\n<li><strong><a href=\"http:\/\/213.0.8.18\/portal\/Educantabria\/ContenidosEducativosDigitales\/Secundaria\/Geometria%20Ezequiel\/index.htm\" target=\"_blank\">Pol\u00edgonos<\/a><\/strong><\/li>\n<\/ol>\n","protected":false},"excerpt":{"rendered":"<p>MATEM\u00c1TICAS Tema 12 \u201c\u00c1reas y per\u00edmetros\u201d CONTENIDOS RECURSOS Paralelogramos EL METRO CUADRADO Geometr\u00eda: Problemas APROXIMACI\u00d3N DE MEDIDAS EL \u00c1REA \u00c1REA DE LAS FIGURAS PLANAS Tri\u00e1ngulos \u00c1REA DEL PARALELOGRAMO Y TRI\u00c1NGULO Pol\u00edgonos regulares \u00c1REAS DE LOS POL\u00cdGONOS. ESCALAS \u00c1REA DEL ROMBO Y TRAPECIO \u00c1REAS DE POL\u00cdGONOS Circunferencia y c\u00edrculo \u00bfQU\u00c9 ES CIRCUNFERENCIA Y C\u00cdRCULO? CIRCUNFERENCIA Y [&hellip;]<\/p>\n","protected":false},"author":6,"featured_media":0,"parent":376,"menu_order":12,"comment_status":"open","ping_status":"open","template":"","meta":[],"_links":{"self":[{"href":"https:\/\/cpcorella.educacion.navarra.es\/blogs\/3ciclo\/wp-json\/wp\/v2\/pages\/411"}],"collection":[{"href":"https:\/\/cpcorella.educacion.navarra.es\/blogs\/3ciclo\/wp-json\/wp\/v2\/pages"}],"about":[{"href":"https:\/\/cpcorella.educacion.navarra.es\/blogs\/3ciclo\/wp-json\/wp\/v2\/types\/page"}],"author":[{"embeddable":true,"href":"https:\/\/cpcorella.educacion.navarra.es\/blogs\/3ciclo\/wp-json\/wp\/v2\/users\/6"}],"replies":[{"embeddable":true,"href":"https:\/\/cpcorella.educacion.navarra.es\/blogs\/3ciclo\/wp-json\/wp\/v2\/comments?post=411"}],"version-history":[{"count":0,"href":"https:\/\/cpcorella.educacion.navarra.es\/blogs\/3ciclo\/wp-json\/wp\/v2\/pages\/411\/revisions"}],"up":[{"embeddable":true,"href":"https:\/\/cpcorella.educacion.navarra.es\/blogs\/3ciclo\/wp-json\/wp\/v2\/pages\/376"}],"wp:attachment":[{"href":"https:\/\/cpcorella.educacion.navarra.es\/blogs\/3ciclo\/wp-json\/wp\/v2\/media?parent=411"}],"curies":[{"name":"wp","href":"https:\/\/api.w.org\/{rel}","templated":true}]}}