{"id":409,"date":"2010-01-17T16:53:17","date_gmt":"2010-01-17T16:53:17","guid":{"rendered":"http:\/\/pitagorines.wordpress.com\/?page_id=409"},"modified":"2010-01-17T16:53:17","modified_gmt":"2010-01-17T16:53:17","slug":"tema-11","status":"publish","type":"page","link":"https:\/\/cpcorella.educacion.navarra.es\/blogs\/3ciclo\/sexto\/matematicas\/tema-11\/","title":{"rendered":"Tema 11 \u201cMedida de longitudes y de superficies\u201d"},"content":{"rendered":"<table border=\"1\" cellspacing=\"0\" cellpadding=\"0\">\n<tbody>\n<tr>\n<td colspan=\"2\" width=\"489\" valign=\"top\">MATEM\u00c1TICAS Tema 11 \u201cMedida de longitudes y de   superficies\u201d<\/td>\n<\/tr>\n<tr>\n<td width=\"215\" valign=\"top\">CONTENIDOS<\/td>\n<td width=\"274\" valign=\"top\">RECURSOS<\/td>\n<\/tr>\n<tr>\n<td width=\"215\" valign=\"top\">Longitud y superficie<\/td>\n<td width=\"274\" valign=\"top\">\n<ul>\n<li><a href=\"http:\/\/w3.cnice.mec.es\/recursos\/primaria\/matematicas\/superficie\/a2\/menu.html\" target=\"_blank\">EL METRO CUADRADO<\/a><\/li>\n<li><a href=\"http:\/\/www.juntadeandalucia.es\/averroes\/carambolo\/WEB%20JCLIC2\/Matematicas\/poligono\/index.htm\" target=\"_blank\">LOS POL\u00cdGONOS<\/a><\/li>\n<li><a href=\"http:\/\/w3.cnice.mec.es\/recursos\/primaria\/matematicas\/superficie\/a4\/menu.html\" target=\"_blank\">APROXIMACI\u00d3N DE MEDIDAS<\/a><\/li>\n<li><\/li>\n<\/ul>\n<\/td>\n<\/tr>\n<tr>\n<td width=\"215\" valign=\"top\">Per\u00edmetro y \u00e1rea<\/td>\n<td width=\"274\" valign=\"top\">\n<ul>\n<li><a href=\"http:\/\/www.wikisaber.es\/Contenidos\/LObjects\/area\/launch.html\" target=\"_blank\">EL \u00c1REA<\/a><\/li>\n<\/ul>\n<\/td>\n<\/tr>\n<tr>\n<td width=\"215\" valign=\"top\">Unidades de medida de longitud<\/td>\n<td width=\"274\" valign=\"top\">\n<ul>\n<li><a href=\"http:\/\/www.gobiernodecanarias.org\/educacion\/usr\/eltanque\/todo_mate\/medidas_e\/longitud_e\/longitud_ep.html\" target=\"_blank\">UNIDADES DE LONGITUD. RELACIONES<\/a><\/li>\n<li><a href=\"http:\/\/clic.xtec.net\/db\/jclicApplet.jsp?project=http:\/\/clic.xtec.net\/projects\/matsexto\/jclic\/matsexto.jclic.zip&amp;lang=es\" target=\"_blank\">LAS MEDIDAS: SISTEMA M\u00c9TRICO DECIMAL<\/a><\/li>\n<li><a href=\"http:\/\/www.juntadeandalucia.es\/averroes\/recursos_informaticos\/andared01\/sistema_metrico\/sistemaMetrico.swf\" target=\"_blank\">PARA TRABAJAR LA UNIDAD<\/a><\/li>\n<li><a href=\"http:\/\/www.gobiernodecanarias.org\/educacion\/9\/Usr\/eltanque\/todo_mate\/medidas\/longitud\/longitud_1.swf\" target=\"_blank\">MEDIDAS DE LONGITUD<\/a><\/li>\n<li><a href=\"http:\/\/www.juntadeandalucia.es\/averroes\/carambolo\/WEB%20JCLIC2\/Agrega\/Matematicas\/Longitud\/contenido\/index.html\" target=\"_blank\">LONGITUD<\/a><\/li>\n<li><\/li>\n<\/ul>\n<\/td>\n<\/tr>\n<tr>\n<td width=\"215\" valign=\"top\">Unidades de medida de   superficie<\/td>\n<td width=\"274\" valign=\"top\">\n<ul>\n<li><a href=\"http:\/\/www.aplicaciones.info\/decimales\/siste04.htm\" target=\"_blank\">MEDIDAS        DE SUPERFICIE<\/a><\/li>\n<li><\/li>\n<li><a href=\"http:\/\/redes.agrega.indra.es\/repositorio\/13062008\/es_20080613_3_9162726\/index.html\" target=\"_blank\">LA SUPERFICIE<\/a><\/li>\n<li><a href=\"http:\/\/www.juntadeandalucia.es\/averroes\/carambolo\/WEB%20JCLIC2\/Agrega\/Matematicas\/Superficie\/contenido\/index.html\" target=\"_blank\">SUPERFICIE<\/a><\/li>\n<li><a href=\"http:\/\/www.primaria.librosvivos.net\/6EP_Mate_cas_ud9_Distintos_modos_de_expresar_una_medida.html\" target=\"_blank\">DISTINTOS MODOS DE EXPRESAR UNA MEDIDA<\/a><\/li>\n<li><a href=\"http:\/\/www.primaria.librosvivos.net\/5EP_Mat_cas_ud9_Resuelve_problemas.html\" target=\"_blank\">RESUELVE PROBLEMAS<\/a><\/li>\n<li><\/li>\n<\/ul>\n<\/td>\n<\/tr>\n<tr>\n<td width=\"215\" valign=\"top\"><\/td>\n<td width=\"274\" valign=\"top\"><\/td>\n<\/tr>\n<tr>\n<td width=\"215\" valign=\"top\">Otras actividades.<\/td>\n<td width=\"274\" valign=\"top\"><\/td>\n<\/tr>\n<\/tbody>\n<\/table>\n<table style=\"height:130px\" border=\"1\" cellspacing=\"0\" cellpadding=\"0\" width=\"171\">\n<tbody>\n<tr>\n<td colspan=\"2\" width=\"489\" valign=\"top\"><strong>RECURSOS<\/strong><\/p>\n<ul>\n<li>\n<div><strong><a href=\"http:\/\/conteni2.educarex.es\/mats\/11792\/contenido\/\">Sistema m\u00e9trico decimal<\/a><\/strong><\/div>\n<\/li>\n<li>\n<div><strong><a href=\"http:\/\/redes.agrega.indra.es\/repositorio\/13062008\/es_20080613_3_9161840\/\/index.html\" target=\"_blank\">La longitud<\/a><\/strong><\/div>\n<\/li>\n<li>\n<div><strong><a href=\"http:\/\/www.isftic.mepsyd.es\/w3\/recursos\/primaria\/matematicas\/longitud\/index.html\" target=\"_blank\">La longitud<\/a><\/strong><\/div>\n<\/li>\n<li>\n<div><strong><a href=\"http:\/\/www.gobiernodecanarias.org\/educacion\/9\/Usr\/eltanque\/todo_mate\/medidas\/longitud\/longitud_1.swf\" target=\"_blank\">Medidas de longitud<\/a><\/strong><\/div>\n<\/li>\n<li>\n<div><strong><a href=\"http:\/\/www.gobiernodecanarias.org\/educacion\/9\/Usr\/eltanque\/todo_mate\/medidas_e\/longitud_e\/longitud_ep.html\" target=\"_blank\">Relaci\u00f3n entre medidas de longitud<\/a><\/strong><\/div>\n<\/li>\n<li>\n<div><strong><a href=\"http:\/\/contenidos.santillanaenred.com\/jukebox\/servlet\/GetPlayer?p3v=true&amp;xref=200602210922_PRE_0_-1763828120&amp;mode=1&amp;rtc=1001&amp;locale=es_ES&amp;cache=false\" target=\"_blank\">Un d\u00eda en la piscina<\/a><\/strong><\/div>\n<\/li>\n<li>\n<div><strong><a href=\"http:\/\/redes.agrega.indra.es\/repositorio\/13062008\/es_20080613_3_9162726\/\/index.html\" target=\"_blank\">La superficie<\/a><\/strong><\/div>\n<\/li>\n<li>\n<div><strong><a href=\"http:\/\/www.isftic.mepsyd.es\/w3\/recursos\/primaria\/matematicas\/superficie\/index.html\" target=\"_blank\">La superficie<\/a><\/strong><\/div>\n<\/li>\n<\/ul>\n<\/td>\n<\/tr>\n<tr>\n<td width=\"215\" valign=\"top\"><\/td>\n<td width=\"274\" valign=\"top\"><\/td>\n<\/tr>\n<tr>\n<td width=\"215\" valign=\"top\"><\/td>\n<td rowspan=\"2\" width=\"274\" valign=\"top\"><\/td>\n<\/tr>\n<tr>\n<td width=\"215\" valign=\"top\"><\/td>\n<\/tr>\n<tr>\n<td width=\"215\" valign=\"top\"><\/td>\n<td rowspan=\"2\" width=\"274\" valign=\"top\"><\/td>\n<\/tr>\n<tr>\n<td width=\"215\" valign=\"top\"><\/td>\n<\/tr>\n<tr>\n<td width=\"215\" valign=\"top\"><\/td>\n<td width=\"274\" valign=\"top\"><\/td>\n<\/tr>\n<tr>\n<td width=\"215\" valign=\"top\"><\/td>\n<td width=\"274\" valign=\"top\"><\/td>\n<\/tr>\n<\/tbody>\n<\/table>\n","protected":false},"excerpt":{"rendered":"<p>MATEM\u00c1TICAS Tema 11 \u201cMedida de longitudes y de superficies\u201d CONTENIDOS RECURSOS Longitud y superficie EL METRO CUADRADO LOS POL\u00cdGONOS APROXIMACI\u00d3N DE MEDIDAS Per\u00edmetro y \u00e1rea EL \u00c1REA Unidades de medida de longitud UNIDADES DE LONGITUD. RELACIONES LAS MEDIDAS: SISTEMA M\u00c9TRICO DECIMAL PARA TRABAJAR LA UNIDAD MEDIDAS DE LONGITUD LONGITUD Unidades de medida de superficie MEDIDAS [&hellip;]<\/p>\n","protected":false},"author":6,"featured_media":0,"parent":376,"menu_order":11,"comment_status":"open","ping_status":"open","template":"","meta":[],"_links":{"self":[{"href":"https:\/\/cpcorella.educacion.navarra.es\/blogs\/3ciclo\/wp-json\/wp\/v2\/pages\/409"}],"collection":[{"href":"https:\/\/cpcorella.educacion.navarra.es\/blogs\/3ciclo\/wp-json\/wp\/v2\/pages"}],"about":[{"href":"https:\/\/cpcorella.educacion.navarra.es\/blogs\/3ciclo\/wp-json\/wp\/v2\/types\/page"}],"author":[{"embeddable":true,"href":"https:\/\/cpcorella.educacion.navarra.es\/blogs\/3ciclo\/wp-json\/wp\/v2\/users\/6"}],"replies":[{"embeddable":true,"href":"https:\/\/cpcorella.educacion.navarra.es\/blogs\/3ciclo\/wp-json\/wp\/v2\/comments?post=409"}],"version-history":[{"count":0,"href":"https:\/\/cpcorella.educacion.navarra.es\/blogs\/3ciclo\/wp-json\/wp\/v2\/pages\/409\/revisions"}],"up":[{"embeddable":true,"href":"https:\/\/cpcorella.educacion.navarra.es\/blogs\/3ciclo\/wp-json\/wp\/v2\/pages\/376"}],"wp:attachment":[{"href":"https:\/\/cpcorella.educacion.navarra.es\/blogs\/3ciclo\/wp-json\/wp\/v2\/media?parent=409"}],"curies":[{"name":"wp","href":"https:\/\/api.w.org\/{rel}","templated":true}]}}