{"id":407,"date":"2010-01-17T16:52:43","date_gmt":"2010-01-17T16:52:43","guid":{"rendered":"http:\/\/pitagorines.wordpress.com\/?page_id=407"},"modified":"2010-01-17T16:52:43","modified_gmt":"2010-01-17T16:52:43","slug":"tema-10","status":"publish","type":"page","link":"https:\/\/cpcorella.educacion.navarra.es\/blogs\/3ciclo\/sexto\/matematicas\/tema-10\/","title":{"rendered":"Tema 10 \u201c\u00c1ngulos. Clases y medidas\u201d"},"content":{"rendered":"<table border=\"1\" cellspacing=\"0\" cellpadding=\"0\">\n<tbody>\n<tr>\n<td colspan=\"2\" width=\"489\" valign=\"top\">MATEM\u00c1TICAS Tema 10 \u201c\u00c1ngulos. Clases y medidas\u201d<\/td>\n<\/tr>\n<tr>\n<td width=\"215\" valign=\"top\">CONTENIDOS<\/td>\n<td width=\"274\" valign=\"top\">RECURSOS<\/td>\n<\/tr>\n<tr>\n<td width=\"215\" valign=\"top\">\u00c1ngulos y su medida<\/td>\n<td rowspan=\"2\" width=\"274\" valign=\"top\">\n<ul>\n<li><a href=\"http:\/\/www.cidse.itcr.ac.cr\/revistamate\/GeometriaInteractiva\/IIICiclo\/NivelVII\/ClasificacionAngulosporMedida\/ClasificacionAngulosporMedida.htm\" target=\"_blank\">TEOR\u00cdA Y EJERCICIOS RELACIONADOS CON EL TEMA <\/a><\/li>\n<li><\/li>\n<li><a href=\"http:\/\/www.genmagic.org\/mates1\/ra1c.swf\" target=\"_blank\">\u00c1NGULOS<\/a><\/li>\n<li><a href=\"http:\/\/www.librosvivos.net\/smtc\/homeTC.asp?TemaClave=1036\" target=\"_blank\">RECTAS, SEMIRRECTAS&#8230;<\/a><\/li>\n<li><a href=\"http:\/\/www.omerique.net\/polavide\/rec_polavide0708\/edilim\/angulos\/angulos.html\" target=\"_blank\">CONCEPTO Y TIPOS<\/a><\/li>\n<li><a href=\"http:\/\/genmagic.org\/mates2\/gs1c.swf\" target=\"_blank\">UNIDADES        DE MEDIDA DE \u00c1NGULOS<\/a><\/li>\n<li><a href=\"http:\/\/www.gobiernodecanarias.org\/educacion\/9\/Usr\/eltanque\/angulos\/grados\/grados.swf\" target=\"_blank\">LOS \u00c1NGULOS Y SU MEDIDA<\/a><\/li>\n<li><a href=\"http:\/\/genmagic.org\/mates2\/gs1c.swf\" target=\"_blank\">SISTEMA        SEXAGESIMAL I<\/a><\/li>\n<li><a href=\"http:\/\/www.juntadeandalucia.es\/averroes\/carambolo\/WEB%20JCLIC2\/Agrega\/Matematicas\/Sistema%20sexagesimal\/contenido\/index.html\" target=\"_blank\">SISTEMA SEXAGESIMAL II<\/a><\/li>\n<li><\/li>\n<\/ul>\n<\/td>\n<\/tr>\n<tr>\n<td width=\"215\" valign=\"top\">El grado, el minuto y el   segundo<\/td>\n<\/tr>\n<tr>\n<td width=\"215\" valign=\"top\">Suma de \u00e1ngulos<\/td>\n<td rowspan=\"2\" width=\"274\" valign=\"top\">\n<ul>\n<li><a href=\"http:\/\/www.gobiernodecanarias.org\/educacion\/9\/Usr\/eltanque\/angulos\/principal_p.html\" target=\"_blank\">SUMA Y RESTA DE \u00c1NGULOS I<\/a><\/li>\n<li><\/li>\n<li><a href=\"http:\/\/www.omerique.net\/polavide\/rec_polavide0708\/edilim\/SumaRestaAngulos\/Sumayrestadeangulos.html\" target=\"_blank\">SUMA Y RESTA DE \u00c1NGULOS II<\/a><\/li>\n<li><\/li>\n<\/ul>\n<\/td>\n<\/tr>\n<tr>\n<td width=\"215\" valign=\"top\">Resta de \u00e1ngulos<\/td>\n<\/tr>\n<tr>\n<td width=\"215\" valign=\"top\"><\/td>\n<td width=\"274\" valign=\"top\"><\/td>\n<\/tr>\n<tr>\n<td width=\"215\" valign=\"top\">Otras actividades.<\/td>\n<td width=\"274\" valign=\"top\"><\/td>\n<\/tr>\n<\/tbody>\n<\/table>\n<p><strong><strong>RECURSOS<\/strong><\/strong><\/p>\n<ol>\n<li><strong><a href=\"http:\/\/www.librosvivos.net\/smtc\/homeTC.asp?TemaClave=1036\" target=\"_blank\">Los \u00e1ngulos<\/a><\/strong><\/li>\n<li><strong><a href=\"http:\/\/www.colegio-jaimebalmes.com\/animacionesnuevas\/matematicas\/angulos.swf\" target=\"_blank\">\u00c1ngulos<\/a><\/strong><\/li>\n<li><strong><a href=\"http:\/\/contenidos.santillanaenred.com\/jukebox\/servlet\/GetPlayer?p3v=true&amp;xref=200602011047_PRE_0_-1274510673&amp;mode=1&amp;rtc=1001&amp;locale=es_ES&amp;cache=false\" target=\"_blank\">\u00c1ngulos complementarios y suplementarios<\/a><\/strong><\/li>\n<li><strong><a href=\"http:\/\/contenidos.santillanaenred.com\/jukebox\/servlet\/GetPlayer?p3v=true&amp;xref=200602011047_PRE_0_-1274510673&amp;mode=1&amp;rtc=1001&amp;locale=es_ES&amp;cache=false\" target=\"_blank\">\u00c1ngulos<\/a><\/strong><\/li>\n<li><strong><a href=\"http:\/\/contenidos.santillanaenred.com\/jukebox\/servlet\/GetPlayer?p3v=true&amp;xref=200512261334_AC_0_471366777&amp;mode=1&amp;rtc=1001&amp;locale=es_ES&amp;cache=false\" target=\"_blank\">Dibujando \u00e1ngulos<\/a><\/strong><\/li>\n<li><strong><a href=\"http:\/\/www.gobiernodecanarias.org\/educacion\/9\/Usr\/eltanque\/angulos\/principal_p.html\" target=\"_blank\">Los \u00e1ngulos y su medida<\/a><\/strong><\/li>\n<li><strong><a href=\"http:\/\/redes.agrega.indra.es\/repositorio\/13062008\/es_20080613_3_9162853\/\/index.html\" target=\"_blank\">Sistema sexagesimal<\/a><\/strong><\/li>\n<li><strong><a href=\"http:\/\/www.genmagic.net\/mates2\/gs1c.swf\" target=\"_blank\">Grados, minutos y segundos<\/a><\/strong><\/li>\n<li><strong><a href=\"http:\/\/contenidos.santillanaenred.com\/jukebox\/servlet\/GetPlayer?p3v=true&amp;xref=200512261335_AC_0_-1564842370&amp;mode=1&amp;rtc=1001&amp;locale=es_ES&amp;cache=false\" target=\"_blank\">Grados, minutos y segundos<\/a><\/strong><\/li>\n<li><strong><a href=\"http:\/\/contenidos.santillanaenred.com\/jukebox\/servlet\/GetPlayer?p3v=true&amp;xref=200512261337_AC_0_714480501&amp;mode=1&amp;rtc=1001&amp;locale=es_ES&amp;cache=false\" target=\"_blank\">Suma de \u00e1ngulos<\/a><\/strong><\/li>\n<li><strong><a href=\"http:\/\/contenidos.santillanaenred.com\/jukebox\/servlet\/GetPlayer?p3v=true&amp;xref=200512261338_AC_0_1031890197&amp;mode=1&amp;rtc=1001&amp;locale=es_ES&amp;cache=false\" target=\"_blank\">La nave de los \u00e1ngulos<\/a><\/strong><\/li>\n<li><strong><a href=\"http:\/\/conteni2.educarex.es\/mats\/11868\/contenido\/\" target=\"_blank\">Operaciones con \u00e1ngulos<\/a><\/strong><\/li>\n<li><strong><a href=\"http:\/\/web.educastur.princast.es\/ies\/pravia\/carpetas\/recursos\/mates\/anaya1\/datos\/11\/unidad_11.htm\" target=\"_blank\">Rectas y \u00e1ngulos<\/a><\/strong><\/li>\n<li><strong><a href=\"http:\/\/conteni2.educarex.es\/mats\/11795\/contenido\/\" target=\"_blank\">Rectas y \u00e1ngulos en el plano<\/a><\/strong><\/li>\n<\/ol>\n","protected":false},"excerpt":{"rendered":"<p>MATEM\u00c1TICAS Tema 10 \u201c\u00c1ngulos. Clases y medidas\u201d CONTENIDOS RECURSOS \u00c1ngulos y su medida TEOR\u00cdA Y EJERCICIOS RELACIONADOS CON EL TEMA \u00c1NGULOS RECTAS, SEMIRRECTAS&#8230; CONCEPTO Y TIPOS UNIDADES DE MEDIDA DE \u00c1NGULOS LOS \u00c1NGULOS Y SU MEDIDA SISTEMA SEXAGESIMAL I SISTEMA SEXAGESIMAL II El grado, el minuto y el segundo Suma de \u00e1ngulos SUMA Y RESTA [&hellip;]<\/p>\n","protected":false},"author":6,"featured_media":0,"parent":376,"menu_order":10,"comment_status":"open","ping_status":"open","template":"","meta":[],"_links":{"self":[{"href":"https:\/\/cpcorella.educacion.navarra.es\/blogs\/3ciclo\/wp-json\/wp\/v2\/pages\/407"}],"collection":[{"href":"https:\/\/cpcorella.educacion.navarra.es\/blogs\/3ciclo\/wp-json\/wp\/v2\/pages"}],"about":[{"href":"https:\/\/cpcorella.educacion.navarra.es\/blogs\/3ciclo\/wp-json\/wp\/v2\/types\/page"}],"author":[{"embeddable":true,"href":"https:\/\/cpcorella.educacion.navarra.es\/blogs\/3ciclo\/wp-json\/wp\/v2\/users\/6"}],"replies":[{"embeddable":true,"href":"https:\/\/cpcorella.educacion.navarra.es\/blogs\/3ciclo\/wp-json\/wp\/v2\/comments?post=407"}],"version-history":[{"count":0,"href":"https:\/\/cpcorella.educacion.navarra.es\/blogs\/3ciclo\/wp-json\/wp\/v2\/pages\/407\/revisions"}],"up":[{"embeddable":true,"href":"https:\/\/cpcorella.educacion.navarra.es\/blogs\/3ciclo\/wp-json\/wp\/v2\/pages\/376"}],"wp:attachment":[{"href":"https:\/\/cpcorella.educacion.navarra.es\/blogs\/3ciclo\/wp-json\/wp\/v2\/media?parent=407"}],"curies":[{"name":"wp","href":"https:\/\/api.w.org\/{rel}","templated":true}]}}