{"id":401,"date":"2010-01-17T16:50:16","date_gmt":"2010-01-17T16:50:16","guid":{"rendered":"http:\/\/pitagorines.wordpress.com\/?page_id=401"},"modified":"2010-01-17T16:50:16","modified_gmt":"2010-01-17T16:50:16","slug":"tema-07","status":"publish","type":"page","link":"https:\/\/cpcorella.educacion.navarra.es\/blogs\/3ciclo\/sexto\/matematicas\/tema-07\/","title":{"rendered":"Tema 7 \u201cLas fracciones\u201d"},"content":{"rendered":"<table border=\"1\" cellspacing=\"0\" cellpadding=\"0\">\n<tbody>\n<tr>\n<td colspan=\"2\" width=\"489\" valign=\"top\">MATEM\u00c1TICAS Tema 7 \u201cLas fracciones\u201d<\/td>\n<\/tr>\n<tr>\n<td width=\"215\" valign=\"top\">CONTENIDOS<\/td>\n<td width=\"274\" valign=\"top\">RECURSOS<\/td>\n<\/tr>\n<tr>\n<td width=\"215\" valign=\"top\">La fracci\u00f3n como parte de un   todo<\/td>\n<td width=\"274\" valign=\"top\">\n<ul>\n<li><a href=\"http:\/\/w3.cnice.mec.es\/recursos\/primaria\/matematicas\/fracciones\/menuu1.html\" target=\"_blank\">REPRESENTACI\u00d3N DE FRACCIONES<\/a><\/li>\n<li><\/li>\n<li><a href=\"http:\/\/www.gobiernodecanarias.org\/educacion\/9\/Usr\/eltanque\/fracciones\/html\/portada.htm\" target=\"_blank\">FRACCIONES<\/a><\/li>\n<li><a href=\"http:\/\/www.isftic.mepsyd.es\/w3\/eos\/MaterialesEducativos\/mem2008\/visualizador_decimales\/numerosyfraccionesdecimales.html\" target=\"_blank\">N\u00daMEROS DECIMALES Y FRACCIONES<\/a><\/li>\n<li><a href=\"http:\/\/www.gobiernodecanarias.org\/educacion\/usr\/eltanque\/todo_mate\/fracnum\/fracnum_p.html\" target=\"_blank\">FRACCI\u00d3N DE UN N\u00daMERO I<\/a><\/li>\n<li><\/li>\n<li><a href=\"http:\/\/www.educa.madrid.org\/web\/cp.beatrizgalindo.alcala\/archivos\/fracciones\/fracciones\/hallanumero.html\" target=\"_blank\">FRACCI\u00d3N DE UN N\u00daMERO II<\/a><\/li>\n<li><\/li>\n<li><\/li>\n<\/ul>\n<\/td>\n<\/tr>\n<tr>\n<td width=\"215\" valign=\"top\">La fracci\u00f3n como cociente de   dos n\u00fameros<\/td>\n<td width=\"274\" valign=\"top\">\n<ul>\n<li><a href=\"http:\/\/w3.cnice.mec.es\/recursos\/primaria\/matematicas\/fracciones\/menuu2.html\" target=\"_blank\">COMPARAR FRACCIONES I<\/a><\/li>\n<li><\/li>\n<li><a href=\"http:\/\/www.primaria.librosvivos.net\/6EP_Mat_ud6_comparar_fracciones.html\" target=\"_blank\">COMPARAR FRACCIONES II<\/a><\/li>\n<li><a href=\"http:\/\/www.juntadeandalucia.es\/averroes\/ceip_san_tesifon\/recursos\/curso6\/matematicas\/matematicas_hp\/fracciones\/index.html\" target=\"_blank\">FRACCIONES<\/a><\/li>\n<li><\/li>\n<\/ul>\n<\/td>\n<\/tr>\n<tr>\n<td width=\"215\" valign=\"top\">Fracciones equivalentes<\/td>\n<td width=\"274\" valign=\"top\">\n<ul>\n<li><a href=\"http:\/\/w3.cnice.mec.es\/recursos\/primaria\/matematicas\/fracciones\/menuu3.html\" target=\"_blank\">FRACCIONES EQUIVALENTES I<\/a><\/li>\n<li><a href=\"http:\/\/clic.xtec.net\/db\/jclicApplet.jsp?project=http:\/\/clic.xtec.net\/projects\/fraccio1\/jclic\/fraccio1.jclic.zip&amp;lang=es\" target=\"_blank\">Fracciones equivalentes I<\/a><\/li>\n<li><a href=\"http:\/\/www.aplicaciones.info\/decimales\/fra02.htm\" target=\"_blank\">FRACCIONES        EQUIVALENTES II<\/a><\/li>\n<li><a href=\"http:\/\/clic.xtec.net\/db\/jclicApplet.jsp?project=http:\/\/clic.xtec.net\/projects\/fraccio2\/jclic\/fraccio2.jclic.zip&amp;lang=es\" target=\"_blank\">Fracciones equivalentes II<\/a><\/li>\n<li><a href=\"http:\/\/www.genmagic.net\/mates4\/ser4c.swf\" target=\"_blank\">SIMPLIFICAR        FRACCIONES I<\/a><\/li>\n<li><a href=\"http:\/\/www.juntadeandalucia.es\/averroes\/recursos_informaticos\/andared02\/refuerzo_matematicas\/fraequi.htm\" target=\"_blank\">FRACCIONES EQUIVALENTES III<\/a><\/li>\n<li><a href=\"http:\/\/www.juntadeandalucia.es\/averroes\/recursos_informaticos\/andared02\/refuerzo_matematicas\/simplifi.htm\" target=\"_blank\">SIMPLIFICAR FRACCIONES II<\/a><\/li>\n<li><\/li>\n<\/ul>\n<\/td>\n<\/tr>\n<tr>\n<td width=\"215\" valign=\"top\">Reducci\u00f3n de fracciones a com\u00fan   denominador<\/td>\n<td width=\"274\" valign=\"top\">\n<ul>\n<li><a href=\"http:\/\/www.gobiernodecanarias.org\/educacion\/usr\/eltanque\/todo_mate\/fracciones_e\/ejercicios\/fracciones_pc_p.html\" target=\"_blank\">PRODUCTOS CRUZADOS<\/a><\/li>\n<li><\/li>\n<li><a href=\"http:\/\/www.gobiernodecanarias.org\/educacion\/usr\/eltanque\/todo_mate\/fracciones_e\/ejercicios\/fracciones_mcm_p.html\" target=\"_blank\">M.C.M.<\/a><\/li>\n<li><a href=\"http:\/\/www.gobiernodecanarias.org\/educacion\/9\/Usr\/eltanque\/todo_mate\/fracciones_e\/ejercicios\/mtdo_mcm_p.html\" target=\"_blank\">REDUCCI\u00d3N DE FRACCIONES A COM\u00daN DENOMINADOR<\/a><\/li>\n<li><\/li>\n<\/ul>\n<\/td>\n<\/tr>\n<tr>\n<td width=\"215\" valign=\"top\"><\/td>\n<td width=\"274\" valign=\"top\">\n<ul>\n<li><\/li>\n<\/ul>\n<\/td>\n<\/tr>\n<tr>\n<td width=\"215\" valign=\"top\">Otras actividades.<\/td>\n<td width=\"274\" valign=\"top\">\n<ul>\n<li><a href=\"http:\/\/www.primaria.librosvivos.net\/6EP_Mate_cas_ud6_Autoevaluacion.html\" target=\"_blank\">AUTOEVALUACI\u00d3N DE LA UNIDAD<\/a><\/li>\n<\/ul>\n<\/td>\n<\/tr>\n<\/tbody>\n<\/table>\n<p><strong>RECURSOS<\/strong><\/p>\n<p><strong> <\/strong><\/p>\n<ul>\n<li>\n<div><strong><a href=\"http:\/\/www.isftic.mepsyd.es\/w3\/recursos\/primaria\/matematicas\/fracciones\/menu.html\" target=\"_blank\">Las fracciones<\/a><\/strong><\/div>\n<\/li>\n<li>\n<div><strong><a href=\"http:\/\/www.isftic.mepsyd.es\/w3\/recursos\/primaria\/matematicas\/fracciones\/menu.html\" target=\"_blank\">Fracciones<\/a><\/strong><\/div>\n<\/li>\n<li>\n<div><strong><a href=\"http:\/\/www.gobiernodecanarias.org\/educacion\/9\/Usr\/eltanque\/todo_mate\/fracciones_e\/fracciones_ej_p.html\" target=\"_blank\">Fracciones<\/a><\/strong><\/div>\n<\/li>\n<li>\n<div><strong><a href=\"http:\/\/contenidos.santillanaenred.com\/jukebox\/servlet\/GetPlayer?p3v=true&amp;xref=200411101135_AC_0_265132377&amp;mode=1&amp;rtc=1001&amp;locale=es_ES&amp;cache=false%27,750,540,%27snrPop%27,0%29;\" target=\"_blank\">La fraccion y su representaci\u00f3n<\/a><\/strong><\/div>\n<\/li>\n<li>\n<div><strong><a href=\"http:\/\/contenidos.santillanaenred.com\/jukebox\/servlet\/GetPlayer?p3v=true&amp;xref=200411101139_AC_0_-257563200&amp;mode=1&amp;rtc=1001&amp;locale=es_ES&amp;cache=false%27,750,540,%27snrPop%27,0%29;\" target=\"_blank\">Las fracciones y la recta num\u00e9rica<\/a><\/strong><\/div>\n<\/li>\n<li>\n<div><strong><a href=\"http:\/\/contenidos.santillanaenred.com\/jukebox\/servlet\/GetPlayer?p3v=true&amp;xref=200411101143_PRE_0_-1944507758&amp;mode=1&amp;rtc=1001&amp;locale=es_ES&amp;cache=false%27,600,400,%27snrPop%27,0%29;\" target=\"_blank\">Fracciones equivalentes<\/a><\/strong><\/div>\n<\/li>\n<li>\n<div><strong><a href=\"http:\/\/contenidos.santillanaenred.com\/jukebox\/servlet\/GetPlayer?p3v=true&amp;xref=200411101145_AC_0_-1268621878&amp;mode=1&amp;rtc=1001&amp;locale=es_ES&amp;cache=false%27,750,540,%27snrPop%27,0%29;\" target=\"_blank\">Pescando fracciones equivalentes<\/a><\/strong><\/div>\n<\/li>\n<li>\n<div><strong><a href=\"http:\/\/contenidos.santillanaenred.com\/jukebox\/servlet\/GetPlayer?p3v=true&amp;xref=200411101147_AC_0_-796142224&amp;mode=1&amp;rtc=1001&amp;locale=es_ES&amp;cache=false%27,750,540,%27snrPop%27,0%29;\" target=\"_blank\">Ordenaci\u00f3n de fracciones<\/a><\/strong><\/div>\n<\/li>\n<li>\n<div><strong><a href=\"http:\/\/contenidos.santillanaenred.com\/jukebox\/servlet\/GetPlayer?p3v=true&amp;xref=200411101137_AC_0_-1385810499&amp;mode=1&amp;rtc=1001&amp;locale=es_ES&amp;cache=false%27,750,540,%27snrPop%27,0%29;\" target=\"_blank\">Familias de fracciones<\/a><\/strong><\/div>\n<\/li>\n<li>\n<div><strong><a href=\"http:\/\/contenidos.santillanaenred.com\/jukebox\/servlet\/GetPlayer?p3v=true&amp;xref=200411101138_AC_0_-754488138&amp;mode=1&amp;rtc=1001&amp;locale=es_ES&amp;cache=false%27,750,540,%27snrPop%27,0%29;\" target=\"_blank\">Fracciones irreducibles<\/a><\/strong><\/div>\n<\/li>\n<li>\n<div><strong><a href=\"http:\/\/www.uco.es\/%7Ema1marea\/Recursos\/Fraccionador.swf\" target=\"_blank\">Fraccionador<\/a><\/strong><\/div>\n<\/li>\n<li>\n<div><strong><a href=\"http:\/\/www.genmagic.net\/mates4\/fraccio_decima_c.swf\" target=\"_blank\">Fracciones Decimales<\/a><\/strong><\/div>\n<\/li>\n<li>\n<div><strong><a href=\"http:\/\/www.genmagic.net\/repositorio\/displayimage.php?album=3&amp;pos=2\" target=\"_blank\">Fracciones Decimales<\/a><\/strong><\/div>\n<\/li>\n<li>\n<div><strong><a href=\"http:\/\/conteni2.educarex.es\/mats\/11859\/contenido\/\" target=\"_blank\">Fracciones y n\u00fameros decimales<\/a><\/strong><\/div>\n<\/li>\n<li>\n<div><strong><a href=\"http:\/\/www.logse.librosvivos.net\/smtc\/homeTC.asp?TemaClave=1117\" target=\"_blank\">Fracciones<\/a><\/strong><\/div>\n<\/li>\n<li>\n<div><strong><a href=\"http:\/\/contenidos.santillanaenred.com\/jukebox\/servlet\/GetPlayer?p3v=true&amp;xref=200601241140_AC_0_215703030&amp;mode=1&amp;rtc=1001&amp;locale=es_ES&amp;cache=false\" target=\"_blank\">Comparacion de fracciones<\/a><\/strong><\/div>\n<\/li>\n<li>\n<div><strong><a href=\"http:\/\/www.genmagic.net\/repositorio\/displayimage.php?album=3&amp;pos=0\" target=\"_blank\">Simplificar fracciones<\/a><\/strong><\/div>\n<\/li>\n<li>\n<div><strong><a href=\"http:\/\/contenidos.santillanaenred.com\/jukebox\/servlet\/GetPlayer?p3v=true&amp;xref=200601241150_AC_0_-177434105&amp;mode=1&amp;rtc=1001&amp;locale=es_ES&amp;cache=false\" target=\"_blank\">Fracciones equivalentes<\/a><\/strong><\/div>\n<\/li>\n<li>\n<div><strong><a href=\"http:\/\/www.editorialteide.es\/elearning\/Primaria.asp?IdJuego=857&amp;IdTipoJuego=3\" target=\"_blank\">Fracciones equivalentes<\/a><\/strong><\/div>\n<\/li>\n<\/ul>\n","protected":false},"excerpt":{"rendered":"<p>MATEM\u00c1TICAS Tema 7 \u201cLas fracciones\u201d CONTENIDOS RECURSOS La fracci\u00f3n como parte de un todo REPRESENTACI\u00d3N DE FRACCIONES FRACCIONES N\u00daMEROS DECIMALES Y FRACCIONES FRACCI\u00d3N DE UN N\u00daMERO I FRACCI\u00d3N DE UN N\u00daMERO II La fracci\u00f3n como cociente de dos n\u00fameros COMPARAR FRACCIONES I COMPARAR FRACCIONES II FRACCIONES Fracciones equivalentes FRACCIONES EQUIVALENTES I Fracciones equivalentes I FRACCIONES [&hellip;]<\/p>\n","protected":false},"author":6,"featured_media":0,"parent":376,"menu_order":7,"comment_status":"open","ping_status":"open","template":"","meta":[],"_links":{"self":[{"href":"https:\/\/cpcorella.educacion.navarra.es\/blogs\/3ciclo\/wp-json\/wp\/v2\/pages\/401"}],"collection":[{"href":"https:\/\/cpcorella.educacion.navarra.es\/blogs\/3ciclo\/wp-json\/wp\/v2\/pages"}],"about":[{"href":"https:\/\/cpcorella.educacion.navarra.es\/blogs\/3ciclo\/wp-json\/wp\/v2\/types\/page"}],"author":[{"embeddable":true,"href":"https:\/\/cpcorella.educacion.navarra.es\/blogs\/3ciclo\/wp-json\/wp\/v2\/users\/6"}],"replies":[{"embeddable":true,"href":"https:\/\/cpcorella.educacion.navarra.es\/blogs\/3ciclo\/wp-json\/wp\/v2\/comments?post=401"}],"version-history":[{"count":0,"href":"https:\/\/cpcorella.educacion.navarra.es\/blogs\/3ciclo\/wp-json\/wp\/v2\/pages\/401\/revisions"}],"up":[{"embeddable":true,"href":"https:\/\/cpcorella.educacion.navarra.es\/blogs\/3ciclo\/wp-json\/wp\/v2\/pages\/376"}],"wp:attachment":[{"href":"https:\/\/cpcorella.educacion.navarra.es\/blogs\/3ciclo\/wp-json\/wp\/v2\/media?parent=401"}],"curies":[{"name":"wp","href":"https:\/\/api.w.org\/{rel}","templated":true}]}}