{"id":399,"date":"2010-01-17T16:49:32","date_gmt":"2010-01-17T16:49:32","guid":{"rendered":"http:\/\/pitagorines.wordpress.com\/?page_id=399"},"modified":"2010-01-17T16:49:32","modified_gmt":"2010-01-17T16:49:32","slug":"tema-06","status":"publish","type":"page","link":"https:\/\/cpcorella.educacion.navarra.es\/blogs\/3ciclo\/sexto\/matematicas\/tema-06\/","title":{"rendered":"Tema 6 \u201cLos n\u00fameros decimales\u201d"},"content":{"rendered":"<table border=\"1\" cellspacing=\"0\" cellpadding=\"0\">\n<tbody>\n<tr>\n<td colspan=\"2\" width=\"489\" valign=\"top\">MATEM\u00c1TICAS Tema 6 \u201cLos n\u00fameros decimales\u201d<\/td>\n<\/tr>\n<tr>\n<td width=\"215\" valign=\"top\">CONTENIDOS<\/td>\n<td width=\"274\" valign=\"top\">RECURSOS<\/td>\n<\/tr>\n<tr>\n<td width=\"215\" valign=\"top\">N\u00fameros decimales<\/td>\n<td width=\"274\" valign=\"top\">\n<ul>\n<li><a href=\"http:\/\/www.ceipjuanherreraalcausa.es\/Recursosdidacticos\/SEXTO\/Matematicas\/ud05\/0501.htm\" target=\"_blank\">LECTURA, ESCRITURA Y REPRESENTACI\u00d3N<\/a><\/li>\n<li><\/li>\n<li><a href=\"http:\/\/www.ceipjuanherreraalcausa.es\/Recursosdidacticos\/SEXTO\/Matematicas\/ud05\/0503.htm\" target=\"_blank\">APROXIMACI\u00d3N<\/a><\/li>\n<li><a href=\"http:\/\/www.isftic.mepsyd.es\/w3\/eos\/MaterialesEducativos\/mem2008\/visualizador_decimales\/aproximaciondecimales.html\" target=\"_blank\">APROXIMACI\u00d3N DE DECIMALES<\/a><\/li>\n<li><a href=\"http:\/\/www.isftic.mepsyd.es\/w3\/eos\/MaterialesEducativos\/mem2008\/visualizador_decimales\/aproximacioncocientesdecimales.html\" target=\"_blank\">APROXIMACI\u00d3N DE COCIENTES<\/a><\/li>\n<li><a href=\"http:\/\/www.primaria.librosvivos.net\/6EP_Mat_cas_ud2_Representar_numeros_decimales_en_la_recta.html\" target=\"_blank\">REPRESENTAR N\u00daMEROS DECIMALES EN LA RECTA NUM\u00c9RICA.        REDONDEAR <\/a><\/li>\n<li><a href=\"http:\/\/www.gobiernodecanarias.org\/educacion\/usr\/eltanque\/todo_mate\/openumdec\/suma_dec\/suma_dec.html\" target=\"_blank\">SUMA DE N\u00daMEROS DECIMALES<\/a><\/li>\n<li><\/li>\n<li><a href=\"http:\/\/www.gobiernodecanarias.org\/educacion\/usr\/eltanque\/todo_mate\/openumdec\/resta_dec\/resta_dec.html\" target=\"_blank\">RESTA DE N\u00daMEROS DECIMALES<\/a><\/li>\n<li><a href=\"http:\/\/www.aplicaciones.info\/decimales\/decima03.htm\" target=\"_blank\">SUMA DE DECIMALES<\/a><\/li>\n<li><a href=\"http:\/\/www.aplicaciones.info\/decimales\/decima04.htm\" target=\"_blank\">RESTA DE DECIMALES<\/a><\/li>\n<li><a href=\"http:\/\/www.ceipjuanherreraalcausa.es\/Recursosdidacticos\/SEXTO\/Matematicas\/ud05\/0504.htm\" target=\"_blank\">SUMA Y RESTA<\/a><\/li>\n<li><a href=\"http:\/\/www.aplicaciones.info\/decimales\/decimax1.htm\" target=\"_blank\">EXAMEN DE DECIMALES<\/a><\/li>\n<\/ul>\n<ul>\n<li><\/li>\n<\/ul>\n<\/td>\n<\/tr>\n<tr>\n<td width=\"215\" valign=\"top\">Multiplicaci\u00f3n de n\u00fameros   decimales<\/td>\n<td width=\"274\" valign=\"top\">\n<ul>\n<li><a href=\"http:\/\/www.gobiernodecanarias.org\/educacion\/usr\/eltanque\/todo_mate\/openumdec\/mult_dec\/mult_dec.html\" target=\"_blank\">MULTIPLICACI\u00d3N<\/a><\/li>\n<li><\/li>\n<li><a href=\"http:\/\/www.aplicaciones.info\/decimales\/decima05.htm\" target=\"_blank\">MULTIPLICACI\u00d3N DE DECIMALES I<\/a><\/li>\n<li><a href=\"http:\/\/www.ceipjuanherreraalcausa.es\/Recursosdidacticos\/SEXTO\/Matematicas\/ud06\/0601.htm\" target=\"_blank\">MULTIPLICACI\u00d3N DE DECIMALES II<\/a><\/li>\n<li><a href=\"http:\/\/www.gobiernodecanarias.org\/educacion\/usr\/eltanque\/todo_mate\/mult_deci\/mult_deci_p.html\" target=\"_blank\">MULTIPLICACI\u00d3N POR LA UNIDAD SEGUIDA DE CEROS CON        DECIMALES<\/a><\/li>\n<li><a href=\"http:\/\/www.gobiernodecanarias.org\/educacion\/usr\/eltanque\/todo_mate\/usc\/multdeci\/mult_usc_ed_p.html\" target=\"_blank\">PRACTICO LA MULTIPLICACI\u00d3N POR LA UNIDAD SEGUIDA DE        CEROS CON DECIMALES<\/a><\/li>\n<li><\/li>\n<\/ul>\n<\/td>\n<\/tr>\n<tr>\n<td width=\"215\" valign=\"top\">Divisi\u00f3n de un decimal entre un   entero<\/td>\n<td rowspan=\"3\" width=\"274\" valign=\"top\">\n<ul>\n<li>Divisi\u00f3n de un decimal        entre un natural<\/li>\n<li><a href=\"http:\/\/www.gobiernodecanarias.org\/educacion\/usr\/eltanque\/todo_mate\/openumdec\/divi_dec\/divi_dec.html\" target=\"_blank\">DIVISI\u00d3N DE UN N\u00daMERO DECIMAL ENTRE UN N\u00daMERO        NATURAL<\/a><\/li>\n<li><a href=\"http:\/\/clic.xtec.net\/db\/jclicApplet.jsp?project=http:\/\/clic.xtec.net\/projects\/divdeci\/jclic\/divdeci.jclic.zip&amp;lang=es\" target=\"_blank\">Divisiones con decimales<\/a><\/li>\n<li><a href=\"http:\/\/www.isftic.mepsyd.es\/w3\/eos\/MaterialesEducativos\/mem2008\/visualizador_decimales\/divisiondecimales.html\" target=\"_blank\">DIVISI\u00d3N DE DECIMALES<\/a><\/li>\n<li><a href=\"http:\/\/www.primaria.librosvivos.net\/6EP_Mate_cas_ud3_Dividir_entre_numeros_naturales.html\" target=\"_blank\">DIVIDIR ENTRE N\u00daMEROS NATURALES<\/a><\/li>\n<li><a href=\"http:\/\/www.gobiernodecanarias.org\/educacion\/usr\/eltanque\/todo_mate\/divi_deci\/divi_deci_p.html\" target=\"_blank\">DIVISI\u00d3N POR LA UNIDAD SEGUIDA DE CEROS CON        DECIMALES<\/a><\/li>\n<li><a href=\"http:\/\/www.gobiernodecanarias.org\/educacion\/usr\/eltanque\/todo_mate\/usc\/divideci\/divi_usc_ed_p.html\" target=\"_blank\">PRACTICO LA DIVISI\u00d3N POR LA UNIDAD SEGUIDA DE CEROS        CON DECIMALES<\/a><\/li>\n<li>Divisi\u00f3n de un natural        entre un decimal<\/li>\n<li><a href=\"http:\/\/www.gobiernodecanarias.org\/educacion\/usr\/eltanque\/todo_mate\/openumdec\/divi_dec_d\/divi_dec_d.html\" target=\"_blank\">DIVISI\u00d3N DE UN N\u00daMERO NATURAL ENTRE UN N\u00daMERO        DECIMAL<\/a><\/li>\n<li><\/li>\n<li><a href=\"http:\/\/www.isftic.mepsyd.es\/w3\/eos\/MaterialesEducativos\/mem2008\/visualizador_decimales\/divisiondecimalesdivisor.html\" target=\"_blank\">DIVISI\u00d3N CON DECIMALES EN EL DIVISOR<\/a><\/li>\n<li>Divisi\u00f3n de un decimal        entre un decimal<\/li>\n<li><a href=\"http:\/\/www.gobiernodecanarias.org\/educacion\/usr\/eltanque\/todo_mate\/openumdec\/divi_dec_d2\/divi_dec_d2.html\" target=\"_blank\">DIVISI\u00d3N DE UN N\u00daMERO DECIMAL ENTRE UN N\u00daMERO        DECIMAL<\/a><\/li>\n<li><\/li>\n<li><a href=\"http:\/\/www.gobiernodecanarias.org\/educacion\/9\/Usr\/eltanque\/ladivision_cd\/division_cdw.html\" target=\"_blank\">DIVISI\u00d3N CON DECIMALES<\/a><\/li>\n<li><a href=\"http:\/\/www.aplicaciones.info\/decimales\/decima07.htm\" target=\"_blank\">DIVISI\u00d3N DE DECIMALES<\/a><\/li>\n<li><a href=\"http:\/\/w3.cnice.mec.es\/recursos\/primaria\/matematicas\/decimales\/menu.html\" target=\"_blank\">SUMA, RESTA, MULTIPLICACI\u00d3N Y DIVISI\u00d3N DE DECIMALES<\/a><\/li>\n<li><a href=\"http:\/\/www.isftic.mepsyd.es\/w3\/eos\/MaterialesEducativos\/mem2008\/visualizador_decimales\/divisiondecimales.html\" target=\"_blank\">DIVISI\u00d3N DE DECIMALES<\/a><\/li>\n<li><a href=\"http:\/\/www.gobiernodecanarias.org\/educacion\/usr\/eltanque\/todo_mate\/openumdec\/divi_dec_d\/divi_dec_d.html\" target=\"_blank\">DIVISI\u00d3N DE UN N\u00daMERO NATURAL ENTRE UN N\u00daMERO        DECIMAL<\/a><\/li>\n<li><a href=\"http:\/\/www.gobiernodecanarias.org\/educacion\/9\/Usr\/eltanque\/ladivision_cd\/division_cdw.html\" target=\"_blank\">DIVISI\u00d3N CON DECIMALES<\/a><\/li>\n<li><a href=\"http:\/\/www.aplicaciones.info\/decimales\/decima07.htm\" target=\"_blank\">DIVISI\u00d3N DE DECIMALES<\/a><\/li>\n<li><\/li>\n<li><a href=\"http:\/\/www.isftic.mepsyd.es\/w3\/eos\/MaterialesEducativos\/mem2008\/visualizador_decimales\/divisiondecimalesdivisor.html\" target=\"_blank\">DIVISI\u00d3N CON DECIMALES EN EL DIVISOR<\/a><\/li>\n<li><\/li>\n<li><a href=\"http:\/\/www.gobiernodecanarias.org\/educacion\/usr\/eltanque\/todo_mate\/openumdec\/divi_dec_d2\/divi_dec_d2.html\" target=\"_blank\">DIVISI\u00d3N DE UN N\u00daMERO DECIMAL ENTRE UN N\u00daMERO        DECIMAL<\/a><\/li>\n<li><\/li>\n<\/ul>\n<\/td>\n<\/tr>\n<tr>\n<td width=\"215\" valign=\"top\">Divisi\u00f3n de decimales<\/td>\n<\/tr>\n<tr>\n<td width=\"215\" valign=\"top\">Divisi\u00f3n de decimal entre   decimal<\/td>\n<\/tr>\n<tr>\n<td width=\"215\" valign=\"top\">Otras actividades.<\/td>\n<td width=\"274\" valign=\"top\">\n<ul>\n<li><a href=\"http:\/\/www.aplicaciones.info\/decimales\/decimax2.htm\" target=\"_blank\">EXAMEN DE DECIMALES<\/a><\/li>\n<li><\/li>\n<li><a href=\"http:\/\/www.primaria.librosvivos.net\/6EP_Mate_cas_ud3_Autoevaluacion.html\" target=\"_blank\">AUTOEVALUACI\u00d3N DE LA UNIDAD<\/a><\/li>\n<\/ul>\n<ul>\n<li><\/li>\n<\/ul>\n<\/td>\n<\/tr>\n<\/tbody>\n<\/table>\n<p>RECURSOS PARA EL TEMA<\/p>\n<ul>\n<li>\n<h2><a href=\"http:\/\/www.gobiernodecanarias.org\/educacion\/9\/Usr\/eltanque\/todo_mate\/numdec\/numdecim_p.html\" target=\"_blank\">N\u00fameros decimales<\/a><\/h2>\n<\/li>\n<li>\n<h2><a href=\"http:\/\/www.isftic.mepsyd.es\/w3\/recursos\/primaria\/matematicas\/decimales\/menu.html\" target=\"_blank\">Los decimales<\/a><\/h2>\n<\/li>\n<li>\n<h2><a href=\"http:\/\/www.escolar.com\/matem\/10decima.htm\" target=\"_blank\">N\u00fameros decimales<\/a><\/h2>\n<\/li>\n<li>\n<h2><a href=\"http:\/\/www.gobiernodecanarias.org\/educacion\/9\/Usr\/eltanque\/pizarradigital\/NumDec5\/decimas\/actividades_d\/actividades_d4.html\" target=\"_blank\">D\u00e9cimas<\/a><\/h2>\n<\/li>\n<li>\n<h2><a href=\"http:\/\/www.gobiernodecanarias.org\/educacion\/9\/Usr\/eltanque\/pizarradigital\/NumDec5\/decimas\/actividades_d\/actividades_d3.html\" target=\"_blank\">Recta num\u00e9rica<\/a><\/h2>\n<\/li>\n<li>\n<h2><a href=\"http:\/\/www.gobiernodecanarias.org\/educacion\/9\/Usr\/eltanque\/pizarradigital\/NumDec5\/inicio_m.html\" target=\"_blank\">Fracciones y decimales<\/a><\/h2>\n<\/li>\n<li>\n<h2><a href=\"http:\/\/www.gobiernodecanarias.org\/educacion\/9\/Usr\/eltanque\/pizarradigital\/NumDec5\/decimas\/actividades_d\/actividades_d1.html\" target=\"_blank\">Fracciones y decimales<\/a><\/h2>\n<\/li>\n<li>\n<h2><a href=\"http:\/\/www.gobiernodecanarias.org\/educacion\/9\/Usr\/eltanque\/pizarradigital\/NumDec5\/decimas\/decimas_5_p.html\" target=\"_blank\">Las d\u00e9cimas<\/a><\/h2>\n<\/li>\n<li>\n<h2><a href=\"http:\/\/www.gobiernodecanarias.org\/educacion\/9\/Usr\/eltanque\/pizarradigital\/NumDec5\/centesimas\/centesimas_5cubo_p.html\" target=\"_blank\">Las cent\u00e9simas<\/a><\/h2>\n<\/li>\n<li>\n<h2><a href=\"http:\/\/www.gobiernodecanarias.org\/educacion\/9\/Usr\/eltanque\/pizarradigital\/NumDec5\/centesimas\/actividades_c\/actividades_c1.html\" target=\"_blank\">Las cent\u00e9simas (II)<\/a><\/h2>\n<\/li>\n<li>\n<h2><a href=\"http:\/\/www.gobiernodecanarias.org\/educacion\/9\/Usr\/eltanque\/pizarradigital\/NumDec5\/milesimas\/milesimas_5_p.html\" target=\"_blank\">Las mil\u00e9simas<\/a><\/h2>\n<\/li>\n<li>\n<h2><a href=\"http:\/\/www.gobiernodecanarias.org\/educacion\/9\/Usr\/eltanque\/pizarradigital\/NumDec5\/milesimas\/actividades_m\/actividades_m1.html\" target=\"_blank\">Las mil\u00e9simas (II)<\/a><\/h2>\n<\/li>\n<li>\n<h2><a href=\"http:\/\/www.gobiernodecanarias.org\/educacion\/9\/Usr\/eltanque\/pizarradigital\/NumDec5\/centesimas\/actividades_c\/actividades_c2.html\" target=\"_blank\">\u00bfMayor o menor?<\/a><\/h2>\n<\/li>\n<li>\n<h2><a href=\"http:\/\/www.gobiernodecanarias.org\/educacion\/9\/Usr\/eltanque\/todo_mate\/decimales_e2\/comoseescriben_p.html\" target=\"_blank\">Escribir n\u00fameros decimales<\/a><\/h2>\n<\/li>\n<li>\n<h2><a href=\"http:\/\/www.gobiernodecanarias.org\/educacion\/9\/Usr\/eltanque\/pizarradigital\/NumDec5\/decimas\/actividades_d\/actividades_d2.html\">\u00bfC\u00f3mo se leen?<\/a><\/h2>\n<\/li>\n<li>\n<h2><a href=\"http:\/\/www.gobiernodecanarias.org\/educacion\/9\/Usr\/eltanque\/todo_mate\/decimales_e1\/comoseleen_p.html\" target=\"_blank\">Leer n\u00fameros decimales<\/a><\/h2>\n<\/li>\n<li>\n<h2><a href=\"http:\/\/contenidos.santillanaenred.com\/jukebox\/servlet\/GetPlayer?p3v=true&amp;xref=200601241143_AC_0_1735158345&amp;mode=1&amp;rtc=1001&amp;locale=es_ES&amp;cache=false\" target=\"_blank\">Lectura de n\u00fameros decimales<\/a><\/h2>\n<\/li>\n<li>\n<h2><a href=\"http:\/\/www.gobiernodecanarias.org\/educacion\/9\/Usr\/eltanque\/todo_mate\/decimales_e\/descomposicion_p.html\" target=\"_blank\">Descomposici\u00f3n de un n\u00famero decimal<\/a><\/h2>\n<\/li>\n<li>\n<h2><a href=\"http:\/\/centros3.pntic.mec.es\/cp.antonio.de.ulloa\/webactivhotpot\/raiz\/Hot%20Pot\/MATEMATICAS\/decimales\/indicedecimales.html\" target=\"_blank\">N\u00fameros decimales<\/a><\/h2>\n<\/li>\n<li>\n<h2><a href=\"http:\/\/www.genmagic.net\/mates4\/fraccio_decima_c.swf\" target=\"_blank\">Fracciones decimales y n\u00fameros decimales<\/a><\/h2>\n<\/li>\n<li>\n<h2><a href=\"http:\/\/conteni2.educarex.es\/mats\/11794\/contenido\/\" target=\"_blank\">Fracciones y n\u00fameros decimales<\/a><\/h2>\n<\/li>\n<li>\n<h2><a href=\"http:\/\/www.gobiernodecanarias.org\/educacion\/9\/Usr\/eltanque\/todo_mate\/decimales_e3\/comparacionda_p.html\" target=\"_blank\">Comparaci\u00f3n de n\u00fameros decimales<\/a><\/h2>\n<\/li>\n<li>\n<h2><a href=\"http:\/\/nea.educastur.princast.es\/repositorio\/RECURSO_ZIP\/1_covadongcr_decimales\/decimales\/index.htm\" target=\"_blank\">Decimales<\/a><\/h2>\n<\/li>\n<li>\n<h2><a href=\"http:\/\/www.gobiernodecanarias.org\/educacion\/9\/Usr\/eltanque\/todo_mate\/fichas5\/repaso_1.pdf\" target=\"_blank\">Actividades de repaso<\/a><\/h2>\n<\/li>\n<li><a href=\"http:\/\/www.gobiernodecanarias.org\/educacion\/9\/Usr\/eltanque\/todo_mate\/openumdec\/mult_dec\/mult_dec.html\">Multiplicaci\u00f3n de un decimal por un entero<\/a><\/li>\n<li><a href=\"http:\/\/www.isftic.mepsyd.es\/w3\/recursos\/primaria\/matematicas\/decimales\/menuu6.html\">Multiplicaci\u00f3n de decimales<\/a><\/li>\n<li><a href=\"http:\/\/www.isftic.mepsyd.es\/w3\/recursos\/primaria\/matematicas\/decimales\/menuu6.html\">Divisi\u00f3n de decimales<\/a><\/li>\n<li><a href=\"http:\/\/www.gobiernodecanarias.org\/educacion\/9\/Usr\/eltanque\/ladivision_cd\/division_cdw.html\" target=\"_blank\">Divisi\u00f3n con decimales<\/a><\/li>\n<li><a href=\"http:\/\/www.gobiernodecanarias.org\/educacion\/9\/Usr\/eltanque\/ladivision_cd\/iniciar_pd.html\" target=\"_blank\">Divisi\u00f3n de un decimal por un entero<\/a><\/li>\n<li><a href=\"http:\/\/www.gobiernodecanarias.org\/educacion\/9\/Usr\/eltanque\/ladivision_cd\/ladivision_eed\/div_eed_p.html\" target=\"_blank\">Divisi\u00f3n de un entero por un decimal<\/a><\/li>\n<li><a href=\"http:\/\/www.gobiernodecanarias.org\/educacion\/9\/Usr\/eltanque\/todo_mate\/openumdec\/divi_dec\/divi_dec.html\">Divisi\u00f3n con decimales<\/a><\/li>\n<li><a href=\"http:\/\/www.gobiernodecanarias.org\/educacion\/9\/Usr\/eltanque\/ladivision_cd\/ladivision_ded\/div_ded_p.html\" target=\"_blank\">Divisi\u00f3n entre dos n\u00fameros decimales<\/a><\/li>\n<li><a href=\"http:\/\/www.gobiernodecanarias.org\/educacion\/9\/Usr\/eltanque\/todo_mate\/openumdec\/openumdec_p.html\">Operaciones con decimales (Jclic)<\/a><\/li>\n<li><a href=\"http:\/\/www.gobiernodecanarias.org\/educacion\/9\/Usr\/eltanque\/todo_mate\/openumdec\/openumdec_p.html\">Operaciones con decimales<\/a><\/li>\n<\/ul>\n<h3><a href=\"http:\/\/clic.xtec.cat\/db\/jclicApplet.jsp?project=http:\/\/clic.xtec.net\/projects\/divdeci\/jclic\/divdeci.jclic.zip&amp;lang=es&amp;title=Divisiones+con+decimales\" target=\"_blank\">Divisi\u00f3n con decimales<\/a><\/h3>\n","protected":false},"excerpt":{"rendered":"<p>MATEM\u00c1TICAS Tema 6 \u201cLos n\u00fameros decimales\u201d CONTENIDOS RECURSOS N\u00fameros decimales LECTURA, ESCRITURA Y REPRESENTACI\u00d3N APROXIMACI\u00d3N APROXIMACI\u00d3N DE DECIMALES APROXIMACI\u00d3N DE COCIENTES REPRESENTAR N\u00daMEROS DECIMALES EN LA RECTA NUM\u00c9RICA. REDONDEAR SUMA DE N\u00daMEROS DECIMALES RESTA DE N\u00daMEROS DECIMALES SUMA DE DECIMALES RESTA DE DECIMALES SUMA Y RESTA EXAMEN DE DECIMALES Multiplicaci\u00f3n de n\u00fameros decimales MULTIPLICACI\u00d3N MULTIPLICACI\u00d3N [&hellip;]<\/p>\n","protected":false},"author":6,"featured_media":0,"parent":376,"menu_order":6,"comment_status":"open","ping_status":"open","template":"","meta":[],"_links":{"self":[{"href":"https:\/\/cpcorella.educacion.navarra.es\/blogs\/3ciclo\/wp-json\/wp\/v2\/pages\/399"}],"collection":[{"href":"https:\/\/cpcorella.educacion.navarra.es\/blogs\/3ciclo\/wp-json\/wp\/v2\/pages"}],"about":[{"href":"https:\/\/cpcorella.educacion.navarra.es\/blogs\/3ciclo\/wp-json\/wp\/v2\/types\/page"}],"author":[{"embeddable":true,"href":"https:\/\/cpcorella.educacion.navarra.es\/blogs\/3ciclo\/wp-json\/wp\/v2\/users\/6"}],"replies":[{"embeddable":true,"href":"https:\/\/cpcorella.educacion.navarra.es\/blogs\/3ciclo\/wp-json\/wp\/v2\/comments?post=399"}],"version-history":[{"count":0,"href":"https:\/\/cpcorella.educacion.navarra.es\/blogs\/3ciclo\/wp-json\/wp\/v2\/pages\/399\/revisions"}],"up":[{"embeddable":true,"href":"https:\/\/cpcorella.educacion.navarra.es\/blogs\/3ciclo\/wp-json\/wp\/v2\/pages\/376"}],"wp:attachment":[{"href":"https:\/\/cpcorella.educacion.navarra.es\/blogs\/3ciclo\/wp-json\/wp\/v2\/media?parent=399"}],"curies":[{"name":"wp","href":"https:\/\/api.w.org\/{rel}","templated":true}]}}