{"id":397,"date":"2010-01-17T16:48:23","date_gmt":"2010-01-17T16:48:23","guid":{"rendered":"http:\/\/pitagorines.wordpress.com\/?page_id=397"},"modified":"2010-01-17T16:48:23","modified_gmt":"2010-01-17T16:48:23","slug":"tema-05","status":"publish","type":"page","link":"https:\/\/cpcorella.educacion.navarra.es\/blogs\/3ciclo\/sexto\/matematicas\/tema-05\/","title":{"rendered":"Tema 5 \u201cN\u00fameros positivos y negativos\u201d"},"content":{"rendered":"<table border=\"1\" cellspacing=\"0\" cellpadding=\"0\">\n<tbody>\n<tr>\n<td colspan=\"2\" width=\"489\" valign=\"top\">MATEM\u00c1TICAS Tema 5 \u201cN\u00fameros positivos y negativos\u201d<\/td>\n<\/tr>\n<tr>\n<td width=\"215\" valign=\"top\">CONTENIDOS<\/td>\n<td width=\"274\" valign=\"top\">RECURSOS<\/td>\n<\/tr>\n<tr>\n<td width=\"215\" valign=\"top\">N\u00fameros positivos y n\u00fameros   negativos<\/td>\n<td width=\"274\" valign=\"top\">\n<ul>\n<li><a href=\"http:\/\/www.gobiernodecanarias.org\/educacion\/usr\/eltanque\/todo_mate\/numenteros\/ascensor\/ascensor_p.html\" target=\"_blank\">EL ASCENSOR Y LOS N\u00daMEROS ENTEROS<\/a><\/li>\n<li><\/li>\n<li><a href=\"http:\/\/www.gobiernodecanarias.org\/educacion\/usr\/eltanque\/todo_mate\/numenteros\/altitud\/altitud_p.html\" target=\"_blank\">LAS ALTITUDES Y LOS N\u00daMEROS ENTEROS<\/a><\/li>\n<li><a href=\"http:\/\/www.gobiernodecanarias.org\/educacion\/usr\/eltanque\/todo_mate\/numenteros\/termometro\/termometro_p.html\" target=\"_blank\">EL TERM\u00d3METRO Y LOS N\u00daMEROS ENTEROS<\/a><\/li>\n<li><a href=\"http:\/\/w3.cnice.mec.es\/recursos\/primaria\/matematicas\/conmates\/unid-3\/numeros_negativos.htm\" target=\"_blank\">LOS N\u00daMEROS NEGATIVOS<\/a><\/li>\n<li><a href=\"http:\/\/w3.cnice.mec.es\/recursos\/primaria\/matematicas\/conmates\/unid-3\/numeros_enteros.htm\" target=\"_blank\">LOS N\u00daMEROS ENTEROS<\/a><\/li>\n<li><a href=\"http:\/\/www.wikisaber.es\/Contenidos\/LObjects\/integers\/launch.html\" target=\"_blank\">ENTEROS<\/a><\/li>\n<li><a href=\"http:\/\/www.wikisaber.es\/Contenidos\/LObjects\/intro_to_integers\/index.html\" target=\"_blank\">INTRODUCCI\u00d3N A LOS N\u00daMEROS ENTEROS<\/a><\/li>\n<li><\/li>\n<\/ul>\n<\/td>\n<\/tr>\n<tr>\n<td width=\"215\" valign=\"top\">Ordenaci\u00f3n y comparaci\u00f3n de   n\u00fameros enteros<\/td>\n<td width=\"274\" valign=\"top\">\n<ul>\n<li><a href=\"http:\/\/www.gobiernodecanarias.org\/educacion\/usr\/eltanque\/todo_mate\/numenteros\/rectaentera\/rectaentera_p.html\" target=\"_blank\">LA RECTA ENTERA<\/a><\/li>\n<li><\/li>\n<li><a href=\"http:\/\/w3.cnice.mec.es\/recursos\/primaria\/matematicas\/conmates\/unid-3\/representacion.htm\" target=\"_blank\">REPRESENTACI\u00d3N DE LOS N\u00daMEROS ENTEROS EN LA RECTA        NUM\u00c9RICA <\/a><\/li>\n<li><a href=\"http:\/\/w3.cnice.mec.es\/recursos\/primaria\/matematicas\/conmates\/actividades\/jcloze33.htm\" target=\"_blank\">REPRESENTACI\u00d3N EN LA RECTA NUM\u00c9RICA<\/a><\/li>\n<li><a href=\"http:\/\/www.wikisaber.es\/Contenidos\/iBoard.aspx?obj=210\" target=\"_blank\">RECTA NUM\u00c9RICA INTERACTIVA I<\/a><\/li>\n<li><a href=\"http:\/\/www.wikisaber.es\/Contenidos\/iBoard.aspx?obj=457\" target=\"_blank\">RECTA NUM\u00c9RICA INTERACTIVA II<\/a><\/li>\n<li><a href=\"http:\/\/www.gobiernodecanarias.org\/educacion\/usr\/eltanque\/todo_mate\/numenteros\/comparar\/comparar_p.html\" target=\"_blank\">COMPARACI\u00d3N DE N\u00daMEROS ENTEROS<\/a><\/li>\n<li><a href=\"http:\/\/w3.cnice.mec.es\/recursos\/primaria\/matematicas\/conmates\/unid-3\/valor_absoluto.htm\" target=\"_blank\">VALOR ABSOLUTO DE UN N\u00daMERO ENTERO<\/a><\/li>\n<li><a href=\"http:\/\/w3.cnice.mec.es\/recursos\/primaria\/matematicas\/conmates\/unid-3\/comparacion.htm\" target=\"_blank\">COMPARACI\u00d3N Y ORDENACI\u00d3N DE N\u00daMEROS ENTEROS<\/a><\/li>\n<li><a href=\"http:\/\/www.ceipjuanherreraalcausa.es\/Recursosdidacticos\/SEXTO\/Matematicas\/ud04\/0401.htm\" target=\"_blank\">REPRESENTACI\u00d3N Y COMPARACI\u00d3N<\/a><\/li>\n<li><a href=\"http:\/\/www.genmagic.net\/mates2\/ne1c.swf\" target=\"_blank\">LOS        N\u00daMEROS ENTEROS<\/a><\/li>\n<li><a href=\"http:\/\/www.extremate.es\/Definitivo%20Enteros\/textoentero.html\" target=\"_blank\">OPERACIONES CON N\u00daMEROS ENTEROS<\/a><\/li>\n<li><\/li>\n<\/ul>\n<\/td>\n<\/tr>\n<tr>\n<td width=\"215\" valign=\"top\">Suma de n\u00fameros enteros del   mismo signo<\/td>\n<td rowspan=\"2\" width=\"274\" valign=\"top\">\n<ul>\n<li><a href=\"http:\/\/www.gobiernodecanarias.org\/educacion\/usr\/eltanque\/todo_mate\/numenteros\/sumapositivo\/sumapositivo_p.html\" target=\"_blank\">SUMA DE UN ENTERO POSITIVO<\/a><\/li>\n<li><a href=\"http:\/\/clic.xtec.net\/db\/jclicApplet.jsp?project=http:\/\/clic.xtec.net\/projects\/operacio\/jclic\/operacio.jclic.zip&amp;lang=es\" target=\"_blank\">OPERACIONES<\/a><\/li>\n<li><a href=\"http:\/\/www.gobiernodecanarias.org\/educacion\/usr\/eltanque\/todo_mate\/numenteros\/sumanegativo\/sumanegativo_p.html\" target=\"_blank\">SUMA DE UN ENTERO NEGATIVO<\/a><\/li>\n<li><a href=\"http:\/\/w3.cnice.mec.es\/recursos\/primaria\/matematicas\/conmates\/unid-4\/suma.htm\" target=\"_blank\">SUMA DE N\u00daMEROS ENTEROS<\/a><\/li>\n<li><a href=\"http:\/\/w3.cnice.mec.es\/recursos\/primaria\/matematicas\/conmates\/unid-4\/opuesto.htm\" target=\"_blank\">OPUESTO DE UN N\u00daMERO ENTERO<\/a><\/li>\n<li><a href=\"http:\/\/www.ceipjuanherreraalcausa.es\/Recursosdidacticos\/SEXTO\/Matematicas\/ud04\/0402.htm\" target=\"_blank\">SUMA DE N\u00daMEROS DEL MISMO SIGNO<\/a><\/li>\n<li><a href=\"http:\/\/www.ceipjuanherreraalcausa.es\/Recursosdidacticos\/SEXTO\/Matematicas\/ud04\/0403.htm\" target=\"_blank\">SUMA DE N\u00daMEROS DE DISTINTO SIGNO<\/a><\/li>\n<li><a href=\"http:\/\/w3.cnice.mec.es\/recursos\/primaria\/matematicas\/conmates\/unid-4\/resta.htm\" target=\"_blank\">RESTA DE N\u00daMEROS ENTEROS<\/a><\/li>\n<li><a href=\"http:\/\/www.librosvivos.net\/smtc\/homeTC.asp?TemaClave=1025\" target=\"_blank\">LOS N\u00daMEROS ENTEROS<\/a><\/li>\n<li><a href=\"http:\/\/www.extremate.es\/Definitivo%20Enteros\/textoentero.html\" target=\"_blank\">OPERACIONES CON N\u00daMEROS ENTEROS<\/a><\/li>\n<li><\/li>\n<\/ul>\n<\/td>\n<\/tr>\n<tr>\n<td width=\"215\" valign=\"top\">Suma de n\u00fameros enteros de   distinto signo<\/td>\n<\/tr>\n<tr>\n<td width=\"215\" valign=\"top\"><\/td>\n<td width=\"274\" valign=\"top\">\n<ul>\n<li><a href=\"http:\/\/www.gobiernodecanarias.org\/educacion\/usr\/eltanque\/todo_mate\/numenteros\/coordenadas\/coordenadas_p.html\" target=\"_blank\">N\u00daMEROS ENTEROS Y COORDENADAS<\/a><\/li>\n<li><\/li>\n<li><a href=\"http:\/\/www.skoool.es\/content\/los\/maths\/cartesian\/launch.html\" target=\"_blank\">PLANO CARTESIANO<\/a><\/li>\n<li><a href=\"http:\/\/www.skoool.es\/content\/los\/maths\/polt_points_quad\/launch.html\" target=\"_blank\">TRAZADO DE PUNTOS EN UN CUADRANTE<\/a><\/li>\n<li><a href=\"http:\/\/cprmerida.juntaextremadura.net\/cpr\/matematicas\/aplicacion\/atenex\/coordenadas\/index.html\" target=\"_blank\">COORDENADAS CARTESIANAS<\/a><\/li>\n<li><a href=\"http:\/\/www.genmagic.org\/mates2\/merlicc1c.swf\" target=\"_blank\">COORDENADAS        DE UN PUNTO DEL PLANO<\/a><\/li>\n<li><a href=\"http:\/\/www.genmagic.net\/mates4\/ser2c.swf\" target=\"_blank\">BUSCA        Y LOCALIZA<\/a><\/li>\n<li><\/li>\n<\/ul>\n<\/td>\n<\/tr>\n<tr>\n<td width=\"215\" valign=\"top\">Otras actividades.<\/td>\n<td width=\"274\" valign=\"top\">\n<ul>\n<li><a href=\"http:\/\/www.primaria.librosvivos.net\/6EP_Mate_cas_ud10_Autoevaluacion.html\" target=\"_blank\">AUTOEVALUACI\u00d3N DE LA UNIDAD<\/a><\/li>\n<\/ul>\n<\/td>\n<\/tr>\n<\/tbody>\n<\/table>\n<h3>RECURSOS PARA EL TEMA<\/h3>\n<ul>\n<li>\n<h3><a href=\"http:\/\/www.librosvivos.net\/smtc\/homeTC.asp?TemaClave=1025\" target=\"_blank\">N\u00fameros enteros<\/a><\/h3>\n<\/li>\n<li>\n<h3><a href=\"http:\/\/conteni2.educarex.es\/mats\/11801\/contenido\/\" target=\"_blank\">N\u00fameros enteros<\/a><\/h3>\n<\/li>\n<li>\n<h3><a href=\"http:\/\/www.gobiernodecanarias.org\/educacion\/usr\/eltanque\/todo_mate\/numenteros\/ascensor\/ascensor_p.html\" target=\"_blank\">El ascensor y los n\u00fameros enteros<\/a><\/h3>\n<\/li>\n<li>\n<h3><a href=\"http:\/\/www.gobiernodecanarias.org\/educacion\/usr\/eltanque\/todo_mate\/numenteros\/altitud\/altitud_p.html\" target=\"_blank\">Las altitudesy los n\u00fameros enteros<\/a><\/h3>\n<\/li>\n<li>\n<h3><a href=\"http:\/\/www.gobiernodecanarias.org\/educacion\/usr\/eltanque\/todo_mate\/numenteros\/termometro\/termometro_p.html\" target=\"_blank\">El term\u00f3metro y los n\u00fameros enteros<\/a><\/h3>\n<\/li>\n<li>\n<h3><a href=\"http:\/\/www.gobiernodecanarias.org\/educacion\/usr\/eltanque\/todo_mate\/numenteros\/rectaentera\/rectaentera_p.html\" target=\"_blank\">La recta de los n\u00fameros enteros<\/a><\/h3>\n<\/li>\n<li>\n<h3><a href=\"http:\/\/www.genmagic.net\/mates2\/ne1c.swf\" target=\"_blank\">Animaci\u00f3n.- Los n\u00fameros enteros<\/a><\/h3>\n<\/li>\n<li>\n<h3><a href=\"http:\/\/www.colegio-jaimebalmes.com\/animacionesnuevas\/matematicas\/mate3.swf\" target=\"_blank\">Actividad.-Ordenaci\u00f3n de n\u00fameros enteros<\/a><\/h3>\n<\/li>\n<li>\n<h3><a href=\"http:\/\/www.gobiernodecanarias.org\/educacion\/usr\/eltanque\/todo_mate\/numenteros\/comparar\/comparar_p.html\">Comparaci\u00f3n de n\u00fameros enteros<\/a><\/h3>\n<\/li>\n<li>\n<h3><a href=\"http:\/\/w3.cnice.mec.es\/eos\/MaterialesEducativos\/primaria\/matematicas\/conmates\/unid-3\/numeros-enteros1.htm\" target=\"_blank\">Los n\u00fameros enteros I<\/a><\/h3>\n<\/li>\n<li>\n<h3><a href=\"http:\/\/w3.cnice.mec.es\/eos\/MaterialesEducativos\/primaria\/matematicas\/conmates\/unid-4\/numeros-enteres2.htm\" target=\"_blank\">Los n\u00fameros enteros II.<\/a><\/h3>\n<\/li>\n<li>\n<h3><a href=\"http:\/\/www.gobiernodecanarias.org\/educacion\/usr\/eltanque\/todo_mate\/numenteros\/sumapositivo\/sumapositivo_p.html\" target=\"_blank\">Suma de un entero positivo<\/a><\/h3>\n<\/li>\n<li>\n<h3><a href=\"http:\/\/www.gobiernodecanarias.org\/educacion\/usr\/eltanque\/todo_mate\/numenteros\/sumanegativo\/sumanegativo_p.html\" target=\"_blank\">Suma de un entero negativo<\/a><\/h3>\n<\/li>\n<li>\n<h3><a href=\"http:\/\/www.colegio-jaimebalmes.com\/animacionesnuevas\/matematicas\/mate6.swf\" target=\"_blank\">Actividad.-La regla de los signos<\/a><\/h3>\n<\/li>\n<li>\n<h3><a href=\"http:\/\/www.colegio-jaimebalmes.com\/animacionesnuevas\/matematicas\/mates8.swf\" target=\"_blank\">Operaciones aplicadas a ejemplos<\/a><\/h3>\n<\/li>\n<li>\n<h3><a href=\"http:\/\/www.colegio-jaimebalmes.com\/animacionesnuevas\/matematicas\/mates12.swf\" target=\"_blank\">Operaciones aplicadas a ejemplos II<\/a><\/h3>\n<\/li>\n<li>\n<h3><a href=\"http:\/\/www.colegio-jaimebalmes.com\/animacionesnuevas\/matematicas\/mates13.swf\" target=\"_blank\">Operaciones aplicadas a ejemplos III<\/a><\/h3>\n<\/li>\n<li>\n<h3><a href=\"http:\/\/www.colegio-jaimebalmes.com\/animacionesnuevas\/matematicas\/mate11.swf\">Actividad.- Encadena<\/a><\/h3>\n<\/li>\n<li>\n<h3><a href=\"http:\/\/www.colegio-jaimebalmes.com\/animacionesnuevas\/matematicas\/enteros_actividad.swf\" target=\"_blank\">Resuelve<\/a><\/h3>\n<\/li>\n<\/ul>\n","protected":false},"excerpt":{"rendered":"<p>MATEM\u00c1TICAS Tema 5 \u201cN\u00fameros positivos y negativos\u201d CONTENIDOS RECURSOS N\u00fameros positivos y n\u00fameros negativos EL ASCENSOR Y LOS N\u00daMEROS ENTEROS LAS ALTITUDES Y LOS N\u00daMEROS ENTEROS EL TERM\u00d3METRO Y LOS N\u00daMEROS ENTEROS LOS N\u00daMEROS NEGATIVOS LOS N\u00daMEROS ENTEROS ENTEROS INTRODUCCI\u00d3N A LOS N\u00daMEROS ENTEROS Ordenaci\u00f3n y comparaci\u00f3n de n\u00fameros enteros LA RECTA ENTERA REPRESENTACI\u00d3N DE [&hellip;]<\/p>\n","protected":false},"author":6,"featured_media":0,"parent":376,"menu_order":5,"comment_status":"open","ping_status":"open","template":"","meta":[],"_links":{"self":[{"href":"https:\/\/cpcorella.educacion.navarra.es\/blogs\/3ciclo\/wp-json\/wp\/v2\/pages\/397"}],"collection":[{"href":"https:\/\/cpcorella.educacion.navarra.es\/blogs\/3ciclo\/wp-json\/wp\/v2\/pages"}],"about":[{"href":"https:\/\/cpcorella.educacion.navarra.es\/blogs\/3ciclo\/wp-json\/wp\/v2\/types\/page"}],"author":[{"embeddable":true,"href":"https:\/\/cpcorella.educacion.navarra.es\/blogs\/3ciclo\/wp-json\/wp\/v2\/users\/6"}],"replies":[{"embeddable":true,"href":"https:\/\/cpcorella.educacion.navarra.es\/blogs\/3ciclo\/wp-json\/wp\/v2\/comments?post=397"}],"version-history":[{"count":0,"href":"https:\/\/cpcorella.educacion.navarra.es\/blogs\/3ciclo\/wp-json\/wp\/v2\/pages\/397\/revisions"}],"up":[{"embeddable":true,"href":"https:\/\/cpcorella.educacion.navarra.es\/blogs\/3ciclo\/wp-json\/wp\/v2\/pages\/376"}],"wp:attachment":[{"href":"https:\/\/cpcorella.educacion.navarra.es\/blogs\/3ciclo\/wp-json\/wp\/v2\/media?parent=397"}],"curies":[{"name":"wp","href":"https:\/\/api.w.org\/{rel}","templated":true}]}}