{"id":394,"date":"2010-01-17T16:33:03","date_gmt":"2010-01-17T16:33:03","guid":{"rendered":"http:\/\/pitagorines.wordpress.com\/?page_id=394"},"modified":"2010-01-17T16:33:03","modified_gmt":"2010-01-17T16:33:03","slug":"tema-04","status":"publish","type":"page","link":"https:\/\/cpcorella.educacion.navarra.es\/blogs\/3ciclo\/sexto\/matematicas\/tema-04\/","title":{"rendered":"Tema 4 \u201cLa divisibilidad\u201d"},"content":{"rendered":"<table border=\"1\" cellspacing=\"0\" cellpadding=\"0\">\n<tbody>\n<tr>\n<td colspan=\"2\" width=\"489\" valign=\"top\">MATEM\u00c1TICAS Tema 4 \u201cLa divisibilidad\u201d<\/td>\n<\/tr>\n<tr>\n<td width=\"215\" valign=\"top\">CONTENIDOS<\/td>\n<td width=\"274\" valign=\"top\">RECURSOS<\/td>\n<\/tr>\n<tr>\n<td width=\"215\" valign=\"top\">Los m\u00faltiplos de un n\u00famero<\/td>\n<td width=\"274\" valign=\"top\">\n<ul>\n<li><a href=\"http:\/\/www.gobiernodecanarias.org\/educacion\/usr\/eltanque\/todo_mate\/multiplosydivisores\/multiplos\/multiplos_p.html\" target=\"_blank\">M\u00daLTIPLOS DE UN N\u00daMERO I<\/a><\/li>\n<li><\/li>\n<li><a href=\"http:\/\/www.ceipjuanherreraalcausa.es\/Recursosdidacticos\/SEXTO\/Matematicas\/ud03\/0301.htm\" target=\"_blank\">M\u00daLTIPLOS DE UN N\u00daMERO II<\/a><\/li>\n<li><a href=\"http:\/\/www.juntadeandalucia.es\/averroes\/ceip_san_tesifon\/recursos\/curso6\/matematicas\/matematicas_hp\/multiplos\/index.html\" target=\"_blank\">M\u00daLTIPLOS DE UN N\u00daMERO III<\/a><\/li>\n<li><a href=\"http:\/\/w3.cnice.mec.es\/recursos\/primaria\/matematicas\/conmates\/unid-1\/multiplos.htm\" target=\"_blank\">LOS M\u00daLTIPLOS DE UN N\u00daMERO<\/a><\/li>\n<li><a href=\"http:\/\/www.wikisaber.es\/Contenidos\/LObjects\/multiples\/index.html\" target=\"_blank\">INTRODUCCI\u00d3N A LOS M\u00daLTIPLOS<\/a><\/li>\n<li><a href=\"http:\/\/www.juntadeandalucia.es\/averroes\/carambolo\/WEB%20JCLIC2\/Agrega\/Matematicas\/Divisibilidad\/contenido\/mt15_oa02_es\/index.html\" target=\"_blank\">C\u00c1LCULO DE M\u00daLTIPLOS<\/a><\/li>\n<li><\/li>\n<\/ul>\n<\/td>\n<\/tr>\n<tr>\n<td width=\"215\" valign=\"top\">M\u00ednimo com\u00fan m\u00faltiplo<\/td>\n<td width=\"274\" valign=\"top\">\n<ul>\n<li><a href=\"http:\/\/www.gobiernodecanarias.org\/educacion\/usr\/eltanque\/todo_mate\/multiplosydivisores\/mcm\/mcm_p.html\" target=\"_blank\">M\u00cdNIMO COM\u00daN M\u00daLTIPLO DE DOS N\u00daMEROS<\/a><\/li>\n<li><\/li>\n<li><a href=\"http:\/\/w3.cnice.mec.es\/recursos\/primaria\/matematicas\/conmates\/unid-1\/m_c_m_.htm\" target=\"_blank\">EL M\u00cdNIMO COM\u00daN M\u00daLTIPLO DE VARIOS N\u00daMEROS <\/a><\/li>\n<li><a href=\"http:\/\/w3.cnice.mec.es\/recursos\/primaria\/matematicas\/conmates\/unid-1\/propiedades.htm\" target=\"_blank\">PROPIEDADES DE LOS M\u00daLTIPLOS<\/a><\/li>\n<li><a href=\"http:\/\/w3.cnice.mec.es\/recursos\/primaria\/matematicas\/conmates\/unid-1\/aplicaciones.htm\" target=\"_blank\">APLICACIONES DEL M.C.M. EN LA VIDA REAL. RESOLUCI\u00d3N        DE PROBLEMAS<\/a><\/li>\n<li><a href=\"http:\/\/www.ceipjuanherreraalcausa.es\/Recursosdidacticos\/SEXTO\/Matematicas\/ud03\/0302.htm\" target=\"_blank\">M\u00cdNIMO COM\u00daN M\u00daLTIPLO<\/a><\/li>\n<li><\/li>\n<\/ul>\n<\/td>\n<\/tr>\n<tr>\n<td width=\"215\" valign=\"top\">Los divisores de un n\u00famero<\/td>\n<td width=\"274\" valign=\"top\">\n<ul>\n<li><a href=\"http:\/\/w3.cnice.mec.es\/recursos\/primaria\/matematicas\/conmates\/unid-2\/divisores_de_un_n%FAmero.htm\" target=\"_blank\">DIVISORES DE UN N\u00daMERO I<\/a><\/li>\n<li><a href=\"http:\/\/www.clarionweb.es\/6_curso\/jclic6\/matematicas\/multi_divi\/multiplos.htm\" target=\"_blank\">M\u00daLTIPLOS Y DIVISORES I<\/a><\/li>\n<li><a href=\"http:\/\/www.gobiernodecanarias.org\/educacion\/usr\/eltanque\/todo_mate\/multiplosydivisores\/divisores\/divisores_p.html\" target=\"_blank\">DIVISORES DE UN N\u00daMERO II<\/a><\/li>\n<li><a href=\"http:\/\/www.ceipjuanherreraalcausa.es\/Recursosdidacticos\/SEXTO\/Matematicas\/ud03\/0303.htm\" target=\"_blank\">DIVISORES DE UN N\u00daMERO III<\/a><\/li>\n<li><a href=\"http:\/\/genmagic.org\/menuprogram\/mates1\/md1c.html\" target=\"_blank\">M\u00daTIPLOS        Y DIVISORES<\/a><\/li>\n<li><a href=\"http:\/\/www.juntadeandalucia.es\/averroes\/carambolo\/WEB%20JCLIC2\/Matematicas\/multiplo\/index.htm\" target=\"_blank\">M\u00daLTIPLOS Y DIVISORES II<\/a><\/li>\n<li><a href=\"http:\/\/w3.cnice.mec.es\/recursos\/primaria\/matematicas\/conmates\/unid-2\/c%E1lculo_de_los_divisores.htm\" target=\"_blank\">C\u00c1LCULO DE LOS DIVISORES<\/a><\/li>\n<li><a href=\"http:\/\/www.gobiernodecanarias.org\/educacion\/usr\/eltanque\/todo_mate\/multiplosydivisores\/c_divisores\/c_divisores_p.html\" target=\"_blank\">C\u00c1LCULO DE TODOS LOS DIVISORES DE UN N\u00daMERO<\/a><\/li>\n<li><a href=\"http:\/\/www.gobiernodecanarias.org\/educacion\/usr\/eltanque\/todo_mate\/multiplosydivisores\/c_divisores\/divisores_r_p.html\" target=\"_blank\">DIVISORES CON LAS REGLETAS DE CUISENAIRE<\/a><\/li>\n<li><a href=\"http:\/\/clic.xtec.net\/db\/jclicApplet.jsp?project=http:\/\/clic.xtec.net\/projects\/divfrace\/jclic\/divfrace.jclic.zip&amp;lang=es\" target=\"_blank\">M\u00daLTIPLOS Y DIVISORES III<\/a><\/li>\n<li><a href=\"http:\/\/www.juntadeandalucia.es\/averroes\/carambolo\/WEB%20JCLIC2\/Agrega\/Matematicas\/Divisibilidad\/contenido\/mt15_oa03_es\/index.html\" target=\"_blank\">C\u00c1LCULO DE DIVISORES<\/a><\/li>\n<li><a href=\"http:\/\/www.juntadeandalucia.es\/averroes\/carambolo\/WEB%20JCLIC2\/Agrega\/Matematicas\/La%20calculadora\/contenido\/ma002_oa02_es\/index.html\" target=\"_blank\">LA CALCULADORA: M\u00daLTIPLOS Y DIVISORES<\/a><\/li>\n<li><\/li>\n<\/ul>\n<\/td>\n<\/tr>\n<tr>\n<td width=\"215\" valign=\"top\">Criterios de divisibilidad<\/td>\n<td width=\"274\" valign=\"top\">\n<ul>\n<li><a href=\"http:\/\/www.gobiernodecanarias.org\/educacion\/9\/Usr\/eltanque\/todo_mate\/multiplosydivisores\/divisibilidad\/divisibilidad_p.html\" target=\"_blank\">CRITERIOS DE DIVISIBILIDAD I<\/a><\/li>\n<li><\/li>\n<li><a href=\"http:\/\/w3.cnice.mec.es\/recursos\/primaria\/matematicas\/conmates\/unid-2\/criterios_de_divisibilidad.htm\" target=\"_blank\">CRITERIOS DE DIVISIBILIDAD II<\/a><\/li>\n<li><a href=\"http:\/\/w3.cnice.mec.es\/recursos\/primaria\/matematicas\/conmates\/unid-2\/actividades.htm\" target=\"_blank\">AFIANZAMOS LO APRENDIDO<\/a><\/li>\n<li><a href=\"http:\/\/www.ceipjuanherreraalcausa.es\/Recursosdidacticos\/SEXTO\/Matematicas\/ud03\/0305.htm\" target=\"_blank\">CRITERIOS DE DIVISIBILIDAD III<\/a><\/li>\n<li><a href=\"http:\/\/www.juntadeandalucia.es\/averroes\/carambolo\/WEB%20JCLIC2\/Agrega\/Matematicas\/Divisibilidad\/contenido\/mt15_oa05_es\/index.html\" target=\"_blank\">REGLAS DE DIVISIBILIDAD<\/a><\/li>\n<li><\/li>\n<\/ul>\n<\/td>\n<\/tr>\n<tr>\n<td width=\"215\" valign=\"top\">M\u00e1ximo com\u00fan divisor<\/td>\n<td width=\"274\" valign=\"top\">\n<ul>\n<li><a href=\"http:\/\/www.gobiernodecanarias.org\/educacion\/usr\/eltanque\/todo_mate\/multiplosydivisores\/mcd\/mcd_p.html\" target=\"_blank\">M\u00c1XIMO COM\u00daN DIVISOR DE DOS N\u00daMEROS<\/a><\/li>\n<li><\/li>\n<li><a href=\"http:\/\/w3.cnice.mec.es\/recursos\/primaria\/matematicas\/conmates\/unid-2\/divisores_comunes_%28mc_c_d_%29.htm\" target=\"_blank\">DIVISORES COMUNES<\/a><\/li>\n<li><a href=\"http:\/\/www.gobiernodecanarias.org\/educacion\/usr\/eltanque\/todo_mate\/multiplosydivisores\/mcd\/mcd_r_p.html\" target=\"_blank\">M\u00c1XIMO COM\u00daN DIVISOR CON LAS REGLETAS DE CUISENAIRE<\/a><\/li>\n<li><a href=\"http:\/\/www.juntadeandalucia.es\/averroes\/ceip_san_tesifon\/recursos\/curso6\/matematicas\/matematicas_hp\/divisores\/index.html\" target=\"_blank\">M\u00c1XIMO COM\u00daN DIVISOR I<\/a><\/li>\n<li><a href=\"http:\/\/www.primaria.librosvivos.net\/6EP_Mate_cas_ud4_Maximo_comun_divisor.html\" target=\"_blank\">M\u00c1XIMO COM\u00daN DIVISOR II<\/a><\/li>\n<li><\/li>\n<\/ul>\n<\/td>\n<\/tr>\n<tr>\n<td width=\"215\" valign=\"top\">Otras actividades.<\/td>\n<td width=\"274\" valign=\"top\">\n<ul>\n<li><a href=\"http:\/\/www.primaria.librosvivos.net\/6EP_Mate_cas_ud4_Autoevaluacion.html\" target=\"_blank\">AUTOEVALUACI\u00d3N DE LA UNIDAD<\/a><\/li>\n<\/ul>\n<\/td>\n<\/tr>\n<\/tbody>\n<\/table>\n<p><strong> <\/strong><\/p>\n<h1>RECURSOS PARA EL TEMA<\/h1>\n<ul>\n<li>\n<h3><a href=\"http:\/\/w3.cnice.mec.es\/eos\/MaterialesEducativos\/primaria\/matematicas\/conmates\/unid-1\/multiplos-de-un-numero.htm\" target=\"_blank\">Los m\u00faltiplos de un n\u00famero.<\/a><\/h3>\n<\/li>\n<li>\n<h3><a href=\"http:\/\/www.gobiernodecanarias.org\/educacion\/9\/Usr\/eltanque\/todo_mate\/multiplosydivisores\/multiplos\/multiplos_p.html\">M\u00faltiplos de un n\u00famero<\/a><\/h3>\n<\/li>\n<li>\n<h3><a href=\"http:\/\/www.escolar.com\/videos\/multiplopre.html\" target=\"_blank\">Multiplos<\/a><\/h3>\n<\/li>\n<li>\n<h3><a href=\"http:\/\/www.anayainteractiva.com\/docs\/mate_actividad3_1.swf\" target=\"_blank\">M\u00faltiplos<\/a> (II)<\/h3>\n<\/li>\n<li>\n<h3><a href=\"http:\/\/www.gobiernodecanarias.org\/educacion\/usr\/eltanque\/todo_mate\/multiplosydivisores\/mcm\/mcm_p.html\" target=\"_blank\">M\u00ednimo com\u00fan m\u00faltiplo de dos n\u00fameros<\/a><\/h3>\n<\/li>\n<li>\n<h3><a href=\"http:\/\/http\/\/www.anayainteractiva.com\/docs\/mate_actividad3_2secuen.swf\" target=\"_blank\">M\u00ednimo com\u00fan m\u00faltiplo (II) <\/a><\/h3>\n<\/li>\n<li>\n<h3><a href=\"http:\/\/w3.cnice.mec.es\/eos\/MaterialesEducativos\/primaria\/matematicas\/conmates\/unid-2\/divisores.htm\" target=\"_blank\">Los divisores de un n\u00famero.<\/a><\/h3>\n<\/li>\n<li>\n<h3><a href=\"http:\/\/www.gobiernodecanarias.org\/educacion\/9\/Usr\/eltanque\/todo_mate\/multiplosydivisores\/divisores\/divisores_p.html\">Divisores de un n\u00famero<\/a><\/h3>\n<\/li>\n<li>\n<h3><a href=\"http:\/\/www.escolar.com\/videos\/divisorespre.html\" target=\"_blank\">Divisores<\/a><\/h3>\n<\/li>\n<li>\n<h3><a href=\"http:\/\/www.gobiernodecanarias.org\/educacion\/usr\/eltanque\/todo_mate\/multiplosydivisores\/c_divisores\/c_divisores_p.html\" target=\"_blank\">C\u00e1lculo de todos los divisores de un n\u00famero.<\/a><\/h3>\n<\/li>\n<li>\n<h3><a href=\"http:\/\/www.gobiernodecanarias.org\/educacion\/usr\/eltanque\/todo_mate\/multiplosydivisores\/num_primos\/numerosprimos_p.html\" target=\"_blank\">Los n\u00fameros primos<\/a><\/h3>\n<\/li>\n<li>\n<h3><a href=\"http:\/\/www.anayainteractiva.com\/docs\/mate_actividad3_4.swf\" target=\"_blank\">N\u00fameros primos y compuestos<\/a><\/h3>\n<\/li>\n<li>\n<h3><a href=\"http:\/\/www.gobiernodecanarias.org\/educacion\/9\/Usr\/eltanque\/todo_mate\/multiplosydivisores\/multiplosydivisores_p.html\">M\u00faltiplos y divisores<\/a><\/h3>\n<\/li>\n<li>\n<h3><a href=\"http:\/\/www.rena.edu.ve\/SegundaEtapa\/matematica\/multiplosdiv.html\">M\u00faltiplos y divisores<\/a><\/h3>\n<\/li>\n<li>\n<h3><a href=\"http:\/\/genmagic.org\/menuprogram\/mates1\/md1c.html\">M\u00faltiplos y divisores<\/a><\/h3>\n<\/li>\n<li>\n<h3><a href=\"http:\/\/clic.xtec.net\/db\/jclicApplet.jsp?project=http:\/\/clic.xtec.net\/projects\/divisib\/jclic\/divisib.jclic.zip&amp;lang=es&amp;title=Criterios+de+divisibilidad%27%29\" target=\"_blank\">M\u00faltiplos y divisores <\/a>(Jclic)<\/h3>\n<\/li>\n<li>\n<h3><a href=\"http:\/\/www.reterioja.com\/personales\/fjrodriguez\/6_curso\/matematicas\/multi_divi\/multiplos.htm\" target=\"_blank\">M\u00faltiplos y divisores<\/a> (Jclic)<\/h3>\n<\/li>\n<li>\n<h3><a href=\"http:\/\/redes.agrega.indra.es\/repositorio\/13062008\/es_20080613_3_9162940\/\/index.html\" target=\"_blank\">Divisibilidad<\/a><\/h3>\n<\/li>\n<li>\n<h3><a href=\"http:\/\/www.cprcieza.net\/web\/matematicasconjclic\/divisibilidad\/index.htm\" target=\"_blank\">Divisibilidad<\/a><\/h3>\n<\/li>\n<li>\n<h3><a href=\"http:\/\/www.gobiernodecanarias.org\/educacion\/9\/Usr\/eltanque\/todo_mate\/multiplosydivisores\/divisibilidad\/divisibilidad_p.html\" target=\"_blank\">Criterios de divisivilidad<\/a><\/h3>\n<\/li>\n<li>\n<h3><a href=\"http:\/\/www.ginerdelosrios.org\/Descartes\/3_eso\/Multiplos_divisores\/jgc.htm\">Juego de m\u00faltiplos y divisores<\/a><\/h3>\n<\/li>\n<li>\n<h3><a href=\"http:\/\/www.gobiernodecanarias.org\/educacion\/usr\/eltanque\/todo_mate\/multiplosydivisores\/mcd\/mcd_p.html\" target=\"_blank\">M\u00e1ximo Com\u00fan Divisor de dos n\u00fameros<\/a><\/h3>\n<\/li>\n<li>\n<h3><a href=\"http:\/\/www.reterioja.com\/personales\/fjrodriguez\/6_curso\/matematicas\/multi_divi\/multiplos.htm\" target=\"_blank\">Actividades.- M\u00faltiplos y divisores<\/a><\/h3>\n<\/li>\n<li>\n<h3><a href=\"http:\/\/www.digital-text.com\/muestra_capitulos\/m101e.html\" target=\"_blank\">REPASO N\u00daMEROS NATURALES<\/a><\/h3>\n<\/li>\n<\/ul>\n","protected":false},"excerpt":{"rendered":"<p>MATEM\u00c1TICAS Tema 4 \u201cLa divisibilidad\u201d CONTENIDOS RECURSOS Los m\u00faltiplos de un n\u00famero M\u00daLTIPLOS DE UN N\u00daMERO I M\u00daLTIPLOS DE UN N\u00daMERO II M\u00daLTIPLOS DE UN N\u00daMERO III LOS M\u00daLTIPLOS DE UN N\u00daMERO INTRODUCCI\u00d3N A LOS M\u00daLTIPLOS C\u00c1LCULO DE M\u00daLTIPLOS M\u00ednimo com\u00fan m\u00faltiplo M\u00cdNIMO COM\u00daN M\u00daLTIPLO DE DOS N\u00daMEROS EL M\u00cdNIMO COM\u00daN M\u00daLTIPLO DE VARIOS N\u00daMEROS [&hellip;]<\/p>\n","protected":false},"author":6,"featured_media":0,"parent":376,"menu_order":4,"comment_status":"open","ping_status":"open","template":"","meta":[],"_links":{"self":[{"href":"https:\/\/cpcorella.educacion.navarra.es\/blogs\/3ciclo\/wp-json\/wp\/v2\/pages\/394"}],"collection":[{"href":"https:\/\/cpcorella.educacion.navarra.es\/blogs\/3ciclo\/wp-json\/wp\/v2\/pages"}],"about":[{"href":"https:\/\/cpcorella.educacion.navarra.es\/blogs\/3ciclo\/wp-json\/wp\/v2\/types\/page"}],"author":[{"embeddable":true,"href":"https:\/\/cpcorella.educacion.navarra.es\/blogs\/3ciclo\/wp-json\/wp\/v2\/users\/6"}],"replies":[{"embeddable":true,"href":"https:\/\/cpcorella.educacion.navarra.es\/blogs\/3ciclo\/wp-json\/wp\/v2\/comments?post=394"}],"version-history":[{"count":0,"href":"https:\/\/cpcorella.educacion.navarra.es\/blogs\/3ciclo\/wp-json\/wp\/v2\/pages\/394\/revisions"}],"up":[{"embeddable":true,"href":"https:\/\/cpcorella.educacion.navarra.es\/blogs\/3ciclo\/wp-json\/wp\/v2\/pages\/376"}],"wp:attachment":[{"href":"https:\/\/cpcorella.educacion.navarra.es\/blogs\/3ciclo\/wp-json\/wp\/v2\/media?parent=394"}],"curies":[{"name":"wp","href":"https:\/\/api.w.org\/{rel}","templated":true}]}}