{"id":388,"date":"2010-01-17T16:25:33","date_gmt":"2010-01-17T16:25:33","guid":{"rendered":"http:\/\/pitagorines.wordpress.com\/?page_id=388"},"modified":"2010-01-17T16:25:33","modified_gmt":"2010-01-17T16:25:33","slug":"tema-02","status":"publish","type":"page","link":"https:\/\/cpcorella.educacion.navarra.es\/blogs\/3ciclo\/sexto\/matematicas\/tema-02\/","title":{"rendered":"Tema 2 \u201cOperaciones con n\u00fameros naturales\u201d"},"content":{"rendered":"<table border=\"1\" cellspacing=\"0\" cellpadding=\"0\">\n<tbody>\n<tr>\n<td colspan=\"2\" width=\"489\" valign=\"top\">MATEM\u00c1TICAS Tema 2 \u201cOperaciones con n\u00fameros   naturales\u201d<\/td>\n<\/tr>\n<tr>\n<td width=\"215\" valign=\"top\">CONTENIDOS<\/td>\n<td width=\"274\" valign=\"top\">RECURSOS<\/td>\n<\/tr>\n<tr>\n<td width=\"215\" valign=\"top\">La suma y la resta propiedades<\/td>\n<td width=\"274\" valign=\"top\">\n<ul>\n<li><a href=\"http:\/\/www.genmagic.net\/mates1\/animmat5c.swf\" target=\"_blank\">LA        SUMA<\/a><\/li>\n<li><a href=\"http:\/\/clic.xtec.net\/db\/jclicApplet.jsp?project=http:\/\/clic.xtec.net\/projects\/mat2ciclo\/jclic\/mat2ciclo.jclic.zip&amp;lang=es\" target=\"_blank\">SUMA Y RESTA<\/a><\/li>\n<li><a href=\"http:\/\/www.gobiernodecanarias.org\/educacion\/4\/Medusa\/GCMWEB\/Code\/Recursos\/VisualizarPagina.aspx?contenido=ZZ8paLok3uy9eUGb%2b1OrDFV7f50wxcAWBzsfLNLEPRk%3d&amp;IdRecurso=10450\" target=\"_blank\">LAS SUMAS DOBLES<\/a><\/li>\n<li><a href=\"http:\/\/www.genmagic.net\/mates4\/ser1c.swf\" target=\"_blank\">ADIVINA        EL QUE FALTA 1<\/a><\/li>\n<li><a href=\"http:\/\/www.genmagic.net\/mates4\/mt2c.swf\" target=\"_blank\">MATEM\u00c1TICAS        DE OTO\u00d1O<\/a><\/li>\n<li><a href=\"http:\/\/www.genmagic.net\/mates1\/animmat6c.swf\" target=\"_blank\">LA        RESTA<\/a><\/li>\n<li><a href=\"http:\/\/www.reterioja.com\/personales\/fjrodriguez\/4_curso\/matematicas\/mat_403.htm\" target=\"_blank\">SUMAS Y RESTAS<\/a><\/li>\n<li><a href=\"http:\/\/www.ceipjuanherreraalcausa.es\/Recursosdidacticos\/QUINTO\/Matematicas\/ud02\/0201.htm\" target=\"_blank\">PROPIEDADES DE LA SUMA<\/a><\/li>\n<li><\/li>\n<li><a href=\"http:\/\/www.juntadeandalucia.es\/averroes\/%7E23003429\/educativa\/Mat_5_2_sumayresta.html\" target=\"_blank\">SUMAS Y RESTAS DE N\u00daMEROS NATURALES<\/a><\/li>\n<li><\/li>\n<li><a href=\"http:\/\/sauce.pntic.mec.es\/%7Ejdiego\/calculo\/faltauno\/faltauno.htm\" target=\"_blank\">OPERACIONES EN LAS QUE FALTA ALG\u00daN T\u00c9RMINO<\/a><\/li>\n<li><a href=\"http:\/\/www.ceipjuanherreraalcausa.es\/Recursosdidacticos\/QUINTO\/Matematicas\/ud02\/0203.htm\" target=\"_blank\">SUMAS Y RESTAS COMBINADAS<\/a><\/li>\n<li><a href=\"http:\/\/www.gobiernodecanarias.org\/educacion\/usr\/eltanque\/todo_mate\/laresta\/laresta_p.html\" target=\"_blank\">PRUEBA DE LA RESTA<\/a><\/li>\n<li><\/li>\n<li><\/li>\n<\/ul>\n<\/td>\n<\/tr>\n<tr>\n<td width=\"215\" valign=\"top\">La multiplicaci\u00f3n. Pr\u00e1ctica y   propiedades<\/td>\n<td width=\"274\" valign=\"top\">\n<ul>\n<li><a href=\"http:\/\/www.juntadeandalucia.es\/averroes\/%7E23003429\/educativa\/Mat_5_2_sumayresta.html\" target=\"_blank\">SUMAS Y RESTAS DE N\u00daMEROS NATURALES<\/a><\/li>\n<li><\/li>\n<li><a href=\"http:\/\/sauce.pntic.mec.es\/%7Ejdiego\/calculo\/faltauno\/faltauno.htm\" target=\"_blank\">OPERACIONES EN LAS QUE FALTA ALG\u00daN T\u00c9RMINO <\/a><\/li>\n<li><a href=\"http:\/\/www.ceipjuanherreraalcausa.es\/Recursosdidacticos\/QUINTO\/Matematicas\/ud02\/0201.htm\" target=\"_blank\">PROPIEDADES DE LA SUMA<\/a><\/li>\n<li><a href=\"http:\/\/www.juntadeandalucia.es\/averroes\/%7E23003429\/educativa\/Mat_5_3_multiplicacion.html\" target=\"_blank\">MULTIPLICACI\u00d3N DE N\u00daMEROS NATURALES. PROPIEDAD        CONMUTATIVA<\/a><\/li>\n<li><a href=\"http:\/\/www.ceipjuanherreraalcausa.es\/Recursosdidacticos\/QUINTO\/Matematicas\/ud03\/0302.htm\" target=\"_blank\">MULTIPLICACIONES CON VARIAS CIFRAS<\/a><\/li>\n<li><a href=\"http:\/\/genmagic.net\/repositorio\/displayimage.php?album=1&amp;pos=9\" target=\"_blank\">REPASA LAS TABLAS DE MULTIPLICAR<\/a><\/li>\n<li><a href=\"http:\/\/www.rena.edu.ve\/SegundaEtapa\/matematica\/adicionsustra.html\" target=\"_blank\">PROPIEDADES DE LA MULTIPLICACI\u00d3N<\/a><\/li>\n<li><a href=\"http:\/\/www.genmagic.net\/mates4\/distributiva_c.swf\" target=\"_blank\">PROPIEDAD        DISTRIBUTIVA<\/a><\/li>\n<li><\/li>\n<li><a href=\"http:\/\/www.ceipjuanherreraalcausa.es\/Recursosdidacticos\/QUINTO\/Matematicas\/ud03\/0301.htm\" target=\"_blank\">LA PROPIEDAD DISTRIBUTIVA<\/a><\/li>\n<li><\/li>\n<\/ul>\n<\/td>\n<\/tr>\n<tr>\n<td width=\"215\" valign=\"top\">Pr\u00e1ctica de la divisi\u00f3n<\/td>\n<td width=\"274\" valign=\"top\">\n<ul>\n<li><a href=\"http:\/\/www.escolar.com\/matem\/06division.htm\" target=\"_blank\">DIVISI\u00d3N        EXACTA E INEXACTA<\/a><\/li>\n<li><\/li>\n<li><a href=\"http:\/\/www.primaria.librosvivos.net\/Division_exacta_y_division_inexacta.html\" target=\"_blank\">DIVISI\u00d3N EXACTA Y DIVISI\u00d3N INEXACTA<\/a><\/li>\n<li><a href=\"http:\/\/www.gobiernodecanarias.org\/educacion\/usr\/eltanque\/ladivision\/ladivision_p.html\" target=\"_blank\">LA DIVISI\u00d3N<\/a><\/li>\n<li><a href=\"http:\/\/www.juntadeandalucia.es\/averroes\/%7E23003429\/educativa\/division2_e.html\" target=\"_blank\">PRACTICAMOS LA DIVISI\u00d3N<\/a><\/li>\n<li><a href=\"http:\/\/www.juntadeandalucia.es\/averroes\/recursos_informaticos\/andared02\/refuerzo_matematicas\/indicemate.htm\" target=\"_blank\">DIVIDIMOS Y REALIZAMOS LA PRUEBA<\/a><\/li>\n<li><a href=\"http:\/\/www.gobiernodecanarias.org\/educacion\/9\/Usr\/eltanque\/p_nueve\/p_division_p.html\" target=\"_blank\">PRUEBA DEL NUEVE<\/a><\/li>\n<li><\/li>\n<\/ul>\n<\/td>\n<\/tr>\n<tr>\n<td width=\"215\" valign=\"top\">La jerarqu\u00eda en las operaciones   combinadas<\/td>\n<td width=\"274\" valign=\"top\">\n<ul>\n<li><a href=\"http:\/\/www.genmagic.net\/mates4\/jerarquia_opera_c.swf\" target=\"_blank\">OPERACIONES COMBINADAS<\/a><\/li>\n<li><\/li>\n<li><a href=\"http:\/\/adigital.pntic.mec.es\/%7Earamo\/calculo\/coc01_10.htm\" target=\"_blank\">OPERACIONES COMBINADAS INTERACTIVAS<\/a><\/li>\n<li><\/li>\n<\/ul>\n<\/td>\n<\/tr>\n<tr>\n<td width=\"215\" valign=\"top\"><\/td>\n<td width=\"274\" valign=\"top\">\n<ul>\n<li><a href=\"http:\/\/www.gobiernodecanarias.org\/educacion\/usr\/eltanque\/todo_mate\/divi_deci\/divi_deci.swf\" target=\"_blank\">DIVISI\u00d3N POR LA UNIDAD SEGUIDA DE CEROS<\/a><\/li>\n<li><\/li>\n<li><a href=\"http:\/\/www.genmagic.net\/mates4\/ser8c.swf\" target=\"_blank\">DIVISI\u00d3N        POR 10, 100 Y 1.000<\/a><\/li>\n<li><a href=\"http:\/\/www.gobiernodecanarias.org\/educacion\/usr\/eltanque\/todo_mate\/multipli\/multipli_p.html\" target=\"_blank\">MULTIPLICACI\u00d3N POR LA UNIDAD SEGUIDA DE CEROS<\/a><\/li>\n<li><\/li>\n<li><a href=\"http:\/\/www.gobiernodecanarias.org\/educacion\/usr\/eltanque\/todo_mate\/usc\/multipli\/mult_usc_e_p.html\" target=\"_blank\">PRACTICO LA MULTIPLICACI\u00d3N POR LA UNIDAD SEGUIDA DE        CEROS <\/a><\/li>\n<li><a href=\"http:\/\/www.genmagic.net\/mates4\/ser8c.swf\" target=\"_blank\">MULTIPLICAR        POR 10, 100 Y 1.000<\/a><\/li>\n<li><a href=\"http:\/\/www.wikisaber.es\/Contenidos\/LObjects\/mult_10_100\/index.html\" target=\"_blank\">MULTIPLICACI\u00d3N POR 10, 100&#8230;<\/a><\/li>\n<li><a href=\"http:\/\/www.ceipjuanherreraalcausa.es\/Recursosdidacticos\/QUINTO\/Matematicas\/ud03\/0303.htm\" target=\"_blank\">MULTIPLICACIONES CON CEROS INTERMEDIOS EN EL        MULTIPLICADOR<\/a><\/li>\n<li><a href=\"http:\/\/www.ceipjuanherreraalcausa.es\/Recursosdidacticos\/QUINTO\/Matematicas\/ud03\/0304.htm\" target=\"_blank\">MULTIPLICACIONES CON CEROS FINALES<\/a><\/li>\n<li><a href=\"http:\/\/www.primaria.librosvivos.net\/Multiplicar_numeros_que_acaban_en_ceros.html\" target=\"_blank\">MULTIPLICAR N\u00daMEROS QUE ACABAN EN CEROS<\/a><\/li>\n<li><\/li>\n<\/ul>\n<\/td>\n<\/tr>\n<tr>\n<td width=\"215\" valign=\"top\">Otras actividades.<\/td>\n<td width=\"274\" valign=\"top\">\n<ul>\n<li><a href=\"http:\/\/www.primaria.librosvivos.net\/5EP_Mate_cas_ud2_Autoevaluacion.html\" target=\"_blank\">AUTOEVALUACI\u00d3N DE LA UNIDAD I<\/a><\/li>\n<li><\/li>\n<li><a href=\"http:\/\/www.primaria.librosvivos.net\/5EP_Mate_cas_ud3_Autoevaluacion.html\" target=\"_blank\">AUTOEVALUACI\u00d3N DE LA UNIDAD II<\/a><\/li>\n<\/ul>\n<ul>\n<li><\/li>\n<\/ul>\n<\/td>\n<\/tr>\n<\/tbody>\n<\/table>\n<h3>RECURSOS PARA EL TEMA<\/h3>\n<ul>\n<li>\n<h3><a href=\"http:\/\/roble.pntic.mec.es\/%7Ejblesa\/matematicas\/temas\/4\/unidad1\/uni1.htm\" target=\"_blank\">Sistema de numeraci\u00f3n decimal<\/a><\/h3>\n<\/li>\n<li>\n<h3><a href=\"http:\/\/argentina.aula365.com\/rtev3\/RTE.aspx?uri=\/cursos\/MEGB2A3C01&amp;host=http:\/\/argentina.aula365.com&amp;skin=cvcs.ninos@matematicas2&amp;startup=firstlo&amp;FKInstanciaSolucion=0&amp;FKInstanciaGrupo=0&amp;FKInstanciaUsuario=0&amp;FKInstanciaPrograma=0&amp;FKInstanciaCurso=267605\" target=\"_blank\">Sistemas de numeraci\u00f3n<\/a><\/h3>\n<\/li>\n<li>\n<h3><a href=\"http:\/\/www.olmo.arrakis.es\/educativa\/Mat_5_1_numeracion.html\" target=\"_blank\">Numeraci\u00f3n<\/a><\/h3>\n<\/li>\n<li>\n<h3><a href=\"http:\/\/udisatenex.educarex.es\/gseex\/matematicas\/1ESONumerosNaturales\/\" target=\"_blank\">N\u00fameros Naturales<\/a><\/h3>\n<\/li>\n<li>\n<h3><a href=\"http:\/\/www.gobiernodecanarias.org\/educacion\/9\/Usr\/eltanque\/todo_mate\/actividades5\/tema1_P2\/tema1_pr2.swf\" target=\"_blank\">Escribir n\u00fameros<\/a><\/h3>\n<\/li>\n<li>\n<h3><a href=\"http:\/\/www.gobiernodecanarias.org\/educacion\/9\/Usr\/eltanque\/todo_mate\/actividades5\/tema1_P3\/tema1_pr3_p.html\" target=\"_blank\">Piensa y escribe un n\u00famero<\/a><\/h3>\n<\/li>\n<li>\n<h3><a href=\"http:\/\/www.gobiernodecanarias.org\/educacion\/9\/Usr\/eltanque\/todo_mate\/actividades5\/tema1_pr1_p.html\" target=\"_blank\">Descomposici\u00f3n y lectura de n\u00fameros<\/a><\/h3>\n<\/li>\n<li>\n<h3><a href=\"http:\/\/descartes.cnice.mec.es\/materiales_didacticos\/naturales1\/\" target=\"_blank\">Operaciones con n\u00fameros naturales (I) <\/a><\/h3>\n<\/li>\n<li>\n<h3><a href=\"http:\/\/descartes.cnice.mec.es\/materiales_didacticos\/naturales2\/\" target=\"_blank\">Operaciones con n\u00fameros naturales (II)<\/a><\/h3>\n<\/li>\n<li>\n<h3><a href=\"http:\/\/www.juntadeandalucia.es\/averroes\/recursos_informaticos\/andared02\/refuerzo_matematicas\/indicemate.htm\" target=\"_blank\">Refuerza y ampl\u00eda<\/a><\/h3>\n<\/li>\n<li>\n<h3><a href=\"http:\/\/www.genmagic.net\/mates4\/jerarquia_opera_c.swf\" target=\"_blank\">Jerarqu\u00eda y uso de par\u00e9ntesis<\/a><\/h3>\n<\/li>\n<li>\n<h3><a href=\"http:\/\/www.vitutor.net\/1\/0_9.html\" target=\"_blank\">Operaciones combinadas<\/a><\/h3>\n<\/li>\n<\/ul>\n","protected":false},"excerpt":{"rendered":"<p>MATEM\u00c1TICAS Tema 2 \u201cOperaciones con n\u00fameros naturales\u201d CONTENIDOS RECURSOS La suma y la resta propiedades LA SUMA SUMA Y RESTA LAS SUMAS DOBLES ADIVINA EL QUE FALTA 1 MATEM\u00c1TICAS DE OTO\u00d1O LA RESTA SUMAS Y RESTAS PROPIEDADES DE LA SUMA SUMAS Y RESTAS DE N\u00daMEROS NATURALES OPERACIONES EN LAS QUE FALTA ALG\u00daN T\u00c9RMINO SUMAS Y [&hellip;]<\/p>\n","protected":false},"author":6,"featured_media":0,"parent":376,"menu_order":2,"comment_status":"open","ping_status":"open","template":"","meta":[],"_links":{"self":[{"href":"https:\/\/cpcorella.educacion.navarra.es\/blogs\/3ciclo\/wp-json\/wp\/v2\/pages\/388"}],"collection":[{"href":"https:\/\/cpcorella.educacion.navarra.es\/blogs\/3ciclo\/wp-json\/wp\/v2\/pages"}],"about":[{"href":"https:\/\/cpcorella.educacion.navarra.es\/blogs\/3ciclo\/wp-json\/wp\/v2\/types\/page"}],"author":[{"embeddable":true,"href":"https:\/\/cpcorella.educacion.navarra.es\/blogs\/3ciclo\/wp-json\/wp\/v2\/users\/6"}],"replies":[{"embeddable":true,"href":"https:\/\/cpcorella.educacion.navarra.es\/blogs\/3ciclo\/wp-json\/wp\/v2\/comments?post=388"}],"version-history":[{"count":0,"href":"https:\/\/cpcorella.educacion.navarra.es\/blogs\/3ciclo\/wp-json\/wp\/v2\/pages\/388\/revisions"}],"up":[{"embeddable":true,"href":"https:\/\/cpcorella.educacion.navarra.es\/blogs\/3ciclo\/wp-json\/wp\/v2\/pages\/376"}],"wp:attachment":[{"href":"https:\/\/cpcorella.educacion.navarra.es\/blogs\/3ciclo\/wp-json\/wp\/v2\/media?parent=388"}],"curies":[{"name":"wp","href":"https:\/\/api.w.org\/{rel}","templated":true}]}}