{"id":386,"date":"2010-01-17T16:24:18","date_gmt":"2010-01-17T16:24:18","guid":{"rendered":"http:\/\/pitagorines.wordpress.com\/?page_id=386"},"modified":"2010-01-17T16:24:18","modified_gmt":"2010-01-17T16:24:18","slug":"tema-1","status":"publish","type":"page","link":"https:\/\/cpcorella.educacion.navarra.es\/blogs\/3ciclo\/sexto\/matematicas\/tema-1\/","title":{"rendered":"Tema 1 \u201cSistemas de numeraci\u00f3n\u201d"},"content":{"rendered":"<table border=\"1\" cellspacing=\"0\" cellpadding=\"0\" align=\"left\">\n<tbody>\n<tr>\n<td colspan=\"2\" width=\"489\" valign=\"top\">MATEM\u00c1TICAS Tema 1   \u201cSistemas de numeraci\u00f3n\u201d<\/td>\n<\/tr>\n<tr>\n<td width=\"215\" valign=\"top\">CONTENIDOS<\/td>\n<td width=\"274\" valign=\"top\">RECURSOS<\/td>\n<\/tr>\n<tr>\n<td width=\"215\" valign=\"top\">Nuestro sistema de numeraci\u00f3n<\/td>\n<td rowspan=\"2\" width=\"274\" valign=\"top\">\n<ul>\n<li><a href=\"http:\/\/www.juntadeandalucia.es\/averroes\/recursos_informaticos\/concurso2005\/34\/nombrenumeros.html\">EL        NOMBRE DE LOS N\u00daMEROS<\/a><\/li>\n<li><a href=\"http:\/\/www.reterioja.com\/personales\/fjrodriguez\/4_curso\/matematicas\/mat_402.htm\" target=\"_blank\">N\u00daMEROS CON 6 Y 7 CIFRAS<\/a><\/li>\n<li><\/li>\n<\/ul>\n<\/td>\n<\/tr>\n<tr>\n<td width=\"215\" valign=\"top\">Los n\u00fameros grandes<\/td>\n<\/tr>\n<tr>\n<td width=\"215\" valign=\"top\">La numeraci\u00f3n romana<\/td>\n<td width=\"274\" valign=\"top\">\n<ul>\n<li><a href=\"http:\/\/www.gobiernodecanarias.org\/educacion\/9\/Usr\/eltanque\/todo_mate\/actividades5\/tema1_P6\/tema1_pr6.swf\" target=\"_blank\">LOS N\u00daMEROS ROMANOS I<\/a><\/li>\n<li><\/li>\n<li><a href=\"http:\/\/www.gobiernodecanarias.org\/educacion\/usr\/eltanque\/todo_mate\/actividades5\/tema1_P5\/tema1_pr5_p.html\" target=\"_blank\">ESCRIBIMOS EL VALOR DE LOS N\u00daMEROS ROMANOS<\/a><\/li>\n<li><a href=\"http:\/\/www.gobiernodecanarias.org\/educacion\/usr\/eltanque\/todo_mate\/actividades5\/tema1_P6\/tema1_pr6_p.html\" target=\"_blank\">SEGUIMOS PRACTICANDO CON LOS N\u00daMEROS ROMANOS<\/a><\/li>\n<li><a href=\"http:\/\/genmagic.org\/mates3\/nro1c.swf\" target=\"_blank\">LA NUMERACI\u00d3N ROMANA<\/a><\/li>\n<li><a href=\"http:\/\/www.ceipjuanherreraalcausa.es\/Recursosdidacticos\/QUINTO\/Matematicas\/ud01\/0103.htm\" target=\"_blank\">LOS N\u00daMEROS ROMANOS II<\/a><\/li>\n<li><a href=\"http:\/\/www.primaria.librosvivos.net\/Los_numeros_romanos.html\" target=\"_blank\">LOS N\u00daMEROS ROMANOS III<\/a><\/li>\n<li><\/li>\n<\/ul>\n<\/td>\n<\/tr>\n<tr>\n<td width=\"215\" valign=\"top\">Otras formas de contar<\/td>\n<td width=\"274\" valign=\"top\"><\/td>\n<\/tr>\n<tr>\n<td width=\"215\" valign=\"top\"><\/td>\n<td width=\"274\" valign=\"top\"><\/td>\n<\/tr>\n<tr>\n<td width=\"215\" valign=\"top\">Otras actividades.<\/td>\n<td width=\"274\" valign=\"top\"><\/td>\n<\/tr>\n<\/tbody>\n<\/table>\n","protected":false},"excerpt":{"rendered":"<p>MATEM\u00c1TICAS Tema 1 \u201cSistemas de numeraci\u00f3n\u201d CONTENIDOS RECURSOS Nuestro sistema de numeraci\u00f3n EL NOMBRE DE LOS N\u00daMEROS N\u00daMEROS CON 6 Y 7 CIFRAS Los n\u00fameros grandes La numeraci\u00f3n romana LOS N\u00daMEROS ROMANOS I ESCRIBIMOS EL VALOR DE LOS N\u00daMEROS ROMANOS SEGUIMOS PRACTICANDO CON LOS N\u00daMEROS ROMANOS LA NUMERACI\u00d3N ROMANA LOS N\u00daMEROS ROMANOS II LOS N\u00daMEROS [&hellip;]<\/p>\n","protected":false},"author":6,"featured_media":0,"parent":376,"menu_order":1,"comment_status":"open","ping_status":"open","template":"","meta":[],"_links":{"self":[{"href":"https:\/\/cpcorella.educacion.navarra.es\/blogs\/3ciclo\/wp-json\/wp\/v2\/pages\/386"}],"collection":[{"href":"https:\/\/cpcorella.educacion.navarra.es\/blogs\/3ciclo\/wp-json\/wp\/v2\/pages"}],"about":[{"href":"https:\/\/cpcorella.educacion.navarra.es\/blogs\/3ciclo\/wp-json\/wp\/v2\/types\/page"}],"author":[{"embeddable":true,"href":"https:\/\/cpcorella.educacion.navarra.es\/blogs\/3ciclo\/wp-json\/wp\/v2\/users\/6"}],"replies":[{"embeddable":true,"href":"https:\/\/cpcorella.educacion.navarra.es\/blogs\/3ciclo\/wp-json\/wp\/v2\/comments?post=386"}],"version-history":[{"count":0,"href":"https:\/\/cpcorella.educacion.navarra.es\/blogs\/3ciclo\/wp-json\/wp\/v2\/pages\/386\/revisions"}],"up":[{"embeddable":true,"href":"https:\/\/cpcorella.educacion.navarra.es\/blogs\/3ciclo\/wp-json\/wp\/v2\/pages\/376"}],"wp:attachment":[{"href":"https:\/\/cpcorella.educacion.navarra.es\/blogs\/3ciclo\/wp-json\/wp\/v2\/media?parent=386"}],"curies":[{"name":"wp","href":"https:\/\/api.w.org\/{rel}","templated":true}]}}