{"id":3559,"date":"2020-11-08T13:33:19","date_gmt":"2020-11-08T13:33:19","guid":{"rendered":"https:\/\/cpcorella.educacion.navarra.es\/blogs\/1ciclo\/?page_id=3559"},"modified":"2020-11-08T13:38:15","modified_gmt":"2020-11-08T13:38:15","slug":"acceso-libros-digitales","status":"publish","type":"page","link":"https:\/\/cpcorella.educacion.navarra.es\/blogs\/1ciclo\/acceso-libros-digitales\/","title":{"rendered":"ACCESO LIBROS DIGITALES"},"content":{"rendered":"\n<p>Para acceder a los libros digitales solo ten\u00e9is que pinchar en el bot\u00f3n naranja e introducir las claves que os mandaron al grupo de difusi\u00f3n de WhatsApp.<\/p>\n\n\n\n<div class=\"wp-container-1 wp-block-buttons aligncenter\">\n<div class=\"wp-block-button\"><a class=\"wp-block-button__link\" href=\"http:\/\/edubook.vicensvives.com\/es\/inicio\" target=\"_blank\" rel=\"noreferrer noopener\">ACCESO A LOS LIBROS DIGITALES<\/a><\/div>\n<\/div>\n","protected":false},"excerpt":{"rendered":"<p>Para acceder a los libros digitales solo ten\u00e9is que pinchar en el bot\u00f3n naranja e introducir las claves que os mandaron al grupo de difusi\u00f3n de WhatsApp.<\/p>\n","protected":false},"author":37,"featured_media":0,"parent":0,"menu_order":0,"comment_status":"closed","ping_status":"closed","template":"","meta":[],"_links":{"self":[{"href":"https:\/\/cpcorella.educacion.navarra.es\/blogs\/1ciclo\/wp-json\/wp\/v2\/pages\/3559"}],"collection":[{"href":"https:\/\/cpcorella.educacion.navarra.es\/blogs\/1ciclo\/wp-json\/wp\/v2\/pages"}],"about":[{"href":"https:\/\/cpcorella.educacion.navarra.es\/blogs\/1ciclo\/wp-json\/wp\/v2\/types\/page"}],"author":[{"embeddable":true,"href":"https:\/\/cpcorella.educacion.navarra.es\/blogs\/1ciclo\/wp-json\/wp\/v2\/users\/37"}],"replies":[{"embeddable":true,"href":"https:\/\/cpcorella.educacion.navarra.es\/blogs\/1ciclo\/wp-json\/wp\/v2\/comments?post=3559"}],"version-history":[{"count":3,"href":"https:\/\/cpcorella.educacion.navarra.es\/blogs\/1ciclo\/wp-json\/wp\/v2\/pages\/3559\/revisions"}],"predecessor-version":[{"id":3563,"href":"https:\/\/cpcorella.educacion.navarra.es\/blogs\/1ciclo\/wp-json\/wp\/v2\/pages\/3559\/revisions\/3563"}],"wp:attachment":[{"href":"https:\/\/cpcorella.educacion.navarra.es\/blogs\/1ciclo\/wp-json\/wp\/v2\/media?parent=3559"}],"curies":[{"name":"wp","href":"https:\/\/api.w.org\/{rel}","templated":true}]}}