{"id":3556,"date":"2020-11-08T13:31:27","date_gmt":"2020-11-08T13:31:27","guid":{"rendered":"https:\/\/cpcorella.educacion.navarra.es\/blogs\/1ciclo\/?page_id=3556"},"modified":"2020-11-08T13:47:24","modified_gmt":"2020-11-08T13:47:24","slug":"clases-confinadas","status":"publish","type":"page","link":"https:\/\/cpcorella.educacion.navarra.es\/blogs\/1ciclo\/clases-confinadas\/","title":{"rendered":"CLASES CONFINADAS"},"content":{"rendered":"\n<p style=\"text-align: justify\">Buenos d\u00edas familias:<\/p>\n<p style=\"text-align: justify\">\u00a1Estamos confinados! Pero la vida escolar contin\u00faa mediante la utilizaci\u00f3n de las Tecnolog\u00edas de la Informaci\u00f3n y la Comunicaci\u00f3n(TIC) y, sobre todo, gracias al trabajo conjunto de padres, madres, profesorado y alumnado.<\/p>\n<p style=\"text-align: justify\">En\u00a0 este apartado del blog iremos colgando la tarea que hay que ir haciendo diariamente. De esta pesta\u00f1a \u00abCLASES CONFINADAS\u00bb salen dos subpesta\u00f1as: \u00abACCESO A LOS LIBROS DIGITALES\u00bb, desde la que se podr\u00e1 acceder a los libros digitales y \u00abTAREAS CONFINAMIENTO\u00bb\u00a0 donde se ir\u00e1n poniendo las tareas que hay que hacer diariamente.<\/p>\n<p style=\"text-align: justify\">Cualquier duda que os surja, ya sab\u00e9is que pod\u00e9is contactar con las tutores\/as mediante el ClassDojo. Mucho \u00e1nimo a todos y gracias por vuestra colaboraci\u00f3n.<\/p>\n","protected":false},"excerpt":{"rendered":"<p>Buenos d\u00edas familias: \u00a1Estamos confinados! Pero la vida escolar contin\u00faa mediante la utilizaci\u00f3n de las Tecnolog\u00edas de la Informaci\u00f3n y la Comunicaci\u00f3n(TIC) y, sobre todo, gracias al trabajo conjunto de padres, madres, profesorado y alumnado. En\u00a0 este apartado del blog iremos colgando la tarea que hay que ir haciendo diariamente. De esta pesta\u00f1a \u00abCLASES CONFINADAS\u00bb &hellip; <a href=\"https:\/\/cpcorella.educacion.navarra.es\/blogs\/1ciclo\/clases-confinadas\/\" class=\"more-link\">Seguir leyendo <span class=\"screen-reader-text\">CLASES CONFINADAS<\/span> <span class=\"meta-nav\">&rarr;<\/span><\/a><\/p>\n","protected":false},"author":37,"featured_media":0,"parent":0,"menu_order":0,"comment_status":"closed","ping_status":"closed","template":"","meta":[],"_links":{"self":[{"href":"https:\/\/cpcorella.educacion.navarra.es\/blogs\/1ciclo\/wp-json\/wp\/v2\/pages\/3556"}],"collection":[{"href":"https:\/\/cpcorella.educacion.navarra.es\/blogs\/1ciclo\/wp-json\/wp\/v2\/pages"}],"about":[{"href":"https:\/\/cpcorella.educacion.navarra.es\/blogs\/1ciclo\/wp-json\/wp\/v2\/types\/page"}],"author":[{"embeddable":true,"href":"https:\/\/cpcorella.educacion.navarra.es\/blogs\/1ciclo\/wp-json\/wp\/v2\/users\/37"}],"replies":[{"embeddable":true,"href":"https:\/\/cpcorella.educacion.navarra.es\/blogs\/1ciclo\/wp-json\/wp\/v2\/comments?post=3556"}],"version-history":[{"count":3,"href":"https:\/\/cpcorella.educacion.navarra.es\/blogs\/1ciclo\/wp-json\/wp\/v2\/pages\/3556\/revisions"}],"predecessor-version":[{"id":3566,"href":"https:\/\/cpcorella.educacion.navarra.es\/blogs\/1ciclo\/wp-json\/wp\/v2\/pages\/3556\/revisions\/3566"}],"wp:attachment":[{"href":"https:\/\/cpcorella.educacion.navarra.es\/blogs\/1ciclo\/wp-json\/wp\/v2\/media?parent=3556"}],"curies":[{"name":"wp","href":"https:\/\/api.w.org\/{rel}","templated":true}]}}