{"id":351,"date":"2010-01-22T21:51:15","date_gmt":"2010-01-22T21:51:15","guid":{"rendered":"http:\/\/pitagorines1.wordpress.com\/?page_id=351"},"modified":"2014-03-12T09:26:21","modified_gmt":"2014-03-12T09:26:21","slug":"tema-7-los-animales-de-la-granja","status":"publish","type":"page","link":"https:\/\/cpcorella.educacion.navarra.es\/blogs\/1ciclo\/primero\/medio\/tema-7-los-animales-de-la-granja\/","title":{"rendered":"ANIMALES DE LA GRANJA"},"content":{"rendered":"<table width=\"585\" border=\"1\" cellspacing=\"0\" cellpadding=\"0\">\n<tbody>\n<tr>\n<td width=\"259\"><strong>Tema 8 y 9: Los animales de la granja <\/strong><\/td>\n<td width=\"327\"><strong>Web interactivas<\/strong><\/td>\n<\/tr>\n<tr>\n<td width=\"259\">As\u00ed son los animales<\/td>\n<td width=\"327\">\n<ul>\n<li><a href=\"http:\/\/www.supersaber.com\/zoo.htm\" target=\"_blank\">EL GUARDIA DEL ZOO<\/a><\/li>\n<li><a href=\"http:\/\/www.juntadeandalucia.es\/averroes\/centros-tic\/41009470\/helvia\/aula\/archivos\/repositorio\/0\/57\/html\/datos\/03_cmedio\/03_Recursos\/actividades\/2losAnimales\/act4.htm\" target=\"_blank\">ANIMALES DOM\u00c9STICOS Y SALVAJES<\/a><\/li>\n<li><a href=\"http:\/\/clic.xtec.net\/db\/jclicApplet.jsp?project=http:\/\/clic.xtec.net\/projects\/elecast\/jclic\/elecast.jclic.zip&amp;lang=es\" target=\"_blank\">EL ELEFANTE Y OTROS ANIMALES<\/a><\/li>\n<li><a href=\"http:\/\/www.juntadeandalucia.es\/averroes\/centros-tic\/41009470\/helvia\/aula\/archivos\/repositorio\/0\/57\/html\/datos\/03_cmedio\/03_Recursos\/actividades\/2losAnimales\/act6.htm\" target=\"_blank\">MAM\u00cdFEROS DOM\u00c9STICOS Y SALVAJES<\/a><\/li>\n<li><a href=\"http:\/\/www.juntadeandalucia.es\/averroes\/centros-tic\/41009470\/helvia\/aula\/archivos\/repositorio\/0\/57\/html\/datos\/03_cmedio\/03_Recursos\/actividades\/2losAnimales\/act9.htm\" target=\"_blank\">AVES DOM\u00c9STICAS Y SALVAJES<\/a><\/li>\n<li><a href=\"http:\/\/www.juntadeandalucia.es\/averroes\/centros-tic\/41009470\/helvia\/aula\/archivos\/repositorio\/0\/57\/html\/datos\/03_cmedio\/03_Recursos\/actividades\/2losAnimales\/act3.htm\" target=\"_blank\">LAS CR\u00cdAS DE LOS ANIMALES<\/a><\/li>\n<\/ul>\n<\/td>\n<\/tr>\n<tr>\n<td width=\"259\">La vida de los animales<\/td>\n<td width=\"327\">\n<ul>\n<li><a href=\"http:\/\/www.juntadeandalucia.es\/averroes\/centros-tic\/41009470\/helvia\/aula\/archivos\/repositorio\/0\/57\/html\/datos\/03_cmedio\/03_Recursos\/actividades\/2losAnimales\/act5.htm\" target=\"_blank\">LOS MAM\u00cdFEROS<\/a><\/li>\n<li><a href=\"http:\/\/clic.xtec.net\/db\/jclicApplet.jsp?project=http:\/\/clic.xtec.net\/projects\/pajaros\/jclic\/pajaros.jclic.zip&amp;lang=es\" target=\"_blank\">LOS P\u00c1JAROS <\/a><\/li>\n<li><a href=\"http:\/\/www.juntadeandalucia.es\/averroes\/centros-tic\/41009470\/helvia\/aula\/archivos\/repositorio\/0\/57\/html\/datos\/03_cmedio\/03_Recursos\/actividades\/2losAnimales\/act7.htm\" target=\"_blank\">MAM\u00cdFEROS, AVES Y PECES<\/a><\/li>\n<li><a href=\"http:\/\/ares.cnice.mec.es\/ciengehi\/a\/01\/animaciones\/a_fa09_00a.html\" target=\"_blank\">LOS ANIMALES<\/a><\/li>\n<\/ul>\n<\/td>\n<\/tr>\n<\/tbody>\n<\/table>\n","protected":false},"excerpt":{"rendered":"<p>Tema 8 y 9: Los animales de la granja Web interactivas As\u00ed son los animales EL GUARDIA DEL ZOO ANIMALES DOM\u00c9STICOS Y SALVAJES EL ELEFANTE Y OTROS ANIMALES MAM\u00cdFEROS DOM\u00c9STICOS Y SALVAJES AVES DOM\u00c9STICAS Y SALVAJES LAS CR\u00cdAS DE LOS ANIMALES La vida de los animales LOS MAM\u00cdFEROS LOS P\u00c1JAROS MAM\u00cdFEROS, AVES Y PECES LOS &hellip; <a href=\"https:\/\/cpcorella.educacion.navarra.es\/blogs\/1ciclo\/primero\/medio\/tema-7-los-animales-de-la-granja\/\" class=\"more-link\">Seguir leyendo <span class=\"screen-reader-text\">ANIMALES DE LA GRANJA<\/span> <span class=\"meta-nav\">&rarr;<\/span><\/a><\/p>\n","protected":false},"author":6,"featured_media":0,"parent":244,"menu_order":9,"comment_status":"open","ping_status":"open","template":"","meta":[],"_links":{"self":[{"href":"https:\/\/cpcorella.educacion.navarra.es\/blogs\/1ciclo\/wp-json\/wp\/v2\/pages\/351"}],"collection":[{"href":"https:\/\/cpcorella.educacion.navarra.es\/blogs\/1ciclo\/wp-json\/wp\/v2\/pages"}],"about":[{"href":"https:\/\/cpcorella.educacion.navarra.es\/blogs\/1ciclo\/wp-json\/wp\/v2\/types\/page"}],"author":[{"embeddable":true,"href":"https:\/\/cpcorella.educacion.navarra.es\/blogs\/1ciclo\/wp-json\/wp\/v2\/users\/6"}],"replies":[{"embeddable":true,"href":"https:\/\/cpcorella.educacion.navarra.es\/blogs\/1ciclo\/wp-json\/wp\/v2\/comments?post=351"}],"version-history":[{"count":1,"href":"https:\/\/cpcorella.educacion.navarra.es\/blogs\/1ciclo\/wp-json\/wp\/v2\/pages\/351\/revisions"}],"predecessor-version":[{"id":1219,"href":"https:\/\/cpcorella.educacion.navarra.es\/blogs\/1ciclo\/wp-json\/wp\/v2\/pages\/351\/revisions\/1219"}],"up":[{"embeddable":true,"href":"https:\/\/cpcorella.educacion.navarra.es\/blogs\/1ciclo\/wp-json\/wp\/v2\/pages\/244"}],"wp:attachment":[{"href":"https:\/\/cpcorella.educacion.navarra.es\/blogs\/1ciclo\/wp-json\/wp\/v2\/media?parent=351"}],"curies":[{"name":"wp","href":"https:\/\/api.w.org\/{rel}","templated":true}]}}