{"id":3401,"date":"2020-10-07T12:49:36","date_gmt":"2020-10-07T12:49:36","guid":{"rendered":"https:\/\/cpcorella.educacion.navarra.es\/blogs\/1ciclo\/?page_id=3401"},"modified":"2021-09-08T15:36:18","modified_gmt":"2021-09-08T15:36:18","slug":"inicio","status":"publish","type":"page","link":"https:\/\/cpcorella.educacion.navarra.es\/blogs\/1ciclo\/","title":{"rendered":"\u00a1ESTAMOS EN SEGUNDO!"},"content":{"rendered":"\n<p style=\"text-align: justify\"><strong><a href=\"https:\/\/cpcorella.educacion.navarra.es\/blogs\/1ciclo\/files\/2021\/07\/5b296ede442e91302299acf4bdf87daa.jpg\"><img loading=\"lazy\" class=\"size-medium wp-image-4339 aligncenter\" src=\"https:\/\/cpcorella.educacion.navarra.es\/blogs\/1ciclo\/files\/2021\/07\/5b296ede442e91302299acf4bdf87daa-225x300.jpg\" alt=\"\" width=\"225\" height=\"300\" srcset=\"https:\/\/cpcorella.educacion.navarra.es\/blogs\/1ciclo\/files\/2021\/07\/5b296ede442e91302299acf4bdf87daa-225x300.jpg 225w, https:\/\/cpcorella.educacion.navarra.es\/blogs\/1ciclo\/files\/2021\/07\/5b296ede442e91302299acf4bdf87daa.jpg 720w\" sizes=\"(max-width: 225px) 100vw, 225px\" \/><\/a>\u00a1BIENVENIDOS A SEGUNDO! <\/strong><span style=\"background-color: initial\">\u00a0Ya estamos de vuelta de las vacaciones, con las pilas cargadas y con mucha fuerza para estudiar segundo de primaria. Si tr<\/span><span style=\"background-color: initial;font-size: revert\">abaj\u00e1is y estudi\u00e1is, hac\u00e9is las tareas, os divert\u00eds, sois respetuosos con vuestros compa\u00f1eros y compa\u00f1eras, con los maestros y maestras y con todas las personas que os quieren, llegar\u00e9is plagados de \u00c9XITOS y har\u00e9is segundo sin ning\u00fan problema. Sois unos campeones y campeonas y pod\u00e9is con todo.<\/span><\/p>\n<p style=\"text-align: justify\"><span style=\"background-color: initial\">Nosotros, los maestros y maestras, os segu<\/span><span style=\"background-color: initial\">iremos guiando y acompa\u00f1ando en esta etapa de vuestras vidas. Procuraremos ense\u00f1aros cosas de la manera m\u00e1s divertida posible y estaremos a vuestro lado para que nunca os sint\u00e1is solos\/as. <\/span><span style=\"background-color: initial\">No teng\u00e1is miedo, hoy comenzamos nuestra aventura de 2\u00b0 que estar\u00e1 llena de momentos emocionantes. \u00bfComenzamos 2\u00b0? \u00a1A por ello!\u00a0<strong><span style=\"color: #0000ff\">\u00a1A POR SEGUNDO!<\/span><\/strong><\/span><\/p>\n<p style=\"text-align: center\"><span style=\"color: #ff6600;background-color: #00ff00\"><strong>RESUMEN DE LAS NOVEDADES DEL CURSO<\/strong><\/span><\/p>\n<p style=\"text-align: center\"><a href=\"https:\/\/cpcorella.educacion.navarra.es\/blogs\/1ciclo\/files\/2021\/09\/IMG-20210907-WA0002.jpg\"><img loading=\"lazy\" class=\"alignnone size-medium wp-image-4354\" src=\"https:\/\/cpcorella.educacion.navarra.es\/blogs\/1ciclo\/files\/2021\/09\/IMG-20210907-WA0002-223x300.jpg\" alt=\"\" width=\"223\" height=\"300\" srcset=\"https:\/\/cpcorella.educacion.navarra.es\/blogs\/1ciclo\/files\/2021\/09\/IMG-20210907-WA0002-223x300.jpg 223w, https:\/\/cpcorella.educacion.navarra.es\/blogs\/1ciclo\/files\/2021\/09\/IMG-20210907-WA0002.jpg 760w\" sizes=\"(max-width: 223px) 100vw, 223px\" \/><\/a><\/p>\n<p style=\"text-align: left\">\u00a0<\/p>\n","protected":false},"excerpt":{"rendered":"<p>\u00a1BIENVENIDOS A SEGUNDO! \u00a0Ya estamos de vuelta de las vacaciones, con las pilas cargadas y con mucha fuerza para estudiar segundo de primaria. Si trabaj\u00e1is y estudi\u00e1is, hac\u00e9is las tareas, os divert\u00eds, sois respetuosos con vuestros compa\u00f1eros y compa\u00f1eras, con los maestros y maestras y con todas las personas que os quieren, llegar\u00e9is plagados de &hellip; <a href=\"https:\/\/cpcorella.educacion.navarra.es\/blogs\/1ciclo\/\" class=\"more-link\">Seguir leyendo <span class=\"screen-reader-text\">\u00a1ESTAMOS EN SEGUNDO!<\/span> <span class=\"meta-nav\">&rarr;<\/span><\/a><\/p>\n","protected":false},"author":37,"featured_media":0,"parent":0,"menu_order":0,"comment_status":"closed","ping_status":"closed","template":"","meta":[],"_links":{"self":[{"href":"https:\/\/cpcorella.educacion.navarra.es\/blogs\/1ciclo\/wp-json\/wp\/v2\/pages\/3401"}],"collection":[{"href":"https:\/\/cpcorella.educacion.navarra.es\/blogs\/1ciclo\/wp-json\/wp\/v2\/pages"}],"about":[{"href":"https:\/\/cpcorella.educacion.navarra.es\/blogs\/1ciclo\/wp-json\/wp\/v2\/types\/page"}],"author":[{"embeddable":true,"href":"https:\/\/cpcorella.educacion.navarra.es\/blogs\/1ciclo\/wp-json\/wp\/v2\/users\/37"}],"replies":[{"embeddable":true,"href":"https:\/\/cpcorella.educacion.navarra.es\/blogs\/1ciclo\/wp-json\/wp\/v2\/comments?post=3401"}],"version-history":[{"count":19,"href":"https:\/\/cpcorella.educacion.navarra.es\/blogs\/1ciclo\/wp-json\/wp\/v2\/pages\/3401\/revisions"}],"predecessor-version":[{"id":4355,"href":"https:\/\/cpcorella.educacion.navarra.es\/blogs\/1ciclo\/wp-json\/wp\/v2\/pages\/3401\/revisions\/4355"}],"wp:attachment":[{"href":"https:\/\/cpcorella.educacion.navarra.es\/blogs\/1ciclo\/wp-json\/wp\/v2\/media?parent=3401"}],"curies":[{"name":"wp","href":"https:\/\/api.w.org\/{rel}","templated":true}]}}