{"id":2109,"date":"2017-02-21T15:28:07","date_gmt":"2017-02-21T15:28:07","guid":{"rendered":"http:\/\/cpcorella.educacion.navarra.es\/blogs\/1ciclo\/?page_id=2109"},"modified":"2017-02-21T15:28:07","modified_gmt":"2017-02-21T15:28:07","slug":"tema-8-tr-dr","status":"publish","type":"page","link":"https:\/\/cpcorella.educacion.navarra.es\/blogs\/1ciclo\/tema-8-tr-dr\/","title":{"rendered":"TEMA 8 : TR &#8211; DR"},"content":{"rendered":"<p><iframe loading=\"lazy\" title=\"S\u00edlabas tra tre tri tro tru - El Mono S\u00edlabo - Videos Infantiles - Educaci\u00f3n para Ni\u00f1os #\" width=\"604\" height=\"340\" src=\"https:\/\/www.youtube.com\/embed\/E3wFstfmznA?feature=oembed\" frameborder=\"0\" allow=\"accelerometer; autoplay; encrypted-media; gyroscope; picture-in-picture\" allowfullscreen><\/iframe><\/p>\n<p>https:\/\/www.youtube.com\/watch?v=UL4tY19FrLo&#038;t=7s<\/p>\n<p>&nbsp;<\/p>\n","protected":false},"excerpt":{"rendered":"<p>https:\/\/www.youtube.com\/watch?v=UL4tY19FrLo&#038;t=7s &nbsp;<\/p>\n","protected":false},"author":17,"featured_media":0,"parent":0,"menu_order":9,"comment_status":"closed","ping_status":"closed","template":"","meta":[],"_links":{"self":[{"href":"https:\/\/cpcorella.educacion.navarra.es\/blogs\/1ciclo\/wp-json\/wp\/v2\/pages\/2109"}],"collection":[{"href":"https:\/\/cpcorella.educacion.navarra.es\/blogs\/1ciclo\/wp-json\/wp\/v2\/pages"}],"about":[{"href":"https:\/\/cpcorella.educacion.navarra.es\/blogs\/1ciclo\/wp-json\/wp\/v2\/types\/page"}],"author":[{"embeddable":true,"href":"https:\/\/cpcorella.educacion.navarra.es\/blogs\/1ciclo\/wp-json\/wp\/v2\/users\/17"}],"replies":[{"embeddable":true,"href":"https:\/\/cpcorella.educacion.navarra.es\/blogs\/1ciclo\/wp-json\/wp\/v2\/comments?post=2109"}],"version-history":[{"count":1,"href":"https:\/\/cpcorella.educacion.navarra.es\/blogs\/1ciclo\/wp-json\/wp\/v2\/pages\/2109\/revisions"}],"predecessor-version":[{"id":2110,"href":"https:\/\/cpcorella.educacion.navarra.es\/blogs\/1ciclo\/wp-json\/wp\/v2\/pages\/2109\/revisions\/2110"}],"wp:attachment":[{"href":"https:\/\/cpcorella.educacion.navarra.es\/blogs\/1ciclo\/wp-json\/wp\/v2\/media?parent=2109"}],"curies":[{"name":"wp","href":"https:\/\/api.w.org\/{rel}","templated":true}]}}