{"id":2107,"date":"2017-02-21T15:22:51","date_gmt":"2017-02-21T15:22:51","guid":{"rendered":"http:\/\/cpcorella.educacion.navarra.es\/blogs\/1ciclo\/?page_id=2107"},"modified":"2017-02-21T15:22:51","modified_gmt":"2017-02-21T15:22:51","slug":"tema-7-pl-pr-br-bl","status":"publish","type":"page","link":"https:\/\/cpcorella.educacion.navarra.es\/blogs\/1ciclo\/tema-7-pl-pr-br-bl\/","title":{"rendered":"TEMA 7 : PL &#8211; PR &#8211; BR &#8211; BL"},"content":{"rendered":"<p><iframe loading=\"lazy\" title=\"S\u00edlabas pla ple pli plo plu - El Mono S\u00edlabo - Videos Infantiles - Educaci\u00f3n para Ni\u00f1os #\" width=\"604\" height=\"340\" src=\"https:\/\/www.youtube.com\/embed\/dwPa8JfovRE?feature=oembed\" frameborder=\"0\" allow=\"accelerometer; autoplay; encrypted-media; gyroscope; picture-in-picture\" allowfullscreen><\/iframe><\/p>\n<p>https:\/\/www.youtube.com\/watch?v=k_EgDbwvSzA<\/p>\n<p><iframe loading=\"lazy\" title=\"Silabas bla ble bli blo blu - El Mono S\u00edlabo - Videos Infantiles - Educaci\u00f3n para Ni\u00f1os #\" width=\"604\" height=\"340\" src=\"https:\/\/www.youtube.com\/embed\/9j7FajbfjsY?feature=oembed\" frameborder=\"0\" allow=\"accelerometer; autoplay; encrypted-media; gyroscope; picture-in-picture\" allowfullscreen><\/iframe><\/p>\n<p><iframe loading=\"lazy\" title=\"S\u00edlabas bra bre bri bro bru - El Mono S\u00edlabo - Canciones infantiles\" width=\"604\" height=\"340\" src=\"https:\/\/www.youtube.com\/embed\/eqBAe4heKhs?feature=oembed\" frameborder=\"0\" allow=\"accelerometer; autoplay; encrypted-media; gyroscope; picture-in-picture\" allowfullscreen><\/iframe><\/p>\n<p>&nbsp;<\/p>\n","protected":false},"excerpt":{"rendered":"<p>https:\/\/www.youtube.com\/watch?v=k_EgDbwvSzA &nbsp;<\/p>\n","protected":false},"author":17,"featured_media":0,"parent":0,"menu_order":8,"comment_status":"closed","ping_status":"closed","template":"","meta":[],"_links":{"self":[{"href":"https:\/\/cpcorella.educacion.navarra.es\/blogs\/1ciclo\/wp-json\/wp\/v2\/pages\/2107"}],"collection":[{"href":"https:\/\/cpcorella.educacion.navarra.es\/blogs\/1ciclo\/wp-json\/wp\/v2\/pages"}],"about":[{"href":"https:\/\/cpcorella.educacion.navarra.es\/blogs\/1ciclo\/wp-json\/wp\/v2\/types\/page"}],"author":[{"embeddable":true,"href":"https:\/\/cpcorella.educacion.navarra.es\/blogs\/1ciclo\/wp-json\/wp\/v2\/users\/17"}],"replies":[{"embeddable":true,"href":"https:\/\/cpcorella.educacion.navarra.es\/blogs\/1ciclo\/wp-json\/wp\/v2\/comments?post=2107"}],"version-history":[{"count":1,"href":"https:\/\/cpcorella.educacion.navarra.es\/blogs\/1ciclo\/wp-json\/wp\/v2\/pages\/2107\/revisions"}],"predecessor-version":[{"id":2108,"href":"https:\/\/cpcorella.educacion.navarra.es\/blogs\/1ciclo\/wp-json\/wp\/v2\/pages\/2107\/revisions\/2108"}],"wp:attachment":[{"href":"https:\/\/cpcorella.educacion.navarra.es\/blogs\/1ciclo\/wp-json\/wp\/v2\/media?parent=2107"}],"curies":[{"name":"wp","href":"https:\/\/api.w.org\/{rel}","templated":true}]}}