{"id":2078,"date":"2017-01-11T10:20:11","date_gmt":"2017-01-11T10:20:11","guid":{"rendered":"http:\/\/cpcorella.educacion.navarra.es\/blogs\/1ciclo\/?page_id=2078"},"modified":"2017-01-11T10:20:11","modified_gmt":"2017-01-11T10:20:11","slug":"tema-5-guegui-guegui-ch-n-j","status":"publish","type":"page","link":"https:\/\/cpcorella.educacion.navarra.es\/blogs\/1ciclo\/tema-5-guegui-guegui-ch-n-j\/","title":{"rendered":"TEMA 5 : GUE\/GUI\/ G\u00dcE\/G\u00dcI , CH , \u00d1, J"},"content":{"rendered":"<p><iframe loading=\"lazy\" title=\"S\u00edlabas ge gi gue gui - El Mono S\u00edlabo - Videos Infantiles - Educaci\u00f3n para Ni\u00f1os #\" width=\"604\" height=\"340\" src=\"https:\/\/www.youtube.com\/embed\/1xbVpPOUkCI?feature=oembed\" frameborder=\"0\" allow=\"accelerometer; autoplay; encrypted-media; gyroscope; picture-in-picture\" allowfullscreen><\/iframe><\/p>\n<p><iframe loading=\"lazy\" title=\"La E y la I se aburren:  los sonidos G\u00fce, G\u00fci\" width=\"604\" height=\"453\" src=\"https:\/\/www.youtube.com\/embed\/goW5epgWE40?feature=oembed\" frameborder=\"0\" allow=\"accelerometer; autoplay; encrypted-media; gyroscope; picture-in-picture\" allowfullscreen><\/iframe><\/p>\n<p><iframe loading=\"lazy\" title=\"S\u00edlabas cha che chi cho chu - El Mono S\u00edlabo - Videos Infantiles - Educaci\u00f3n para Ni\u00f1os #\" width=\"604\" height=\"340\" src=\"https:\/\/www.youtube.com\/embed\/2ES2hSXd5Y0?feature=oembed\" frameborder=\"0\" allow=\"accelerometer; autoplay; encrypted-media; gyroscope; picture-in-picture\" allowfullscreen><\/iframe><\/p>\n<p><iframe loading=\"lazy\" title=\"27  La enfermera C cuida de la H muda\" width=\"604\" height=\"453\" src=\"https:\/\/www.youtube.com\/embed\/TPKmU_tbQ6Y?feature=oembed\" frameborder=\"0\" allow=\"accelerometer; autoplay; encrypted-media; gyroscope; picture-in-picture\" allowfullscreen><\/iframe><\/p>\n<p><iframe loading=\"lazy\" title=\"S\u00edlabas \u00f1a \u00f1e \u00f1i \u00f1o \u00f1u - El Mono S\u00edlabo - Videos Infantiles - Educaci\u00f3n para Ni\u00f1os #\" width=\"604\" height=\"340\" src=\"https:\/\/www.youtube.com\/embed\/eh_XmdQ_GaY?feature=oembed\" frameborder=\"0\" allow=\"accelerometer; autoplay; encrypted-media; gyroscope; picture-in-picture\" allowfullscreen><\/iframe><\/p>\n<p><iframe loading=\"lazy\" title=\"12  Las gemelas N y \u00d1\" width=\"604\" height=\"453\" src=\"https:\/\/www.youtube.com\/embed\/jWUc_KFP6q8?feature=oembed\" frameborder=\"0\" allow=\"accelerometer; autoplay; encrypted-media; gyroscope; picture-in-picture\" allowfullscreen><\/iframe><\/p>\n<p><iframe loading=\"lazy\" title=\"S\u00edlabas ja je ji jo ju - El Mono S\u00edlabo - Videos Infantiles - Educaci\u00f3n para Ni\u00f1os #\" width=\"604\" height=\"340\" src=\"https:\/\/www.youtube.com\/embed\/F7YBJn2nfXg?feature=oembed\" frameborder=\"0\" allow=\"accelerometer; autoplay; encrypted-media; gyroscope; picture-in-picture\" allowfullscreen><\/iframe><\/p>\n<p><iframe loading=\"lazy\" title=\"15  El jardinero J\" width=\"604\" height=\"453\" src=\"https:\/\/www.youtube.com\/embed\/w6GtZ2cxSiY?feature=oembed\" frameborder=\"0\" allow=\"accelerometer; autoplay; encrypted-media; gyroscope; picture-in-picture\" allowfullscreen><\/iframe><\/p>\n","protected":false},"excerpt":{"rendered":"","protected":false},"author":17,"featured_media":0,"parent":0,"menu_order":0,"comment_status":"closed","ping_status":"closed","template":"","meta":[],"_links":{"self":[{"href":"https:\/\/cpcorella.educacion.navarra.es\/blogs\/1ciclo\/wp-json\/wp\/v2\/pages\/2078"}],"collection":[{"href":"https:\/\/cpcorella.educacion.navarra.es\/blogs\/1ciclo\/wp-json\/wp\/v2\/pages"}],"about":[{"href":"https:\/\/cpcorella.educacion.navarra.es\/blogs\/1ciclo\/wp-json\/wp\/v2\/types\/page"}],"author":[{"embeddable":true,"href":"https:\/\/cpcorella.educacion.navarra.es\/blogs\/1ciclo\/wp-json\/wp\/v2\/users\/17"}],"replies":[{"embeddable":true,"href":"https:\/\/cpcorella.educacion.navarra.es\/blogs\/1ciclo\/wp-json\/wp\/v2\/comments?post=2078"}],"version-history":[{"count":1,"href":"https:\/\/cpcorella.educacion.navarra.es\/blogs\/1ciclo\/wp-json\/wp\/v2\/pages\/2078\/revisions"}],"predecessor-version":[{"id":2079,"href":"https:\/\/cpcorella.educacion.navarra.es\/blogs\/1ciclo\/wp-json\/wp\/v2\/pages\/2078\/revisions\/2079"}],"wp:attachment":[{"href":"https:\/\/cpcorella.educacion.navarra.es\/blogs\/1ciclo\/wp-json\/wp\/v2\/media?parent=2078"}],"curies":[{"name":"wp","href":"https:\/\/api.w.org\/{rel}","templated":true}]}}