{"id":2073,"date":"2017-01-11T10:04:05","date_gmt":"2017-01-11T10:04:05","guid":{"rendered":"http:\/\/cpcorella.educacion.navarra.es\/blogs\/1ciclo\/?page_id=2073"},"modified":"2017-01-11T10:21:43","modified_gmt":"2017-01-11T10:21:43","slug":"tema-6-letras-g-y-x-w","status":"publish","type":"page","link":"https:\/\/cpcorella.educacion.navarra.es\/blogs\/1ciclo\/tema-6-letras-g-y-x-w\/","title":{"rendered":"TEMA 6: LETRAS G , Y, X , W"},"content":{"rendered":"<p><iframe loading=\"lazy\" title=\"S\u00edlabas ge gi gue gui - El Mono S\u00edlabo - Videos Infantiles - Educaci\u00f3n para Ni\u00f1os #\" width=\"604\" height=\"340\" src=\"https:\/\/www.youtube.com\/embed\/1xbVpPOUkCI?feature=oembed\" frameborder=\"0\" allow=\"accelerometer; autoplay; encrypted-media; gyroscope; picture-in-picture\" allowfullscreen><\/iframe><\/p>\n<p><iframe loading=\"lazy\" title=\"32  La bibliotecaria G se pone de mal genio= los sonidos Ge Gi\" width=\"604\" height=\"453\" src=\"https:\/\/www.youtube.com\/embed\/KlQ1kJOiO9c?feature=oembed\" frameborder=\"0\" allow=\"accelerometer; autoplay; encrypted-media; gyroscope; picture-in-picture\" allowfullscreen><\/iframe><\/p>\n<p><iframe loading=\"lazy\" title=\"S\u00edlabas ya ye yi yo yu - El Mono S\u00edlabo - Videos Infantiles - Educaci\u00f3n para Ni\u00f1os #\" width=\"604\" height=\"340\" src=\"https:\/\/www.youtube.com\/embed\/K-8kTkiYhYM?feature=oembed\" frameborder=\"0\" allow=\"accelerometer; autoplay; encrypted-media; gyroscope; picture-in-picture\" allowfullscreen><\/iframe><\/p>\n<p><iframe loading=\"lazy\" title=\"17  La Y ya no est\u00e1 sola\" width=\"604\" height=\"453\" src=\"https:\/\/www.youtube.com\/embed\/modvFQey6EQ?feature=oembed\" frameborder=\"0\" allow=\"accelerometer; autoplay; encrypted-media; gyroscope; picture-in-picture\" allowfullscreen><\/iframe><\/p>\n<p><iframe loading=\"lazy\" title=\"S\u00edlabas xa xe xi xo xu - El Mono S\u00edlabo - Videos Infantiles - Educaci\u00f3n para Ni\u00f1os #\" width=\"604\" height=\"340\" src=\"https:\/\/www.youtube.com\/embed\/epybEtvXssk?feature=oembed\" frameborder=\"0\" allow=\"accelerometer; autoplay; encrypted-media; gyroscope; picture-in-picture\" allowfullscreen><\/iframe><\/p>\n<p><iframe loading=\"lazy\" title=\"34  La peque\u00f1a X, la hermana peque\u00f1a de la S\" width=\"604\" height=\"453\" src=\"https:\/\/www.youtube.com\/embed\/DAkjonU9nek?feature=oembed\" frameborder=\"0\" allow=\"accelerometer; autoplay; encrypted-media; gyroscope; picture-in-picture\" allowfullscreen><\/iframe><\/p>\n<p><iframe loading=\"lazy\" title=\"WA , WE , WI , WO  Y  WU  EN  LAS S\u00cdLABAS  DE  LAS  PALABRAS   -  ESPA\u00d1OL  PARA  TODOS\" width=\"604\" height=\"453\" src=\"https:\/\/www.youtube.com\/embed\/Ano0a67PdJo?feature=oembed\" frameborder=\"0\" allow=\"accelerometer; autoplay; encrypted-media; gyroscope; picture-in-picture\" allowfullscreen><\/iframe><\/p>\n<p><iframe loading=\"lazy\" title=\"35  El marinero W\" width=\"604\" height=\"453\" src=\"https:\/\/www.youtube.com\/embed\/3klsWj5KWlI?feature=oembed\" frameborder=\"0\" allow=\"accelerometer; autoplay; encrypted-media; gyroscope; picture-in-picture\" allowfullscreen><\/iframe><\/p>\n","protected":false},"excerpt":{"rendered":"","protected":false},"author":17,"featured_media":0,"parent":0,"menu_order":0,"comment_status":"closed","ping_status":"closed","template":"","meta":[],"_links":{"self":[{"href":"https:\/\/cpcorella.educacion.navarra.es\/blogs\/1ciclo\/wp-json\/wp\/v2\/pages\/2073"}],"collection":[{"href":"https:\/\/cpcorella.educacion.navarra.es\/blogs\/1ciclo\/wp-json\/wp\/v2\/pages"}],"about":[{"href":"https:\/\/cpcorella.educacion.navarra.es\/blogs\/1ciclo\/wp-json\/wp\/v2\/types\/page"}],"author":[{"embeddable":true,"href":"https:\/\/cpcorella.educacion.navarra.es\/blogs\/1ciclo\/wp-json\/wp\/v2\/users\/17"}],"replies":[{"embeddable":true,"href":"https:\/\/cpcorella.educacion.navarra.es\/blogs\/1ciclo\/wp-json\/wp\/v2\/comments?post=2073"}],"version-history":[{"count":2,"href":"https:\/\/cpcorella.educacion.navarra.es\/blogs\/1ciclo\/wp-json\/wp\/v2\/pages\/2073\/revisions"}],"predecessor-version":[{"id":2080,"href":"https:\/\/cpcorella.educacion.navarra.es\/blogs\/1ciclo\/wp-json\/wp\/v2\/pages\/2073\/revisions\/2080"}],"wp:attachment":[{"href":"https:\/\/cpcorella.educacion.navarra.es\/blogs\/1ciclo\/wp-json\/wp\/v2\/media?parent=2073"}],"curies":[{"name":"wp","href":"https:\/\/api.w.org\/{rel}","templated":true}]}}